{"id":918,"date":"2026-01-27T01:59:51","date_gmt":"2026-01-27T00:59:51","guid":{"rendered":"https:\/\/ibib.waw.pl\/?page_id=918"},"modified":"2026-04-10T18:29:25","modified_gmt":"2026-04-10T16:29:25","slug":"zaklady-pracownie","status":"publish","type":"page","link":"https:\/\/ibib.waw.pl\/en\/nauka\/zaklady-pracownie\/","title":{"rendered":"Departments \/ Laboratories"},"content":{"rendered":"<h2 class=\"wp-block-heading\">About the Institute<\/h2>\n\n\n\n<p>The Maciej Na\u0142\u0119cz Institute of Biocybernetics and Biomedical Engineering of the Polish Academy of Sciences was established in 1975 and is the largest biomedical engineering centre in Poland.<br><br>The mission of IBIB PAN is to develop and implement new technologies, devices and theoretical tools supporting medical diagnostics or treatment, which aim to improve the long-term quality of life of patients suffering from chronic and lifestyle diseases. The research carried out at the Institute combines the achievements of engineering and natural sciences, becoming the basis for innovative solutions in the field of new biomedical technologies. In 2013, the Institute was awarded scientific category A by the Ministry of Science and Higher Education.<br><br>The Institute also coordinates activities aimed at developing research and education in the field of biocybernetics and biomedical engineering, and runs doctoral studies. The Scientific Council of IBIB PAN is authorised to award doctoral and postdoctoral degrees in the discipline of biocybernetics and biomedical engineering.<\/p>\n\n\n\n<h2 class=\"wp-block-heading\">The Institute comprises the following departments and laboratories:<\/h2>\n\n\n\n<p><strong>Department I <\/strong>Hybrid and Analytical Microbiosystems<\/p>\n\n\n\n<div class=\"wp-block-columns is-layout-flex wp-container-core-columns-is-layout-9d6595d7 wp-block-columns-is-layout-flex\">\n<div class=\"wp-block-column is-layout-flow wp-block-column-is-layout-flow\">\n<div class=\"wp-block-buttons is-content-justification-center is-layout-flex wp-container-core-buttons-is-layout-16018d1d wp-block-buttons-is-layout-flex\">\n<div class=\"wp-block-button button-large\"><a class=\"wp-block-button__link wp-element-button\" href=\"https:\/\/ibib.waw.pl\/en\/nauka\/zaklady-pracownie\/zaklad-i-pracownia-1\/\">Laboratory of Tissue Engineering<\/a><\/div>\n<\/div>\n<\/div>\n\n\n\n<div class=\"wp-block-column is-layout-flow wp-block-column-is-layout-flow\">\n<div class=\"wp-block-buttons is-content-justification-center is-layout-flex wp-container-core-buttons-is-layout-16018d1d wp-block-buttons-is-layout-flex\">\n<div class=\"wp-block-button button-large\"><a class=\"wp-block-button__link wp-element-button\" href=\"https:\/\/ibib.waw.pl\/en\/nauka\/zaklady-pracownie\/zaklad-i-pracownia-2\/\">Laboratory of Processing and Analysis of Microscopic Images<\/a><\/div>\n<\/div>\n<\/div>\n\n\n\n<div class=\"wp-block-column is-layout-flow wp-block-column-is-layout-flow\">\n<div class=\"wp-block-buttons is-content-justification-center is-layout-flex wp-container-core-buttons-is-layout-16018d1d wp-block-buttons-is-layout-flex\">\n<div class=\"wp-block-button button-large\"><a class=\"wp-block-button__link wp-element-button\" href=\"https:\/\/ibib.waw.pl\/en\/zaklad-1-pracownia-3\/\">Laboratory of Biosensors and Analytical<br>Microsystems<\/a><\/div>\n<\/div>\n<\/div>\n<\/div>\n\n\n\n<p><strong>DEPARTMENT II <\/strong>Department of Biomaterials and Biotechnological Systems<\/p>\n\n\n\n<div class=\"wp-block-columns is-layout-flex wp-container-core-columns-is-layout-9d6595d7 wp-block-columns-is-layout-flex\">\n<div class=\"wp-block-column is-layout-flow wp-block-column-is-layout-flow\">\n<div class=\"wp-block-buttons is-content-justification-center is-layout-flex wp-container-core-buttons-is-layout-16018d1d wp-block-buttons-is-layout-flex\">\n<div class=\"wp-block-button button-large\"><a class=\"wp-block-button__link wp-element-button\" href=\"https:\/\/ibib.waw.pl\/en\/nauka\/zaklady-pracownie\/zaklad-ii-pracownia-1\/\" target=\"_blank\" rel=\"noreferrer noopener\">Laboratory of Electrostatic Methods of Bioencapsulation<\/a><\/div>\n<\/div>\n<\/div>\n\n\n\n<div class=\"wp-block-column is-layout-flow wp-block-column-is-layout-flow\">\n<div class=\"wp-block-buttons is-content-justification-center is-layout-flex wp-container-core-buttons-is-layout-16018d1d wp-block-buttons-is-layout-flex\">\n<div class=\"wp-block-button button-large\"><a class=\"wp-block-button__link wp-element-button\" href=\"https:\/\/ibib.waw.pl\/en\/nauka\/zaklady-pracownie\/zaklad-ii-pracownia-2\/\">Laboratory of Nanohybrid Biosystems Regulation Engineering<\/a><\/div>\n<\/div>\n<\/div>\n\n\n\n<div class=\"wp-block-column is-layout-flow wp-block-column-is-layout-flow\"><\/div>\n<\/div>\n\n\n\n<p><strong>Department III <\/strong>Department of Methods of Brain Imaging and Functional Research of Nervous System<\/p>\n\n\n\n<div class=\"wp-block-columns is-layout-flex wp-container-core-columns-is-layout-9d6595d7 wp-block-columns-is-layout-flex\">\n<div class=\"wp-block-column is-layout-flow wp-block-column-is-layout-flow\">\n<div class=\"wp-block-buttons is-content-justification-center is-layout-flex wp-container-core-buttons-is-layout-16018d1d wp-block-buttons-is-layout-flex\">\n<div class=\"wp-block-button button-large\"><a class=\"wp-block-button__link wp-element-button\" href=\"https:\/\/ibib.waw.pl\/en\/nauka\/zaklady-pracownie\/zaklad-iii-pracownia-2\/\">Biomedical Optics Laboratory<\/a><\/div>\n<\/div>\n<\/div>\n\n\n\n<div class=\"wp-block-column is-layout-flow wp-block-column-is-layout-flow\">\n<div class=\"wp-block-buttons is-content-justification-center is-layout-flex wp-container-core-buttons-is-layout-16018d1d wp-block-buttons-is-layout-flex\">\n<div class=\"wp-block-button button-large\"><a class=\"wp-block-button__link wp-element-button\" href=\"https:\/\/ibib.waw.pl\/en\/nauka\/zaklady-pracownie\/zaklad-iii-pracownia-2-2\/\">Laboratory of new diagnostic applications of MRI (CNSlab)<\/a><\/div>\n<\/div>\n<\/div>\n\n\n\n<div class=\"wp-block-column is-layout-flow wp-block-column-is-layout-flow\"><\/div>\n<\/div>\n\n\n\n<p><strong>Department IV<\/strong> Modeling and Supporting of Internal Organs Functions<\/p>\n\n\n\n<div class=\"wp-block-columns is-layout-flex wp-container-core-columns-is-layout-9d6595d7 wp-block-columns-is-layout-flex\">\n<div class=\"wp-block-column is-layout-flow wp-block-column-is-layout-flow\">\n<div class=\"wp-block-buttons is-content-justification-center is-layout-flex wp-container-core-buttons-is-layout-16018d1d wp-block-buttons-is-layout-flex\">\n<div class=\"wp-block-button button-large\"><a class=\"wp-block-button__link wp-element-button\" href=\"https:\/\/ibib.waw.pl\/en\/nauka\/zaklady-pracownie\/zaklad-iv-pracownia-1\/\">Laboratory for Diagnostics and Therapy of Cardiovascular-Respiratory System<\/a><\/div>\n<\/div>\n<\/div>\n\n\n\n<div class=\"wp-block-column is-layout-flow wp-block-column-is-layout-flow\">\n<div class=\"wp-block-buttons is-content-justification-center is-layout-flex wp-container-core-buttons-is-layout-16018d1d wp-block-buttons-is-layout-flex\">\n<div class=\"wp-block-button button-large\"><a class=\"wp-block-button__link wp-element-button\" href=\"https:\/\/ibib.waw.pl\/en\/nauka\/zaklady-pracownie\/zaklad-iv-pracownia-2\/\">Laboratory of Diagnosis and Therapy Support of Metabolic Diseases<\/a><\/div>\n<\/div>\n<\/div>\n\n\n\n<div class=\"wp-block-column is-layout-flow wp-block-column-is-layout-flow\">\n<div class=\"wp-block-buttons is-content-justification-center is-layout-flex wp-container-core-buttons-is-layout-16018d1d wp-block-buttons-is-layout-flex\">\n<div class=\"wp-block-button button-large\"><a class=\"wp-block-button__link wp-element-button\" href=\"https:\/\/ibib.waw.pl\/en\/nauka\/zaklady-pracownie\/zaklad-iv-pracownia-3\/\">Laboratory of Mathematical Modeling of Physiological Processes<\/a><\/div>\n<\/div>\n<\/div>\n<\/div>\n\n\n\n<p><\/p>","protected":false},"excerpt":{"rendered":"<p>O Instytucie Instytut Biocybernetyki i In\u017cynierii Biomedycznej im. Macieja Na\u0142\u0119cza PAN zosta\u0142 za\u0142o\u017cony w 1975 roku i jest najwi\u0119kszym centrum in\u017cynierii biomedycznej w Polsce. Misj\u0105 IBIB PAN jest opracowywanie oraz wdra\u017canie nowych technologii, urz\u0105dze\u0144 i teoretycznych narz\u0119dzi wspomagaj\u0105cych diagnostyk\u0119 medyczn\u0105 lub leczenie, kt\u00f3re maj\u0105 na celu d\u0142ugotrwa\u0142\u0105 popraw\u0119 jako\u015bci \u017cycia pacjent\u00f3w cierpi\u0105cych na choroby przewlek\u0142e [&hellip;]<\/p>\n","protected":false},"author":1,"featured_media":0,"parent":627,"menu_order":0,"comment_status":"closed","ping_status":"closed","template":"","meta":{"_acf_changed":false,"_only_polish":false,"footnotes":""},"folder":[29],"class_list":["post-918","page","type-page","status-publish","hentry"],"acf":[],"_links":{"self":[{"href":"https:\/\/ibib.waw.pl\/en\/wp-json\/wp\/v2\/pages\/918","targetHints":{"allow":["GET"]}}],"collection":[{"href":"https:\/\/ibib.waw.pl\/en\/wp-json\/wp\/v2\/pages"}],"about":[{"href":"https:\/\/ibib.waw.pl\/en\/wp-json\/wp\/v2\/types\/page"}],"author":[{"embeddable":true,"href":"https:\/\/ibib.waw.pl\/en\/wp-json\/wp\/v2\/users\/1"}],"replies":[{"embeddable":true,"href":"https:\/\/ibib.waw.pl\/en\/wp-json\/wp\/v2\/comments?post=918"}],"version-history":[{"count":20,"href":"https:\/\/ibib.waw.pl\/en\/wp-json\/wp\/v2\/pages\/918\/revisions"}],"predecessor-version":[{"id":3278,"href":"https:\/\/ibib.waw.pl\/en\/wp-json\/wp\/v2\/pages\/918\/revisions\/3278"}],"up":[{"embeddable":true,"href":"https:\/\/ibib.waw.pl\/en\/wp-json\/wp\/v2\/pages\/627"}],"wp:attachment":[{"href":"https:\/\/ibib.waw.pl\/en\/wp-json\/wp\/v2\/media?parent=918"}],"wp:term":[{"taxonomy":"folder","embeddable":true,"href":"https:\/\/ibib.waw.pl\/en\/wp-json\/wp\/v2\/folder?post=918"}],"curies":[{"name":"wp","href":"https:\/\/api.w.org\/{rel}","templated":true}]}}