{"id":889,"date":"2026-01-27T01:17:43","date_gmt":"2026-01-27T00:17:43","guid":{"rendered":"https:\/\/ibib.waw.pl\/?page_id=889"},"modified":"2026-04-20T15:29:02","modified_gmt":"2026-04-20T13:29:02","slug":"bosomshield","status":"publish","type":"page","link":"https:\/\/ibib.waw.pl\/en\/nauka\/projekty\/bosomshield\/","title":{"rendered":"BosomShield"},"content":{"rendered":"\n<h2 class=\"wp-block-heading\">O PROJEKCIE<\/h2>\n\n\n\n<div class=\"wp-block-columns is-layout-flex wp-container-core-columns-is-layout-9d6595d7 wp-block-columns-is-layout-flex\">\n<div class=\"wp-block-column is-layout-flow wp-block-column-is-layout-flow\">\n<figure class=\"wp-block-image size-full\"><img loading=\"lazy\" decoding=\"async\" width=\"882\" height=\"243\" src=\"https:\/\/ibib.waw.pl\/wp-content\/uploads\/2026\/01\/bosom-shield.png\" alt=\"\" class=\"wp-image-891\"\/><\/figure>\n<\/div>\n\n\n\n<div class=\"wp-block-column is-layout-flow wp-block-column-is-layout-flow\">\n<p><strong>Projekt pt.<\/strong>: &#8222;A comprehensive CAD system based on radiologic- and pathologic-image biomarkers for diagnosis and prognosis of breast cancer relapse&#8221; [BosomShields] jest finansowany przez Uni\u0119 Europejsk\u0105 w ramach Programu Marie Sk\u0142odowska-Curie Actions \u2013 MSCA &#8211; DOCTORAL NETWORKS<\/p>\n<\/div>\n<\/div>\n\n\n\n<p>Projekt BosomShield proponuje po\u0142\u0105czenie dw\u00f3ch dyscyplin (obrazowania patologicznego i radiologicznego) w oprogramowaniu, kt\u00f3re b\u0119dzie analizowa\u0107 te obrazy w celu klasyfikacji podtyp\u00f3w raka piersi i przewidywania (wraz z pe\u0142n\u0105 histori\u0105 kliniczn\u0105 pacjenta) prawdopodobie\u0144stwa nawrotu odleg\u0142ych przerzut\u00f3w. Ponadto BosomShield zapewni m\u0142odym badaczom szkolenia na wysokim poziomie w zakresie bada\u0144 nad rakiem piersi, oferuj\u0105c niezb\u0119dne umiej\u0119tno\u015bci, kt\u00f3re mo\u017cna wykorzysta\u0107 w dobrze prosperuj\u0105cych karierach opartych na r\u00f3\u017cnych dyscyplinach, radiologii cyfrowej i patologii, biomedycynie, sztucznej inteligencji, prywatno\u015bci i rozwoju oprogramowania.<\/p>\n\n\n\n<p>W przygotowaniu seminarium MCB na temat projektu. Seminarium jest planowane na kwiecie\u0144 2024 roku. Wi\u0119cej informacji&nbsp;<a href=\"https:\/\/ibib.waw.pl\/mcb\/seminaria\/2024\/\">tutaj.<\/a><\/p>\n\n\n\n<p><strong>Wi\u0119cej informacji:<\/strong>&nbsp;<a href=\"https:\/\/bosomshield.eu\/\">https:\/\/bosomshield.eu\/<\/a><\/p>\n\n\n\n<div class=\"wp-block-columns is-layout-flex wp-container-core-columns-is-layout-9d6595d7 wp-block-columns-is-layout-flex\">\n<div class=\"wp-block-column is-layout-flow wp-block-column-is-layout-flow\">\n<p>Program (Marie Sk\u0142odowska-Curie Actions \u2013 MSCA) wspiera naukowc\u00f3w b\u0119d\u0105cych na r\u00f3\u017cnych etapach kariery zawodowej, finansuj\u0105c prace badawcze oraz szkolenia prowadzone w Europie i krajach pozaeuropejskich. Jednocze\u015bnie umo\u017cliwia instytucjom zatrudnianie badaczy i udzia\u0142 ich pracownik\u00f3w w mi\u0119dzynarodowych projektach badawczo-szkoleniowych. Projekty mog\u0105 by\u0107 realizowane w ka\u017cdej dyscyplinie naukowej i dotyczy\u0107 zar\u00f3wno bada\u0144 podstawowych jak i aplikacyjnych. Podstawowym wymogiem jest mi\u0119dzynarodowa mobilno\u015b\u0107 naukowc\u00f3w.<\/p>\n<\/div>\n\n\n\n<div class=\"wp-block-column is-vertically-aligned-center is-layout-flow wp-block-column-is-layout-flow\">\n<figure class=\"wp-block-image size-full\"><img loading=\"lazy\" decoding=\"async\" width=\"589\" height=\"314\" src=\"https:\/\/ibib.waw.pl\/wp-content\/uploads\/2026\/01\/eu-maria-curie.png\" alt=\"\" class=\"wp-image-897\"\/><\/figure>\n<\/div>\n<\/div>\n\n\n\n<section class=\"wp-block-custom-section regular\"><div class=\"container\">\n<h2 class=\"wp-block-heading\">Najlepsze publikacje:<\/h2>\n\n\n\n<ol class=\"wp-block-list\">\n<li>Shrief Abdelazeez, Alessio Fiorin, Vincenzo Della Mea , Laia Adalid, Krzysztof Siemion, Carlos Lopez, Marylene Lejeune, Anna Korzynska<br><strong>AI-based framework pipeline for stromal tumor infiltrating lymphocytes quantification in H&amp;E stained breast cancer histopathological images<\/strong><br>Biomedical Signal Processing and Control <a href=\"https:\/\/www.sciencedirect.com\/journal\/biomedical-signal-processing-and-control\/vol\/120\/part\/PA\">Volume 120, Part A<\/a>,\u00a01 July 2026, 110003<br><a href=\"https:\/\/doi.org\/10.1016\/j.bspc.2026.110003%20IF%204.9\">https:\/\/doi.org\/10.1016\/j.bspc.2026.110003 IF 4.9<\/a> (BSPC; IF: 4.9, MNiSW: 140 pts)<\/li>\n\n\n\n<li>Shrief Abdelazeez, Faisal Ahmed, Laia Adalid, Krzysztof Siemion, Carlos Lopez, Marylene Lejeune, Hatem Rashwan, Anna Korzynska<br>A modular deep learning pipeline for stromal TILs scoring in breast cancer H&amp;E slides<br><strong>Computer Methods and Programs in Biomedicine 282, 2026, 109374,\u00a0 <\/strong><a href=\"https:\/\/doi.org\/10.1016\/j.cmpb.2026.109374%20IF%204.8\">https:\/\/doi.org\/10.1016\/j.cmpb.2026.109374 IF 4.8<\/a> (CMPB; IF: 4.8, MNiSW: 100 pts)<\/li>\n<\/ol>\n\n\n\n<ol start=\"1\" class=\"wp-block-list\"><\/ol>\n<\/div><\/section>\n","protected":false},"excerpt":{"rendered":"<p>O PROJEKCIE Projekt pt.: &#8222;A comprehensive CAD system based on radiologic- and pathologic-image biomarkers for diagnosis and prognosis of breast cancer relapse&#8221; [BosomShields] jest finansowany przez Uni\u0119 Europejsk\u0105 w ramach Programu Marie Sk\u0142odowska-Curie Actions \u2013 MSCA &#8211; DOCTORAL NETWORKS Projekt BosomShield proponuje po\u0142\u0105czenie dw\u00f3ch dyscyplin (obrazowania patologicznego i radiologicznego) w oprogramowaniu, kt\u00f3re b\u0119dzie analizowa\u0107 te [&hellip;]<\/p>\n","protected":false},"author":1,"featured_media":0,"parent":756,"menu_order":0,"comment_status":"closed","ping_status":"closed","template":"","meta":{"_acf_changed":false,"_only_polish":false,"footnotes":""},"folder":[29],"class_list":["post-889","page","type-page","status-publish","hentry"],"acf":[],"_links":{"self":[{"href":"https:\/\/ibib.waw.pl\/en\/wp-json\/wp\/v2\/pages\/889","targetHints":{"allow":["GET"]}}],"collection":[{"href":"https:\/\/ibib.waw.pl\/en\/wp-json\/wp\/v2\/pages"}],"about":[{"href":"https:\/\/ibib.waw.pl\/en\/wp-json\/wp\/v2\/types\/page"}],"author":[{"embeddable":true,"href":"https:\/\/ibib.waw.pl\/en\/wp-json\/wp\/v2\/users\/1"}],"replies":[{"embeddable":true,"href":"https:\/\/ibib.waw.pl\/en\/wp-json\/wp\/v2\/comments?post=889"}],"version-history":[{"count":5,"href":"https:\/\/ibib.waw.pl\/en\/wp-json\/wp\/v2\/pages\/889\/revisions"}],"predecessor-version":[{"id":3378,"href":"https:\/\/ibib.waw.pl\/en\/wp-json\/wp\/v2\/pages\/889\/revisions\/3378"}],"up":[{"embeddable":true,"href":"https:\/\/ibib.waw.pl\/en\/wp-json\/wp\/v2\/pages\/756"}],"wp:attachment":[{"href":"https:\/\/ibib.waw.pl\/en\/wp-json\/wp\/v2\/media?parent=889"}],"wp:term":[{"taxonomy":"folder","embeddable":true,"href":"https:\/\/ibib.waw.pl\/en\/wp-json\/wp\/v2\/folder?post=889"}],"curies":[{"name":"wp","href":"https:\/\/api.w.org\/{rel}","templated":true}]}}