{"id":867,"date":"2026-01-27T00:50:29","date_gmt":"2026-01-26T23:50:29","guid":{"rendered":"https:\/\/ibib.waw.pl\/?page_id=867"},"modified":"2026-01-27T00:55:54","modified_gmt":"2026-01-26T23:55:54","slug":"czasowo-rozdzielcza-tomografia-optyczna-do-obrazowania-molekularnego-narzadow-wewnetrznych-malych-zwierzat-doswiadczalnych","status":"publish","type":"page","link":"https:\/\/ibib.waw.pl\/en\/nauka\/projekty\/projekty-realizowane-w-ibib-pan-archiwum\/czasowo-rozdzielcza-tomografia-optyczna-do-obrazowania-molekularnego-narzadow-wewnetrznych-malych-zwierzat-doswiadczalnych\/","title":{"rendered":"Czasowo-rozdzielcza tomografia optyczna do obrazowania molekularnego narz\u0105d\u00f3w wewn\u0119trznych ma\u0142ych zwierz\u0105t do\u015bwiadczalnych"},"content":{"rendered":"<p>Optyczne obrazowanie ma\u0142ych zwierz\u0105t stanowi wa\u017cny element rozwoju technik diagnostyki medycznej. Zwierz\u0119ta do\u015bwiadczalne, dzi\u0119ki swoim rozmiarom stanowi\u0105 bowiem \u0142atwy obiekt bada\u0144, a jednocze\u015bnie s\u0105 doskona\u0142ym modelem do dalszych bada\u0144 na ludziach.\u2028Celem projektu jest opracowanie metodyki pomiarowej optycznego obrazowania molekularnego z wykorzystaniem barwnik\u00f3w fluorescencyjnych. Cel projektu b\u0119dzie realizowany z wykorzystaniem urz\u0105dzenia do optycznego obrazowania ma\u0142ych zwierz\u0105t. Obrazowanie optyczne realizowane b\u0119dzie z u\u017cyciem techniki czasowo-rozdzielczej.<\/p>\n\n\n\n<p>W ramach projektu rozwi\u0105zane zostan\u0105 problemy dotycz\u0105ce algorytm\u00f3w rekonstrukcji obiekt\u00f3w tr\u00f3jwymiarowych. Wykonane zostan\u0105 serie fantom\u00f3w o r\u00f3\u017cnych w\u0142a\u015bciwo\u015bciach optycznych w zakresie warto\u015bci typowych dla tkanek. Fantomy b\u0119d\u0105 mia\u0142y kszta\u0142ty zbli\u017cone do kszta\u0142t\u00f3w cia\u0142 ma\u0142ych zwierz\u0105t do\u015bwiadczalnych (szczur, mysz). Urz\u0105dzenie tomograficzne zostanie przetestowane na wykonanych fantomach w tym r\u00f3wnie\u017c na fantomach pozwalaj\u0105cych na ocen\u0119 dynamicznych zmian parametr\u00f3w optycznych. Fantomy takie pozwol\u0105 na ocen\u0119 mo\u017cliwo\u015bci zastosowania przyrz\u0105du do bada\u0144 szybko\u015bci nap\u0142ywu \u015brodka kontrastuj\u0105cego w celu pomiaru ukrwienia badanych tkanek. Badania na fantomach pozwol\u0105 na ocen\u0119 mo\u017cliwo\u015bci zastosowania r\u00f3\u017cnych barwnik\u00f3w do obrazowania obiekt\u00f3w w przestrzeni 3D wraz z okre\u015bleniem rozdzielczo\u015bci przestrzennej zastosowanych metod rekonstrukcji.<\/p>\n\n\n\n<p>Wykorzystanie metody czasowo-rozdzielczej b\u0119dzie pozwala\u0142o na ocen\u0119 czasu relaksacji fluorescencyjnej (Lakowicz 1999). Ocena tego czasu pozwala na badania zmienno\u015bci otoczenia w jakim znajduje si\u0119 oceniany fluorofor przyczyniaj\u0105c si\u0119 do polepszenia specyficzno\u015bci rekonstrukcji tomograficznej (Godavarty, Sevick-Muraca et al. 2005; Kumar, Raymond et al. 2006; Bourayou, Boeth et al. 2008; Kumar, Raymond et al. 2008). Znaczniki optyczne mog\u0105 podlega\u0107 akumulacji w wybranych strukturach tkankowych i pozwalaj\u0105 na ocen\u0119 przestrzenn\u0105 tkanek dotkni\u0119tych wybranymi schorzeniami takimi jak zmiany nowotworowe, stany zapalne, stany niedokrwienne tkanek. Taka ocena pozwala potencjalnie na monitorowanie post\u0119p\u00f3w chor\u00f3b i efekt\u00f3w procedur terapeutycznych przyczyniaj\u0105c si\u0119 do redukcji koszt\u00f3w bada\u0144 przedklinicznych (Weissleder, Ross et al. 2010).<\/p>\n\n\n\n<p>Na podstawie wynik\u00f3w bada\u0144 fantomowych oraz z uwzgl\u0119dnieniem opracowanych algorytm\u00f3w rekonstrukcyjnych przeprowadzone zostan\u0105 w ramach projektu badania tomograficzne na ma\u0142ych zwierz\u0119tach do\u015bwiadczalnych (szczurach). Rekonstrukcja 3D pozwoli na zobrazowanie struktury wewn\u0119trznej badanego zwierz\u0119cia. Zbadana zostanie czu\u0142o\u015b\u0107 opracowanej metody i mo\u017cliwo\u015b\u0107 jej zastosowania w rekonstrukcji przestrzennej struktury narz\u0105d\u00f3w badanego zwierz\u0119cia oraz mo\u017cliwo\u015b\u0107 zastosowania rozk\u0142ad\u00f3w czas\u00f3w relaksacji fluorescencyjnej dla oceny w\u0142a\u015bciwo\u015bci tych narz\u0105d\u00f3w.<\/p>","protected":false},"excerpt":{"rendered":"<p>Optyczne obrazowanie ma\u0142ych zwierz\u0105t stanowi wa\u017cny element rozwoju technik diagnostyki medycznej. Zwierz\u0119ta do\u015bwiadczalne, dzi\u0119ki swoim rozmiarom stanowi\u0105 bowiem \u0142atwy obiekt bada\u0144, a jednocze\u015bnie s\u0105 doskona\u0142ym modelem do dalszych bada\u0144 na ludziach.\u2028Celem projektu jest opracowanie metodyki pomiarowej optycznego obrazowania molekularnego z wykorzystaniem barwnik\u00f3w fluorescencyjnych. Cel projektu b\u0119dzie realizowany z wykorzystaniem urz\u0105dzenia do optycznego obrazowania ma\u0142ych zwierz\u0105t. [&hellip;]<\/p>\n","protected":false},"author":1,"featured_media":0,"parent":847,"menu_order":0,"comment_status":"closed","ping_status":"closed","template":"page-projects.php","meta":{"_acf_changed":false,"_only_polish":false,"footnotes":""},"folder":[29],"class_list":["post-867","page","type-page","status-publish","hentry"],"acf":[],"_links":{"self":[{"href":"https:\/\/ibib.waw.pl\/en\/wp-json\/wp\/v2\/pages\/867","targetHints":{"allow":["GET"]}}],"collection":[{"href":"https:\/\/ibib.waw.pl\/en\/wp-json\/wp\/v2\/pages"}],"about":[{"href":"https:\/\/ibib.waw.pl\/en\/wp-json\/wp\/v2\/types\/page"}],"author":[{"embeddable":true,"href":"https:\/\/ibib.waw.pl\/en\/wp-json\/wp\/v2\/users\/1"}],"replies":[{"embeddable":true,"href":"https:\/\/ibib.waw.pl\/en\/wp-json\/wp\/v2\/comments?post=867"}],"version-history":[{"count":3,"href":"https:\/\/ibib.waw.pl\/en\/wp-json\/wp\/v2\/pages\/867\/revisions"}],"predecessor-version":[{"id":870,"href":"https:\/\/ibib.waw.pl\/en\/wp-json\/wp\/v2\/pages\/867\/revisions\/870"}],"up":[{"embeddable":true,"href":"https:\/\/ibib.waw.pl\/en\/wp-json\/wp\/v2\/pages\/847"}],"wp:attachment":[{"href":"https:\/\/ibib.waw.pl\/en\/wp-json\/wp\/v2\/media?parent=867"}],"wp:term":[{"taxonomy":"folder","embeddable":true,"href":"https:\/\/ibib.waw.pl\/en\/wp-json\/wp\/v2\/folder?post=867"}],"curies":[{"name":"wp","href":"https:\/\/api.w.org\/{rel}","templated":true}]}}