{"id":863,"date":"2026-01-27T00:48:20","date_gmt":"2026-01-26T23:48:20","guid":{"rendered":"https:\/\/ibib.waw.pl\/?page_id=863"},"modified":"2026-01-27T00:49:25","modified_gmt":"2026-01-26T23:49:25","slug":"badanie-sprzezenia-neuronowo-naczyniowego-w-trakcie-wykonywania-zadania-ruchowego-i-jego-wyobrazenia-przy-pomocy-techniki-nirs-eeg","status":"publish","type":"page","link":"https:\/\/ibib.waw.pl\/en\/nauka\/projekty\/projekty-realizowane-w-ibib-pan-archiwum\/badanie-sprzezenia-neuronowo-naczyniowego-w-trakcie-wykonywania-zadania-ruchowego-i-jego-wyobrazenia-przy-pomocy-techniki-nirs-eeg\/","title":{"rendered":"Badanie sprz\u0119\u017cenia neuronowo-naczyniowego w trakcie wykonywania zadania ruchowego i jego wyobra\u017cenia przy pomocy techniki NIRS\/EEG"},"content":{"rendered":"<h4 class=\"wp-block-heading\">Cel bada\u0144\/hipoteza\u2028<\/h4>\n\n\n\n<p>Projekt dotyczy badania mechanizm\u00f3w sprz\u0119\u017cenia nerwowo-naczyniowego. Metody obrazowania aktywno\u015bci m\u00f3zgu takie jak funkcjonalny rezonans magnetyczny (fMRI) i spektroskopia bliskiej podczerwieni (NIRS) s\u0105 zwi\u0105zane z aktywno\u015bci\u0105 neuron\u00f3w poprzez zmiany metaboliczne i naczyniowe. Obecnie ci\u0105gle nie jest jasne w jakim stopniu zmiany te s\u0105 odbiciem czynno\u015bci populacji neuronowych. Wyja\u015bnienie tego zwi\u0105zku w spos\u00f3b nie-inwazyjny poprzez jednoczesny pomiar elektroencefalogram\u00f3w (EEG) oraz fMRI lub magnetoencefalogram\u00f3w (MEG) i fMRI jest technicznie trudne. Alternatyw\u0105 jest jednoczesny pomiar zwi\u0105zku mi\u0119dzy hemodynamiczn\u0105 odpowiedzi\u0105 m\u00f3zgu mierzon\u0105 przez NIRS i elektryczn\u0105 odpowiedzi\u0105 populacji neuronowych rejestrowan\u0105 jako EEG. Celem projektu jest znalezienie zwi\u0105zku mi\u0119dzy czasowymi, topograficznymi i spektralnymi cechami czynno\u015bci m\u00f3zgu , a odpowiedzi\u0105 hemodynamiczn\u0105 tzn. poziomami utlenowanej (HbO) i zredukowanej (HbR) hemoglobiny mierzonymi technik\u0105 NIRS, w eksperymencie dotycz\u0105cym czynno\u015bci ruchowej i jej wyobra\u017cenia. Specyficzne hipotezy dotycz\u0105: i)zwi\u0105zku mi\u0119dzy rytmami EEG a i poziomami HbO\/HbR, ii) topograficznych r\u00f3\u017cnic sygna\u0142u NIRS, w eksperymenci dotycz\u0105cym ruchu wykonanego i wyobra\u017conego. Naszym celem b\u0119dzie r\u00f3wnie\u017c zbadanie relacji mi\u0119dzy NIRS i sygna\u0142em zmienno\u015bci rytmu serca (HRV), NIRS i ci\u015bnieniem krwi.<\/p>\n\n\n\n<h4 class=\"wp-block-heading\">Metoda Badawcza<\/h4>\n\n\n\n<p>Metodyka dotyczy\u0107 b\u0119dzie synchronizacji w ramach jednego protoko\u0142u pomiar\u00f3w trNIRS (time resolved NIRS), EEG, EKG i ci\u015bnienia krwi, przeprowadzenia pomiar\u00f3w i analizy danych z zastosowaniem zaawansowanych metod analizy sygna\u0142\u00f3w. W szczeg\u00f3lno\u015bci planowane s\u0105 nast\u0119puj\u0105ce etapy:<\/p>\n\n\n\n<ol class=\"wp-block-list\">\n<li>Opracowanie protoko\u0142u pomiarowego (ilo\u015b\u0107 i umiejscowienie elektrod i optod, pojedyncze ruchy zamierzone lub seria ruch\u00f3w, synchronizacja kana\u0142\u00f3w pomiarowych: trNIRS, EEG, EKG, ci\u015bnienie krwi)\u2028 <\/li>\n\n\n\n<li>Konstrukcja systemu do wy\u015bwietlania wska\u017anik\u00f3w i sterowania eksperymentem\u2028<\/li>\n\n\n\n<li>Przeprowadzenie badania dla grupy 15 zdrowych os\u00f3b\u2028<\/li>\n\n\n\n<li>Eliminacja artefakt\u00f3w, wst\u0119pne przetwarzanie sygna\u0142\u00f3w<\/li>\n\n\n\n<li>Analiza sygna\u0142\u00f3w: metody czas-cz\u0119sto\u015b\u0107, czasowa ewolucja rytm\u00f3w, korelacje mi\u0119dzy: HbO\/HbR a EEG i HRV<\/li>\n<\/ol>\n\n\n\n<p>Analiza danych opiera\u0107 si\u0119 b\u0119dzie na zaawansowanych metodach analizy czasowo-cz\u0119stotliwo\u015bciowej, mianowicie na metodzie adaptywnych aproksymacji z zastosowaniem dopasowania krocz\u0105cego (Matching Pursuit- MP). Metoda MP pozwoli na przezwyci\u0119\u017cenie ogranicze\u0144 filtrowania pasmowego i tradycyjnych metod spektralnych i dostarczy informacji na temat czasowej ewolucji rytm\u00f3w EEG i HRV w celu znalezienia korelacji z sygna\u0142ami HbO i HbR.<\/p>\n\n\n\n<h4 class=\"wp-block-heading\">Wp\u0142yw rezultat\u00f3w<\/h4>\n\n\n\n<p>Wyniki projektu pomog\u0105 w zrozumieniu mechanizm\u00f3w sprz\u0119\u017cenia nerwowo-naczyniowego, kt\u00f3re znajduj\u0105 si\u0119 w centrum uwagi \u015brodowiska naukowego. Rezultaty wp\u0142yn\u0105 nie tylko na zrozumienie relacji pomi\u0119dzy EEG i NIRS, lecz r\u00f3wnie\u017c pomi\u0119dzy EEG i fMRI BOLD (Blood Oxygenation Level), poniewa\u017c sygna\u0142 BOLD opiera si\u0119 podobnie jak NIRS na okre\u015bleniu poziomu utlenowanej krwi. Natomiast pomiar poziom\u00f3w HbO\/HbR technik\u0105 NIRS jest \u0142atwiejszy. Projekt dotyczy badania relacji mi\u0119dzy synchronizacj\u0105\/ desynchronizacj\u0105 populacji neuronowych a HbO i HbR, kt\u00f3ra dotychczas nie by\u0142a badana. Otrzymane wyniki rzuc\u0105 \u015bwiat\u0142o na relacje pomi\u0119dzy rytmami EEG i poziomami utlenowania krwi. Poniewa\u017c specyficzne rytmy odgrywaj\u0105 istotn\u0105 rol\u0119 w analizie informacji przez m\u00f3zg, wyja\u015bnienie zwi\u0105zku mi\u0119dzy cz\u0119stotliwo\u015bciow\u0105 charakterystyk\u0105 EEG i poziomami utlenowania krwi pomog\u0105 w interpretacji rezultat\u00f3w neuroobrazowania w eksperymentach NIRS i fMRI.\u2028Projekt ma r\u00f3wnie\u017c aspekt praktyczny zwi\u0105zany z konstrukcj\u0105 interfejs\u00f3w m\u00f3zg-komputer (BCI) oraz protez. W chwili obecnej hybrydowe systemy BCI s\u0105 stosowane do sterowania protezami, ale rola NIRs ogranicza si\u0119 zwykle do roli w\u0142\u0105cznika systemu opartego na EEG. Planowane badania mog\u0105 zaowocowa\u0107 lepszym wykorzystaniem w BCI informacji dostarczanej przez NIRS. Szczeg\u00f3lnie pomocne mog\u0105 si\u0119 tutaj okaza\u0107 badania zwi\u0105zane z wyobra\u017ceniem ruchu.<\/p>","protected":false},"excerpt":{"rendered":"<p>Cel bada\u0144\/hipoteza\u2028 Projekt dotyczy badania mechanizm\u00f3w sprz\u0119\u017cenia nerwowo-naczyniowego. Metody obrazowania aktywno\u015bci m\u00f3zgu takie jak funkcjonalny rezonans magnetyczny (fMRI) i spektroskopia bliskiej podczerwieni (NIRS) s\u0105 zwi\u0105zane z aktywno\u015bci\u0105 neuron\u00f3w poprzez zmiany metaboliczne i naczyniowe. Obecnie ci\u0105gle nie jest jasne w jakim stopniu zmiany te s\u0105 odbiciem czynno\u015bci populacji neuronowych. Wyja\u015bnienie tego zwi\u0105zku w spos\u00f3b nie-inwazyjny poprzez [&hellip;]<\/p>\n","protected":false},"author":1,"featured_media":0,"parent":847,"menu_order":0,"comment_status":"closed","ping_status":"closed","template":"page-projects.php","meta":{"_acf_changed":false,"_only_polish":false,"footnotes":""},"folder":[29],"class_list":["post-863","page","type-page","status-publish","hentry"],"acf":[],"_links":{"self":[{"href":"https:\/\/ibib.waw.pl\/en\/wp-json\/wp\/v2\/pages\/863","targetHints":{"allow":["GET"]}}],"collection":[{"href":"https:\/\/ibib.waw.pl\/en\/wp-json\/wp\/v2\/pages"}],"about":[{"href":"https:\/\/ibib.waw.pl\/en\/wp-json\/wp\/v2\/types\/page"}],"author":[{"embeddable":true,"href":"https:\/\/ibib.waw.pl\/en\/wp-json\/wp\/v2\/users\/1"}],"replies":[{"embeddable":true,"href":"https:\/\/ibib.waw.pl\/en\/wp-json\/wp\/v2\/comments?post=863"}],"version-history":[{"count":2,"href":"https:\/\/ibib.waw.pl\/en\/wp-json\/wp\/v2\/pages\/863\/revisions"}],"predecessor-version":[{"id":866,"href":"https:\/\/ibib.waw.pl\/en\/wp-json\/wp\/v2\/pages\/863\/revisions\/866"}],"up":[{"embeddable":true,"href":"https:\/\/ibib.waw.pl\/en\/wp-json\/wp\/v2\/pages\/847"}],"wp:attachment":[{"href":"https:\/\/ibib.waw.pl\/en\/wp-json\/wp\/v2\/media?parent=863"}],"wp:term":[{"taxonomy":"folder","embeddable":true,"href":"https:\/\/ibib.waw.pl\/en\/wp-json\/wp\/v2\/folder?post=863"}],"curies":[{"name":"wp","href":"https:\/\/api.w.org\/{rel}","templated":true}]}}