{"id":851,"date":"2026-01-27T00:29:57","date_gmt":"2026-01-26T23:29:57","guid":{"rendered":"https:\/\/ibib.waw.pl\/?page_id=851"},"modified":"2026-01-27T00:43:34","modified_gmt":"2026-01-26T23:43:34","slug":"technologie-informacyjne-badania-i-ich-interdyscyplinarne-zastosowania","status":"publish","type":"page","link":"https:\/\/ibib.waw.pl\/en\/nauka\/projekty\/projekty-realizowane-w-ibib-pan-archiwum\/technologie-informacyjne-badania-i-ich-interdyscyplinarne-zastosowania\/","title":{"rendered":"Technologie informacyjne: badania i ich interdyscyplinarne zastosowania"},"content":{"rendered":"<p><strong>Projekt jest realizowany przez Instytut Podstaw Informatyki Polskiej Akademii Nauk (IPI PAN) w partnerstwie z Instytutem Bada\u0144 Systemowych PAN (IBS PAN) i Instytutem Biocybernetyki i In\u017cynierii Biomedycznej PAN im. Macieja Na\u0142\u0119cza (IBIB PAN).\u2028<\/strong><\/p>\n\n\n\n<p><br>Projekt jest skierowany do tzw. BO (Beneficjent\u00f3w Ostatecznych). Kandydaci na BO musz\u0105 posiada\u0107 tytu\u0142 magistra albo tytu\u0142 r\u00f3wnorz\u0119dny, umo\u017cliwiaj\u0105ce uzyskanie zaawansowanej wiedzy w okre\u015blonej dziedzinie lub dyscyplinie nauki, przygotowuj\u0105ce do samodzielnej dzia\u0142alno\u015bci badawczej i tw\u00f3rczej oraz uzyskania stopnia naukowego doktora.<\/p>\n\n\n\n<h4 class=\"wp-block-heading\">Projekt kieruje si\u0119 zasad\u0105 r\u00f3wno\u015bci szans:\u2028<\/h4>\n\n\n\n<p>\u201eJako cele na wszystkich etapach wdra\u017cania funduszy strukturalnych Unia Europejska wskazuje zniesienie nier\u00f3wno\u015bci oraz zwalczanie wszelkich przejaw\u00f3w dyskryminacji, w tym m.in. ze wzgl\u0119du na wiek, p\u0142e\u0107, ras\u0119 i niepe\u0142nosprawno\u015b\u0107. R\u00f3wno\u015b\u0107 szans jest w PO KL pojmowana nie tylko jako r\u00f3wno\u015b\u0107 szans m\u0119\u017cczyzn i kobiet, ale r\u00f3wnie\u017c jako jednakowy dost\u0119p wszystkich os\u00f3b do edukacji, informacji i zatrudnienia. Poprzez eliminacj\u0119 wszelkich barier fizycznych, finansowych, socjalnych czy psychologicznych, utrudniaj\u0105cych lub zniech\u0119caj\u0105cych do brania pe\u0142nego udzia\u0142u w \u017cyciu spo\u0142ecze\u0144stwa nale\u017cy d\u0105\u017cy\u0107 do umo\u017cliwienia wszystkim osobom czynnego uczestnictwa w rynku pracy i integracji z otoczeniem\u201d. (Program Operacyjny KAPITA\u0141 LUDZKI Narodowe Strategiczne Ramy Odniesienia 2007-2013, str. 143).<\/p>\n\n\n\n<h4 class=\"wp-block-heading\">W ramach projektu realizowane b\u0119d\u0105 nast\u0119puj\u0105ce zadania:<\/h4>\n\n\n\n<p>1. ZARZ\u0104DZANIE PROJEKTEM, PROMOCJA PROJEKTU, REKRUTACJA I KOORDYNACJA ZADA\u0143<br>Okres realizacji zadania wrzesie\u0144 2010 \u2013 grudzie\u0144 2015.\u2028W ramach tego zadania, m.in., odb\u0119d\u0105 si\u0119 dwie mi\u0119dzynarodowe konferencje, pierwsza w 2012 r., druga w 2015 r., dla BO, spo\u0142eczno\u015bci akademickiej i naukowej z Polski i z zagranicy oraz wszystkich zainteresowanych badaniami i interdyscyplinarnymi zastosowaniami technologii informacyjnych.<br><br>2. NOWE INTERDYSCYPLINARNE STUDIA DOKTORANCKIE W J\u0118ZYKU ANGIELSKIM<br>Okres realizacji zadania pa\u017adziernik 2011 \u2013 grudzie\u0144 2015.\u2028Realizowane b\u0119d\u0105 dwie pe\u0142ne 3-letnie edycje studi\u00f3w doktoranckich. Ka\u017cda edycja przyjmie 20 BO. Rozpocz\u0119cie I edycji planowane jest w pa\u017adzierniku 2011 r. II edycja powinna rozpocz\u0105\u0107 si\u0119 w pa\u017adzierniku 2012 r. BO otrzymaj\u0105 nowoczesne i bardzo dobrze wyposa\u017cone laboratorium oraz sie\u0107 inter- i intranetow\u0105 wyr\u00f3wnuj\u0105ce szanse w dost\u0119pie do edukacji, informacji i zatrudnienia.\u2028Projekt przewiduje dofinansowanie 10 monografii naukowych \u2013 w jednolitej serii akademickiej, wsparcie finansowe 50 publikacji BO w wysoko punktowanych wydawnictwach oraz 12 udzia\u0142\u00f3w BO w mi\u0119dzynarodowych konferencjach i szko\u0142ach letnich.<br><br>3. PROGRAM STYPENDIALNY DLA DOKTORANT\u00d3W<br>Okres realizacji zadania pa\u017adziernik 2011 \u2013 czerwiec 2015.\u2028Stypendia b\u0119d\u0105 przyznawane na zasadach konkursu. B\u0119d\u0105 zr\u00f3\u017cnicowane i uzyskanie ich b\u0119dzie zawsze zgodne z zasad\u0105 r\u00f3wno\u015bci szans. Stypendia b\u0119d\u0105 przyznawane ju\u017c od I roku studi\u00f3w doktoranckich na ka\u017cdy kolejny semestr studi\u00f3w. W zwi\u0105zku z decyzj\u0105 Ministra od dnia otrzymania przez nas w\/w decyzji, IPI PAN nie b\u0119dzie potr\u0105ca\u0142a podatku dochodowego od stypendi\u00f3w naukowych wyp\u0142acanych doktorantom w ramach projektu.<br><br>4. PROGRAM STYPENDIALNY DLA PROFESOR\u00d3W WIZYTUJ\u0104CYCH Z POLSKI I Z ZAGRANICY<br>Okres realizacji zadania pa\u017adziernik 2011 \u2013 grudzie\u0144 2015.\u2028Stypendia b\u0119d\u0105 przyznawane na zasadach konkursu. Obejmowa\u0107 b\u0119d\u0105 okresy jedno- lub dwutygodniowe. Obejmowa\u0107 b\u0119d\u0105 koszty specjalistycznych wyk\u0142ad\u00f3w, seminari\u00f3w, recenzji prac przej\u015bciowych, projekt\u00f3w i studi\u00f3w przypadku (case study) oraz koszty przygotowania materia\u0142\u00f3w dydaktycznych.<br><br>5. PROGRAM STYPENDIALNY DLA M\u0141ODYCH DOKTOR\u00d3W DO 35 R. \u017bYCIA (POSTDOK\u00d3W)<br>Okres realizacji zadania pa\u017adziernik 2011 \u2013 grudzie\u0144 2015.\u2028Stypendia b\u0119d\u0105 przyznawane na zasadach konkursu. B\u0119d\u0105 zr\u00f3\u017cnicowane i uzyskanie ich b\u0119dzie zawsze zgodne z zasad\u0105 r\u00f3wno\u015bci szans.<br><br>6. STA\u017bE KRAJOWE I ZAGRANICZNE DLA DOKTORANT\u00d3W I POSTDOK\u00d3W<br>Okres realizacji zadania pa\u017adziernik 2011 \u2013 grudzie\u0144 2015. Sta\u017ce 3-miesi\u0119czne b\u0119d\u0105 przyznawane na zasadach konkursu. Wysoko\u015b\u0107 dofinansowania b\u0119dzie zr\u00f3\u017cnicowana i przyznanie sta\u017cy b\u0119dzie zawsze zgodne z zasad\u0105 r\u00f3wno\u015bci szans.<br><br>7. PRZYGOTOWANIE I REALIZACJA KURS\u00d3W E-LEARNINGOWYCH<br>Okres realizacji zadania pa\u017adziernik 2011 \u2013 grudzie\u0144 2015. Kursy e-learningowe s\u0105 poszerzeniem i wzbogaceniem oferty dydaktycznej projektu oraz przyczyniaj\u0105 si\u0119 do wyr\u00f3wnania szans BO w dost\u0119pie do edukacji, informacji i zatrudnienia.<\/p>","protected":false},"excerpt":{"rendered":"<p>Projekt jest realizowany przez Instytut Podstaw Informatyki Polskiej Akademii Nauk (IPI PAN) w partnerstwie z Instytutem Bada\u0144 Systemowych PAN (IBS PAN) i Instytutem Biocybernetyki i In\u017cynierii Biomedycznej PAN im. Macieja Na\u0142\u0119cza (IBIB PAN).\u2028 Projekt jest skierowany do tzw. BO (Beneficjent\u00f3w Ostatecznych). Kandydaci na BO musz\u0105 posiada\u0107 tytu\u0142 magistra albo tytu\u0142 r\u00f3wnorz\u0119dny, umo\u017cliwiaj\u0105ce uzyskanie zaawansowanej wiedzy [&hellip;]<\/p>\n","protected":false},"author":1,"featured_media":0,"parent":847,"menu_order":0,"comment_status":"closed","ping_status":"closed","template":"page-projects.php","meta":{"_acf_changed":false,"_only_polish":false,"footnotes":""},"folder":[29],"class_list":["post-851","page","type-page","status-publish","hentry"],"acf":[],"_links":{"self":[{"href":"https:\/\/ibib.waw.pl\/en\/wp-json\/wp\/v2\/pages\/851","targetHints":{"allow":["GET"]}}],"collection":[{"href":"https:\/\/ibib.waw.pl\/en\/wp-json\/wp\/v2\/pages"}],"about":[{"href":"https:\/\/ibib.waw.pl\/en\/wp-json\/wp\/v2\/types\/page"}],"author":[{"embeddable":true,"href":"https:\/\/ibib.waw.pl\/en\/wp-json\/wp\/v2\/users\/1"}],"replies":[{"embeddable":true,"href":"https:\/\/ibib.waw.pl\/en\/wp-json\/wp\/v2\/comments?post=851"}],"version-history":[{"count":4,"href":"https:\/\/ibib.waw.pl\/en\/wp-json\/wp\/v2\/pages\/851\/revisions"}],"predecessor-version":[{"id":862,"href":"https:\/\/ibib.waw.pl\/en\/wp-json\/wp\/v2\/pages\/851\/revisions\/862"}],"up":[{"embeddable":true,"href":"https:\/\/ibib.waw.pl\/en\/wp-json\/wp\/v2\/pages\/847"}],"wp:attachment":[{"href":"https:\/\/ibib.waw.pl\/en\/wp-json\/wp\/v2\/media?parent=851"}],"wp:term":[{"taxonomy":"folder","embeddable":true,"href":"https:\/\/ibib.waw.pl\/en\/wp-json\/wp\/v2\/folder?post=851"}],"curies":[{"name":"wp","href":"https:\/\/api.w.org\/{rel}","templated":true}]}}