{"id":756,"date":"2026-01-26T16:26:36","date_gmt":"2026-01-26T15:26:36","guid":{"rendered":"https:\/\/ibib.waw.pl\/?page_id=756"},"modified":"2026-04-10T18:12:58","modified_gmt":"2026-04-10T16:12:58","slug":"projekty","status":"publish","type":"page","link":"https:\/\/ibib.waw.pl\/en\/nauka\/projekty\/","title":{"rendered":"Projects"},"content":{"rendered":"<h2 class=\"wp-block-heading\">The Departament for Research and Development and External Projects<\/h2>\n\n\n\n<div class=\"wp-block-group row-icon is-nowrap is-layout-flex wp-container-core-group-is-layout-ad2f72ca wp-block-group-is-layout-flex\">\n<figure class=\"wp-block-image size-full\"><img decoding=\"async\" src=\"https:\/\/ibib.waw.pl\/wp-content\/uploads\/2026\/01\/id-card.svg\" alt=\"\" class=\"wp-image-323\"\/><\/figure>\n\n\n\n<p><strong>Contact:<\/strong><br><a href=\"mailto:dzialprojektow@ibib.waw.pl\">dzialprojektow@ibib.waw.pl<\/a><\/p>\n<\/div>\n\n\n\n<div style=\"height:30px\" aria-hidden=\"true\" class=\"wp-block-spacer\"><\/div>\n\n\n\n<div class=\"wp-block-columns is-layout-flex wp-container-core-columns-is-layout-9d6595d7 wp-block-columns-is-layout-flex\">\n<div class=\"wp-block-column is-layout-flow wp-block-column-is-layout-flow\">\n<p><strong>Assoc. prof. Piotr Sawosz, PhD. DSc. Ing.<\/strong><br>Deputy Director of External Projects<br><br>Tel: +48 22 59 25 916<br>e-mail: <a href=\"mailto:psawosz@ibib.waw.pl\">psawosz@ibib.waw.pl<\/a><\/p>\n<\/div>\n\n\n\n<div class=\"wp-block-column is-layout-flow wp-block-column-is-layout-flow\">\n<p><strong>Renata Wronska, MSc.<\/strong><br>Financial Specialist for Research and Development projects<br><br>Tel: +48 22 59 25 978<br>e-mail: <a href=\"mailto:rwronska@ibib.waw.pl\">rwronska@ibib.waw.pl<\/a><\/p>\n<\/div>\n<\/div>\n\n\n\n<div class=\"wp-block-columns is-layout-flex wp-container-core-columns-is-layout-9d6595d7 wp-block-columns-is-layout-flex\">\n<div class=\"wp-block-column is-vertically-aligned-center is-layout-flow wp-block-column-is-layout-flow\">\n<div class=\"wp-block-buttons is-content-justification-center is-layout-flex wp-container-core-buttons-is-layout-16018d1d wp-block-buttons-is-layout-flex\">\n<div class=\"wp-block-button button-large\"><a class=\"wp-block-button__link wp-element-button\" href=\"https:\/\/ibib.waw.pl\/en\/nauka\/projekty\/projekty-realizowane-w-ibib-pan\/\">Projects carried out at IBIB PAN<\/a><\/div>\n<\/div>\n<\/div>\n\n\n\n<div class=\"wp-block-column is-layout-flow wp-block-column-is-layout-flow\">\n<div class=\"wp-block-buttons is-content-justification-center is-layout-flex wp-container-core-buttons-is-layout-16018d1d wp-block-buttons-is-layout-flex\">\n<div class=\"wp-block-button button-large\"><a class=\"wp-block-button__link wp-element-button\" href=\"https:\/\/ibib.waw.pl\/en\/nauka\/projekty\/projekty-realizowane-w-ibib-pan-archiwum\/\">Projects completed at IBIB PAN<\/a><\/div>\n<\/div>\n<\/div>\n<\/div>\n\n\n\n<h2 class=\"wp-block-heading page-title\">Cooperation within Projects<\/h2>\n\n\n\n<div style=\"height:15px\" aria-hidden=\"true\" class=\"wp-block-spacer\"><\/div>\n\n\n\n<h2 class=\"wp-block-heading\">Notice<\/h2>\n\n\n\n<p>Open call for Consortium Members to jointly develop and implement a Project as part of a competition for non-commercial clinical trials and research experiments announced by the Medical Research Agency (competition no. ABM\/2024\/1)<\/p>\n\n\n\n<ol class=\"wp-block-list\">\n<li>The M. Na\u0142\u0119cz Institute of Biocybernetics and Biomedical Engineering of the Polish Academy of Sciences (IBIB PAN) announces an open call for consortium members to jointly prepare and implement a project entitled: \u2018Assessment of the degree of ventilation heterogeneity in newborns with isolated congenital diaphragmatic hernia (CDH) \u2013 simulation studies based on clinical data\u2019 (acronym: VENTI-CDH), as part of the competition for non-commercial clinical trials and research experiments No. ABM\/2024\/1 announced by the Medical Research Agency.<\/li>\n\n\n\n<li>The project will be implemented on the basis of a consortium agreement concluded between the M. Na\u0142\u0119cz Institute of Biocybernetics and Biomedical Engineering of the Polish Academy of Sciences (consortium leader) and the consortium member(s) selected through the recruitment process referred to in this announcement.<\/li>\n\n\n\n<li>This announcement, together with the announcement of an open call for Consortium Members and attachments, has been published on the IBIB PAN website: https:\/\/www.ibib.waw.pl\/pl\/dzialalnosc-naukowa\/projekty\/1285-wspolpraca-projekty<\/li>\n\n\n\n<li>The offer should be prepared in accordance with the provisions of the Recruitment Notice.<\/li>\n\n\n\n<li>Oferty nale\u017cy przesy\u0142a\u0107 w terminie od 30.04.2024 r. do 13.05.2024 r. do godz. 8:30 za po\u015brednictwem poczty elektronicznej na adres e-mail: dzialprojektow@ibib.waw.pl wpisuj\u0105c w temacie wiadomo\u015bci: \u201eNab\u00f3r Konsorcjanta do projektu ABM Venty-CDH\u201d<\/li>\n\n\n\n<li>Offers submitted after the deadline will not be considered (the date of receipt is decisive).<\/li>\n\n\n\n<li>Any questions regarding the recruitment process should be sent by e-mail to: bstankiewicz@ibib.waw.pl or dzialprojektow@ibib.waw.pl by 8 May 2024, 3 p.m.<\/li>\n<\/ol>\n\n\n\n<p><strong>Attachments:<\/strong><br>Appendix No. 1 \u2013 <a href=\"https:\/\/ibib.waw.pl\/wp-content\/uploads\/2026\/01\/Zalacznik_1_Warunki_Otwartego_Naboru_Konsorcjanta_do_projektu_VENTI_CDH_ABM_2024.docx\">Conditions for admission<\/a><br>Appendix No. 2 \u2013&nbsp;<a href=\"https:\/\/ibib.waw.pl\/wp-content\/uploads\/2026\/01\/Zalacznik_2_Formularz_zgloszeniowy.docx\">Application form<\/a><br>Appendix No. 3 \u2013&nbsp;<a href=\"https:\/\/ibib.waw.pl\/wp-content\/uploads\/2026\/01\/Zalacznik_3_KlauzulaInformacyjnaDlaKonsorcjantow.docx\">Information clause for consortium members<\/a><br>Appendix No. 4 \u2013&nbsp;<a href=\"https:\/\/ibib.waw.pl\/wp-content\/uploads\/2026\/01\/Zalacznik_4_Oswiadczenie_o_braku_powiazan_kapitalowych_lub_osobowych.docx\">Declarations of no capital or personal links<br>Commission Minutes<\/a><\/p>\n\n\n\n<h2 class=\"wp-block-heading\">See:<\/h2>\n\n\n\n<div class=\"wp-block-columns is-layout-flex wp-container-core-columns-is-layout-9d6595d7 wp-block-columns-is-layout-flex\">\n<div class=\"wp-block-column is-vertically-aligned-center is-layout-flow wp-block-column-is-layout-flow\">\n<div class=\"wp-block-buttons is-content-justification-center is-layout-flex wp-container-core-buttons-is-layout-16018d1d wp-block-buttons-is-layout-flex\">\n<div class=\"wp-block-button button-large\"><a class=\"wp-block-button__link wp-element-button\" href=\"https:\/\/ibib.waw.pl\/en\/nauka\/projekty\/bosomshield\/\">BosomShield<\/a><\/div>\n<\/div>\n<\/div>\n\n\n\n<div class=\"wp-block-column is-layout-flow wp-block-column-is-layout-flow\">\n<div class=\"wp-block-buttons is-content-justification-center is-layout-flex wp-container-core-buttons-is-layout-16018d1d wp-block-buttons-is-layout-flex\">\n<div class=\"wp-block-button button-large\"><a class=\"wp-block-button__link wp-element-button\" href=\"https:\/\/ibib.waw.pl\/en\/nauka\/projekty\/projekty-realizowane-w-ibib-pan-archiwum\/system-ciaglego-monitorowania-plynow-drenazowych-do-oceny-postepow-leczenia-chorych-z-wtornym-bakteryjnym-zapaleniem-otrzewnej\/\">Continuous drainage fluid monitoring system for assessing treatment progress of patients with secondary bacterial peritonitis<\/a><\/div>\n<\/div>\n<\/div>\n<\/div>\n\n\n\n<div class=\"wp-block-columns is-layout-flex wp-container-core-columns-is-layout-9d6595d7 wp-block-columns-is-layout-flex\">\n<div class=\"wp-block-column is-vertically-aligned-center is-layout-flow wp-block-column-is-layout-flow\">\n<div class=\"wp-block-buttons is-content-justification-center is-layout-flex wp-container-core-buttons-is-layout-16018d1d wp-block-buttons-is-layout-flex\">\n<div class=\"wp-block-button button-large\"><a class=\"wp-block-button__link wp-element-button\" href=\"https:\/\/ibib.waw.pl\/en\/nauka\/projekty\/projekty-realizowane-w-ibib-pan-archiwum\/opracowanie-optymalnej-wentylacji-pluc-minimalizujacej-ryzyko-urazu-pluc-wywolanego-respiratorem-vili\/\">Development of optimal lung ventilation to minimise the risk of ventilator-induced lung injury (VILI)<\/a><\/div>\n<\/div>\n<\/div>\n\n\n\n<div class=\"wp-block-column is-layout-flow wp-block-column-is-layout-flow\">\n<div class=\"wp-block-buttons is-content-justification-center is-layout-flex wp-container-core-buttons-is-layout-16018d1d wp-block-buttons-is-layout-flex\">\n<div class=\"wp-block-button button-large\"><a class=\"wp-block-button__link wp-element-button\" href=\"https:\/\/ibib.waw.pl\/en\/nauka\/projekty\/projekty-realizowane-w-ibib-pan-archiwum\/welcome-to-poland\/\">Welcome to Poland<\/a><\/div>\n<\/div>\n<\/div>\n<\/div>\n\n\n\n<div class=\"wp-block-columns is-layout-flex wp-container-core-columns-is-layout-9d6595d7 wp-block-columns-is-layout-flex\">\n<div class=\"wp-block-column is-vertically-aligned-center is-layout-flow wp-block-column-is-layout-flow\">\n<div class=\"wp-block-buttons is-content-justification-center is-layout-flex wp-container-core-buttons-is-layout-16018d1d wp-block-buttons-is-layout-flex\">\n<div class=\"wp-block-button button-large\"><a class=\"wp-block-button__link wp-element-button\" href=\"https:\/\/ibib.waw.pl\/en\/nauka\/projekty\/projekty-realizowane-w-ibib-pan-archiwum\/enzyme-based-metal-organic-frameworks-for-cancer-treatment\/\">Enzyme Based Metal Organic Frameworks for Cancer Treatment<\/a><\/div>\n<\/div>\n<\/div>\n\n\n\n<div class=\"wp-block-column is-layout-flow wp-block-column-is-layout-flow\">\n<div class=\"wp-block-buttons is-content-justification-center is-layout-flex wp-container-core-buttons-is-layout-16018d1d wp-block-buttons-is-layout-flex\">\n<div class=\"wp-block-button button-large\"><a class=\"wp-block-button__link wp-element-button\" href=\"https:\/\/ibib.waw.pl\/en\/nauka\/projekty\/projekty-realizowane-w-ibib-pan-archiwum\/badania-nad-nowymi-czulymi-warstwami-do-oznaczania-czasteczek-sygnalowych-quorum-sensing\/\">Study on novel sensing layers for determination of quorum sensing signal molecule<\/a><\/div>\n<\/div>\n<\/div>\n<\/div>\n\n\n\n<div class=\"wp-block-columns is-layout-flex wp-container-core-columns-is-layout-9d6595d7 wp-block-columns-is-layout-flex\">\n<div class=\"wp-block-column is-vertically-aligned-center is-layout-flow wp-block-column-is-layout-flow\">\n<div class=\"wp-block-buttons is-content-justification-center is-layout-flex wp-container-core-buttons-is-layout-16018d1d wp-block-buttons-is-layout-flex\">\n<div class=\"wp-block-button button-large\"><a class=\"wp-block-button__link wp-element-button\" href=\"https:\/\/ibib.waw.pl\/en\/ndsnanoflowers\/\">Systemy lokalnego dostarczania antybiotyk\u00f3w\u00a0do leczenia zaka\u017ce\u0144 szpiku i\u00a0ko\u015bci<\/a><\/div>\n<\/div>\n<\/div>\n\n\n\n<div class=\"wp-block-column is-layout-flow wp-block-column-is-layout-flow\"><\/div>\n<\/div>\n\n\n\n<p><\/p>","protected":false},"excerpt":{"rendered":"<p>Dzia\u0142 Zewn\u0119trznych Projekt\u00f3w Naukowo-Badawczych Kontakt:dzialprojektow@ibib.waw.pl dr hab. in\u017c. Piotr Sawosz\u2028Zast\u0119pca Dyrektora ds. Projekt\u00f3w Zewn\u0119trznych tel.: +48 22 59 25 916\u2028e-mail: psawosz@ibib.waw.pl Mgr&nbsp; Renata Wro\u0144skaG\u0142\u00f3wna&nbsp;Specjalistka ds.&nbsp;finansowych&nbsp;projekt\u00f3w naukowo-badawczych tel.: +48 22 59 25 978\u2028e-mail: rwronska@ibib.waw.pl Wsp\u00f3\u0142praca w ramach Projekt\u00f3w Og\u0142oszenie Otwarty nab\u00f3r Konsorcjanta\/\u00f3w do wsp\u00f3lnego opracowania i realizacji Projektu, w ramach konkursu na niekomercyjne badania kliniczne i [&hellip;]<\/p>\n","protected":false},"author":1,"featured_media":0,"parent":627,"menu_order":0,"comment_status":"closed","ping_status":"closed","template":"page-breadcrumbs.php","meta":{"_acf_changed":false,"_only_polish":false,"footnotes":""},"folder":[29],"class_list":["post-756","page","type-page","status-publish","hentry"],"acf":[],"_links":{"self":[{"href":"https:\/\/ibib.waw.pl\/en\/wp-json\/wp\/v2\/pages\/756","targetHints":{"allow":["GET"]}}],"collection":[{"href":"https:\/\/ibib.waw.pl\/en\/wp-json\/wp\/v2\/pages"}],"about":[{"href":"https:\/\/ibib.waw.pl\/en\/wp-json\/wp\/v2\/types\/page"}],"author":[{"embeddable":true,"href":"https:\/\/ibib.waw.pl\/en\/wp-json\/wp\/v2\/users\/1"}],"replies":[{"embeddable":true,"href":"https:\/\/ibib.waw.pl\/en\/wp-json\/wp\/v2\/comments?post=756"}],"version-history":[{"count":30,"href":"https:\/\/ibib.waw.pl\/en\/wp-json\/wp\/v2\/pages\/756\/revisions"}],"predecessor-version":[{"id":3269,"href":"https:\/\/ibib.waw.pl\/en\/wp-json\/wp\/v2\/pages\/756\/revisions\/3269"}],"up":[{"embeddable":true,"href":"https:\/\/ibib.waw.pl\/en\/wp-json\/wp\/v2\/pages\/627"}],"wp:attachment":[{"href":"https:\/\/ibib.waw.pl\/en\/wp-json\/wp\/v2\/media?parent=756"}],"wp:term":[{"taxonomy":"folder","embeddable":true,"href":"https:\/\/ibib.waw.pl\/en\/wp-json\/wp\/v2\/folder?post=756"}],"curies":[{"name":"wp","href":"https:\/\/api.w.org\/{rel}","templated":true}]}}