{"id":742,"date":"2026-01-26T15:57:28","date_gmt":"2026-01-26T14:57:28","guid":{"rendered":"https:\/\/ibib.waw.pl\/?page_id=742"},"modified":"2026-01-26T16:04:48","modified_gmt":"2026-01-26T15:04:48","slug":"wspolpraca-naukowa","status":"publish","type":"page","link":"https:\/\/ibib.waw.pl\/en\/nauka\/wspolpraca-naukowa\/","title":{"rendered":"Wsp\u00f3\u0142praca naukowa"},"content":{"rendered":"<p>Wsp\u00f3\u0142praca zagraniczna<\/p>\n\n\n\n<figure class=\"wp-block-table table-stripes table-divider-top table-countries\"><table><tbody><tr><td class=\"has-text-align-center\" data-align=\"center\">Chorwacja<\/td><td><strong>Umowa dwustronna o wsp\u00f3\u0142pracy naukowej z Faculty of Electrical Engineering and Computing<\/strong><br>Okres obowi\u0105zywania: wieloletnia, podpisana 14.07.2009<\/td><\/tr><tr><td class=\"has-text-align-center\" data-align=\"center\">Klolumbia<\/td><td><strong>Mi\u0119dzynarodowa umowa o wymianie i wsp\u00f3\u0142pracy naukowej z Pontificia Universidad Javeriana, Bogota<\/strong><br>Okres obowi\u0105zywania: 2019-2024<\/td><\/tr><tr><td class=\"has-text-align-center\" data-align=\"center\">Litwa<\/td><td><strong>Umowa dwustronna o wsp\u00f3\u0142pracy naukowej z Republican Vilnius Psychiatric Hospital<\/strong><br>Okres obowi\u0105zywania: wieloletnia, podpisana 10.01.2019<\/td><\/tr><tr><td class=\"has-text-align-center\" data-align=\"center\">Szwajcaria<\/td><td><strong>Umowa dwustronna\u00a0o wsp\u00f3\u0142pracy naukowej z Opterion Health AG, Switzerland<\/strong><br>Okres obowi\u0105zywania: 2024-2026<\/td><\/tr><tr><td class=\"has-text-align-center\" data-align=\"center\">Szwecja<\/td><td>Umowa dwustronna\u00a0o wsp\u00f3\u0142pracy naukowej z Department for Clinical Science, Intervention and Technology, Karolinska Institutet<br>Okres obowi\u0105zywania: 2025<\/td><\/tr><tr><td class=\"has-text-align-center\" data-align=\"center\">Tajwan<\/td><td><strong>Umowa dwustronna o wsp\u00f3\u0142pracy naukowej z Chung Yuan Chrystian University (CYCU)<\/strong><br>Okres obowi\u0105zywania: wieloletnia podpisana 25.01.2000<br><br><strong>Memorandum of Understanding z Chang Gung University (CGU) Taoyuan,<br>Institute of Electro-Optical Engineering, College of Engineering\u00a0Chang Gung University<\/strong><br>Okres obowi\u0105zywania: 2022- 2027<\/td><\/tr><tr><td class=\"has-text-align-center\" data-align=\"center\">W\u0142ochy<\/td><td><strong>Umowa dwustronna\u00a0o wsp\u00f3\u0142pracy naukowej z Institute on Membrane Technology, National Research Council of Italy, CNR-ITM projekt dwustronny PAN-CNR<\/strong><br>Okres obowi\u0105zywania: 2025-2026<br><strong><br>Umowa dwustronna\u00a0o wsp\u00f3\u0142pracy naukowej z Department of Physiology and Pharmacology, University of Rome, Italy<\/strong><br>Okres obowi\u0105zywania: wieloletnia podpisana 13.09.2012<\/td><\/tr><\/tbody><\/table><\/figure>\n\n\n\n<div style=\"height:30px\" aria-hidden=\"true\" class=\"wp-block-spacer\"><\/div>\n\n\n\n<h2 class=\"wp-block-heading\">Wsp\u00f3\u0142praca nieformalna<\/h2>\n\n\n\n<figure class=\"wp-block-table table-stripes table-divider-top table-countries\"><table><tbody><tr><td class=\"has-text-align-center\" data-align=\"center\">Niemcy<\/td><td><strong>Physikalische-Technische Bundesanstalt<\/strong><\/td><\/tr><tr><td class=\"has-text-align-center\" data-align=\"center\">Hiszpania<\/td><td><strong>Instituto de Salud Carlos III, Hiszpania<\/strong><\/td><\/tr><tr><td class=\"has-text-align-center\" data-align=\"center\">W\u0142ochy<\/td><td><strong>Institute of Cognitive Sciences and Technologies CNR, Rome<\/strong><\/td><\/tr><\/tbody><\/table><\/figure>","protected":false},"excerpt":{"rendered":"<p>Wsp\u00f3\u0142praca zagraniczna Chorwacja Umowa dwustronna o wsp\u00f3\u0142pracy naukowej z Faculty of Electrical Engineering and ComputingOkres obowi\u0105zywania: wieloletnia, podpisana 14.07.2009 Klolumbia Mi\u0119dzynarodowa umowa o wymianie i wsp\u00f3\u0142pracy naukowej z Pontificia Universidad Javeriana, BogotaOkres obowi\u0105zywania: 2019-2024 Litwa Umowa dwustronna o wsp\u00f3\u0142pracy naukowej z Republican Vilnius Psychiatric HospitalOkres obowi\u0105zywania: wieloletnia, podpisana 10.01.2019 Szwajcaria Umowa dwustronna\u00a0o wsp\u00f3\u0142pracy naukowej z [&hellip;]<\/p>\n","protected":false},"author":1,"featured_media":0,"parent":627,"menu_order":0,"comment_status":"closed","ping_status":"closed","template":"page-breadcrumbs.php","meta":{"_acf_changed":false,"_only_polish":false,"footnotes":""},"folder":[29],"class_list":["post-742","page","type-page","status-publish","hentry"],"acf":[],"_links":{"self":[{"href":"https:\/\/ibib.waw.pl\/en\/wp-json\/wp\/v2\/pages\/742","targetHints":{"allow":["GET"]}}],"collection":[{"href":"https:\/\/ibib.waw.pl\/en\/wp-json\/wp\/v2\/pages"}],"about":[{"href":"https:\/\/ibib.waw.pl\/en\/wp-json\/wp\/v2\/types\/page"}],"author":[{"embeddable":true,"href":"https:\/\/ibib.waw.pl\/en\/wp-json\/wp\/v2\/users\/1"}],"replies":[{"embeddable":true,"href":"https:\/\/ibib.waw.pl\/en\/wp-json\/wp\/v2\/comments?post=742"}],"version-history":[{"count":4,"href":"https:\/\/ibib.waw.pl\/en\/wp-json\/wp\/v2\/pages\/742\/revisions"}],"predecessor-version":[{"id":749,"href":"https:\/\/ibib.waw.pl\/en\/wp-json\/wp\/v2\/pages\/742\/revisions\/749"}],"up":[{"embeddable":true,"href":"https:\/\/ibib.waw.pl\/en\/wp-json\/wp\/v2\/pages\/627"}],"wp:attachment":[{"href":"https:\/\/ibib.waw.pl\/en\/wp-json\/wp\/v2\/media?parent=742"}],"wp:term":[{"taxonomy":"folder","embeddable":true,"href":"https:\/\/ibib.waw.pl\/en\/wp-json\/wp\/v2\/folder?post=742"}],"curies":[{"name":"wp","href":"https:\/\/api.w.org\/{rel}","templated":true}]}}