{"id":730,"date":"2026-01-26T15:24:40","date_gmt":"2026-01-26T14:24:40","guid":{"rendered":"https:\/\/ibib.waw.pl\/?page_id=730"},"modified":"2026-01-26T15:32:41","modified_gmt":"2026-01-26T14:32:41","slug":"nagrody","status":"publish","type":"page","link":"https:\/\/ibib.waw.pl\/en\/nauka\/nagrody\/","title":{"rendered":"Awards"},"content":{"rendered":"<figure class=\"wp-block-image size-full\"><img decoding=\"async\" src=\"https:\/\/ibib.waw.pl\/wp-content\/uploads\/2026\/01\/puchar.svg\" alt=\"\" class=\"wp-image-735\"\/><\/figure>\n\n\n\n<h2 class=\"wp-block-heading\">Awards and distinctions for scientific achievements<\/h2>\n\n\n\n<ol class=\"wp-block-list\">\n<li>M. Urbanowicz, PhD, DSc. - Laureate of the 2024 Scientific Award of the Division IV \u2013 Technical Sciences of the Polish Academy of Sciences for a series of works on: novel bioanalytical tools matching bioreceptor size to analyte, based on nucleic acids, and the use of functional materials such as hyperbranched linkers and conductive, hydrophobic polymers for constructing stable and sensitive electrochemical biosensors.<\/li>\n\n\n\n<li>Anna M Stecka, PhD, DSc. \u2013 Recipient of the Gold ESAO PhD Award 2023 from the European Society for Artificial Organs for her PhD dissertation in the field of artificial organs and related areas of tissue engineering and regenerative medicine: Analysis and interpretation of diverse cardiopulmonary responses to therapeutic thoracentesis.<\/li>\n\n\n\n<li>Prof. P. \u0141ady\u017cy\u0144ski \u2013 Elected in 2022 as a member of the International Academy of Medical and Biological Engineering (IAMBE), affiliated with the International Federation for Medical and Biological Engineering, comprising around 200 distinguished scientists worldwide in biomedical engineering.<\/li>\n\n\n\n<li>Agnieszka Wencel, PhD, DSc \u2013 Honorable Mention in the Innovative Scientist category of the 14th \u201cInnovator of Mazovia\u201d competition for her dissertation on the influence of various culture substrates on human liver cells for bioartificial liver applications. Also nominated for the Personality of the Year 2022 \u2013 Science title by the editorial board of Polska Metropolia Warszawska..<\/li>\n\n\n\n<li>IBBE PAS \u2013 Winner of two prestigious awards in 2021 for the innovative dual-lung ventilator Ventil:\n1.\tEconomic Award of the President of Poland in the Research + Development category.\n2.\tPolish Product of the Future Award (category: Higher Education and Science Institutions) by the Polish Agency for Enterprise Development (PARP) for innovation and public health impact during the COVID-19 pandemic.\u00a0<\/li>\n\n\n\n<li>L. Pstra\u015b, PhD, DSc:\nWinner of the Gold PhD Award 2019 from the European Society for Artificial Organs.<\/li>\n\n\n\n<li>L. Pstra\u015b, PhD, DSc: Recipient of the 2019 Board of Directors\u2019 Award of the Biocentrum Ochota Institutes for his PhD dissertation on Mathematical modelling of cardiovascular response to haemodialysis.<\/li>\n\n\n\n<li>IBBE PAS \u2013 Honored with the Polish Innovation Award 2018 in the Innovative Institute category for R&amp;D efforts and synergy between medicine, science, and technology. Awarded project: a mobile app for diabetes patients, developed under a NCBiR grant led by Prof. Piotr \u0141ady\u017cy\u0144ski\u2019s team.<\/li>\n\n\n\n<li>The consortium of which the Institute is a member was awarded the title of Laureate in the 3rd edition of the \u2018Leader of Innovation in Defence and Security \u2013 2018\u2019 competition organised by the PROMILITARIA Foundation, awarded for the project Development of ORTO-LBNP technology for research and training of Polish Armed Forces pilots in conditions of ischaemic hypoxia and orthostatic stress.<\/li>\n\n\n\n<li>J. Motyl, PhD, DSc \u2013\nPrime Minister\u2019s Award 2018 for outstanding researchers and artists for her PhD dissertation on sphingosine-1 kinase and sphingosine-1-phosphate in a Parkinson\u2019s disease model.<\/li>\n\n\n\n<li>J. Poleszczuk PhD, DSc \u2013\nRecipient of the R. Bartoszy\u0144ski Fellowship 2018 awarded by the Mathematical Applications Center of IM PAN.<\/li>\n\n\n\n<li>J. Motyl, PhD, DSc: Also honored by the Board of Directors of Biocentrum Ochota Institutes.\u00a0<\/li>\n\n\n\n<li>J. Jankowska-\u015aliwi\u0144ska \u2013\nRecipient of the 2017 Special Award from Biocentrum Ochota for her PhD thesis on  Electrochemical detection of psychoactive substances based on intercalation into DNA.\u00a0<\/li>\n\n\n\n<li>J. Poleszczuk PhD, DSc  - Laureate of the POLITYKA Science Awards 2017 in Physical Sciences.<\/li>\n\n\n\n<li>Poleszczuk J. Roszkowiak \u0141.: Scientific scholarships from the Minister of Science and Higher Education for outstanding young scientists. 2017<\/li>\n\n\n\n<li>Milej D.: Second Prize in the sixth edition of the \u2018Innovator of Mazovia\u2019 competition in the Innovative Young Scientist category for his work on \u2018Assessment of cerebral blood flow using time-resolved fluorescence measurement during the influx and clearance of an optical contrast agent.\u2019 2014<\/li>\n\n\n\n<li>J. Jankowska-\u015aliwi\u0144ska: Winner of a scholarship for doctoral students at the Ochota Biocentre, carrying out application-oriented research projects funded by OTT BioTech-IP, financed by the European Social Fund under the Human Capital Operational Programme (UDA POKL.08.02.01-14-041\/09).<\/li>\n\n\n\n<li>Nalecz Institute of Biocybernetics and Biomedical Engineering Polish Academy of Sciences was honoured with the Prix Galien 2012 award in the first Polish edition of the prestigious international Prix Galien competition. The Institute was awarded in the category \u2018Innovative Research\u2019 for the development of an artificial respiratory and circulatory patient, carried out by a team led by Prof. Marek Darowski. Official website of the competition organiser: Prix Galien_Gold Medals 2012<\/li>\n\n\n\n<li>Folty\u0144ski P., \u0141ady\u017cy\u0144ski P., W\u00f3jcicki J.M., Migalska-Musia\u0142 K.: Innovation for Health Award 2009 in the Innovative Medical Technologies category, awarded by the Working Group for Innovation in Healthcare for a computerised system for monitoring the treatment of patients with diabetic foot syndrome (TeleDiaFoS).<\/li>\n\n\n\n<li>Appointment of the Nalecz Institute of Biocybernetics and Biomedical Engineering Polish Academy of Sciences as a member of the Technical Committee of the Polish Committee for Standardisation, 2009<\/li>\n\n\n\n<li>Liebert A.: Financial award from Helmholtz-Fonds e.V. for contribution to the creation of a patent for fluorescence signal monitoring, 2008<\/li>\n\n\n\n<li>Wojtkiewicz S.: First prize in the competition for the best master's thesis in the field of biomedical engineering of the Polish Society of Biomedical Engineering, for his research on: \u2018Development of a laser-Doppler system for blood microcirculation research\u2019, 2008<\/li>\n\n\n\n<li>Pijanowska D.G.: Scientific Award of the Faculty of Technical Sciences of the Polish Academy of Sciences, 2007<\/li>\n\n\n\n<li>Stachowska-Pi\u0119tka J.: national scholarship for young scientists in the START Programme of the Foundation for the Advancement of Science, 2007<\/li>\n\n\n\n<li>Goszczy\u0144ska H.: Award in the Competition for the Best Doctoral Dissertation of the Year 2005 of the Board of the Image Processing Society in the field of theory and applications in the field of computer systems for image and scene processing, analysis and interpretation, object recognition, modelling, generation and visualisation of objects and scenes, perception and visual communication.<\/li>\n\n\n\n<li>Or\u0142owski T.: Medal of the Tytus Cha\u0142ubi\u0144ski Medical Academy awarded by the Rector of the Medical Academy in Warsaw for scientific achievements, 2005<\/li>\n\n\n\n<li>Liebert A.: Scientific Award of the Faculty of Technical Sciences of the Polish Academy of Sciences for his research on \u2018Selected methods of medical diagnostics using near-infrared spectroscopy\u2019, 2005<\/li>\n<\/ol>\n\n\n\n<div style=\"height:30px\" aria-hidden=\"true\" class=\"wp-block-spacer\"><\/div>\n\n\n\n<figure class=\"wp-block-image size-full\"><img decoding=\"async\" src=\"https:\/\/ibib.waw.pl\/wp-content\/uploads\/2026\/01\/nauka.svg\" alt=\"\" class=\"wp-image-733\"\/><\/figure>\n\n\n\n<h2 class=\"wp-block-heading\">Honorary Doctorates (Doctor honoris causa)<\/h2>\n\n\n\n<ol class=\"wp-block-list\">\n<li>J.W. Kawiak:\nHonorary Doctor of Medicine, Poznan University of Medical Sciences (Karol Marcinkowski University of Medical Sciences in Pozna\u0144), 2008<\/li>\n\n\n\n<li>A. Wery\u0144ski:\nHonorary Doctor of Medicine, Karolinska Institutet, Stockholm, Sweden, 2007<\/li>\n\n\n\n<li>J.W. Kawiak:\nHonorary Doctor of Medicine, Pomeranian Medical University in Szczecin, 2006<\/li>\n<\/ol>\n\n\n\n<div style=\"height:30px\" aria-hidden=\"true\" class=\"wp-block-spacer\"><\/div>\n\n\n\n<figure class=\"wp-block-image size-full\"><img decoding=\"async\" src=\"https:\/\/ibib.waw.pl\/wp-content\/uploads\/2026\/01\/medal.svg\" alt=\"\" class=\"wp-image-734\"\/><\/figure>\n\n\n\n<h2 class=\"wp-block-heading\">State Decorations and Medals<\/h2>\n\n\n\n<ol class=\"wp-block-list\">\n<li>Marek Darowski, Roman Maniewski:\nOfficer's Cross of the Order of Polonia Restituta, awarded by the President of the Republic of Poland for scientific achievements and educational work, 2018<\/li>\n\n\n\n<li>Ludomira Granicka, Tomasz G\u00f3lczewski:\nGold Cross of Merit, awarded by the President of the Republic of Poland for scientific achievements, 2015<\/li>\n\n\n\n<li>Ma\u0142gorzata D\u0119bowska, Piotr Folty\u0144ski, Marta Kacprzak, Piotr Sawosz, Joanna Stachowska-Pi\u0119tka, Beata Toczy\u0142owska:\nSilver Cross of Merit, awarded by the President of the Republic of Poland for scientific achievements, 2015<\/li>\n\n\n\n<li>Ma\u0142gorzata D\u0119bowska, Piotr Folty\u0144ski, Marta Kacprzak, Piotr Sawosz, Joanna Stachowska-Pi\u0119tka, Beata Toczy\u0142owska:\nSilver Cross of Merit, awarded by the President of the Republic of Poland for scientific achievements, 2015<\/li>\n\n\n\n<li>W\u0142odzimierz Klonowski, Micha\u0142 Kozarski, Adam Liebert, Piotr \u0141ady\u017cy\u0144ski, Leszek Skubiszak, Andrzej Zbie\u0107:\nGold Cross of Merit, awarded by the President of the Republic of Poland for scientific achievements, 2005<\/li>\n\n\n\n<li>Teresa Bem-Sojka, Halina Goszczy\u0144ska, Ludomira Granicka, Adam J\u00f3\u017awik, Anna Korzy\u0144ska, Jan Kruk, Dorota Lewi\u0144ska, Krystyna \u0141ukaszewicz, El\u017cbieta \u0141ukowska, Jolanta Mierzejewska, doc. Jan Ober, Jan Pi\u0142kowski, Maria Przytulska, Stanis\u0142awa Sabali\u0144ska, Dariusz Wojciechowski, El\u017cbieta Zalewska:\nSilver Cross of Merit, awarded by the President of the Republic of Poland for scientific achievements, 2005<\/li>\n\n\n\n<li>Jerzy Glapi\u0144ski:\nBronze Cross of Merit, awarded by the President of the Republic of Poland for scientific achievements, 2005<\/li>\n<\/ol>","protected":false},"excerpt":{"rendered":"<p>Nagrody i wyr\u00f3\u017cnienia za osi\u0105gni\u0119cia naukowe Doktoraty honoris causa Medale i odznaczenia pa\u0144stwowe<\/p>","protected":false},"author":1,"featured_media":0,"parent":627,"menu_order":0,"comment_status":"closed","ping_status":"closed","template":"page-breadcrumbs.php","meta":{"_acf_changed":false,"_only_polish":false,"footnotes":""},"folder":[29],"class_list":["post-730","page","type-page","status-publish","hentry"],"acf":[],"_links":{"self":[{"href":"https:\/\/ibib.waw.pl\/en\/wp-json\/wp\/v2\/pages\/730","targetHints":{"allow":["GET"]}}],"collection":[{"href":"https:\/\/ibib.waw.pl\/en\/wp-json\/wp\/v2\/pages"}],"about":[{"href":"https:\/\/ibib.waw.pl\/en\/wp-json\/wp\/v2\/types\/page"}],"author":[{"embeddable":true,"href":"https:\/\/ibib.waw.pl\/en\/wp-json\/wp\/v2\/users\/1"}],"replies":[{"embeddable":true,"href":"https:\/\/ibib.waw.pl\/en\/wp-json\/wp\/v2\/comments?post=730"}],"version-history":[{"count":5,"href":"https:\/\/ibib.waw.pl\/en\/wp-json\/wp\/v2\/pages\/730\/revisions"}],"predecessor-version":[{"id":740,"href":"https:\/\/ibib.waw.pl\/en\/wp-json\/wp\/v2\/pages\/730\/revisions\/740"}],"up":[{"embeddable":true,"href":"https:\/\/ibib.waw.pl\/en\/wp-json\/wp\/v2\/pages\/627"}],"wp:attachment":[{"href":"https:\/\/ibib.waw.pl\/en\/wp-json\/wp\/v2\/media?parent=730"}],"wp:term":[{"taxonomy":"folder","embeddable":true,"href":"https:\/\/ibib.waw.pl\/en\/wp-json\/wp\/v2\/folder?post=730"}],"curies":[{"name":"wp","href":"https:\/\/api.w.org\/{rel}","templated":true}]}}