{"id":711,"date":"2026-01-26T14:46:08","date_gmt":"2026-01-26T13:46:08","guid":{"rendered":"https:\/\/ibib.waw.pl\/?page_id=711"},"modified":"2026-01-26T15:24:16","modified_gmt":"2026-01-26T14:24:16","slug":"prace-ibib-pan","status":"publish","type":"page","link":"https:\/\/ibib.waw.pl\/en\/nauka\/wydawnictwa\/prace-ibib-pan\/","title":{"rendered":"IBIB Pan publications"},"content":{"rendered":"<section class=\"wp-block-custom-section regular\"><div class=\"container\">\n<p>Monographs of IBBE PAS is a series of books published in the Nalecz Institute of Biocybernetics and Biomedical Engineering PAS covering a broad area of problems related to biocybernetics and biomedical engineering.<\/p>\n\n\n\n<div style=\"height:30px\" aria-hidden=\"true\" class=\"wp-block-spacer\"><\/div>\n\n\n\n<h2 class=\"wp-block-heading\">Editorial Board<\/h2>\n\n\n\n<div class=\"wp-block-columns is-layout-flex wp-container-core-columns-is-layout-9d6595d7 wp-block-columns-is-layout-flex\">\n<div class=\"wp-block-column is-layout-flow wp-block-column-is-layout-flow\" style=\"flex-basis:80px\">\n<figure class=\"wp-block-image size-full\"><img decoding=\"async\" src=\"https:\/\/ibib.waw.pl\/wp-content\/uploads\/2026\/01\/border_color_31dp_1F1F1F_FILL0_wght400_GRAD0_opsz24-1.svg\" alt=\"\" class=\"wp-image-715\"\/><\/figure>\n<\/div>\n\n\n\n<div class=\"wp-block-column is-layout-flow wp-block-column-is-layout-flow\">\n<p><strong>Editor-in-Chief<\/strong> Prof. Piotr \u0141ady\u017cy\u0144ski, PhD, DSc<br><strong>Zast\u0119pca Redaktora Naczelnego ds. Naukowych: <\/strong>Prof. dr hab.&nbsp; Jacek Waniewski<\/p>\n\n\n\n<p>\u2028\u2028Prof. dr hab. in\u017c. Marek Darowski<br>\u2028Prof. dr hab. in\u017c. Juliusz L. Kulikowski<br>\u2028Prof. dr hab. in\u017c. Roman Maniewski\u2028<br>Prof. dr hab. in\u017c. W\u0142adys\u0142aw Torbicz\u2028<br>Prof. dr hab. in\u017c. Roman Zmys\u0142owski\u2028<br>Mgr. Barbara Wolff &#8211; Sekretarz<\/p>\n<\/div>\n<\/div>\n<\/div><\/section>\n\n\n\n<section class=\"wp-block-custom-section regular no-padding\"><div class=\"container\">\n<h2 class=\"wp-block-heading\">Recently published Monographs of IBBE PAS<\/h2>\n\n\n\n<ol class=\"wp-block-list\">\n<li>Pluta K.: Modyfikowane genetycznie kom\u00f3rki jako biologicznie aktywny blok funkcyjny sztucznej w\u0105troby &#8211; zastosowanie wektor\u00f3w lentiwirusowych. Prace Instytutu Biocybernetyki i In\u017cynierii Biomedycznej No. 79, Warszawa 2019, pp. 122.<\/li>\n\n\n\n<li>Olejarczyk E.: Wybrane zagadnienia analizy sygna\u0142\u00f3w elektroencefalograficznych. Prace Instytutu Biocybernetyki i In\u017cynierii Biomedycznej No. 78, Warszawa 2018, pp. 209. numer wycofany<\/li>\n\n\n\n<li>Lewi\u0144ska D.: Elektrostatyczna mikroenkapsulacja do zastosowa\u0144 medycznych. Prace Instytutu Biocybernetyki i In\u017cynierii Biomedycznej No. 77, Warszawa 2013, pp. 202.<\/li>\n\n\n\n<li>St\u0119pie\u0144 R.A.: Analiza sygna\u0142\u00f3w biomedycznych wybranymi metodami dynamiki symbolicznej, Prace Instytutu Biocybernetyki i In\u017cynierii Biomedycznej No. 75, Warszawa 2012, pp. 144.<\/li>\n\n\n\n<li>G\u00f3lczewski T.: Virtual respiratory system in research and education. Principles and applications, Prace Instytutu Biocybernetyki i In\u017cynierii Biomedycznej No. 74, Warszawa 2010.<\/li>\n\n\n\n<li>Kozak J.: Nawigacja w chirurgii wspomaganej komputerowo. Por\u00f3wnanie nawigacji stosuj\u0105cej obrazy ultrasonograficzne z innymi technikami nawigacji medycznej, Prace Instytutu Biocybernetyki i In\u017cynierii Biomedycznej No. 73, Warszawa 2009, pp. 176.<\/li>\n\n\n\n<li>Tabor Z.: Quantifying quality of trabecular bone from low-resolution images, Prace Instytutu Biocybernetyki i In\u017cynierii Biomedycznej No. 72, Warszawa 2009, pp. 158.<\/li>\n\n\n\n<li>Gacek A.: Przetwarzanie sygna\u0142\u00f3w elektrokardiograficznych z zastosowaniem metod inteligencji obliczeniowej, Prace Instytutu Biocybernetyki i In\u017cynierii Biomedycznej No. 71, Warszawa 2008, pp. 186.<\/li>\n\n\n\n<li>\u0141ady\u017cy\u0144ski P.: Efektywne metody i systemy monitorowania stanu pacjenta w leczeniu wybranych chor\u00f3b przewlek\u0142ych, Prace Instytutu Biocybernetyki i In\u017cynierii Biomedycznej No. 70, Warszawa 2008, pp. 262.<\/li>\n\n\n\n<li>Pola\u0144ska J.: Modele matematyczne zale\u017cno\u015bci chor\u00f3b o z\u0142o\u017conym typie dziedziczenia od genetycznych i \u015brodowiskowych czynnik\u00f3w ryzyka, Prace Instytutu Biocybernetyki i In\u017cynierii Biomedycznej No. 69, Warszawa 2007, pp. 214.<\/li>\n\n\n\n<li>Kotulska M.: Elektro-nanopores in the lipid membrane and their application in medicine, Prace Instytutu Biocybernetyki i In\u017cynierii Biomedycznej No. 68, Warszawa 2007, pp. 162.<\/li>\n\n\n\n<li>Granicka L.: Bioenkapsulacja dla cel\u00f3w biomedycznych, Prace Instytutu Biocybernetyki i In\u017cynierii Biomedycznej No. 67, Warszawa 2006, pp. 150.<\/li>\n\n\n\n<li>Fory\u015b U.: Matematyczne modelowanie proces\u00f3w nowotworowych z uwzgl\u0119dnieniem r\u00f3\u017cnych stadi\u00f3w rozwoju nowotworu, Prace Instytutu Biocybernetyki i In\u017cynierii Biomedycznej, No. 66, Warszawa 2006, pp. 216.<\/li>\n\n\n\n<li>Pijanowska D. G.: Wybrane problemy miniaturowych uk\u0142ad\u00f3w do analiz biochemicznych, Prace Instytutu Biocybernetyki i In\u017cynierii Biomedycznej, No. 65, Warszawa 2006, pp.134.<\/li>\n\n\n\n<li>J\u00f3\u017awik A.: Minimalno-odleg\u0142o\u015bciowe i inne metody konstrukcji klasyfikator\u00f3w odcinkowo-liniowych, Prace Instytutu Biocybernetyki i In\u017cynierii Biomedycznej No. 64, Warszawa 2005, pp. 252.<\/li>\n\n\n\n<li>Zalewska E.: Analiza i modelowanie nietypowych potencja\u0142\u00f3w jednostki ruchowej oraz ich znaczenie w diagnostyce chor\u00f3b nerwowo-mi\u0119\u015bniowych. Prace Instytutu Biocybernetyki i In\u017cynierii Biomedycznej, No. 63, Warszawa 2005, pp. 160.<\/li>\n\n\n\n<li>K\u0119pski R.: Metody eliminacji zak\u0142\u00f3ce\u0144 w badaniach elektrycznej aktywacji serca z wykorzystaniem filtracji adaptacyjnej, Prace Instytutu Biocybernetyki i In\u017cynierii Biomedycznej, No. 62, Warszawa 2005, pp. 202.<\/li>\n\n\n\n<li>Liebert A.: Wybrane metody diagnostyki medycznej z wykorzystaniem spektroskopii w bliskiej podczerwieni, Prace Instytutu Biocybernetyki i In\u017cynierii Biomedycznej No. 61, Warszawa 2004, pp. 278.<\/li>\n\n\n\n<li>Bem-Sojka T.: Generation of patterned activity in neural networks, Prace Instytutu Biocybernetyki i In\u017cynierii Biomedycznej, No. 60, Warszawa 2004, pp. 150.<\/li>\n\n\n\n<li>Meller J.: Advances In protein structure prediction. Algorithms and application, Prace Instytutu Biocybernetyki i In\u017cynierii Biomedycznej, No. 59, Warszawa 2004, pp. 134.<\/li>\n\n\n\n<li>Skubiszak L.: New insight into the structural aspect of muscle contraction, Prace Instytutu Biocybernetyki i In\u017cynierii Biomedycznej No. 58, Warszawa 2004, pp. 252.<\/li>\n\n\n\n<li>Korzy\u0144ska A.: Komputerowa ocena ruchu i kszta\u0142tu granulocyt\u00f3w oboj\u0119tnoch\u0142onnych, Prace Instytutu Biocybernetyki i In\u017cynierii Biomedycznej, No. 57, Warszawa 2001, pp. 194.<\/li>\n\n\n\n<li>Granicka L.: Badanie funkcjonowania op\u0142aszczonych w membranach kapilarnych linii kom\u00f3rkowych, jako \u017ar\u00f3d\u0142a biologicznie czynnych substancji, Prace Instytutu Biocybernetyki i In\u017cynierii Biomedycznej, No. 56, Warszawa 2002, pp. 84.<\/li>\n<\/ol>\n\n\n\n<div style=\"height:15px\" aria-hidden=\"true\" class=\"wp-block-spacer\"><\/div>\n\n\n\n<h4 class=\"wp-block-heading\">Publishing Unit of the Nalecz Institute of Biocybernetics and Biomedical Engineering PAS carries on editing and publishing of:<\/h4>\n\n\n\n<ul class=\"wp-block-list\">\n<li>habilitation dissertations (usually in Monographs of IBBE PAS series),<\/li>\n\n\n\n<li>selected doctoral dissertations of the IBBE PAS employees,<\/li>\n\n\n\n<li>other monographs and scientific books.<\/li>\n<\/ul>\n\n\n\n<h2 class=\"wp-block-heading\">Other monographs recently published in IBBE PAS<\/h2>\n\n\n\n<ol class=\"wp-block-list\">\n<li>Liebert A.: Metody optyczne w przezczaszkowych badaniach utlenowania i ukrwienia m\u00f3zgu. Warszawa, 2013, pp. 186<\/li>\n\n\n\n<li>Zalewska E.: Interakcjonizm wybranych sygna\u0142\u00f3w aktywno\u015bci serca i m\u00f3zgu. Warszawa, 2013, pp. 72<\/li>\n\n\n\n<li>J\u00f3\u017awik A.: Nieparametryczne metody klasyfikacji nadzorowanej, Warszawa, 2013, pp. 106<\/li>\n\n\n\n<li>A. ChwojnowskiA.: P\u00f3\u0142przepuszczalne membrany polisulfonowe. Sposoby otrzymywania i modyfikacje Warszawa, 2011, pp. 125<\/li>\n\n\n\n<li>Janecki J.: Analiza rozk\u0142ad\u00f3w wynik\u00f3w bada\u0144 laboratoryjnych. Wyznaczanie Gaussowskich Zakres\u00f3w Referencyjnych, Instytut Biocybernetyki i In\u017cynierii Biomedycznej, Warszawa 2004, pp. 210.<\/li>\n\n\n\n<li>De Lazzari C., Darowski M.: Cardiopulmonary mechanical interaction \u2013 modelling and simulation, Instytut Biocybernetyki i In\u017cynierii Biomedycznej, Warszawa 2002, pp. 132.<\/li>\n\n\n\n<li>Pluta K.: Modyfikowane genetycznie kom\u00f3rki jako biologicznie aktywny blok funkcyjny sztucznej w\u0105troby &#8211; zastosowanie wektor\u00f3w lentiwirusowych. Prace Instytutu Biocybernetyki i In\u017cynierii Biomedycznej No. 79, Warszawa 2019, pp. 122; wersja uzupe\u0142niona 2021, ISBN 978-83-937303-309, wydanie elektroniczne.<\/li>\n<\/ol>\n<\/div><\/section>\n\n\n\n<div style=\"height:50px\" aria-hidden=\"true\" class=\"wp-block-spacer\"><\/div>","protected":false},"excerpt":{"rendered":"","protected":false},"author":1,"featured_media":0,"parent":629,"menu_order":0,"comment_status":"closed","ping_status":"closed","template":"page-subpage.php","meta":{"_acf_changed":false,"_only_polish":false,"footnotes":""},"folder":[29],"class_list":["post-711","page","type-page","status-publish","hentry"],"acf":[],"_links":{"self":[{"href":"https:\/\/ibib.waw.pl\/en\/wp-json\/wp\/v2\/pages\/711","targetHints":{"allow":["GET"]}}],"collection":[{"href":"https:\/\/ibib.waw.pl\/en\/wp-json\/wp\/v2\/pages"}],"about":[{"href":"https:\/\/ibib.waw.pl\/en\/wp-json\/wp\/v2\/types\/page"}],"author":[{"embeddable":true,"href":"https:\/\/ibib.waw.pl\/en\/wp-json\/wp\/v2\/users\/1"}],"replies":[{"embeddable":true,"href":"https:\/\/ibib.waw.pl\/en\/wp-json\/wp\/v2\/comments?post=711"}],"version-history":[{"count":14,"href":"https:\/\/ibib.waw.pl\/en\/wp-json\/wp\/v2\/pages\/711\/revisions"}],"predecessor-version":[{"id":729,"href":"https:\/\/ibib.waw.pl\/en\/wp-json\/wp\/v2\/pages\/711\/revisions\/729"}],"up":[{"embeddable":true,"href":"https:\/\/ibib.waw.pl\/en\/wp-json\/wp\/v2\/pages\/629"}],"wp:attachment":[{"href":"https:\/\/ibib.waw.pl\/en\/wp-json\/wp\/v2\/media?parent=711"}],"wp:term":[{"taxonomy":"folder","embeddable":true,"href":"https:\/\/ibib.waw.pl\/en\/wp-json\/wp\/v2\/folder?post=711"}],"curies":[{"name":"wp","href":"https:\/\/api.w.org\/{rel}","templated":true}]}}