{"id":653,"date":"2026-01-26T13:39:40","date_gmt":"2026-01-26T12:39:40","guid":{"rendered":"https:\/\/ibib.waw.pl\/?page_id=653"},"modified":"2026-01-26T14:31:39","modified_gmt":"2026-01-26T13:31:39","slug":"biocybernetics-and-biomedical-enginering-bbe-2","status":"publish","type":"page","link":"https:\/\/ibib.waw.pl\/en\/nauka\/wydawnictwa\/biocybernetics-and-biomedical-enginering-bbe-2\/","title":{"rendered":"Biocybernetics and Biomedical Enginering (BBE)"},"content":{"rendered":"<section class=\"wp-block-custom-section regular\"><div class=\"container\">\n<h2 class=\"wp-block-heading\">Journal Biocybernetics and Biomedical Engineering<\/h2>\n\n\n\n<div style=\"height:30px\" aria-hidden=\"true\" class=\"wp-block-spacer\"><\/div>\n\n\n\n<div class=\"wp-block-columns is-layout-flex wp-container-core-columns-is-layout-9d6595d7 wp-block-columns-is-layout-flex\">\n<div class=\"wp-block-column is-layout-flow wp-block-column-is-layout-flow\" style=\"flex-basis:30%\">\n<figure class=\"wp-block-image size-full\"><img loading=\"lazy\" decoding=\"async\" width=\"428\" height=\"572\" src=\"https:\/\/ibib.waw.pl\/wp-content\/uploads\/2026\/01\/Biocybernetics-and-Biomedical-Enginering-BBE.png\" alt=\"\" class=\"wp-image-634\"\/><\/figure>\n<\/div>\n\n\n\n<div class=\"wp-block-column is-vertically-aligned-center is-layout-flow wp-block-column-is-layout-flow\">\n<p><strong>Editor-in-Chief<\/strong><br>Prof. Dr.-Ing. Adam Stefan Liebert<br>Deputy Editors-in-Chief:<br>Prof. Piotr \u0141ady\u017cy\u0144skI, PhD, DSc<br>Prof. Dr. Ing. W\u0142adys\u0142aw Torbicz<br>&nbsp;<br>Impact Factor 2024: 6.6 MNiSW points: 140<\/p>\n<\/div>\n<\/div>\n\n\n\n<h2 class=\"wp-block-heading\">General information<\/h2>\n\n\n\n<p>Biocybernetics and Biomedical Engineering\" (BBE) is the official journal of the Na\u0142\u0119cz Institute of Biocybernetics and Biomedical Engineering of the Polish Academy of Sciences. The journal was founded in 1981. One volume, composed of four issues, is published annually. The following types of contributions connected with biocybernetics and biomedical engineering can be accepted for publication: original research works, reviews (if ordered by BBE), short communications and letters. A special attention is focused on the following fields: biosystems, biomeasurements, artificial organs, biomaterials, biomechanics, medical information systems, neuronal nets etc. Any researcher can have a paper published in the journal. The only criterion for the acceptance of the submitted paper is its scientific value confirmed by the reviewers. The electronic version of BBE is published by Elsevier and the paper version is printed in the Nalecz Institute of Biocybernetics and Biomedical Engineering PAS.<br><br>Biocybernetics and Biomedical Engineering\" is indexed and abstracted in the following Thomson Reuters products: Science Citation Index Expanded (SciSearch\u00ae), Journal Citation Reports\/Science Edition and in Elsevier Bibliographic Databases: SCOPUS and EMBASE.<br><br>Journal website at:&nbsp;<a href=\"https:\/\/www.sciencedirect.com\/journal\/biocybernetics-and-biomedical-engineering\" target=\"_blank\" rel=\"noreferrer noopener nofollow\">https:\/\/www.sciencedirect.com\/journal\/biocybernetics-and-biomedical-engineering<\/a><\/p>\n<\/div><\/section>\n\n\n\n<section class=\"wp-block-custom-section light-grey\"><div class=\"container\">\n<h2 class=\"wp-block-heading\">Adres redakcji czasopisma:<\/h2>\n\n\n\n<div style=\"height:15px\" aria-hidden=\"true\" class=\"wp-block-spacer\"><\/div>\n\n\n\n<div class=\"wp-block-columns is-layout-flex wp-container-core-columns-is-layout-9d6595d7 wp-block-columns-is-layout-flex\">\n<div class=\"wp-block-column is-layout-flow wp-block-column-is-layout-flow\" style=\"flex-basis:80px\">\n<figure class=\"wp-block-image size-full\"><img decoding=\"async\" src=\"https:\/\/ibib.waw.pl\/wp-content\/uploads\/2026\/01\/id-card.svg\" alt=\"\" class=\"wp-image-323\"\/><\/figure>\n<\/div>\n\n\n\n<div class=\"wp-block-column is-layout-flow wp-block-column-is-layout-flow\" style=\"flex-basis:66.66%\">\n<p class=\"wp-container-content-9cfa9a5a\"><strong>Redakcja czasopisma &#8222;Biocybernetics and Biomedical Engineering&#8221;\u2028Instytut Biocybernetyki i In\u017cynierii Biomedycznej im. Macieja Na\u0142\u0119cza PAN<\/strong><br>Prince Trojden Street 4<br>02-109 Warszawa\u2028Tel: (22)592-59-70\u2028E-mail:&nbsp;<a href=\"mailto:bbe@ibib.waw.pl\">bbe@ibib.waw.pl<\/a><\/p>\n<\/div>\n<\/div>\n<\/div><\/section>\n\n\n\n<section class=\"wp-block-custom-section regular\"><div class=\"container\">\n<h2 class=\"wp-block-heading\">Prenumerata i ceny<\/h2>\n\n\n\n<p>Od roku 2021 Instytut zaprzestaje oferowania drukowanej wersji kwartalnika \u201eBiocybernetics and Biomedical Engineering\u201d w prenumeracie.<br><br>Wersja elektroniczna czasopisma&nbsp; udost\u0119pniana jest przez Elsevier na platformie \u201eScience Direct\u201d, strona internetowa:&nbsp;<a href=\"https:\/\/www.journals.elsevier.com\/biocybernetics-and-biomedical-engineering\/\" target=\"_blank\" rel=\"noreferrer noopener nofollow\">https:\/\/www.journals.elsevier.com\/biocybernetics-and-biomedical-engineering\/<\/a><br>Instytut nie ma mo\u017cliwo\u015bci jej udost\u0119pniania.<br>&nbsp;<br>Spos\u00f3b zamawiania archiwalnych zeszyt\u00f3w i wolumin\u00f3w kwartalnika<br>Aby zam\u00f3wi\u0107 wydane wcze\u015bniej woluminy, zeszyty lub artyku\u0142y, nale\u017cy porozumie\u0107 si\u0119 z Sekretarzem Komitetu Redakcyjnego (patrz adres redakcji) w celu potwierdzenia ich dost\u0119pno\u015bci. Pe\u0142ne teksty artyku\u0142\u00f3w wyda\u0144 z lat 2004 &#8211; 2010 dost\u0119pne s\u0105 w wersji elektronicznej w sekcji &#8222;Zawarto\u015b\u0107&#8221; bez op\u0142at. Wersje elektroniczne wyda\u0144 pocz\u0105wszy od 2011 r. dost\u0119pne s\u0105 w serwisie internetowym wydawcy:&nbsp;<a href=\"http:\/\/www.elsevier.com\/journals\/biocybernetics-and-biomedical-engineering\/0208-5216\" target=\"_blank\" rel=\"noreferrer noopener nofollow\">http:\/\/www.elsevier.com\/journals\/biocybernetics-and-biomedical-engineering\/0208-5216<\/a><\/p>\n<\/div><\/section>\n\n\n\n<section class=\"wp-block-custom-section light-grey\"><div class=\"container\">\n<h2 class=\"wp-block-heading\">Informacje dla autor\u00f3w<\/h2>\n\n\n\n<p>Kwartalnik &#8222;Biocybernetics and Biomedical Engineering&#8221; wydawany jest w j\u0119zyku angielskim. W zwi\u0105zku z tym informacje dla autor\u00f3w dotycz\u0105ce procedur zwi\u0105zanych z przygotowaniem i ocen\u0105 manuskrypt\u00f3w dost\u0119pne s\u0105 tylko w j\u0119zyku angielskim.<\/p>\n\n\n\n<h4 class=\"wp-block-heading\" style=\"text-transform:uppercase\">Manuscripts<\/h4>\n\n\n\n<ul class=\"wp-block-list\">\n<li>Manuscripts must be in English and should not exceed 25 pages, including diagrams, figures, tables, etc. They should be typewritten double spaced with wide margins. The titles and subtitles should be concise.<\/li>\n\n\n\n<li>Manuscripts should be submitted using the electronic submission system, which is accessible through the web page of the journal in the publisher&#8217;s web service, under the following link: <a href=\"http:\/\/www.elsevier.com\/journals\/biocybernetics-and-biomedical-engineering\/0208-5216\" target=\"_blank\" rel=\"noreferrer noopener nofollow\">http:\/\/www.elsevier.com\/journals\/biocybernetics-and-biomedical-engineering\/0208-5216<\/a><\/li>\n<\/ul>\n<\/div><\/section>\n\n\n\n<section class=\"wp-block-custom-section regular\"><div class=\"container\">\n<h2 class=\"wp-block-heading\">Kwartalnik BBE &#8211; Tomy<\/h2>\n\n\n\n<div class=\"wp-block-group publishing-links\"><div class=\"wp-block-group__inner-container is-layout-constrained wp-block-group-is-layout-constrained\">\n<div class=\"wp-block-buttons is-layout-flex wp-block-buttons-is-layout-flex\">\n<div class=\"wp-block-button\"><a class=\"wp-block-button__link wp-element-button\" href=\"https:\/\/ibib.waw.pl\/en\/nauka\/wydawnictwa\/biocybernetics-and-biomedical-enginering-bbe-2\/2013-vol-33\/\">2013 (vol. 33)<\/a><\/div>\n\n\n\n<div class=\"wp-block-button\"><a class=\"wp-block-button__link wp-element-button\">2012 (vol. 32)<\/a><\/div>\n\n\n\n<div class=\"wp-block-button\"><a class=\"wp-block-button__link wp-element-button\">2011 (vol. 31)<\/a><\/div>\n\n\n\n<div class=\"wp-block-button\"><a class=\"wp-block-button__link wp-element-button\">2010 (vol. 30)<\/a><\/div>\n\n\n\n<div class=\"wp-block-button\"><a class=\"wp-block-button__link wp-element-button\">2009 (vol. 29)<\/a><\/div>\n\n\n\n<div class=\"wp-block-button\"><a class=\"wp-block-button__link wp-element-button\">2008 (vol. 28)<\/a><\/div>\n\n\n\n<div class=\"wp-block-button\"><a class=\"wp-block-button__link wp-element-button\">2007 (vol. 27)<\/a><\/div>\n\n\n\n<div class=\"wp-block-button\"><a class=\"wp-block-button__link wp-element-button\">2006 (vol. 26)<\/a><\/div>\n\n\n\n<div class=\"wp-block-button\"><a class=\"wp-block-button__link wp-element-button\">2005 (vol. 25)<\/a><\/div>\n\n\n\n<div class=\"wp-block-button\"><a class=\"wp-block-button__link wp-element-button\">2004 (vol. 24)<\/a><\/div>\n\n\n\n<div class=\"wp-block-button\"><a class=\"wp-block-button__link wp-element-button\">2003 (vol. 23)<\/a><\/div>\n\n\n\n<div class=\"wp-block-button\"><a class=\"wp-block-button__link wp-element-button\">2002 (vol. 22)<\/a><\/div>\n\n\n\n<div class=\"wp-block-button\"><a class=\"wp-block-button__link wp-element-button\">2001 (vol. 21)<\/a><\/div>\n\n\n\n<div class=\"wp-block-button\"><a class=\"wp-block-button__link wp-element-button\">2000 (vol. 20)<\/a><\/div>\n<\/div>\n<\/div><\/div>\n<\/div><\/section>\n\n\n\n<p><\/p>","protected":false},"excerpt":{"rendered":"","protected":false},"author":1,"featured_media":0,"parent":629,"menu_order":0,"comment_status":"closed","ping_status":"closed","template":"page-subpage.php","meta":{"_acf_changed":false,"_only_polish":false,"footnotes":""},"folder":[29],"class_list":["post-653","page","type-page","status-publish","hentry"],"acf":[],"_links":{"self":[{"href":"https:\/\/ibib.waw.pl\/en\/wp-json\/wp\/v2\/pages\/653","targetHints":{"allow":["GET"]}}],"collection":[{"href":"https:\/\/ibib.waw.pl\/en\/wp-json\/wp\/v2\/pages"}],"about":[{"href":"https:\/\/ibib.waw.pl\/en\/wp-json\/wp\/v2\/types\/page"}],"author":[{"embeddable":true,"href":"https:\/\/ibib.waw.pl\/en\/wp-json\/wp\/v2\/users\/1"}],"replies":[{"embeddable":true,"href":"https:\/\/ibib.waw.pl\/en\/wp-json\/wp\/v2\/comments?post=653"}],"version-history":[{"count":18,"href":"https:\/\/ibib.waw.pl\/en\/wp-json\/wp\/v2\/pages\/653\/revisions"}],"predecessor-version":[{"id":686,"href":"https:\/\/ibib.waw.pl\/en\/wp-json\/wp\/v2\/pages\/653\/revisions\/686"}],"up":[{"embeddable":true,"href":"https:\/\/ibib.waw.pl\/en\/wp-json\/wp\/v2\/pages\/629"}],"wp:attachment":[{"href":"https:\/\/ibib.waw.pl\/en\/wp-json\/wp\/v2\/media?parent=653"}],"wp:term":[{"taxonomy":"folder","embeddable":true,"href":"https:\/\/ibib.waw.pl\/en\/wp-json\/wp\/v2\/folder?post=653"}],"curies":[{"name":"wp","href":"https:\/\/api.w.org\/{rel}","templated":true}]}}