{"id":58,"date":"2026-01-07T14:09:39","date_gmt":"2026-01-07T13:09:39","guid":{"rendered":"https:\/\/ibib.waw.pl\/?page_id=58"},"modified":"2026-04-23T14:54:44","modified_gmt":"2026-04-23T12:54:44","slug":"dyrektorzy-i-rada-naukowa","status":"publish","type":"page","link":"https:\/\/ibib.waw.pl\/en\/mcb\/dyrektorzy-i-rada-naukowa\/","title":{"rendered":"Directors and Scientific Council"},"content":{"rendered":"<div class=\"wp-block-columns is-layout-flex wp-container-core-columns-is-layout-9d6595d7 wp-block-columns-is-layout-flex\">\n<div class=\"wp-block-column is-layout-flow wp-block-column-is-layout-flow\">\n<h2 class=\"wp-block-heading\">Director of IBBE PAS<\/h2>\n\n\n\n<h4 class=\"wp-block-heading\">Prof. Piotr \u0141ady\u017cy\u0144skI, PhD, DSc<\/h4>\n\n\n\n<p>tel. (+48 22) 5925942<\/p>\n<\/div>\n\n\n\n<div class=\"wp-block-column is-layout-flow wp-block-column-is-layout-flow\">\n<h2 class=\"wp-block-heading\"><strong>CHAIRMAN of SCIENTIFIC COUNCIL<\/strong><\/h2>\n\n\n\n<h4 class=\"wp-block-heading\">Prof. Jos Vander Sloten<\/h4>\n\n\n\n<p>Chairman of the Leuven Medical Technology Center, Belgium\nPast President of the European Alliance for\nMedical Biological Engineering and Sciences (EAMBES),\nPast President of the European Society\nof Engineering and Medicine (ESEM)\nHead of Division of Biomechanics and Engineering Design\nKatholike Universiteit Leuven<\/p>\n<\/div>\n<\/div>\n\n\n\n<p>The Scientific Council of the ICB is appointed by the Parties. The members of the Scientific Council are distinguished specialists in the field of biocybernetics or biomedical engineering delegated by the Parties. Other persons up to a maximum of 50% of those directly appointed may be invited \"ad personam\" to become members on the proposal of the Scientific Council. Members would serve for a period of three years, unless specifically reappointed or reinvited for another term.<\/p>\n\n\n\n<h2 class=\"wp-block-heading\">SCIENTIFIC COUNCIL<\/h2>\n\n\n\n<h3 class=\"wp-block-heading\">Chairman<br>Prof. J.Van der Sloten - Belgium<\/h3>\n\n\n\n<p><br><\/p>\n\n\n\n<div class=\"wp-block-columns is-layout-flex wp-container-core-columns-is-layout-9d6595d7 wp-block-columns-is-layout-flex\">\n<div class=\"wp-block-column is-layout-flow wp-block-column-is-layout-flow\">\n<p><strong>MEMBERS:<\/strong><br>Prof. J.Vander Sloten - Belgium<br>Prof. R. Raikova - Bulgaria<br>Prof. M.Long - China<br>Prof. R.Magjarevic - Croatia<br>Assoc. Prof. V.Tuulik - Estonia<br>Prof. O.Meste - France<br>Prof. I.Khomeriki - Georgia<br>Dr. M.G.Trivella - Italy<br>Prof. J.Waniewski - Poland<br>Dr. C.Enachescu - Romania<br>Prof. V.Martynyuk - Ukraine<br>Prof. Dai Duy Ban - Vietnam<\/p>\n<\/div>\n\n\n\n<div class=\"wp-block-column is-layout-flow wp-block-column-is-layout-flow\">\n<p><strong>Members \"ad personam\":<\/strong><br>Prof. D.Klonoff - USA<br>Prof. T.Tamura - Japan<br>Dr. G.Ferrari - Italy<br>Prof. B. Lindholm - Sweden<br>Prof. H. Podbielska - Poland<br>Prof. Shankar Krishnan<br>&nbsp;<br><strong>Honorary Secretary:&nbsp;<\/strong>Dr. Eng. Krzysztof Pa\u0142ko<\/p>\n<\/div>\n<\/div>\n\n\n\n<h2 class=\"wp-block-heading\">MEMBERS of the SCIENTIFIC COUNCIL (listed by country)<\/h2>\n\n\n\n<h4 class=\"wp-block-heading\">BELGIUM<\/h4>\n\n\n\n<p><strong>Prof. Jos Vander Sloten<\/strong><br>Chairman of the Leuven Medical Technology Center, Belgium\nPast President of the European Alliance for\nMedical Biological Engineering and Sciences (EAMBES),\nPast President of the European Society\nof Engineering and Medicine (ESEM)\nHead of Division of Biomechanics and Engineering Design\nKatholike Universiteit Leuven<\/p>\n\n\n\n<h4 class=\"wp-block-heading\">BULGARIA<\/h4>\n\n\n\n<p><strong>vacancy<\/strong><br>Centre of Biomedical Engineering<br>Bulgarian Academy of Sciences<\/p>\n\n\n\n<h4 class=\"wp-block-heading\">CHINA<\/h4>\n\n\n\n<p><strong>Prof. Mian Long<\/strong><br>National Microgravity Laboratory\nand Center for Biomechanics and Bioengineering,\nInstitute of Mechanics,\nChinese Academy of Science<\/p>\n\n\n\n<h4 class=\"wp-block-heading\">CROATIA<\/h4>\n\n\n\n<p><strong>Prof. Ratko Magjarevic<\/strong><br>President of the International Federation\nof the Medical and Biological Engineering (IFMBE)\nUniversity of Zagreb\nFaculty of Electrical Engineering and Computing<\/p>\n\n\n\n<h4 class=\"wp-block-heading\">ESTONIA<\/h4>\n\n\n\n<p><strong>Assoc. Prof. Viiu Tuulik<\/strong><br>Technical University Biomedical Engineering Centre<\/p>\n\n\n\n<h4 class=\"wp-block-heading\">FRANCE<\/h4>\n\n\n\n<p><strong>Prof. Olivier Meste<\/strong><br>Universit\u00e9 Nice Sophia Antipolis<\/p>\n\n\n\n<h4 class=\"wp-block-heading\">GEORGIA<\/h4>\n\n\n\n<p><strong>Prof. Irina Khomeriki<\/strong><br>International Science and Technology Center Georgian Branch Office<\/p>\n\n\n\n<h4 class=\"wp-block-heading\">ITALY<\/h4>\n\n\n\n<p><strong>Dr. Maria Giovanna Trivella<\/strong><br>CNR Institute of Clinical Physiology<\/p>\n\n\n\n<p><strong>Dr. Gianfranco Ferrar<\/strong>i<br>CNR Institute of Clinical Physiology<\/p>\n\n\n\n<h4 class=\"wp-block-heading\">JAPAN<\/h4>\n\n\n\n<p><strong>vacancy<\/strong><br>Waseda University Future Robotics Organization<\/p>\n\n\n\n<h4 class=\"wp-block-heading\">POLAND<\/h4>\n\n\n\n<p><strong>Prof. Piotr \u0141ady\u017cy\u0144ski<\/strong><br>Director of the Institute of Biocybernetic and Biomedical Engineering<br>Polish Academy of Sciences<\/p>\n\n\n\n<p><strong>Prof. Jacek Waniewski<\/strong><br>Institute of Biocybernetic and Biomedical Engineering<br>Polish Academy of Sciences<\/p>\n\n\n\n<p><strong>Prof. Halina Podbielska<\/strong><br>Department of Biomedical Engineering,<br>Faculty of Fundamental Problems of Technology, Wroc\u0142aw University of Science and Technology<\/p>\n\n\n\n<h4 class=\"wp-block-heading\">ROMANIA<\/h4>\n\n\n\n<p><strong>vacancy<\/strong><br>Institute of Mathematical Statistics and Applied Mathematics<br>Academia of Romania<\/p>\n\n\n\n<h4 class=\"wp-block-heading\">SEWDEN<\/h4>\n\n\n\n<p><strong>Prof. Bengt Lindholm<\/strong><br>Karolinska University<\/p>\n\n\n\n<h4 class=\"wp-block-heading\">UKRAINE<\/h4>\n\n\n\n<p><strong>Prof. Victor Martyniuk<\/strong><br>University of Kiev<br>Department of Biophysics<\/p>\n\n\n\n<h4 class=\"wp-block-heading\">USA<\/h4>\n\n\n\n<p><strong>Prof. David Klonoff<\/strong><br>Clinical professor of medicine at UC San Francisco<br>Director of the Mills-Peninsula Diabetes Research Institute<br>Founder and editor of the monthly 'Journal of Diabetes Science &amp; Technology'<\/p>\n\n\n\n<p><strong>Prof. Shankar Krishnan<\/strong><br>Past President of the International Federation for Medical and Biological Engineering (IFMBE)<\/p>\n\n\n\n<h4 class=\"wp-block-heading\">VIETNAM<\/h4>\n\n\n\n<p><strong>vacancy<\/strong><\/p>\n\n\n\n<p><\/p>\n\n\n\n<p><\/p>","protected":false},"excerpt":{"rendered":"<p>Dyrektor Prof. dr hab. in\u017c. Piotr \u0141ady\u017cy\u0144ski \u2028tel. (+48 22) 5925942 Przewodnicz\u0105cy RADY NAUKOWEJ MCB Prof. Jos Vander Sloten Chairman of the Leuven Medical Technology Center, Belgium\u2028Past President of the European Alliance for Medical Biological Engineering and Sciences (EAMBES),\u2028Past President of the European Society of Engineering and Medicine (ESEM)\u2028Head of Division of Biomechanics and Engineering [&hellip;]<\/p>\n","protected":false},"author":1,"featured_media":0,"parent":63,"menu_order":0,"comment_status":"closed","ping_status":"closed","template":"","meta":{"_acf_changed":false,"_only_polish":false,"footnotes":""},"folder":[26],"class_list":["post-58","page","type-page","status-publish","hentry"],"acf":[],"_links":{"self":[{"href":"https:\/\/ibib.waw.pl\/en\/wp-json\/wp\/v2\/pages\/58","targetHints":{"allow":["GET"]}}],"collection":[{"href":"https:\/\/ibib.waw.pl\/en\/wp-json\/wp\/v2\/pages"}],"about":[{"href":"https:\/\/ibib.waw.pl\/en\/wp-json\/wp\/v2\/types\/page"}],"author":[{"embeddable":true,"href":"https:\/\/ibib.waw.pl\/en\/wp-json\/wp\/v2\/users\/1"}],"replies":[{"embeddable":true,"href":"https:\/\/ibib.waw.pl\/en\/wp-json\/wp\/v2\/comments?post=58"}],"version-history":[{"count":24,"href":"https:\/\/ibib.waw.pl\/en\/wp-json\/wp\/v2\/pages\/58\/revisions"}],"predecessor-version":[{"id":3400,"href":"https:\/\/ibib.waw.pl\/en\/wp-json\/wp\/v2\/pages\/58\/revisions\/3400"}],"up":[{"embeddable":true,"href":"https:\/\/ibib.waw.pl\/en\/wp-json\/wp\/v2\/pages\/63"}],"wp:attachment":[{"href":"https:\/\/ibib.waw.pl\/en\/wp-json\/wp\/v2\/media?parent=58"}],"wp:term":[{"taxonomy":"folder","embeddable":true,"href":"https:\/\/ibib.waw.pl\/en\/wp-json\/wp\/v2\/folder?post=58"}],"curies":[{"name":"wp","href":"https:\/\/api.w.org\/{rel}","templated":true}]}}