{"id":567,"date":"2026-01-23T14:33:52","date_gmt":"2026-01-23T13:33:52","guid":{"rendered":"https:\/\/ibib.waw.pl\/?page_id=567"},"modified":"2026-04-08T13:26:08","modified_gmt":"2026-04-08T11:26:08","slug":"dyrekcja-i-kolegium","status":"publish","type":"page","link":"https:\/\/ibib.waw.pl\/en\/instytut\/dyrekcja-i-kolegium\/","title":{"rendered":"Directors &amp; Board"},"content":{"rendered":"<h2 class=\"wp-block-heading\">Directors<\/h2>\n\n\n\n<hr class=\"wp-block-separator has-alpha-channel-opacity separator\"\/>\n\n\n\n<figure class=\"wp-block-table table-stripes\"><table class=\"has-fixed-layout\"><tbody><tr><td><strong>Director:<\/strong><br>Prof. Piotr \u0141ady\u017cy\u0144ski, PhD. DSc.<\/td><td><strong>Contact:<\/strong><br>tel. +4822 5925941 tel. +4822 5925942<\/td><\/tr><tr><td><strong>Deputy Director for Research:<\/strong><br>Prof. Dorota Pijanowska, PhD, DSc<\/td><td><strong>Contact:<\/strong><br>tel. +4822 5925900 ext. 414<\/td><\/tr><tr><td><strong>Deputy Director for External Projects:<\/strong><br>Assoc. Prof. Piotr Sawosz, PhD. DSc.<\/td><td><strong>Contact:<\/strong><br>tel. +4822 5925900 ext. 116<\/td><\/tr><tr><td><strong>Deputy Director for general affairs:<\/strong><br>Rafa\u0142 Skorupski, M.Sc.<\/td><td><strong>Contact:<\/strong><br>tel. +4822 5925987<\/td><\/tr><tr><td><strong>Chief Accountant:<\/strong><br>Marcin Wo\u017aniak, MA<\/td><td><strong>Contact:<\/strong><br>tel. +4822 5925904<\/td><\/tr><\/tbody><\/table><\/figure>\n\n\n\n<div style=\"height:30px\" aria-hidden=\"true\" class=\"wp-block-spacer\"><\/div>\n\n\n\n<h2 class=\"wp-block-heading\">Board<\/h2>\n\n\n\n<p>The Board consists of the IBBE Board of Directors, Director of the ICB and Heads of Departments<\/p>\n\n\n\n<hr class=\"wp-block-separator has-alpha-channel-opacity separator\"\/>\n\n\n\n<div style=\"height:15px\" aria-hidden=\"true\" class=\"wp-block-spacer\"><\/div>\n\n\n\n<div class=\"wp-block-columns is-layout-flex wp-container-core-columns-is-layout-9d6595d7 wp-block-columns-is-layout-flex\">\n<div class=\"wp-block-column is-layout-flow wp-block-column-is-layout-flow\">\n<p>Assoc. Prof. Tomasz G\u00f3lczewski, PhD, DSc<br>Prof. Ludomira Granicka, PhD, DSc<br>Assoc. Prof. Anna Korzy\u0144ska, PhD. DSc.<br>Prof. Adam Liebert, PhD, DSc<br>Prof. Piotr \u0141ady\u017cy\u0144skI, PhD, DSc<\/p>\n<\/div>\n\n\n\n<div class=\"wp-block-column is-layout-flow wp-block-column-is-layout-flow\">\n<p>Prof. Dorota Pijanowska, PhD, DSc<br>Assoc. Prof. Piotr Sawosz, PhD, DSc<br>Rafa\u0142 Skorupski, M.Sc.<br>Marcin Wo\u017aniak, MA<\/p>\n<\/div>\n<\/div>\n\n\n\n<p><\/p>","protected":false},"excerpt":{"rendered":"<p>Dyrekcja Dyrektor:Prof. dr hab. Piotr \u0141ady\u017cy\u0144ski Kontakt:tel. +4822 5925941\u2028tel. +4822 5925942 Zast\u0119pca Dyrektora ds. naukowych:Prof. dr hab. in\u017c. Dorota Pijanowska Kontakt:tel. +4822 5925900 wew. 414 Zast\u0119pca Dyrektora ds. projekt\u00f3w zewn\u0119trznych:Dr hab. in\u017c. Piotr Sawosz Kontakt:tel. +4822 5925900 wew. 116 Zast\u0119pca Dyrektora ds. og\u00f3lnychMgr in\u017c. Rafa\u0142 Skorupski Kontakt:tel. +4822 5925987 G\u0142\u00f3wny Ksi\u0119gowy:Mgr Marcin Wo\u017aniak Kontakt:tel. +4822 [&hellip;]<\/p>\n","protected":false},"author":1,"featured_media":0,"parent":372,"menu_order":0,"comment_status":"closed","ping_status":"closed","template":"","meta":{"_acf_changed":false,"_only_polish":false,"footnotes":""},"folder":[27],"class_list":["post-567","page","type-page","status-publish","hentry"],"acf":[],"_links":{"self":[{"href":"https:\/\/ibib.waw.pl\/en\/wp-json\/wp\/v2\/pages\/567","targetHints":{"allow":["GET"]}}],"collection":[{"href":"https:\/\/ibib.waw.pl\/en\/wp-json\/wp\/v2\/pages"}],"about":[{"href":"https:\/\/ibib.waw.pl\/en\/wp-json\/wp\/v2\/types\/page"}],"author":[{"embeddable":true,"href":"https:\/\/ibib.waw.pl\/en\/wp-json\/wp\/v2\/users\/1"}],"replies":[{"embeddable":true,"href":"https:\/\/ibib.waw.pl\/en\/wp-json\/wp\/v2\/comments?post=567"}],"version-history":[{"count":15,"href":"https:\/\/ibib.waw.pl\/en\/wp-json\/wp\/v2\/pages\/567\/revisions"}],"predecessor-version":[{"id":3242,"href":"https:\/\/ibib.waw.pl\/en\/wp-json\/wp\/v2\/pages\/567\/revisions\/3242"}],"up":[{"embeddable":true,"href":"https:\/\/ibib.waw.pl\/en\/wp-json\/wp\/v2\/pages\/372"}],"wp:attachment":[{"href":"https:\/\/ibib.waw.pl\/en\/wp-json\/wp\/v2\/media?parent=567"}],"wp:term":[{"taxonomy":"folder","embeddable":true,"href":"https:\/\/ibib.waw.pl\/en\/wp-json\/wp\/v2\/folder?post=567"}],"curies":[{"name":"wp","href":"https:\/\/api.w.org\/{rel}","templated":true}]}}