{"id":518,"date":"2026-01-22T20:09:32","date_gmt":"2026-01-22T19:09:32","guid":{"rendered":"https:\/\/ibib.waw.pl\/?page_id=518"},"modified":"2026-02-27T11:52:10","modified_gmt":"2026-02-27T10:52:10","slug":"bip","status":"publish","type":"page","link":"https:\/\/ibib.waw.pl\/en\/bip\/","title":{"rendered":"BIP"},"content":{"rendered":"\n<section class=\"wp-block-custom-section regular no-padding\"><div class=\"container\">\n<h2 class=\"wp-block-heading\">Informacje og\u00f3lne<\/h2>\n\n\n\n<div class=\"wp-block-columns is-layout-flex wp-container-core-columns-is-layout-9d6595d7 wp-block-columns-is-layout-flex\">\n<div class=\"wp-block-column is-layout-flow wp-block-column-is-layout-flow\">\n<figure class=\"wp-block-image size-full is-resized\"><img loading=\"lazy\" decoding=\"async\" width=\"123\" height=\"144\" src=\"https:\/\/ibib.waw.pl\/wp-content\/uploads\/2026\/01\/bip-logo.png\" alt=\"\" class=\"wp-image-522\" style=\"width:100px\"\/><\/figure>\n<\/div>\n\n\n\n<div class=\"wp-block-column is-layout-flow wp-block-column-is-layout-flow\" style=\"flex-basis:90%\">\n<p>Instytut Biocybernetyki i In\u017cynierii Biomedycznej im. Macieja Na\u0142\u0119cza Polskiej Akademii Nauk&nbsp;zosta\u0142 za\u0142o\u017cony w 1975 roku i jest najwi\u0119kszym centrum in\u017cynierii biomedycznej w Polsce. Instytut ma d\u0142ugoletni\u0105 histori\u0119 w szkoleniu i nagradzaniu m\u0142odych ekspert\u00f3w in\u017cynierii biomedycznej. Jest jedn\u0105 z dw\u00f3ch instytucji naukowych uprawnionych do nadawania stopnia doktora i stopnia doktora habilitowanego w tej dyscyplinie. Od 2009 roku w Instytucie prowadzone s\u0105 Studia Doktoranckie. IBIB PAN jest krajowym koordynatorem Sieci In\u017cynierii Biomedycznej w Polsce (BIOMEN), by\u0142 koordynatorem i wsp\u00f3\u0142realizatorem krajowego projektu Foresight dotycz\u0105cego opracowania &#8222;Scenariuszy Rozwoju Technologii Medycznych w Polsce do 2020 r.&#8221;. Wed\u0142ug oceny Ministerstwa Nauki i Szkolnictwa Wy\u017cszego Instytut jest instytucj\u0105 pierwszej kategorii, umiejscowion\u0105 na 4 pozycji spo\u015br\u00f3d 53 instytucji z grupy jednostek badawczych w dziedzinie &#8222;Elektrotechnika, automatyka, elektronika oraz technologie informacyjne&#8221;.<br>W 2008 r. IBIB PAN wszed\u0142 do nowo ustanowionego konsorcjum BIOCENTRUM Ochota, w sk\u0142ad kt\u00f3rego wchodz\u0105 r\u00f3wnie\u017c: Instytut Biologii Do\u015bwiadczalnej im. Nenckiego PAN, Instytut Biochemii i Biofizyki PAN, Instytut Medycyny Do\u015bwiadczalnej i Klinicznej im. Mossakowskiego PAN, Instytut Podstawowych Problem\u00f3w Techniki PAN oraz Mi\u0119dzynarodowy Instytut Biologii Molekularnej i Kom\u00f3rkowej.<\/p>\n<\/div>\n<\/div>\n\n\n\n<p>W chwili obecnej Instytut zatrudnia&nbsp;140 pracownik\u00f3w&nbsp;w\u0142\u0105czaj\u0105c&nbsp;12 profesor\u00f3w zwyczajnych i 11 profesor\u00f3w nadzwyczajnych.<\/p>\n\n\n\n<p><strong>Od 2017 r. roku struktura Instytutu sk\u0142ada si\u0119 z 4 zak\u0142ad\u00f3w oraz samodzielnej Pracowni \u015arodowiskowej:<\/strong><\/p>\n\n\n\n<ul class=\"wp-block-list\">\n<li><strong>ZAK\u0141AD I<\/strong> &#8211; Mikrobiosystem\u00f3w Hybrydowych i Analitycznych<\/li>\n\n\n\n<li><strong>ZAK\u0141AD II<\/strong> &#8211; Biomateria\u0142\u00f3w i System\u00f3w Biotechnologicznych<\/li>\n\n\n\n<li><strong>ZAK\u0141AD III <\/strong>&#8211; Metod Obrazowania M\u00f3zgu i Bada\u0144 Czynno\u015bciowych Uk\u0142adu Nerwowego<\/li>\n\n\n\n<li><strong>ZAK\u0141AD IV <\/strong>&#8211; Modelowania i Wspomagania Funkcji Narz\u0105d\u00f3w Wewn\u0119trznych<\/li>\n<\/ul>\n\n\n\n<p>Zakres bada\u0144 Instytutu w dziedzinie biocybernetyki i in\u017cynierii biomedycznej odpowiada najnowszym kierunkom bada\u0144 w nauce \u015bwiatowej, a badania te maj\u0105 charakter interdyscyplinarny.<\/p>\n<\/div><\/section>\n\n\n\n<section class=\"wp-block-custom-section light-grey\"><div class=\"container\">\n<h2 class=\"wp-block-heading\">Obszary badawcze<\/h2>\n\n\n\n<p>Instytut Biocybernetyki i In\u017cynierii Biomedycznej im. Macieja Na\u0142\u0119cza Polskiej Akademii Nauk (IBIB PAN) koncentruje swoje prace badawcze na dw\u00f3ch g\u0142\u00f3wnych obszarach. Poni\u017cej wymieniono najwa\u017cniejsze zagadnienia badawcze w obr\u0119bie tych obszar\u00f3w:<\/p>\n\n\n\n<div class=\"wp-block-columns is-layout-flex wp-container-core-columns-is-layout-9d6595d7 wp-block-columns-is-layout-flex\">\n<div class=\"wp-block-column is-layout-flow wp-block-column-is-layout-flow\">\n<ol class=\"wp-block-list\">\n<li><strong>Biopomiary i komputerowe przetwarzanie danych dla poprawy diagnostyki medycznej\u2028<\/strong><br><strong>1.1. Biopomiary dla poprawy jako\u015bci diagnostyki medyczne\u2028Bioczujniki i mikrosystemy do analizy wielko\u015bci <\/strong>biochemicznych (urz\u0105dzenia typu lab-on-a-chip). Mapy elektrokardiograficzne wysokiej rozdzielczo\u015bci. Pomiary laserowo-dopplerowskie do monitorowania i obrazowania mikroperfuzji tkanek. Czasowo-rozdzielcza spektroskopia w bliskiej podczerwieni do monitorowania i obrazowania utlenowania tkanek. Suche testy chemiczne i biochemiczne. Badania czynno\u015bci okoruchowejNieinwazyjne pomiary parametr\u00f3w uk\u0142adu oddechowego.<br><strong>\u20281.2. Komputerowe przetwarzanie danych dla poprawy jako\u015bci diagnostyki medycznej \u2028Komputerowe wspomaganie przetwarzania obraz\u00f3w w obrazowaniu medycznym.<\/strong> <br>Analiza sygna\u0142\u00f3w i obraz\u00f3w z wykorzystaniem teorii chaosu i geometrii fraktalnej. Wizualizacja i analiza tr\u00f3jwymiarowa struktur biologicznych w kom\u00f3rce i na poziomie populacji kom\u00f3rek oraz wizualizacja i analiza ruchliwo\u015bci kom\u00f3rek. Wczesne rozpoznawanie kom\u00f3rek raka p\u0119cherza moczowego. Przetwarzanie i analiza biomedycznych baz danych. Analizy EEG i EMG.<\/li>\n<\/ol>\n<\/div>\n\n\n\n<div class=\"wp-block-column is-layout-flow wp-block-column-is-layout-flow\">\n<ol start=\"2\" class=\"wp-block-list\">\n<li><strong>Wspomaganie i zast\u0119powanie utraconych funkcji organizmu\u2028<\/strong><br><strong>2.1. <\/strong>T<strong>echniczne wspomaganie i zast\u0119powanie utraconych funkcji organizmu <\/strong>\u2028<br>Biokompatybilne, p\u0142askie p\u00f3\u0142przepuszczalne membrany dla zastosowa\u0144 biomedycznych. Hodowla kom\u00f3rek i in\u017cynieria tkankowa zorientowane na odbudow\u0119 w\u0105troby i r\u00f3\u017cnicowania kom\u00f3rek macierzystych. Hybrydowe biosystemy wspomagania i kontroli produkcji substancji regulacyjnych, w tym o dzia\u0142aniu przeciwnowotworowym i insuliny. Techniki membranowe do pozaustrojowego oczyszczania krwi. Ksenotransplantacja wysp trzustkowych. Technologie informatyczne i telekomunikacyjne wspomagaj\u0105ce monitorowanie i leczenie wybranych chor\u00f3b przewlek\u0142ych (zw\u0142aszcza cukrzycy). Techniczne wspomaganie leczenia zaburze\u0144 czynno\u015bci i funkcji uk\u0142adu oddechowego. Badanie uszkodze\u0144 i transplantacja rdzenia kr\u0119gowego. Badanie funkcji kontrolnej motoneuronu w normie i patologii. Elektroterapia w zaburzeniach rytmu serca i hemodynamiki.<br><strong>\u20282.2. Modele matematyczne i symulacje komputerowe funkcjonowania narz\u0105d\u00f3w<\/strong><br>\u2028Teoria transportu membranowego. Transport p\u0142yn\u00f3w i substancji rozpuszczanych w dializie otrzewnowej i hemodializie. Modelowanie komputerowe i hybrydowe wspomaganie uk\u0142adu kr\u0105\u017cenia i uk\u0142adu oddechowego. Modelowe uk\u0142adu oddechowego cz\u0142owieka i sztucznej wentylacji p\u0142uc. Modelowanie struktury mi\u0119\u015bni i mechanizmu generowania si\u0142 w kom\u00f3rkach. Model &#8222;wirtualnego pacjenta&#8221; do symulacji terapii nerko-zast\u0119pczych.<\/li>\n<\/ol>\n<\/div>\n<\/div>\n<\/div><\/section>\n\n\n\n<section class=\"wp-block-custom-section regular\"><div class=\"container\">\n<h2 class=\"wp-block-heading\">Dokumenty &#8211; Akty Prawne<\/h2>\n\n\n\n<p>Instytut Biocybernetyki i In\u017cynierii Biomedycznej jest plac\u00f3wk\u0105 naukow\u0105 Polskiej Akademii Nauk.<\/p>\n\n\n\n<div class=\"wp-block-columns is-layout-flex wp-container-core-columns-is-layout-9d6595d7 wp-block-columns-is-layout-flex\">\n<div class=\"wp-block-column is-layout-flow wp-block-column-is-layout-flow\">\n<h5 class=\"wp-block-heading\"><strong>Podstaw\u0105 dzia\u0142ania Instytutu s\u0105 nast\u0119puj\u0105ce podstawy prawne:<\/strong><\/h5>\n\n\n\n<ol class=\"wp-block-list\">\n<li>Uchwa\u0142a 18\/75 Prezydium Polskiej Akademii Nauk z dnia 15 lipca 1975 w sprawie utworzenia Instytutu Biocybernetyki i In\u017cynierii Biomedycznej PAN.<\/li>\n\n\n\n<li><a href=\"https:\/\/ibib.waw.pl\/wp-content\/uploads\/2026\/01\/STATUT_PAN_24112010.pdf\" target=\"_blank\" rel=\"noreferrer noopener\">Statut Polskiej Akademii Nauk&nbsp;<\/a>uchwalony przez Zgromadzenie Og\u00f3lne Polskiej Akademii Nauk w dniu 24 listopada 2010 r .<\/li>\n\n\n\n<li><a href=\"https:\/\/ibib.waw.pl\/wp-content\/uploads\/2026\/01\/2010_2016_0430_ustawa_o_PAN.pdf\">Ustawa o Polskiej Akademii Nauk&nbsp;<\/a>z dnia 30 kwietnia 2010 r<\/li>\n\n\n\n<li><a href=\"https:\/\/ibib.waw.pl\/wp-content\/uploads\/2026\/01\/ustawa_o_PAN_ujednolicona.pdf\">Ustawa o zmianie ustawy o Polskiej Akademii Nau<\/a>k&nbsp;z dnia 16. pa\u017adziernika 2019 r.<\/li>\n\n\n\n<li><a href=\"https:\/\/ibib.waw.pl\/wp-content\/uploads\/2026\/01\/Ustawa_o_Finansowaniu_nauki_2016.pdf\">Ustawa o Finansowaniu Nauki<\/a><\/li>\n\n\n\n<li><a href=\"https:\/\/ibib.waw.pl\/wp-content\/uploads\/2026\/01\/IBIB_Statut_2011.pdf\">Statut Instytutu Biocybernetyki i In\u017cynierii Biomedycznej im. Macieja Na\u0142\u0119cza Polskiej Akademii Nauk&nbsp;wraz z p\u00f3\u017aniejszymi&nbsp;zmianami<\/a><\/li>\n\n\n\n<li><a href=\"https:\/\/ibib.waw.pl\/instytut\/struktura-instytutu\/\">Struktura Instytutu<\/a><\/li>\n\n\n\n<li><a href=\"https:\/\/ibib.waw.pl\/wp-content\/uploads\/2026\/01\/Zarzadzenie_nr_102017_w_sprawie_Regulaminu_Organizacyjnego.pdf\">Zarz\u0105dzenie nr 102017 w sprawie Regulaminu Organizacyjnego<\/a><\/li>\n\n\n\n<li><a href=\"https:\/\/ibib.waw.pl\/wp-content\/uploads\/2026\/01\/Zarzadzenie_nr_102017_w_sprawie_Regulaminu_Organizacyjnego.pdf\">Zarz\u0105dzenie nr 2\/2022<\/a>&nbsp;Dyrektora IBIB PAN w sprawie zmiany Regulaminu Organizacyjnego Instytutu<\/li>\n<\/ol>\n<\/div>\n\n\n\n<div class=\"wp-block-column is-layout-flow wp-block-column-is-layout-flow\">\n<h3 class=\"wp-block-heading\">Pozosta\u0142e Akty Prawne:<\/h3>\n\n\n\n<ol class=\"wp-block-list\">\n<li><a href=\"https:\/\/ibib.waw.pl\/wp-content\/uploads\/2026\/01\/IBIB_Regulamin_oceny_pracownikow_naukowych_z_24_maja_2011.pdf\">Regulamin oceny pracownik\u00f3w naukowych zatrudnionych w IBIB PAN dokonywanej przez RNI<\/a><\/li>\n\n\n\n<li><a href=\"https:\/\/ibib.waw.pl\/wp-content\/uploads\/2026\/01\/Regulamin_zarzadzania_prawami_autorskimi_2017.pdf\">Regulamin korzystania z wynik\u00f3w pracy intelektualne<\/a>j<\/li>\n\n\n\n<li><a href=\"https:\/\/ibib.waw.pl\/wp-content\/uploads\/2026\/01\/IBIB_Zarz_26_2015_zespol_projektowy.pdf\">Zarz\u0105dzenie nr 26\/2015 w sprawie powo\u0142ania Dzia\u0142u ds. Zewn\u0119trznych Projekt\u00f3w Naukowo-Badawczych<\/a> [&#8230;]<\/li>\n\n\n\n<li><a href=\"https:\/\/ibib.waw.pl\/wp-content\/uploads\/2026\/01\/FORMULARZ_DANYCH_JEDNOSTKI.docx\">Formularz danych jednostki<\/a><\/li>\n\n\n\n<li><a href=\"https:\/\/ibib.waw.pl\/wp-content\/uploads\/2026\/01\/Regulamin_Pracy_2016_r.pdf\">Regulamin pracy 2016<\/a><\/li>\n\n\n\n<li><a href=\"https:\/\/ibib.waw.pl\/wp-content\/uploads\/2026\/01\/Regulamin_zamowien_publicznych.pdf\">Regulamin Zam\u00f3wie\u0144 publicznych<\/a><\/li>\n\n\n\n<li><a href=\"https:\/\/ibib.waw.pl\/wp-content\/uploads\/2026\/01\/Decyzja_Minister_Spraw_Wewnetrznych_i_Administracji.pdf\">Decyzja Ministra Spraw Wewn\u0119trznych i Administracji w sprawie zatrudniania cudzoziemc\u00f3w<\/a><\/li>\n<\/ol>\n\n\n\n<p><a href=\"https:\/\/ibib.waw.pl\/wp-content\/uploads\/2026\/01\/Logo_IBIB.pdf\">Logo IBIB<\/a><\/p>\n<\/div>\n<\/div>\n<\/div><\/section>\n\n\n\n<section class=\"wp-block-custom-section light-grey\"><div class=\"container\">\n<h2 class=\"wp-block-heading\">POIS \u2013 poinformuj o potencjalnych nadu\u017cyciach<\/h2>\n\n\n\n<p>Mechanizm sygnalizowania o potencjalnych nieprawid\u0142owo\u015bciach i nadu\u017cyciach finansowych przy realizacji projektu nr POIS.01.03.01-00-0032\/17-00<\/p>\n\n\n\n<p>\u201eZwi\u0119kszenie efektywno\u015bci energetycznej budynk\u00f3w nale\u017c\u0105cych do Instytutu Biocybernetyki i In\u017cynierii Biomedycznej im. Macieja Na\u0142\u0119cza Polskiej Akademii Nauk\u201d<\/p>\n\n\n\n<p>W zwi\u0105zku z podpisaniem umowy o dofinansowanie projektu \u201eZwi\u0119kszenie efektywno\u015bci energetycznej budynk\u00f3w nale\u017c\u0105cych do Instytutu Biocybernetyki i In\u017cynierii Biomedycznej im. Macieja Na\u0142\u0119cza Polskiej Akademii Nauk\u201d&nbsp; (Umowa o dofinansowanie &nbsp;Nr&nbsp; POIS.01.03.01-00-0032\/17-00&nbsp;&nbsp; z dnia 4.07.2019) w ramach Programu Operacyjnego Infrastruktura i \u015arodowisko 2014-2020, o\u015b priorytetowa I \u201eZmniejszenie emisyjno\u015bci gospodarki\u201d, poddzia\u0142anie 1.3.1 i wynikaj\u0105cym z niej obowi\u0105zkiem upublicznia informacji o funkcjonowaniu mechanizmu sygnalizowania o potencjalnych nieprawid\u0142owo\u015bciach i nadu\u017cyciach finansowych przy realizacji projektu (par 4 pkt 18 i 19), Dyrekcja Instytutu Biocybernetyki i In\u017cynierii Biomedycznej im. Macieja Na\u0142\u0119cza Polskiej Akademii Nauk w Warszawie informuje, \u017ce o wy\u017cej wskazanych nieprawid\u0142owo\u015bciach i nadu\u017cyciach mo\u017cna powiadamia\u0107 poprzez:<\/p>\n\n\n\n<ol class=\"wp-block-list\">\n<li>Adres e- mail:&nbsp;<a href=\"mailto:naduzycia.POIS@mr.gov.pl\">naduzycia.POIS@mr.gov.pl<\/a><\/li>\n\n\n\n<li>Formularz elektroniczny:<a href=\"https:\/\/nieprawidlowosci.mfipr.gov.pl\/bazy\/konsultacje-spoleczne\/eaplikacja-konsultacje.nsf\/document.xsp?unid=9B0502CE55377495C1257C0D0026120B&amp;titleMenu=Dokument&amp;uniddoc=78D0863AE117E52DC1257DF5004669FC\" target=\"_blank\" rel=\"noreferrer noopener\">(&nbsp;link do strony&nbsp;)<\/a><\/li>\n<\/ol>\n<\/div><\/section>\n\n\n\n<section class=\"wp-block-custom-section regular\"><div class=\"container\">\n<h2 class=\"wp-block-heading\">Sprawozdania finansowe<\/h2>\n\n\n\n<div class=\"wp-block-buttons is-layout-flex wp-block-buttons-is-layout-flex\">\n<div class=\"wp-block-button\"><a class=\"wp-block-button__link wp-element-button\" href=\"https:\/\/ibib.waw.pl\/bip\/sprawozdania-finansowe\/\">Zobacz sprawozdania<\/a><\/div>\n<\/div>\n\n\n\n<div style=\"height:30px\" aria-hidden=\"true\" class=\"wp-block-spacer\"><\/div>\n\n\n\n<h2 class=\"wp-block-heading\">Informacje dodatkowe<\/h2>\n\n\n\n<div class=\"wp-block-group is-layout-grid wp-container-core-group-is-layout-6be84c55 wp-block-group-is-layout-grid\">\n<div class=\"wp-block-group border-blue\"><div class=\"wp-block-group__inner-container is-layout-constrained wp-block-group-is-layout-constrained\">\n<p class=\"has-text-align-center\"><a href=\"https:\/\/ibib.waw.pl\/kontakt\/\">Dane kontaktowe<\/a><\/p>\n<\/div><\/div>\n\n\n\n<div class=\"wp-block-group border-blue\"><div class=\"wp-block-group__inner-container is-layout-constrained wp-block-group-is-layout-constrained\">\n<p class=\"has-text-align-center\"><a href=\"https:\/\/ibib.waw.pl\/nauka\/projekty\/\">Wsp\u00f3\u0142praca w ramach Projekt\u00f3w<\/a><\/p>\n<\/div><\/div>\n\n\n\n<div class=\"wp-block-group border-blue\"><div class=\"wp-block-group__inner-container is-layout-constrained wp-block-group-is-layout-constrained\">\n<p class=\"has-text-align-center\"><a href=\"https:\/\/ibib.waw.pl\/kariera-i-edukacja\/praca\/\">Praca i sta\u017ce<\/a><\/p>\n<\/div><\/div>\n\n\n\n<div class=\"wp-block-group border-blue\"><div class=\"wp-block-group__inner-container is-layout-constrained wp-block-group-is-layout-constrained\">\n<p class=\"has-text-align-center\"><a href=\"https:\/\/ibib.waw.pl\/oferta-i-uslugi\/zamowienia-publiczne\/\">Zam\u00f3wienia publiczne<\/a><\/p>\n<\/div><\/div>\n\n\n\n<div class=\"wp-block-group border-blue\"><div class=\"wp-block-group__inner-container is-layout-constrained wp-block-group-is-layout-constrained\">\n<p class=\"has-text-align-center\"><a href=\"https:\/\/ibib.waw.pl\/kariera-i-edukacja\/szkoly-doktorskie\/\">Szko\u0142y doktorskie<\/a><\/p>\n<\/div><\/div>\n\n\n\n<div class=\"wp-block-group border-blue\"><div class=\"wp-block-group__inner-container is-layout-constrained wp-block-group-is-layout-constrained\">\n<p class=\"has-text-align-center\"><a href=\"https:\/\/ibib.waw.pl\/kariera-i-edukacja\/stopnie-naukowe\/\">Stopnie naukowe<\/a><\/p>\n<\/div><\/div>\n<\/div>\n<\/div><\/section>\n\n\n\n<p><\/p>\n","protected":false},"excerpt":{"rendered":"","protected":false},"author":1,"featured_media":0,"parent":0,"menu_order":0,"comment_status":"closed","ping_status":"closed","template":"page-subpage-nobread.php","meta":{"_acf_changed":false,"_only_polish":true,"footnotes":""},"folder":[27],"class_list":["post-518","page","type-page","status-publish","hentry"],"acf":[],"_links":{"self":[{"href":"https:\/\/ibib.waw.pl\/en\/wp-json\/wp\/v2\/pages\/518","targetHints":{"allow":["GET"]}}],"collection":[{"href":"https:\/\/ibib.waw.pl\/en\/wp-json\/wp\/v2\/pages"}],"about":[{"href":"https:\/\/ibib.waw.pl\/en\/wp-json\/wp\/v2\/types\/page"}],"author":[{"embeddable":true,"href":"https:\/\/ibib.waw.pl\/en\/wp-json\/wp\/v2\/users\/1"}],"replies":[{"embeddable":true,"href":"https:\/\/ibib.waw.pl\/en\/wp-json\/wp\/v2\/comments?post=518"}],"version-history":[{"count":24,"href":"https:\/\/ibib.waw.pl\/en\/wp-json\/wp\/v2\/pages\/518\/revisions"}],"predecessor-version":[{"id":2762,"href":"https:\/\/ibib.waw.pl\/en\/wp-json\/wp\/v2\/pages\/518\/revisions\/2762"}],"wp:attachment":[{"href":"https:\/\/ibib.waw.pl\/en\/wp-json\/wp\/v2\/media?parent=518"}],"wp:term":[{"taxonomy":"folder","embeddable":true,"href":"https:\/\/ibib.waw.pl\/en\/wp-json\/wp\/v2\/folder?post=518"}],"curies":[{"name":"wp","href":"https:\/\/api.w.org\/{rel}","templated":true}]}}