{"id":485,"date":"2026-01-22T17:16:09","date_gmt":"2026-01-22T16:16:09","guid":{"rendered":"https:\/\/ibib.waw.pl\/?page_id=485"},"modified":"2026-03-15T11:27:55","modified_gmt":"2026-03-15T10:27:55","slug":"euraxess","status":"publish","type":"page","link":"https:\/\/ibib.waw.pl\/en\/kariera-i-edukacja\/euraxess\/","title":{"rendered":"EURAXESS"},"content":{"rendered":"\n<section class=\"wp-block-custom-section regular\"><div class=\"container\">\n<div class=\"wp-block-columns is-layout-flex wp-container-core-columns-is-layout-9d6595d7 wp-block-columns-is-layout-flex\">\n<div class=\"wp-block-column is-vertically-aligned-bottom is-layout-flow wp-block-column-is-layout-flow\" style=\"flex-basis:60%\">\n<p>EURAXESS&nbsp;wspiera mobilno\u015b\u0107 i rozw\u00f3j kariery naukowc\u00f3w.<br>Udziela bezp\u0142atnych informacji badaczom zainteresowanym prowadzeniem bada\u0144. Dotycz\u0105 one sektora nauki i szkolnictwa wy\u017cszego, mo\u017cliwo\u015bci zatrudnienia i finansowania bada\u0144, procedur imigracyjnych i administracyjnych oraz warunk\u00f3w \u017cycia i pracy.&nbsp;&nbsp;<\/p>\n<\/div>\n\n\n\n<div class=\"wp-block-column is-vertically-aligned-top is-layout-flow wp-block-column-is-layout-flow\">\n<figure class=\"wp-block-image size-full is-resized\"><img loading=\"lazy\" decoding=\"async\" width=\"729\" height=\"240\" src=\"https:\/\/ibib.waw.pl\/wp-content\/uploads\/2026\/01\/euraxess-logo.png\" alt=\"\" class=\"wp-image-488\" style=\"width:auto;height:150px\"\/><\/figure>\n<\/div>\n<\/div>\n\n\n\n<p>Polska jest cz\u0142onkiem og\u00f3lnoeuropejskiej inicjatywy EURAXESS, zrzeszaj\u0105cej obecnie 43 kraje, oferuj\u0105cej bezp\u0142atne informacje i wsparcie doktorantom i naukowcom oraz zatrudniaj\u0105cym ich instytucjom w zakresie mobilno\u015bci i rozwoju kariery w kraju i za granic\u0105. Od 1 stycznia 2022 r. funkcj\u0119 koordynatora EURAXESS w Polsce pe\u0142ni&nbsp;Narodowa Agencja Wymiany Akademickiej&nbsp; oraz administruje polsk\u0105 stron\u0105 EURAXESS.<\/p>\n\n\n\n<h2 class=\"wp-block-heading\">Oferta dla:<\/h2>\n\n\n\n<ul class=\"wp-block-list\">\n<li><a href=\"https:\/\/ibib.waw.pl\/wp-content\/uploads\/2026\/01\/Appendix_to_annex_HR4R-2.pdf\">Doktoran\u00f3w i naukowc\u00f3w na ka\u017cdym etapie kariery<\/a><\/li>\n\n\n\n<li><a href=\"https:\/\/ibib.waw.pl\/wp-content\/uploads\/2026\/01\/Euraxess_v2_2_instytucje_obszary.pdf\">Instytucji przyjmuj\u0105cych doktorant\u00f3w i naukowc\u00f3w<\/a><\/li>\n<\/ul>\n\n\n\n<div style=\"height:20px\" aria-hidden=\"true\" class=\"wp-block-spacer\"><\/div>\n\n\n\n<h2 class=\"wp-block-heading\">Instytut Biocybernetyki i In\u017cynierii Biomedycznej im. Macieja Na\u0142\u0119cza PAN jest cz\u0142onkiem sieci EURAXESS w Polsce.<\/h2>\n\n\n\n<p><strong>Osoby do kontakt\u00f3w:\u00a0<\/strong><br>Dzia\u0142 Kadr<br>email:\u00a0kadry[at]ibib.waw.pl<br>tel:\u00a022 59 9143<\/p>\n\n\n\n<div style=\"height:20px\" aria-hidden=\"true\" class=\"wp-block-spacer\"><\/div>\n\n\n\n<p><strong>Jeste\u015bmy wsp\u00f3\u0142realizatorem projektu pt.<\/strong>&nbsp;\u201e<a href=\"https:\/\/ibib.waw.pl\/mazowiecka-siec-nawa-euraxess\/\">Utworzenie regionalnej sieci NAWA-EURAXESS w wojew\u00f3dztwie mazowieckim\u201d<\/a><\/p>\n\n\n\n<div style=\"height:20px\" aria-hidden=\"true\" class=\"wp-block-spacer\"><\/div>\n\n\n\n<h5 class=\"wp-block-heading\">W sk\u0142ad konsorcjum wchodz\u0105 nast\u0119puj\u0105ce instytucje partnerskie:<\/h5>\n\n\n\n<ul class=\"wp-block-list\">\n<li>Narodowe Centrum Bada\u0144 J\u0105drowych &#8211; LIDER<\/li>\n\n\n\n<li>Mi\u0119dzynarodowy Instytut Biologii Molekularnej i Kom\u00f3rkowej w Warszawie (MIBMiK)<\/li>\n\n\n\n<li>Szko\u0142a G\u0142\u00f3wna Gospodarstwa Wiejskiego w Warszawie (SGGW)<\/li>\n\n\n\n<li>Instytut Biocybernetyki i In\u017cynierii Biomedycznej im. Macieja Na\u0142\u0119cza PAN (IBIB PAN)<\/li>\n\n\n\n<li>Mi\u0119dzynarodowy Instytut Mechanizm\u00f3w i Maszyn Molekularnych PAN (IMol)<\/li>\n\n\n\n<li>Uniwersytet Warszawski<\/li>\n<\/ul>\n<\/div><\/section>\n\n\n\n<p><\/p>\n\n\n\n<p><\/p>\n\n\n\n<p><\/p>\n","protected":false},"excerpt":{"rendered":"","protected":false},"author":1,"featured_media":0,"parent":282,"menu_order":0,"comment_status":"closed","ping_status":"closed","template":"","meta":{"_acf_changed":false,"_only_polish":false,"footnotes":""},"folder":[25],"class_list":["post-485","page","type-page","status-publish","hentry"],"acf":[],"_links":{"self":[{"href":"https:\/\/ibib.waw.pl\/en\/wp-json\/wp\/v2\/pages\/485","targetHints":{"allow":["GET"]}}],"collection":[{"href":"https:\/\/ibib.waw.pl\/en\/wp-json\/wp\/v2\/pages"}],"about":[{"href":"https:\/\/ibib.waw.pl\/en\/wp-json\/wp\/v2\/types\/page"}],"author":[{"embeddable":true,"href":"https:\/\/ibib.waw.pl\/en\/wp-json\/wp\/v2\/users\/1"}],"replies":[{"embeddable":true,"href":"https:\/\/ibib.waw.pl\/en\/wp-json\/wp\/v2\/comments?post=485"}],"version-history":[{"count":21,"href":"https:\/\/ibib.waw.pl\/en\/wp-json\/wp\/v2\/pages\/485\/revisions"}],"predecessor-version":[{"id":3031,"href":"https:\/\/ibib.waw.pl\/en\/wp-json\/wp\/v2\/pages\/485\/revisions\/3031"}],"up":[{"embeddable":true,"href":"https:\/\/ibib.waw.pl\/en\/wp-json\/wp\/v2\/pages\/282"}],"wp:attachment":[{"href":"https:\/\/ibib.waw.pl\/en\/wp-json\/wp\/v2\/media?parent=485"}],"wp:term":[{"taxonomy":"folder","embeddable":true,"href":"https:\/\/ibib.waw.pl\/en\/wp-json\/wp\/v2\/folder?post=485"}],"curies":[{"name":"wp","href":"https:\/\/api.w.org\/{rel}","templated":true}]}}