{"id":3503,"date":"2026-05-05T13:31:47","date_gmt":"2026-05-05T11:31:47","guid":{"rendered":"https:\/\/ibib.waw.pl\/?page_id=3503"},"modified":"2026-05-07T15:43:26","modified_gmt":"2026-05-07T13:43:26","slug":"erasmus","status":"publish","type":"page","link":"https:\/\/ibib.waw.pl\/en\/nauka\/projekty\/projekty-realizowane-w-ibib-pan\/erasmus\/","title":{"rendered":"Erasmus+"},"content":{"rendered":"<p>The Institute of Biocybernetics and Biomedical Engineering of the Polish Academy of Sciences invites staff to participate in the Erasmus+ programme under the staff mobility schemes:<\/p>\n\n\n\n<ul class=\"wp-block-list\">\n<li><strong>STA<\/strong> \u2013 teaching assignments,<\/li>\n\n\n\n<li><strong>STT<\/strong> \u2013 training and professional development placements.<\/li>\n<\/ul>\n\n\n\n<p>The call for applications is being conducted under the following agreement:<br><strong>2025-1-PL01-KA131-HED-000326938<\/strong> <\/p>\n\n\n\n<h4 class=\"wp-block-heading\">Who is it for?<\/h4>\n\n\n\n<p>The programme is open to all staff employed at the Institute of Biocybernetics and Biomedical Engineering of the Polish Academy of Sciences (IBIB PAN) \u2013 including research, teaching and administrative staff \u2013 provided that the planned mobility is related to the scope of their duties.<\/p>\n\n\n\n<h4 class=\"wp-block-heading\">How does the recruitment process work?<\/h4>\n\n\n\n<p>Recruitment is ongoing and takes place on a first-come, first-served basis. Mobility grants are awarded until the available funding is exhausted.<\/p>\n\n\n\n<p>The conditions for participation in the programme are:<\/p>\n\n\n\n<ul class=\"wp-block-list\">\n<li>the purpose of the trip must be consistent with professional duties,<\/li>\n\n\n\n<li>prior agreement on the mobility with the host institution,<\/li>\n\n\n\n<li>possession of language skills sufficient to undertake the trip.<\/li>\n<\/ul>\n\n\n\n<h4 class=\"wp-block-heading\">What do you need to prepare?<\/h4>\n\n\n\n<p>To apply for the programme, you must submit the application form to the Erasmus+ coordinator at IBIB PAN.<\/p>\n\n\n\n<p>Once selected, the participant prepares the documentation required by the Erasmus+ programme, including, amongst others:<\/p>\n\n\n\n<ul class=\"wp-block-list\">\n<li><strong>Mobility Agreement<\/strong>,<\/li>\n\n\n\n<li><strong>Grant Agreement<\/strong>,<\/li>\n\n\n\n<li>document confirming the completion of the stay.<\/li>\n<\/ul>\n\n\n\n<h4 class=\"wp-block-heading\">Important information<\/h4>\n\n\n\n<ul class=\"wp-block-list\">\n<li>applications are registered on a first-come, first-served basis,<\/li>\n\n\n\n<li>the decision on eligibility is made by the Erasmus+ programme coordinator or the Director of the Institute,<\/li>\n\n\n\n<li>in the event of a large number of applications, priority is given to those who meet all the formal criteria in the order in which applications are received.<\/li>\n<\/ul>\n\n\n\n<h4 class=\"wp-block-heading\">Contact<\/h4>\n\n\n\n<p>Detailed information regarding the programme, documentation and rules for mobility is provided by the Erasmus+ programme coordinator at IBIB PAN.<\/p>\n\n\n\n<p>Erasmus Coordinator: Marta Baranowska-Szynkiewicz <a href=\"\/en\/mbaranowska@ibib.waw.pl\/\" data-type=\"link\" data-id=\"mbaranowska@ibib.waw.pl\">mbaranowska@ibib.waw.pl <\/a><\/p>\n\n\n\n<h4 class=\"wp-block-heading\">Documents:<\/h4>\n\n\n\n<ol class=\"wp-block-list\">\n<li><a href=\"http:\/\/ibib.waw.pl\/wp-content\/uploads\/2026\/05\/Zasady-naboru-na-mobilnosci-pracownikow-Erasmus.pdf\" target=\"_blank\" rel=\"noreferrer noopener\">Rules for the selection of staff for Erasmus+ mobility (STA\/STT)<\/a><\/li>\n\n\n\n<li><a href=\"http:\/\/ibib.waw.pl\/wp-content\/uploads\/2026\/05\/Formularz-zgloszeniowy.docx\" target=\"_blank\" rel=\"noreferrer noopener\">Application form<\/a><\/li>\n<\/ol>\n\n\n\n<p><\/p>","protected":false},"excerpt":{"rendered":"<p>Instytut Biocybernetyki i In\u017cynierii Biomedycznej PAN zaprasza pracownik\u00f3w do udzia\u0142u w programie Erasmus+ w ramach mobilno\u015bci pracowniczych: Nab\u00f3r realizowany jest w ramach umowy:2025-1-PL01-KA131-HED-000326938 Dla kogo? W programie mog\u0105 uczestniczy\u0107 wszyscy pracownicy zatrudnieni w IBIB PAN \u2013 zar\u00f3wno pracownicy naukowi, dydaktyczni, jak i administracyjni, o ile planowana mobilno\u015b\u0107 pozostaje zwi\u0105zana z zakresem wykonywanych obowi\u0105zk\u00f3w. Jak przebiega [&hellip;]<\/p>\n","protected":false},"author":3,"featured_media":0,"parent":790,"menu_order":0,"comment_status":"closed","ping_status":"closed","template":"","meta":{"_acf_changed":false,"_only_polish":false,"footnotes":""},"folder":[29],"class_list":["post-3503","page","type-page","status-publish","hentry"],"acf":[],"_links":{"self":[{"href":"https:\/\/ibib.waw.pl\/en\/wp-json\/wp\/v2\/pages\/3503","targetHints":{"allow":["GET"]}}],"collection":[{"href":"https:\/\/ibib.waw.pl\/en\/wp-json\/wp\/v2\/pages"}],"about":[{"href":"https:\/\/ibib.waw.pl\/en\/wp-json\/wp\/v2\/types\/page"}],"author":[{"embeddable":true,"href":"https:\/\/ibib.waw.pl\/en\/wp-json\/wp\/v2\/users\/3"}],"replies":[{"embeddable":true,"href":"https:\/\/ibib.waw.pl\/en\/wp-json\/wp\/v2\/comments?post=3503"}],"version-history":[{"count":7,"href":"https:\/\/ibib.waw.pl\/en\/wp-json\/wp\/v2\/pages\/3503\/revisions"}],"predecessor-version":[{"id":3547,"href":"https:\/\/ibib.waw.pl\/en\/wp-json\/wp\/v2\/pages\/3503\/revisions\/3547"}],"up":[{"embeddable":true,"href":"https:\/\/ibib.waw.pl\/en\/wp-json\/wp\/v2\/pages\/790"}],"wp:attachment":[{"href":"https:\/\/ibib.waw.pl\/en\/wp-json\/wp\/v2\/media?parent=3503"}],"wp:term":[{"taxonomy":"folder","embeddable":true,"href":"https:\/\/ibib.waw.pl\/en\/wp-json\/wp\/v2\/folder?post=3503"}],"curies":[{"name":"wp","href":"https:\/\/api.w.org\/{rel}","templated":true}]}}