{"id":3487,"date":"2026-05-04T08:03:15","date_gmt":"2026-05-04T06:03:15","guid":{"rendered":"https:\/\/ibib.waw.pl\/?page_id=3487"},"modified":"2026-05-04T09:40:33","modified_gmt":"2026-05-04T07:40:33","slug":"zwiazki-zawodowe","status":"publish","type":"page","link":"https:\/\/ibib.waw.pl\/en\/instytut\/zwiazki-zawodowe\/","title":{"rendered":"Zwi\u0105zki zawodowe"},"content":{"rendered":"<figure class=\"wp-block-image size-full\"><img loading=\"lazy\" decoding=\"async\" width=\"974\" height=\"516\" src=\"http:\/\/ibib.waw.pl\/wp-content\/uploads\/2026\/05\/zw_zawod.png\" alt=\"\" class=\"wp-image-3490\"\/><\/figure>\n\n\n\n<h2 class=\"wp-block-heading\"><strong>Zarz\u0105d Ko\u0142a NSZZ SOLIDARNO\u015a\u0106 w IBIB PAN<\/strong><\/h2>\n\n\n\n<p>Przewodnicz\u0105ca\u00a0\u00a0\u00a0\u00a0 <strong>\u00a0\u00a0\u00a0\u00a0\u00a0\u00a0\u00a0\u00a0 \u00a0\u00a0\u00a0\u00a0 Maria Piotrkiewicz\u00a0\u00a0\u00a0\u00a0 <\/strong>mpiotrkiewicz@ibib.waw.pl <\/p>\n\n\n\n<p>\u00a0Z-ca Przewodnicz\u0105cej<strong>\u00a0\u00a0\u00a0\u00a0 Hanna Goszczy\u0144ska <\/strong>hgoszczynska@ibib.waw.pl<\/p>\n\n\n\n<div style=\"height:51px\" aria-hidden=\"true\" class=\"wp-block-spacer\"><\/div>\n\n\n\n<p><a href=\"https:\/\/www.ippt.pan.pl\/o-instytucie\/struktura-organizacyjna\/zwiazki-zawodowe\"><strong>https:\/\/www.ippt.pan.pl\/o-instytucie\/struktura-organizacyjna\/zwiazki-zawodowe<\/strong><\/a><br><a href=\"https:\/\/solidarnosc.ippt.pan.pl\/Solidarnosc%20Kontakt.html\"><strong>https:\/\/solidarnosc.ippt.pan.pl\/Solidarnosc%20Kontakt.html<\/strong><\/a><\/p>\n\n\n\n<div style=\"height:51px\" aria-hidden=\"true\" class=\"wp-block-spacer\"><\/div>\n\n\n\n<h4 class=\"wp-block-heading\"><a href=\"http:\/\/ibib.waw.pl\/wp-content\/uploads\/2026\/05\/Informacja-historia-NSZZ-Solidarnosc-na-strone-IBIB.pdf\">Historia zwi\u0105zk\u00f3w zawodowych w IBIB PAN<\/a><\/h4>","protected":false},"excerpt":{"rendered":"<p>Zarz\u0105d Ko\u0142a NSZZ SOLIDARNO\u015a\u0106 w IBIB PAN Przewodnicz\u0105ca\u00a0\u00a0\u00a0\u00a0 \u00a0\u00a0\u00a0\u00a0\u00a0\u00a0\u00a0\u00a0 \u00a0\u00a0\u00a0\u00a0 Maria Piotrkiewicz\u00a0\u00a0\u00a0\u00a0 mpiotrkiewicz@ibib.waw.pl \u00a0Z-ca Przewodnicz\u0105cej\u00a0\u00a0\u00a0\u00a0 Hanna Goszczy\u0144ska hgoszczynska@ibib.waw.pl https:\/\/www.ippt.pan.pl\/o-instytucie\/struktura-organizacyjna\/zwiazki-zawodowehttps:\/\/solidarnosc.ippt.pan.pl\/Solidarnosc%20Kontakt.html Historia zwi\u0105zk\u00f3w zawodowych w IBIB PAN<\/p>","protected":false},"author":3,"featured_media":3490,"parent":372,"menu_order":0,"comment_status":"closed","ping_status":"closed","template":"","meta":{"_acf_changed":false,"_only_polish":false,"footnotes":""},"folder":[27],"class_list":["post-3487","page","type-page","status-publish","has-post-thumbnail","hentry"],"acf":[],"_links":{"self":[{"href":"https:\/\/ibib.waw.pl\/en\/wp-json\/wp\/v2\/pages\/3487","targetHints":{"allow":["GET"]}}],"collection":[{"href":"https:\/\/ibib.waw.pl\/en\/wp-json\/wp\/v2\/pages"}],"about":[{"href":"https:\/\/ibib.waw.pl\/en\/wp-json\/wp\/v2\/types\/page"}],"author":[{"embeddable":true,"href":"https:\/\/ibib.waw.pl\/en\/wp-json\/wp\/v2\/users\/3"}],"replies":[{"embeddable":true,"href":"https:\/\/ibib.waw.pl\/en\/wp-json\/wp\/v2\/comments?post=3487"}],"version-history":[{"count":8,"href":"https:\/\/ibib.waw.pl\/en\/wp-json\/wp\/v2\/pages\/3487\/revisions"}],"predecessor-version":[{"id":3511,"href":"https:\/\/ibib.waw.pl\/en\/wp-json\/wp\/v2\/pages\/3487\/revisions\/3511"}],"up":[{"embeddable":true,"href":"https:\/\/ibib.waw.pl\/en\/wp-json\/wp\/v2\/pages\/372"}],"wp:featuredmedia":[{"embeddable":true,"href":"https:\/\/ibib.waw.pl\/en\/wp-json\/wp\/v2\/media\/3490"}],"wp:attachment":[{"href":"https:\/\/ibib.waw.pl\/en\/wp-json\/wp\/v2\/media?parent=3487"}],"wp:term":[{"taxonomy":"folder","embeddable":true,"href":"https:\/\/ibib.waw.pl\/en\/wp-json\/wp\/v2\/folder?post=3487"}],"curies":[{"name":"wp","href":"https:\/\/api.w.org\/{rel}","templated":true}]}}