{"id":345,"date":"2026-01-19T14:27:46","date_gmt":"2026-01-19T13:27:46","guid":{"rendered":"https:\/\/ibib.waw.pl\/?page_id=345"},"modified":"2026-01-19T14:42:09","modified_gmt":"2026-01-19T13:42:09","slug":"b2b-4phd","status":"publish","type":"page","link":"https:\/\/ibib.waw.pl\/en\/kariera-i-edukacja\/szkoly-doktorskie\/b2b-4phd\/","title":{"rendered":"B2B 4PhD"},"content":{"rendered":"<section class=\"wp-block-custom-section regular\"><div class=\"container\">\n<h2 class=\"wp-block-heading\">W kooperacji pi\u0119ciu jednostek:<\/h2>\n\n\n\n<ol class=\"wp-block-list\">\n<li>Centrum Medyczne Kszta\u0142cenia Podyplomowego w Warszawie &#8211; koordynator<\/li>\n\n\n\n<li>Instytut Medycyny Do\u015bwiadczalnej i Klinicznej im. Miros\u0142awa Mossakowskiego PAN w Warszawie;<\/li>\n\n\n\n<li>Instytut Biochemii i Biofizyki PAN w Warszawie;<\/li>\n\n\n\n<li>Instytut Biocybernetyki i In\u017cynierii Biomedycznej im. Macieja Na\u0142\u0119cza PAN w Warszawie;<\/li>\n\n\n\n<li>Instytut Hematologii i Transfuzjologii PAN<\/li>\n<\/ol>\n\n\n\n<p>powo\u0142ana zosta\u0142a Wsp\u00f3lna Szko\u0142a Doktorska o profilu \u201eDiagnostyka, modelowanie i leczenie chor\u00f3b cz\u0142owieka od genu do kliniki\u201d<\/p>\n<\/div><\/section>\n\n\n\n<section class=\"wp-block-custom-section light-grey\"><div class=\"container\">\n<h2 class=\"wp-block-heading\">SZKO\u0141A DOKTORSKA MEDYCYNY TRANSLACYJNEJ \u201eBench to Bedside \u2013 B2B 4PhD\u201d<\/h2>\n\n\n\n<p>jako zorganizowana forma kszta\u0142cenia doktorant\u00f3w o charakterze interdyscyplinarnym. Kszta\u0142cenie odbywa\u0107 si\u0119 b\u0119dzie w nast\u0119puj\u0105cych\u00a0 dyscyplinach:<\/p>\n\n\n\n<ul class=\"wp-block-list\">\n<li>Nauki medyczne (dziedzina nauk medycznych i nauk o zdrowiu)<\/li>\n\n\n\n<li>Nauki biologiczne (dziedzina nauk \u015bcis\u0142ych i przyrodniczych)<\/li>\n\n\n\n<li>In\u017cynieria biomedyczna (dziedzina nauk in\u017cynieryjno-techniczych)<\/li>\n<\/ul>\n<\/div><\/section>\n\n\n\n<section class=\"wp-block-custom-section regular\"><div class=\"container\">\n<h2 class=\"wp-block-heading\">REKRUTACJA DO SZKO\u0141Y DOKTORSKIEJ 2021\/2022<\/h2>\n\n\n\n<p><strong>Proponowane tematy badawcze:<\/strong><\/p>\n\n\n\n<ol class=\"wp-block-list\">\n<li><a href=\"https:\/\/ibib.waw.pl\/wp-content\/uploads\/2026\/01\/Prof_A_Chwojnowski_temat_doktoratu_B2B_PL.pdf\" target=\"_blank\" rel=\"noreferrer noopener\">OPRACOWANIE KAPILARNYCH MEMBRAN P\u00d3\u0141PRZEPUSZCZALNYCH DO SEPARACJI WIOLACEIN Y PRODUKOWANEJ W BIOREAKTORZE MEMBRANOWYM<\/a>\u2028<br>Promotor: prof. dr hab. in\u017c. Andrzej Chwojnowski,\u00a0achwojnowski@ibib.waw.pl\u2028Promotor pomocniczy: dr in\u017c. Cezary Wojciechowski,\u00a0wojciechowski@ibib.waw.pl<\/li>\n\n\n\n<li><a href=\"https:\/\/ibib.waw.pl\/wp-content\/uploads\/2026\/01\/T_Golczwski_toracenteza.pdf\" target=\"_blank\" rel=\"noreferrer noopener\">ZSYNCHRONIZOWANE POMIARY CHWILOWYCH WARTO\u015aCI WYBRANYCH PARAMETR\u00d3W\u00a0FIZJOLOGICZNYCH PODCZAS TERAPEUTYCZNEJ TORACENTEZY ORAZ ICH MATEMATYCZNA I FIZJOLOGICZNA ANALIZA\u2028<\/a><br>Promotor: dr hab. in\u017c. Tomasz G\u00f3lczewski, prof. IBIB PAN,\u00a0tgol@ibib.waw.pl\u2028Promotor pomocniczy: dr in\u017c. Krzysztof Zieli\u0144ski,\u00a0kzielinski@ibib.waw.pl<\/li>\n\n\n\n<li><a href=\"https:\/\/ibib.waw.pl\/wp-content\/uploads\/2026\/01\/Granicka_2021_temat_badawczy_B2B4_PAN.pdf\" target=\"_blank\" rel=\"noreferrer noopener\">BIOLOGICZNIE AKTYWNY NANOSKAFOLD DLA CEL\u00d3W BIOMEDYCZNYCH\u2028<\/a><br>Promotor: Prof. dr hab. in\u017c. Ludomira Granicka,\u00a0lgranicka@ibib.waw.pl<\/li>\n\n\n\n<li><a href=\"https:\/\/ibib.waw.pl\/wp-content\/uploads\/2026\/01\/Granicka_Maj_2021_temat_badawczy_B2B4_PAN.docx\" target=\"_blank\" rel=\"noreferrer noopener\">NANOSKAFOLDY DLA BIOSYSTEM\u00d3W WSPOMAGANIA PROCES\u00d3W BIOLOGICZNYCH DO CEL\u00d3W BIOMEDYCZNYCH<\/a><br>\u2028opiekun naukowy: Prof. dr hab. in\u017c. Ludomira Granicka,\u00a0lgranicka@ibib.waw.pl\u2028opiekun pomocniczy: Dr Anna Grzeczkowicz<\/li>\n\n\n\n<li><a href=\"https:\/\/ibib.waw.pl\/wp-content\/uploads\/2026\/01\/D_Lewinska_2021_med_Trasnslac.docx\" target=\"_blank\" rel=\"noreferrer noopener\">ELEKTRO-W\u00d3KNINY POLIMEROWE TYPU CORE\/SHELL JAKO NO\u015aNIKI ZWI\u0104ZK\u00d3W BIOLOGICZNIE CZYNNYCH.<\/a><br>\u2028opiekun naukowy:\u00a0dr hab. in\u017c. Dorota Lewi\u0144ska\u2028opiekun pomocniczy: dr in\u017c. Marcin Grzeczkowicz<\/li>\n<\/ol>\n<\/div><\/section>\n\n\n\n<section class=\"wp-block-custom-section light-grey\"><div class=\"container\">\n<h2 class=\"wp-block-heading\">Plan dzia\u0142ania<\/h2>\n\n\n\n<div class=\"wp-block-columns is-layout-flex wp-container-core-columns-is-layout-9d6595d7 wp-block-columns-is-layout-flex\">\n<div class=\"wp-block-column is-layout-flow wp-block-column-is-layout-flow\">\n<ol class=\"wp-block-list\">\n<li>Kandydaci zg\u0142aszaj\u0105 si\u0119 bezpo\u015brednio do opiekuna tematu w celu um\u00f3wienia si\u0119 na rozmow\u0119.<\/li>\n\n\n\n<li>Po rozmowie kompletuj\u0105 dokumenty aplikacyjne<\/li>\n<\/ol>\n<\/div>\n\n\n\n<div class=\"wp-block-column is-layout-flow wp-block-column-is-layout-flow\">\n<ol start=\"3\" class=\"wp-block-list\">\n<li>Wszystkie dokumenty nale\u017cy z\u0142o\u017cy\u0107 w dziale kadr IBIB PAN,\u2028\n<ul class=\"wp-block-list\">\n<li>osobi\u015bcie, pok 703 parter\u2028b. przes\u0142a\u0107 drog\u0105 elektroniczn\u0105 na adres:\u00a0kadry@ibib.waw.pl<\/li>\n\n\n\n<li>przes\u0142a\u0107 drog\u0105 elektroniczn\u0105 na adres:\u00a0kadry@ibib.waw.pl<\/li>\n<\/ul>\n<\/li>\n<\/ol>\n<\/div>\n<\/div>\n<\/div><\/section>\n\n\n\n<section class=\"wp-block-custom-section regular\"><div class=\"container\">\n<p>Dodatkowe informacje Kandydat mo\u017ce uzyska\u0107 drog\u0105 elektroniczn\u0105 pod adresem\u00a0 e-mail:\u00a0 studia.doktoranckie@ibib.waw.pl<br><br>Szczeg\u00f3\u0142owe informacje na stronie:<br><a href=\"https:\/\/www.cmkp.edu.pl\/struktura\/studium-studiow-doktoranckich\/wspolna-szkola-doktorska\/\">https:\/\/www.cmkp.edu.pl\/struktura\/studium-studiow-doktoranckich\/wspolna-szkola-doktorska\/<\/a><\/p>\n\n\n\n<h2 class=\"wp-block-heading\">Documents:<\/h2>\n\n\n\n<ol class=\"wp-block-list\">\n<li>Dokumenty<\/li>\n\n\n\n<li><a href=\"https:\/\/ibib.waw.pl\/wp-content\/uploads\/2026\/01\/REGULAMIN-WSPOLNEJ-SZKOLY-DOKTORSKIEJ-1.pdf\">Regulamin<\/a><\/li>\n\n\n\n<li><a href=\"https:\/\/ibib.waw.pl\/wp-content\/uploads\/2026\/01\/PROGRAM-KSZTALCENIA-WE-WSPOLNEJ-SZKOLE-DOKTORSKIEJ.pdf\">Program kszta\u0142cenia<\/a><\/li>\n<\/ol>\n<\/div><\/section>","protected":false},"excerpt":{"rendered":"","protected":false},"author":1,"featured_media":0,"parent":284,"menu_order":0,"comment_status":"closed","ping_status":"closed","template":"page-subpage.php","meta":{"_acf_changed":false,"_only_polish":false,"footnotes":""},"folder":[25],"class_list":["post-345","page","type-page","status-publish","hentry"],"acf":[],"_links":{"self":[{"href":"https:\/\/ibib.waw.pl\/en\/wp-json\/wp\/v2\/pages\/345","targetHints":{"allow":["GET"]}}],"collection":[{"href":"https:\/\/ibib.waw.pl\/en\/wp-json\/wp\/v2\/pages"}],"about":[{"href":"https:\/\/ibib.waw.pl\/en\/wp-json\/wp\/v2\/types\/page"}],"author":[{"embeddable":true,"href":"https:\/\/ibib.waw.pl\/en\/wp-json\/wp\/v2\/users\/1"}],"replies":[{"embeddable":true,"href":"https:\/\/ibib.waw.pl\/en\/wp-json\/wp\/v2\/comments?post=345"}],"version-history":[{"count":11,"href":"https:\/\/ibib.waw.pl\/en\/wp-json\/wp\/v2\/pages\/345\/revisions"}],"predecessor-version":[{"id":371,"href":"https:\/\/ibib.waw.pl\/en\/wp-json\/wp\/v2\/pages\/345\/revisions\/371"}],"up":[{"embeddable":true,"href":"https:\/\/ibib.waw.pl\/en\/wp-json\/wp\/v2\/pages\/284"}],"wp:attachment":[{"href":"https:\/\/ibib.waw.pl\/en\/wp-json\/wp\/v2\/media?parent=345"}],"wp:term":[{"taxonomy":"folder","embeddable":true,"href":"https:\/\/ibib.waw.pl\/en\/wp-json\/wp\/v2\/folder?post=345"}],"curies":[{"name":"wp","href":"https:\/\/api.w.org\/{rel}","templated":true}]}}