{"id":3434,"date":"2026-04-27T10:16:11","date_gmt":"2026-04-27T08:16:11","guid":{"rendered":"https:\/\/ibib.waw.pl\/?page_id=3434"},"modified":"2026-04-27T11:53:52","modified_gmt":"2026-04-27T09:53:52","slug":"rozwoj-kariery","status":"publish","type":"page","link":"https:\/\/ibib.waw.pl\/en\/kariera-i-edukacja\/rozwoj-kariery\/","title":{"rendered":"CAREER DEVELOPMENT"},"content":{"rendered":"<p>The Institute supports the career development of researchers at all stages (R1\u2013R4), in line with the principles of the Human Resources Strategy for Researchers (HRS4R). We provide an environment conducive to scientific development by offering access to research funding, international mobility, scientific collaboration, and skills development opportunities.<\/p>\n\n\n\n<p>This page presents career pathways, advancement opportunities, and available support.<\/p>\n\n\n\n<h2 class=\"wp-block-heading\">Career paths<\/h2>\n\n\n\n<p>Career development at the Institute follows the European framework for research careers:<\/p>\n\n\n\n<p><strong>R1 \u2013 First Stage Researchers (doctoral candidates)<\/strong><br>Researchers at the beginning of their careers, developing research skills under the supervision of a mentor or supervisor.<\/p>\n\n\n\n<p><strong>R2 \u2013 Recognised Researchers (postdoctoral level)<\/strong><br>Researchers who are building scientific independence, conducting research projects, and developing their publication record.<\/p>\n\n\n\n<p><strong>R3 \u2013 Established Researchers<\/strong><br>Independent researchers leading projects or research teams and developing national and international collaborations.<\/p>\n\n\n\n<p><strong>R4 \u2013 Leading Researchers<\/strong><br>Researchers with a strong scientific reputation who lead research teams and define research directions.<\/p>\n\n\n\n<p>Career advancement is carried out in accordance with applicable regulations and internal policies of the Institute.<\/p>\n\n\n\n<h2 class=\"wp-block-heading\">Development opportunities and career support<\/h2>\n\n\n\n<p>The Institute supports researchers by providing access to funding opportunities, participation in research projects, and international collaboration.<\/p>\n\n\n\n<p>For more information, please visit the sections below:<\/p>\n\n\n\n<h4 class=\"wp-block-heading\">Funding and projects<\/h4>\n\n\n\n<div class=\"wp-block-columns is-layout-flex wp-container-core-columns-is-layout-9d6595d7 wp-block-columns-is-layout-flex\">\n<div class=\"wp-block-column is-vertically-aligned-center is-layout-flow wp-block-column-is-layout-flow\">\n<div class=\"wp-block-buttons is-content-justification-center is-layout-flex wp-container-core-buttons-is-layout-16018d1d wp-block-buttons-is-layout-flex\">\n<div class=\"wp-block-button button-large\"><a class=\"wp-block-button__link wp-element-button\">Projekty w IBIB PAN<\/a><\/div>\n<\/div>\n<\/div>\n<\/div>\n\n\n\n<details class=\"wp-block-details is-layout-flow wp-block-details-is-layout-flow\"><summary>Naukowcy Instytutu mog\u0105 ubiega\u0107 si\u0119 o finansowanie bada\u0144 w ramach krajowych i mi\u0119dzynarodowych program\u00f3w grantowych<\/summary>\n<ul class=\"wp-block-list\">\n<li>Narodowe Centrum Nauki (NCN) \u2013 <a href=\"https:\/\/www.ncn.gov.pl\">https:\/\/www.ncn.gov.pl<\/a> <\/li>\n\n\n\n<li>Narodowe Centrum Bada\u0144 i Rozwoju (NCBR) \u2013 <a href=\"https:\/\/www.gov.pl\/web\/ncbr\">https:\/\/www.gov.pl\/web\/ncbr<\/a> <\/li>\n\n\n\n<li>Komisja Europejska \u2013 program Horyzont Europa \u2013 <a href=\"https:\/\/research-and-innovation.ec.europa.eu\">https:\/\/research-and-innovation.ec.europa.eu<\/a> <\/li>\n\n\n\n<li>EURAXESS \u2013 <a href=\"https:\/\/euraxess.ec.europa.eu\">https:\/\/euraxess.ec.europa.eu<\/a> <\/li>\n\n\n\n<li>Fundacja na rzecz Nauki Polskiej (FNP) \u2013 <a href=\"https:\/\/www.fnp.org.pl\">https:\/\/www.fnp.org.pl<\/a> <\/li>\n\n\n\n<li>NAWA \u2013 <a href=\"https:\/\/nawa.gov.pl\">https:\/\/nawa.gov.pl<\/a><\/li>\n<\/ul>\n\n\n\n<p>Instytut zapewnia wsparcie administracyjne w przygotowaniu i realizacji projekt\u00f3w badawczych.<\/p>\n\n\n\n<p><\/p>\n<\/details>\n\n\n\n<div style=\"height:25px\" aria-hidden=\"true\" class=\"wp-block-spacer\"><\/div>\n\n\n\n<h4 class=\"wp-block-heading\">Mobilno\u015b\u0107 i wsp\u00f3\u0142praca zagraniczne<\/h4>\n\n\n\n<div class=\"wp-block-columns is-layout-flex wp-container-core-columns-is-layout-9d6595d7 wp-block-columns-is-layout-flex\">\n<div class=\"wp-block-column is-layout-flow wp-block-column-is-layout-flow\">\n<div class=\"wp-block-buttons is-content-justification-center is-layout-flex wp-container-core-buttons-is-layout-16018d1d wp-block-buttons-is-layout-flex\">\n<div class=\"wp-block-button button-large\"><a class=\"wp-block-button__link wp-element-button\">Erasmus +<\/a><\/div>\n<\/div>\n<\/div>\n\n\n\n<div class=\"wp-block-column is-layout-flow wp-block-column-is-layout-flow\">\n<div class=\"wp-block-buttons is-content-justification-center is-layout-flex wp-container-core-buttons-is-layout-16018d1d wp-block-buttons-is-layout-flex\">\n<div class=\"wp-block-button button-large\"><a class=\"wp-block-button__link wp-element-button\" href=\"https:\/\/ibib.waw.pl\/en\/kariera-i-edukacja\/euraxess\/\">EURAXESS<\/a><\/div>\n<\/div>\n<\/div>\n\n\n\n<div class=\"wp-block-column is-vertically-aligned-center is-layout-flow wp-block-column-is-layout-flow\">\n<div class=\"wp-block-buttons is-content-justification-center is-layout-flex wp-container-core-buttons-is-layout-16018d1d wp-block-buttons-is-layout-flex\">\n<div class=\"wp-block-button button-large\"><a class=\"wp-block-button__link wp-element-button\" href=\"https:\/\/ibib.waw.pl\/en\/nauka\/projekty\/projekty-realizowane-w-ibib-pan-archiwum\/welcome-to-poland\/\">Welcome to Poland<\/a><\/div>\n<\/div>\n<\/div>\n<\/div>\n\n\n\n<h4 class=\"wp-block-heading\">Rozw\u00f3j kompetencji i \u015brodowisko naukowe<\/h4>\n\n\n\n<div class=\"wp-block-columns is-layout-flex wp-container-core-columns-is-layout-9d6595d7 wp-block-columns-is-layout-flex\">\n<div class=\"wp-block-column is-vertically-aligned-center is-layout-flow wp-block-column-is-layout-flow\">\n<div class=\"wp-block-buttons is-content-justification-center is-layout-flex wp-container-core-buttons-is-layout-16018d1d wp-block-buttons-is-layout-flex\">\n<div class=\"wp-block-button button-large\"><a class=\"wp-block-button__link wp-element-button\" href=\"https:\/\/ibib.waw.pl\/en\/mcb\/seminaria\/\">Seminaria<\/a><\/div>\n<\/div>\n<\/div>\n<\/div>\n\n\n\n<h4 class=\"wp-block-heading\">Recruitment<\/h4>\n\n\n\n<div class=\"wp-block-columns is-layout-flex wp-container-core-columns-is-layout-9d6595d7 wp-block-columns-is-layout-flex\">\n<div class=\"wp-block-column is-layout-flow wp-block-column-is-layout-flow\">\n<div class=\"wp-block-buttons is-content-justification-center is-layout-flex wp-container-core-buttons-is-layout-16018d1d wp-block-buttons-is-layout-flex\">\n<div class=\"wp-block-button button-large\"><a class=\"wp-block-button__link wp-element-button\" href=\"\/en\/kariera-i-edukacja\/praca\/\">Oferty pracy<\/a><\/div>\n<\/div>\n<\/div>\n<\/div>\n\n\n\n<h2 class=\"wp-block-heading\">Contact<\/h2>\n\n\n\n<p>W przypadku pyta\u0144 dotycz\u0105cych rozwoju kariery oraz inicjatywy HRS4R prosimy o kontakt:<\/p>\n\n\n\n<ul class=\"wp-block-list\">\n<li>sprawy rozwoju kariery i HRS4R: kadry@ibib.waw.pl<\/li>\n\n\n\n<li>granty i projekty badawcze: Dzia\u0142 ds. Zewn\u0119trznych Projekt\u00f3w Naukowo-Badawczych dzialprojektow@ibib.waw.pl<\/li>\n<\/ul>\n\n\n\n<h2 class=\"wp-block-heading\">Dokumenty<\/h2>\n\n\n\n<p>Szczeg\u00f3\u0142owe dokumenty zwi\u0105zane z HRS4R dost\u0119pne s\u0105 w zak\u0142adce <strong>HR Excellence in Research<\/strong>.<\/p>\n\n\n\n<p>Dokumenty wewn\u0119trzne Instytutu dotycz\u0105ce funkcjonowania naukowc\u00f3w w Instytucie znajduj\u0105 si\u0119 na dysku wsp\u00f3lnym P: \/ Dokumenty \/ Dokumenty Instytutu<\/p>","protected":false},"excerpt":{"rendered":"<p>Instytut wspiera rozw\u00f3j kariery naukowej pracownik\u00f3w na wszystkich etapach (R1\u2013R4), zgodnie z zasadami HRS4R (Human Resources Strategy for Researchers). Zapewniamy \u015brodowisko sprzyjaj\u0105ce rozwojowi naukowemu poprzez dost\u0119p do finansowania bada\u0144, mobilno\u015bci mi\u0119dzynarodowej, wsp\u00f3\u0142pracy naukowej oraz dzia\u0142a\u0144 podnosz\u0105cych kompetencje. Na tej stronie przedstawiamy mo\u017cliwo\u015bci rozwoju, awansu oraz dost\u0119pne formy wsparcia. \u015acie\u017cki kariery Rozw\u00f3j kariery naukowej w Instytucie [&hellip;]<\/p>\n","protected":false},"author":3,"featured_media":0,"parent":282,"menu_order":0,"comment_status":"closed","ping_status":"closed","template":"","meta":{"_acf_changed":false,"_only_polish":false,"footnotes":""},"folder":[25],"class_list":["post-3434","page","type-page","status-publish","hentry"],"acf":[],"_links":{"self":[{"href":"https:\/\/ibib.waw.pl\/en\/wp-json\/wp\/v2\/pages\/3434","targetHints":{"allow":["GET"]}}],"collection":[{"href":"https:\/\/ibib.waw.pl\/en\/wp-json\/wp\/v2\/pages"}],"about":[{"href":"https:\/\/ibib.waw.pl\/en\/wp-json\/wp\/v2\/types\/page"}],"author":[{"embeddable":true,"href":"https:\/\/ibib.waw.pl\/en\/wp-json\/wp\/v2\/users\/3"}],"replies":[{"embeddable":true,"href":"https:\/\/ibib.waw.pl\/en\/wp-json\/wp\/v2\/comments?post=3434"}],"version-history":[{"count":16,"href":"https:\/\/ibib.waw.pl\/en\/wp-json\/wp\/v2\/pages\/3434\/revisions"}],"predecessor-version":[{"id":3453,"href":"https:\/\/ibib.waw.pl\/en\/wp-json\/wp\/v2\/pages\/3434\/revisions\/3453"}],"up":[{"embeddable":true,"href":"https:\/\/ibib.waw.pl\/en\/wp-json\/wp\/v2\/pages\/282"}],"wp:attachment":[{"href":"https:\/\/ibib.waw.pl\/en\/wp-json\/wp\/v2\/media?parent=3434"}],"wp:term":[{"taxonomy":"folder","embeddable":true,"href":"https:\/\/ibib.waw.pl\/en\/wp-json\/wp\/v2\/folder?post=3434"}],"curies":[{"name":"wp","href":"https:\/\/api.w.org\/{rel}","templated":true}]}}