{"id":300,"date":"2026-01-18T22:11:15","date_gmt":"2026-01-18T21:11:15","guid":{"rendered":"https:\/\/ibib.waw.pl\/?page_id=300"},"modified":"2026-01-19T14:27:19","modified_gmt":"2026-01-19T13:27:19","slug":"tib-pan","status":"publish","type":"page","link":"https:\/\/ibib.waw.pl\/en\/kariera-i-edukacja\/szkoly-doktorskie\/tib-pan\/","title":{"rendered":"TIB PAN"},"content":{"rendered":"<section class=\"wp-block-custom-section regular\"><div class=\"container\">\n<figure class=\"wp-block-image size-full is-resized\"><img loading=\"lazy\" decoding=\"async\" width=\"576\" height=\"203\" src=\"https:\/\/ibib.waw.pl\/wp-content\/uploads\/2026\/01\/logoTIP.png\" alt=\"\" class=\"wp-image-302\" style=\"width:200px\"\/><\/figure>\n\n\n\n<h2 class=\"wp-block-heading\">Z inicjatywy 7 plac\u00f3wek Naukowych powsta\u0142a Szko\u0142a Doktorska Instytut\u00f3w PAN Technologii Informacyjnych i Biomedycznych (TIB PAN).<\/h2>\n<\/div><\/section>\n\n\n\n<section class=\"wp-block-custom-section regular\"><div class=\"container\">\n<div class=\"wp-block-columns is-layout-flex wp-container-core-columns-is-layout-9d6595d7 wp-block-columns-is-layout-flex\">\n<div class=\"wp-block-column is-layout-flow wp-block-column-is-layout-flow\">\n<h4 class=\"wp-block-heading\"><strong>Jednostki prowadz\u0105ce :<\/strong><\/h4>\n\n\n\n<ul class=\"wp-block-list\">\n<li>Instytut Podstawowych Problem\u00f3w Techniki PAN \u2013 Koordynator,<\/li>\n\n\n\n<li>Instytut Biocybernetyki i In\u017cynierii Biomedycznej im. M. Na\u0142\u0119cza PAN,<\/li>\n\n\n\n<li>Instytut Informatyki Teoretycznej i Stosowanej PAN,<\/li>\n\n\n\n<li>Instytut Bada\u0144 Systemowych PAN, Instytutu Podstaw Informatyki PAN,<\/li>\n\n\n\n<li>Instytut Medycyny Do\u015bwiadczalnej i Klinicznej im. M. Mossakowskiego PAN,<\/li>\n<\/ul>\n<\/div>\n\n\n\n<div class=\"wp-block-column is-layout-flow wp-block-column-is-layout-flow\">\n<h4 class=\"wp-block-heading\">Jednostka wsp\u00f3\u0142pracuj\u0105ca:<\/h4>\n\n\n\n<p>Za\u0142o\u017ceniem Szko\u0142y jest interdyscyplinarne kszta\u0142cenie Doktorant\u00f3w, w obszarze cyberbezpiecze\u0144stwa, sztucznej inteligencji, nowych technologii oraz in\u017cynierii biomedycznej.<\/p>\n<\/div>\n<\/div>\n\n\n\n<p>Za\u0142o\u017ceniem Szko\u0142y jest interdyscyplinarne kszta\u0142cenie Doktorant\u00f3w, w obszarze cyberbezpiecze\u0144stwa, sztucznej inteligencji, nowych technologii oraz in\u017cynierii biomedycznej.<\/p>\n<\/div><\/section>\n\n\n\n<section class=\"wp-block-custom-section light-grey\"><div class=\"container\">\n<div class=\"wp-block-group is-nowrap is-layout-flex wp-container-core-group-is-layout-ad2f72ca wp-block-group-is-layout-flex\">\n<figure class=\"wp-block-image size-full\"><img decoding=\"async\" src=\"https:\/\/ibib.waw.pl\/wp-content\/uploads\/2026\/01\/id-card.svg\" alt=\"\" class=\"wp-image-323\"\/><\/figure>\n\n\n\n<p><strong>dr hab. Anna Korzy\u0144ska, prof. IBIB\u2028<\/strong><br>tel. (22) 659 91 43 wew. 224<br>e-mail: akorzynska@ibib.waw.pl<\/p>\n<\/div>\n<\/div><\/section>\n\n\n\n<section class=\"wp-block-custom-section regular\"><div class=\"container\">\n<h2 class=\"wp-block-heading\">Rekrutacja do Szko\u0142y Doktorskiej TIB PAN na rok akademicki 2024\/2025<\/h2>\n\n\n\n<div class=\"wp-block-columns is-layout-flex wp-container-core-columns-is-layout-9d6595d7 wp-block-columns-is-layout-flex\">\n<div class=\"wp-block-column is-layout-flow wp-block-column-is-layout-flow\">\n<h4 class=\"wp-block-heading\">Rekrutacja \u2013 CZERWIEC 2024<\/h4>\n\n\n\n<p>Wa\u017cne Daty:<br>\u00a0od 10.06.2022 do 21.06.2022 \u2013 sk\u0142adanie dokument\u00f3w rekrutacyjnych (I etap)\u202826.06 &#8211; 12.07.2022 \u2013 rozmowy kwalifikacyjne (II etap)\u202816.07.2021 \u2013 og\u0142oszenie wynik\u00f3w rekrutacji<\/p>\n<\/div>\n\n\n\n<div class=\"wp-block-column is-layout-flow wp-block-column-is-layout-flow\">\n<h4 class=\"wp-block-heading\">Proponowane tematy badawcze w roku 2023:<\/h4>\n\n\n\n<p>Opracowanie optymalnej wentylacji p\u0142uc minimalizuj\u0105cej ryzyko urazu p\u0142uc wywo\u0142anego respiratorem (VILI)\u2028PROMOTOR: Prof. dr hab. In\u017c. Marek Darowski<br>e-mail: mdarowski@ibib.waw.pl<\/p>\n<\/div>\n<\/div>\n<\/div><\/section>\n\n\n\n<section class=\"wp-block-custom-section light-grey\"><div class=\"container\">\n<h2 class=\"wp-block-heading\">Plan dzia\u0142ania<\/h2>\n\n\n\n<p>Kandydaci wybieraj\u0105 temat bada\u0144 z listy proponowanych temat\u00f3w badawczych, a nast\u0119pnie zg\u0142aszaj\u0105 si\u0119 bezpo\u015brednio do opiekuna tematu w celu przerowadzenia wst\u0119pnej rozmowy.\u2028Po rozmowie kompletuj\u0105\u00a0dokumenty aplikacyjne.<br>\u2028Wszystkie dokumenty, nale\u017cy z\u0142o\u017cy\u0107 w dw\u00f3ch wersjach:<\/p>\n\n\n\n<div class=\"wp-block-columns is-layout-flex wp-container-core-columns-is-layout-9d6595d7 wp-block-columns-is-layout-flex\">\n<div class=\"wp-block-column is-layout-flow wp-block-column-is-layout-flow\">\n<ol class=\"wp-block-list\">\n<li><strong>Dokumenty w wersji papierowej\u00a0<\/strong>nale\u017cy z\u0142o\u017cy\u0107 w Sekretariacie Szko\u0142y Doktorskiej TIB PAN lub przes\u0142a\u0107 poczt\u0105 na adres:<br><br>Sekretariat Szko\u0142y Doktorskiej TIB PAN \u2013 pok\u00f3j 28 (parter)\u2028Instytut Podstawowych Problem\u00f3w Techniki PAN\u2028ul. A. Pawi\u0144skiego 5B\u202802-106 Warszawa<\/li>\n<\/ol>\n<\/div>\n\n\n\n<div class=\"wp-block-column is-layout-flow wp-block-column-is-layout-flow\">\n<ol start=\"2\" class=\"wp-block-list\">\n<li><strong>Dokumenty w wersji elektronicznej<\/strong>\u00a0nale\u017cy przes\u0142a\u0107 na adres:\u00a0<strong>dzialprojektow@ibib.waw.pl\u00a0<\/strong> lub\u00a0<strong>kadry@ibib.waw.pl<\/strong><\/li>\n<\/ol>\n<\/div>\n<\/div>\n<\/div><\/section>\n\n\n\n<section class=\"wp-block-custom-section regular\"><div class=\"container\">\n<p>Osoby, kt\u00f3re z\u0142o\u017cy\u0142y wszystkie wymagane dokumenty i zosta\u0142y przyj\u0119te do II etapu rekrutacji zostan\u0105 zaproszone na rozmow\u0119 kwalifikacyjn\u0105.<br>Termin rozmowy zostanie przekazany razem z informacj\u0105 o pozytywnej ocenie dokument\u00f3w.\u2028W przypadku niekompletnej dokumentacji kandydat zostanie poproszony o jej uzupe\u0142nienie w wyznaczonym terminie.<\/p>\n\n\n\n<p>Szczeg\u00f3\u0142owe informacje dotycz\u0105ce zasad rekrutacji:<br><a href=\"http:\/\/tib.ippt.pan.pl\/zasady-rekrutacji\/\">http:\/\/tib.ippt.pan.pl\/zasady-rekrutacji\/<\/a><\/p>\n\n\n\n<div style=\"height:30px\" aria-hidden=\"true\" class=\"wp-block-spacer\"><\/div>\n\n\n\n<h3 class=\"wp-block-heading\">Documents:<\/h3>\n\n\n\n<ol class=\"wp-block-list\">\n<li>Zasady rekrutacji<\/li>\n\n\n\n<li><a href=\"https:\/\/ibib.waw.pl\/wp-content\/uploads\/2026\/01\/Regulamin_SD_TIB_PAN.pdf\">Regulamin<\/a><\/li>\n\n\n\n<li><a href=\"https:\/\/ibib.waw.pl\/wp-content\/uploads\/2026\/01\/Program-ksztalcenia-SD-TIB-PAN.pdf\">Program kszta\u0142cenia<\/a><\/li>\n<\/ol>\n<\/div><\/section>\n\n\n\n<p><\/p>","protected":false},"excerpt":{"rendered":"","protected":false},"author":1,"featured_media":0,"parent":284,"menu_order":0,"comment_status":"closed","ping_status":"closed","template":"page-subpage.php","meta":{"_acf_changed":false,"_only_polish":false,"footnotes":""},"folder":[25],"class_list":["post-300","page","type-page","status-publish","hentry"],"acf":[],"_links":{"self":[{"href":"https:\/\/ibib.waw.pl\/en\/wp-json\/wp\/v2\/pages\/300","targetHints":{"allow":["GET"]}}],"collection":[{"href":"https:\/\/ibib.waw.pl\/en\/wp-json\/wp\/v2\/pages"}],"about":[{"href":"https:\/\/ibib.waw.pl\/en\/wp-json\/wp\/v2\/types\/page"}],"author":[{"embeddable":true,"href":"https:\/\/ibib.waw.pl\/en\/wp-json\/wp\/v2\/users\/1"}],"replies":[{"embeddable":true,"href":"https:\/\/ibib.waw.pl\/en\/wp-json\/wp\/v2\/comments?post=300"}],"version-history":[{"count":20,"href":"https:\/\/ibib.waw.pl\/en\/wp-json\/wp\/v2\/pages\/300\/revisions"}],"predecessor-version":[{"id":344,"href":"https:\/\/ibib.waw.pl\/en\/wp-json\/wp\/v2\/pages\/300\/revisions\/344"}],"up":[{"embeddable":true,"href":"https:\/\/ibib.waw.pl\/en\/wp-json\/wp\/v2\/pages\/284"}],"wp:attachment":[{"href":"https:\/\/ibib.waw.pl\/en\/wp-json\/wp\/v2\/media?parent=300"}],"wp:term":[{"taxonomy":"folder","embeddable":true,"href":"https:\/\/ibib.waw.pl\/en\/wp-json\/wp\/v2\/folder?post=300"}],"curies":[{"name":"wp","href":"https:\/\/api.w.org\/{rel}","templated":true}]}}