{"id":2999,"date":"2026-03-13T16:05:19","date_gmt":"2026-03-13T15:05:19","guid":{"rendered":"https:\/\/test.ibib.waw.pl\/?page_id=2999"},"modified":"2026-03-13T16:25:22","modified_gmt":"2026-03-13T15:25:22","slug":"seminaria-mcb-lata-2000-1988","status":"publish","type":"page","link":"https:\/\/ibib.waw.pl\/en\/mcb\/seminaria-mcb-lata-2000-1988\/","title":{"rendered":"Seminaria MCB \u2013 Lata 2000 \u2013 1988"},"content":{"rendered":"<section class=\"wp-block-custom-section regular\"><div class=\"container\">\n<h2 class=\"wp-block-heading section-title-underline\">2000<\/h2>\n\n\n\n<p>55. Seminarium MCB, 1. Korea\u0144sko &#8211; Polskie Seminarium: &#8222;Theoretical, technical and clinical aspects of renal replacement therapy&#8221;<br>Warszawa, 18 -21 maja 2000<br>Przewodnicz\u0105cy: Prof. Hi Bahl Lee<br>Prof. Z. Wa\u0144kowicz<br>Prof. A. Wery\u0144ski<br>Liczba uczestnik\u00f3w: 45<\/p>\n\n\n\n<p>56. Seminarium MCB: &#8222;Statistics and clinical practice&#8221;<br>Warszawa, 26 &#8211; 30 czerwca 2000<br>Przewodnicz\u0105cy: Doc. L. Bobrowski<br>Prof. J. Doroszewski<br>Prof. E. Marubini<br>Prof. N. Victor<br>Liczba uczestnik\u00f3w: 78<\/p>\n\n\n\n<p>57. Seminarium MCB: &#8222;Eye movements and their applications&#8221;<br>Warszawa, 2 &#8211; 8 pa\u017adziernika 2000<br>Przewodnicz\u0105cy: Dr R. Carpenter<br>Doc. J. Ober<br>Liczba uczestnik\u00f3w: 35<\/p>\n\n\n\n<p>58. Seminarium MCB: &#8222;Norms and normalisation in diagnostics of movement disorders&#8221;<br>Warszawa, 13 &#8211; 14 pa\u017adziernika 2000<br>Przewodnicz\u0105cy: Prof. A. Wit<br>Prof. W. Zmys\u0142owski<br>Liczba uczestnik\u00f3w: 62<\/p>\n\n\n\n<p>59. Seminarium MCB: &#8222;Recent development in MR imaging&#8221;<br>Warszawa, 19 &#8211; 21 pa\u017adziernika 2000<br>Przewodnicz\u0105cy: Prof. P. Boesiger<br>Prof. A. Pi\u0105tkowski<br>Liczba uczestnik\u00f3w: 55<\/p>\n<\/div><\/section>\n\n\n\n<section class=\"wp-block-custom-section light-grey\"><div class=\"container\">\n<h2 class=\"wp-block-heading section-title-underline\">1999<\/h2>\n\n\n\n<p>Optoelectronics in medical diagnosis.<br>13.05. &#8211; 16.05.1999<br>Przewodnicz\u0105cy: Prof. R.Maniewski<br>Prof. H.Wierzba<br>Prof. G.Nilsson<\/p>\n\n\n\n<p>Biomechanics of musculosceletal system. Medical robotics.<br>19.05. &#8211; 23.05.1999<br>Przewodnicz\u0105cy: Prof. K.K\u0119dzior<br>Prof. A.Morecki<\/p>\n\n\n\n<p>4th Polish-Japan Seminar on modelling of biological systems<br>11.06. &#8211; 17.06.1999<br>Przewodnicz\u0105cy: Prof. T.Togawa<br>Prof. M.Na\u0142\u0119cz<\/p>\n\n\n\n<p>INFA intensive course on artificial membranes in medicine.<br>27.08. &#8211; 29.08.1999<br>Przewodnicz\u0105cy: Prof. A.Wery\u0144ski<br>Prof. J.M.W\u00f3jcicki<\/p>\n\n\n\n<p>Multimedia, data integration, medical databases.<br>18.10. &#8211; 23.10.1999<br>Przewodnicz\u0105cy: Prof. J.L.Kulikowsk<\/p>\n<\/div><\/section>\n\n\n\n<section class=\"wp-block-custom-section regular\"><div class=\"container\">\n<h2 class=\"wp-block-heading section-title-underline\">1998<\/h2>\n\n\n\n<p>High-resolution electro- and magnetocardiography.<br>22 &#8211; 25 stycznia1998<br>Przewodnicz\u0105cy: Prof. T. Katila<br>Prof. R. Maniewski<\/p>\n\n\n\n<p>Measurements and microtechnology for determination of (bio)chemical quantities in medical and environmental monitoring<br>16 &#8211; 21 marca 1998<br>Przewodnicz\u0105cy: Prof. W. Torbicz<br>Prof. P. Bergveld<\/p>\n\n\n\n<p>3rd Polish-Japan Seminar. Artificial organs and related technologies.<br>6 &#8211; 9 maja 1998<br>Przewodnicz\u0105cy: Prof. M. Na\u0142\u0119cz<br>Prof. K. Tsuchiya<\/p>\n\n\n\n<p>Statistics and clinical practice.<br>24 &#8211; 27 czerwca 1998<br>Przewodnicz\u0105cy: Prof. J. Doroszewski<br>Doc. L.Bobrowski<\/p>\n\n\n\n<p>Ultrasound in biomeasurements, diagnosis and therapy.<br>1 &#8211; 5 wrze\u015bnia 1998<br>Przewodnicz\u0105cy: Prof. L. Filipczy\u0144ski<br>Prof. A. Nowicki<br>Prof. P. Tortoli<\/p>\n\n\n\n<p>Diagnostics in motor system pathology.<br>22 &#8211; 24 pa\u017adzienika 1998<br>Przewodnicz\u0105cy: Prof. A. Wit<br>Prof. W. Zmys\u0142owski<\/p>\n\n\n\n<p>Heart and lung assistance.<br>23 &#8211; 28 listopada 1998<br>Przewodnicz\u0105cy: Prof. Z. Religa<br>Prof. Z. Rondio<br>Prof. G. Ferrari<br>Prof. M. Darowski<\/p>\n<\/div><\/section>\n\n\n\n<section class=\"wp-block-custom-section regular\"><div class=\"container\">\n<h2 class=\"wp-block-heading section-title-underline\">1997<\/h2>\n\n\n\n<p>Mechanisms underlying the control of firing in healthy and sick motoneurone<br>7 &#8211; 10 kwietnia 1997<br>Przewodnicz\u0105cy: Prof. W. Zmys\u0142owski<br>Prof. I. Hausmanowa-Petrusewicz<br>Dr L. Kudina<br>Dr M. Piotrkiewicz<\/p>\n\n\n\n<p>4th European Conference on Engineering and Medicine<br>25 &#8211; 28 maja 1997<\/p>\n\n\n\n<p>Advanced respiratory system support and diagnosis<br>28 wrze\u015bnia &#8211; 3 pa\u017adziernika 1997<br>Przewodnicz\u0105cy: Prof. G. Hedenstierna<br>Prof. Z. Rondio<br>Doc. M. Darowski<\/p>\n\n\n\n<p>Drug delivery systems, pharmacokinetics and pharmacodynamics.<br>17 &#8211; 22 listopada 1997<br>Przewodnicz\u0105cy: Doc. J.M. W\u00f3jcicki<br>Dr E. Salzsieder<\/p>\n\n\n\n<p>Medical applications of artificial membranes, immunoprotection of cells and bioartificial organs.<br>8 &#8211; 12 grudnia 1997<br>Przewodnicz\u0105cy: Prof. T. Or\u0142owski<br>Prof. A. Wery\u0144ski<br>Prof. M. Na\u0142\u0119cz<\/p>\n<\/div><\/section>\n\n\n\n<section class=\"wp-block-custom-section light-grey\"><div class=\"container\">\n<h2 class=\"wp-block-heading section-title-underline\">1996<\/h2>\n\n\n\n<p>Man under vibration<br>17 &#8211; 20 czerwca 1996<br>Przewodnicz\u0105cy: Prof. A. Morecki<br>Prof. K. K\u0119dzior<\/p>\n\n\n\n<p>Statistics and clinical practice<br>25 &#8211; 30 czerwca 1996<br>Przewodnicz\u0105cy: Prof. J. Doroszewski<br>Doc. L. Bobrowski<\/p>\n\n\n\n<p>XXIII Congress of European Society for Artificial Organs.<br>16 &#8211; 20 pa\u017adziernika 1996<\/p>\n\n\n\n<p>2nd Japan-Polish Symposium on Contribution of electrical and electronic engineering to biology and medicine<br>05.11. &#8211; 08.11.1996<br>Przewodnicz\u0105cy: Prof. T. Togawa<br>Prof. M. Na\u0142\u0119cz<\/p>\n\n\n\n<p>Biomechanics of the spinal system<br>20 &#8211; 24 listopada 1996<br>Przewodnicz\u0105cy: Prof. M. Dietrich<\/p>\n<\/div><\/section>\n\n\n\n<section class=\"wp-block-custom-section regular\"><div class=\"container\">\n<h2 class=\"wp-block-heading section-title-underline\">1995<\/h2>\n\n\n\n<p>Electrochemical measurements of biochemical quantities<br>3-10 kwietnia 1995<br>Przewodnicz\u0105cy: Prof. P. Bergveld<br>Prof. W . Torbicz<\/p>\n\n\n\n<p>Optoelectronics in medical diagnosis<br>19-24 pa\u017adziernika 1995<br>Przewodnicz\u0105cy: Prof. H. Wierzba<br>Doc. R. Maniewski<\/p>\n\n\n\n<p>Cells encapsulation and other cellular engineering problems<br>8-10 grudnia 1995<br>Przewodnicz\u0105cy: Prof. T. Or\u0142owski<br>Prof. H. Iwata<\/p>\n<\/div><\/section>\n\n\n\n<section class=\"wp-block-custom-section light-grey\"><div class=\"container\">\n<h2 class=\"wp-block-heading\">1994<\/h2>\n\n\n\n<p>NIH-ICB Workshop Eye movement monitoring in ophtalmology instrumentation and signal processing<br>11 &#8211; 15 kwietnia 1994<br>Przewodnicz\u0105cy: Prof. M. E.Goldberg<br>Prof. M. Na\u0142\u0119cz<br>Doc. J. Ober<\/p>\n\n\n\n<p>Statistics and clinical practice<br>20 &#8211; 23 czerwca 1994<br>Przewodnicz\u0105cy: Prof. J. Doroszewski<br>Doc. L. Bobrowski<\/p>\n\n\n\n<p>Biocybernetical and biomedical aspects of man-machine systems<br>15 &#8211; 19 wrze\u015bnia 1994<br>Przewodnicz\u0105cy: Prof. A. Morecki<br>Prof. K. K\u0119dzior<\/p>\n\n\n\n<p>Ultrasound in biomeasurements, diagnostics and therapy<br>25 &#8211; 29 wrze\u015bnia 1994<br>Przewodnicz\u0105cy: Prof. L. Filipczy\u0144ski<br>Prof. A. Nowicki<\/p>\n\n\n\n<p>Future of BME in Europe. East-West Cooperation<br>13 &#8211; 16 pa\u017adziernika 1994<br>Przewodnicz\u0105cy: Prof. J. Beneken<br>Prof. M. Na\u0142\u0119cz<\/p>\n<\/div><\/section>\n\n\n\n<section class=\"wp-block-custom-section regular\"><div class=\"container\">\n<h2 class=\"wp-block-heading section-title-underline\">1993<\/h2>\n\n\n\n<p>NIH-ICB Workshop Image processing in medicine and biology<br>16 &#8211; 22 maja 1993<br>Przewodnicz\u0105cy: Prof. M. Eden<br>Prof. J. Kulikowski<\/p>\n\n\n\n<p>NIH-ICB Workshop Models in life sciences.<br>New mathematical and physical models of biosystems and organs<br>23 &#8211; 29 maja 1993<br>Przewodnicz\u0105cy: Prof. R. Chadwick<br>Prof. A. Wery\u0144ski<\/p>\n\n\n\n<p>Theory and application of membranes in hemodialysis and plasmapheresis<br>10 &#8211; 16 lipca1993<br>Przewodnicz\u0105cy: Prof. A. Wery\u0144ski<br>Doc. J. W\u00f3jcicki<\/p>\n\n\n\n<p>NIH-ICB Workshop Artificial pancreas. Intensive insulin treatment<br>24 &#8211; 29 pa\u017adziernika 1993<br>Przewodnicz\u0105cy: Prof. R.C. Eastman<br>Prof. M. Na\u0142\u0119cz<br>Doc. J. W\u00f3jcicki<\/p>\n\n\n\n<p>Medical biomechanics of spine. Theory, modelling and clinical applications<br>15 &#8211; 21 listopada 1993<br>Przewodnicz\u0105cy: Prof. M. Dietrich<\/p>\n\n\n\n<p>Bases of medical data, health administration systems<br>6 &#8211; 12 grudnia 1993<br>Przewodnicz\u0105cy: Prof. E. Waniewski<\/p>\n<\/div><\/section>\n\n\n\n<section class=\"wp-block-custom-section light-grey\"><div class=\"container\">\n<h2 class=\"wp-block-heading section-title-underline\">1992<\/h2>\n\n\n\n<p>Medical diagnosis. Computer aiding of diagnosis<br>27 &#8211; 30 kwietnia 1992<br>Przewodnicz\u0105cy: Prof. E. Waniewski<\/p>\n\n\n\n<p>Biomechanics of motion. Measurements, modelling and clinical applications<br>19 &#8211; 23 pa\u017adziernika 1992<br>Przewodnicz\u0105cy: Prof. A. Morecki<\/p>\n\n\n\n<p>Psychological and neurophysiological bases of new computer technics<br>16 &#8211; 20 listopada 1992<br>Przewodnicz\u0105cy: Prof. J.L. Kulikowski<\/p>\n<\/div><\/section>\n\n\n\n<section class=\"wp-block-custom-section regular\"><div class=\"container\">\n<h2 class=\"wp-block-heading section-title-underline\">1991<\/h2>\n\n\n\n<p>Immunological and metabolic systems.<br>Mathematical models and metods of investigation<br>18 &#8211; 28 lutego 1991<br>Przewodnicz\u0105cy: Prof. G.I. Marchuk<br>Prof. A. Wery\u0144ski<\/p>\n\n\n\n<p>Artificial pancreas and drug delivery systems<br>15 &#8211; 23 kwietnia 1991<br>Przewodnicz\u0105cy: Prof. V. Shumakov<br>Prof. M. Na\u0142\u0119cz<\/p>\n\n\n\n<p>Applications of lasers and optoelectronics in medicine<br>23 &#8211; 28 wrze\u015bnia 1991<br>Przewodnicz\u0105cy: Prof. Z. Puzewicz<br>Prof. H. Wierzba<\/p>\n\n\n\n<p>Mechanics of blood circulation<br>14 &#8211; 24 pa\u017adziernika 1991<br>Przewodnicz\u0105cy: Prof. A. Morecki<br>Prof. A. Rachev<\/p>\n<\/div><\/section>\n\n\n\n<section class=\"wp-block-custom-section light-grey\"><div class=\"container\">\n<h2 class=\"wp-block-heading section-title-underline\">1990<\/h2>\n\n\n\n<p>Breathing and methods of its support<br>19 &#8211; 28 lutego 1990<br>Przewodnicz\u0105cy: Prof. W. Karczewski<br>Prof. Z. Rondio<br>Doc. Z. Wa\u0144ski<br>Prof. G.A. Lyubimov<\/p>\n\n\n\n<p>Theory and applications of membranes in hemodialysis and plasmapheresis<br>2 &#8211; 10 kwietnia 1990<br>Przewodnicz\u0105cy: Prof. M. Na\u0142\u0119cz<br>Prof. H. Klinkmann<\/p>\n\n\n\n<p>Application of ultrasounds in biomeasurements. Ultrasounds in diagnosis and therapy<br>6 &#8211; 16 wrze\u015bnia 1990<br>Przewodnicz\u0105cy: Prof. L. Filipczy\u0144ski<\/p>\n\n\n\n<p>Medical biomechanics of spine. Theory, modelling and clinical applications<br>15 &#8211; 25 pa\u017adziernika 1990<br>Przewodnicz\u0105cy: Prof. M. Dietrich<\/p>\n\n\n\n<p>Medical data bases. Computer aided management and economics in health care<br>5 &#8211; 10 listopada 1990<br>Przewodnicz\u0105cy: Prof. E. Waniewski<br>Prof. V.M. Ahutin<\/p>\n<\/div><\/section>\n\n\n\n<section class=\"wp-block-custom-section regular\"><div class=\"container\">\n<h2 class=\"wp-block-heading section-title-underline\">1989<\/h2>\n\n\n\n<p>Nervous system. Measurements and analysis of evoked potentials and EMG<br>20 lutego &#8211; 1 marca 1989<br>Przewodnicz\u0105cy: Prof. I. Hausmanowa-Petrusewicz<br>Prof. J. Jagielski<br>Prof. R. Tarnecki<br>Prof. V.S. Gurfinkiel<\/p>\n\n\n\n<p>Electrical measurements of biochemical quantities<br>6 &#8211; 15 marca 1989<br>Przewodnicz\u0105cy: Prof. E. Pungor<br>Prof. W. Torbicz<\/p>\n\n\n\n<p>Total artificial heart and heart assistance.<br>17 &#8211; 26 kwietnia 1989<br>Przewodnicz\u0105cy: Prof. V. Shumakov<br>Prof. Z. Religa<br>Prof. M. Stopczyk<\/p>\n\n\n\n<p>Biomechanics of organ of motion.<br>Modelling, measurements, clinical applications<br>15 &#8211; 25 pa\u017adziernika 1989<br>Przewodnicz\u0105cy: Prof. A. Morecki<\/p>\n\n\n\n<p>Computer processing of biological images.<br>Mathematical methods, systems and applications.<br>6 &#8211; 15 listopada 1989<br>Przewodnicz\u0105cy: Prof. J.L. Kulikowski<br>Prof. Yu. Zhuravlev<\/p>\n<\/div><\/section>\n\n\n\n<section class=\"wp-block-custom-section light-grey\"><div class=\"container\">\n<h2 class=\"wp-block-heading section-title-underline\">1988<\/h2>\n\n\n\n<p>Computer aided medical diagnosis.<br>Theory systems and clinical applications<br>5 &#8211; 27 listopada 1988<br>Przewodnicz\u0105cy: Prof. E. Waniewski<br>Prof. Yu. Zhuravlev<\/p>\n<\/div><\/section>","protected":false},"excerpt":{"rendered":"","protected":false},"author":1,"featured_media":0,"parent":63,"menu_order":0,"comment_status":"closed","ping_status":"closed","template":"page-subpage.php","meta":{"_acf_changed":false,"_only_polish":false,"footnotes":""},"folder":[26],"class_list":["post-2999","page","type-page","status-publish","hentry"],"acf":[],"_links":{"self":[{"href":"https:\/\/ibib.waw.pl\/en\/wp-json\/wp\/v2\/pages\/2999","targetHints":{"allow":["GET"]}}],"collection":[{"href":"https:\/\/ibib.waw.pl\/en\/wp-json\/wp\/v2\/pages"}],"about":[{"href":"https:\/\/ibib.waw.pl\/en\/wp-json\/wp\/v2\/types\/page"}],"author":[{"embeddable":true,"href":"https:\/\/ibib.waw.pl\/en\/wp-json\/wp\/v2\/users\/1"}],"replies":[{"embeddable":true,"href":"https:\/\/ibib.waw.pl\/en\/wp-json\/wp\/v2\/comments?post=2999"}],"version-history":[{"count":4,"href":"https:\/\/ibib.waw.pl\/en\/wp-json\/wp\/v2\/pages\/2999\/revisions"}],"predecessor-version":[{"id":3011,"href":"https:\/\/ibib.waw.pl\/en\/wp-json\/wp\/v2\/pages\/2999\/revisions\/3011"}],"up":[{"embeddable":true,"href":"https:\/\/ibib.waw.pl\/en\/wp-json\/wp\/v2\/pages\/63"}],"wp:attachment":[{"href":"https:\/\/ibib.waw.pl\/en\/wp-json\/wp\/v2\/media?parent=2999"}],"wp:term":[{"taxonomy":"folder","embeddable":true,"href":"https:\/\/ibib.waw.pl\/en\/wp-json\/wp\/v2\/folder?post=2999"}],"curies":[{"name":"wp","href":"https:\/\/api.w.org\/{rel}","templated":true}]}}