{"id":2845,"date":"2026-03-02T14:27:06","date_gmt":"2026-03-02T13:27:06","guid":{"rendered":"https:\/\/test.ibib.waw.pl\/?page_id=2845"},"modified":"2026-03-02T14:40:57","modified_gmt":"2026-03-02T13:40:57","slug":"semianaria-archiwum","status":"publish","type":"page","link":"https:\/\/ibib.waw.pl\/en\/mcb\/semianaria-archiwum\/","title":{"rendered":"Semianaria &#8211; archiwum"},"content":{"rendered":"<p><\/p>\n\n\n\n<h2 class=\"wp-block-heading has-text-align-left section-title-underline\">2015<\/h2>\n\n\n\n<p class=\"has-text-align-left\"><strong>Seminarium:&nbsp;<a href=\"https:\/\/ibib.waw.pl\/en\/images\/ibib\/grupy\/MCB\/Dokumenty\/Seminaria2015\/icb_ogloszenie_granty.pdf\/\" target=\"_blank\" rel=\"noreferrer noopener\">Granty i mo\u017cliwo\u015bci rozwoju kariery naukowej<\/a><\/strong><br><a href=\"https:\/\/ibib.waw.pl\/en\/images\/ibib\/grupy\/MCB\/Dokumenty\/Seminaria2015\/icb_ogloszenie_granty.pdf\/\" target=\"_blank\" rel=\"noreferrer noopener\"><strong>w Programie UE \u201eHORYZONT 2020\u201d<\/strong><\/a><\/p>\n\n\n\n<p class=\"has-text-align-left\">Otwarte spotkanie z ekspertami KPK<\/p>\n\n\n\n<p class=\"has-text-align-left\">Warszawa, 10 lutego 2015<\/p>\n\n\n\n<p class=\"has-text-align-left\">Przewodnicz\u0105cy:<\/p>\n\n\n\n<p class=\"has-text-align-left\">Prof. Piotr \u0141ady\u017cy\u0144ski<br>mgr Monika Kornacka<br><\/p>\n\n\n\n<p class=\"has-text-align-left\"><strong>&nbsp;143. Seminarium MCB : Spotkanie inauguracyjne konsorcjum projektu JPND<\/strong><br><strong>&#8222;ONTology-based Web Database for Understanding Amyotrophic Lateral Scerolis (ONTWebDUALS)&#8221;<\/strong><\/p>\n\n\n\n<p class=\"has-text-align-left\">Warszawa, 27-28 lutego 2015<\/p>\n\n\n\n<p class=\"has-text-align-left\">Przewodnicz\u0105cy:<\/p>\n\n\n\n<p class=\"has-text-align-left\">Prof. Maria Piotrkiewicz<br>Prof. Memede de Carvalho<br><\/p>\n\n\n\n<p class=\"has-text-align-left\"><strong>144. Kurs CME ERA-EDTA: &#8222;Dialysis Adequacy and Kinetic Modeling&#8221;<\/strong><\/p>\n\n\n\n<p class=\"has-text-align-left\">Warszawa, 17-19 kwietnia 2015<\/p>\n\n\n\n<p class=\"has-text-align-left\">Przewodnicz\u0105cy:<\/p>\n\n\n\n<p class=\"has-text-align-left\">Prof. Jacek Waniewski<br>Prof. Benght Lindholm<br>Prof. Wojciech Za\u0142uska<br><\/p>\n\n\n\n<p class=\"has-text-align-left\"><strong>145. Seminarium MCB: &#8222;Peritoneal Transport Meeting&#8221;<\/strong><\/p>\n\n\n\n<p class=\"has-text-align-left\">Warszawa, 17-20 kwietnia 2015<\/p>\n\n\n\n<p class=\"has-text-align-left\">Przewodnicz\u0105cy:<\/p>\n\n\n\n<p class=\"has-text-align-left\">Prof. Jacek Waniewski<br><\/p>\n\n\n\n<p class=\"has-text-align-left\"><strong>Rada Naukowa MCB<\/strong><\/p>\n\n\n\n<p class=\"has-text-align-left\">Warszawa, 12-15 pa\u017cdziernika 2015<\/p>\n\n\n\n<p class=\"has-text-align-left\">Przewodnicz\u0105cy:<\/p>\n\n\n\n<p class=\"has-text-align-left\">Prof. Dov Jaron<br><\/p>\n\n\n\n<p class=\"has-text-align-left\"><strong>146. Seminarium MCB: &#8222;Second working meeting of ONWebDUALS consortium&#8221;<\/strong><\/p>\n\n\n\n<p class=\"has-text-align-left\">Warszawa, 5\u20136 listopada 2015<\/p>\n\n\n\n<p class=\"has-text-align-left\">Przewodnicz\u0105cy:<\/p>\n\n\n\n<p class=\"has-text-align-left\">Prof. Maria Piotrkiewicz<br>Prof. Mamede de Carvalho<\/p>\n\n\n\n<hr class=\"wp-block-separator has-alpha-channel-opacity\"\/>\n\n\n\n<h2 class=\"wp-block-heading has-text-align-center section-title-underline\">2014<\/h2>\n\n\n\n<p class=\"has-text-align-left\"><strong>137. Seminarium MCB:\u00a0&#8222;Novel methodology of both diagnosis and therapy of bruxism&#8221;<\/strong><\/p>\n\n\n\n<p class=\"has-text-align-left\">Warszawa: 26 &#8211; 28 marca 2014<\/p>\n\n\n\n<p class=\"has-text-align-left\">Przewodnicz\u0105cy:<\/p>\n\n\n\n<p class=\"has-text-align-left\">Prof. Ewaryst Tkacz<br><\/p>\n\n\n\n<p class=\"has-text-align-left\"><strong>138. Seminarium MCB:\u00a0&#8222;Advances in Membrane and Adsorber Technology in Life Sciences&#8221;<\/strong><br><strong>International Symposium in Honour of Prof. Jan M. W\u00f3jcicki<\/strong><\/p>\n\n\n\n<p class=\"has-text-align-left\">Warszawa: 6 &#8211; 8 kwietnia 2014<\/p>\n\n\n\n<p class=\"has-text-align-left\">Przewodnicz\u0105cy:<\/p>\n\n\n\n<p class=\"has-text-align-left\">Prof. J\u00f6rg Vienken<br>Prof. Thomas Groth<br>Prof. nadzw. Piotr \u0141ady\u017cy\u0144ski<br><\/p>\n\n\n\n<p class=\"has-text-align-left\"><strong>Rada Naukowa MCB<\/strong><\/p>\n\n\n\n<p class=\"has-text-align-left\">Warszawa: 25 &#8211; 28 maja 2014<\/p>\n\n\n\n<p class=\"has-text-align-left\">Przewodnicz\u0105cy:<\/p>\n\n\n\n<p class=\"has-text-align-left\">Prof. Dov Jaron<br><\/p>\n\n\n\n<p class=\"has-text-align-left\"><strong>139. Seminarium MCB:\u00a0&#8222;Statistics and medical practice&#8221;<\/strong><\/p>\n\n\n\n<p class=\"has-text-align-left\">Warszawa: 1 &#8211; 4 czerwca 2014<\/p>\n\n\n\n<p class=\"has-text-align-left\">Przewodnicz\u0105cy:<\/p>\n\n\n\n<p class=\"has-text-align-left\">Prof. Leon Bobrowski<br><\/p>\n\n\n\n<p class=\"has-text-align-left\"><strong>&nbsp;140. Seminarium MCB: 7th Polish-Korean Bilateral Seminar on Renal Replacement Therapies<\/strong><br><strong>(&#8222;The First Polish-Korean Inter-Academy of Science Seminar&#8221; in addition to &#8222;The 7th Polish-Korean Seminar on CKD and RRT&#8221;)<\/strong><\/p>\n\n\n\n<p class=\"has-text-align-left\">Pozna\u0144: 27 &#8211; 29 sierpnia 2014<\/p>\n\n\n\n<p class=\"has-text-align-left\">Przewodnicz\u0105cy:<\/p>\n\n\n\n<p class=\"has-text-align-left\">Prof. Jacek Waniewski<br><\/p>\n\n\n\n<p class=\"has-text-align-left\"><strong>141. Seminarium MCB: 13th Polish-Japanese Bilateral Seminar on Biomedical Engineering and e-Health Systems<\/strong><\/p>\n\n\n\n<p class=\"has-text-align-left\">Osaka (Japonia): 1 &#8211; 4 listopada 2014<\/p>\n\n\n\n<p class=\"has-text-align-left\">Przewodnicz\u0105cy:<\/p>\n\n\n\n<p class=\"has-text-align-left\">Prof. Toshiyo Tamura<br>Prof. nadzw. Piotr Ladyzynski<br>Prof. Masaki Yoshida<br><\/p>\n\n\n\n<p class=\"has-text-align-left\"><strong>142. Seminarium MCB: &#8222;Jednodniowe seminarium z Prof. Wies\u0142awem Nowi\u0144skim&#8221;<\/strong><\/p>\n\n\n\n<p class=\"has-text-align-left\">Warszawa: 12 listopada 2014<\/p>\n\n\n\n<p class=\"has-text-align-left\">Przewodnicz\u0105cy:<\/p>\n\n\n\n<p class=\"has-text-align-left\">Prof. Adam Liebert<\/p>\n\n\n\n<hr class=\"wp-block-separator has-alpha-channel-opacity\"\/>\n\n\n\n<h2 class=\"wp-block-heading section-title-underline\">2013<\/h2>\n\n\n\n<p><strong>130. Seminarium MCB: Workshop of the Industry Working Group of the International Federation for Medical and Biological Engineering<\/strong><\/p>\n\n\n\n<p>Warszawa: 21 &#8211; 23 lutego 2013<\/p>\n\n\n\n<p>Przewodnicz\u0105cy:<\/p>\n\n\n\n<p>Prof. Jan M. W\u00f3jcicki<br><\/p>\n\n\n\n<p><strong>131. Seminarium MCB: &#8222;Technical Support For Diabetic Patients&#8221;<\/strong><\/p>\n\n\n\n<p>Zagrzeb (Chorwacja): 8 kwietnia 2013<\/p>\n\n\n\n<p>Przewodnicz\u0105cy:<\/p>\n\n\n\n<p>Prof. Jan M. W\u00f3jcicki<br>Prof. Ratko Magjarevic<br><\/p>\n\n\n\n<p><strong>132. Seminarium MCB:\u00a0<a href=\"https:\/\/ibib.waw.pl\/en\/images\/ibib\/grupy\/MCB\/Dokumenty\/Seminaria2013\/Program_132.pdf\/\" target=\"_blank\" rel=\"noreferrer noopener\">&#8222;<\/a>Advances of Infrared Thermal Imaging in Medicine&#8221;<\/strong><\/p>\n\n\n\n<p>Warszawa: 30 czerwca &#8211; 3 lipca 2013<\/p>\n\n\n\n<p>Przewodnicz\u0105cy:<\/p>\n\n\n\n<p>Prof. Antoni Nowakowski<br>Prof. James Mercer<br><\/p>\n\n\n\n<p><strong>133. Seminarium MCB: &#8222;Optical Methods for Clinical Neuro-monitoring&#8221;<\/strong><\/p>\n\n\n\n<p>Warszawa: 26 &#8211; 29 wrze\u015bnia 2013<\/p>\n\n\n\n<p>Przewodnicz\u0105cy:<\/p>\n\n\n\n<p>Prof. Adam Liebert<br>Prof. Turgut Durduran<br><\/p>\n\n\n\n<p><strong>134. Seminarium MCB: PHOTONICS4BRAIN Group Meeting<\/strong><\/p>\n\n\n\n<p>Warszawa: 28 wrze\u015bnia 2013<\/p>\n\n\n\n<p>Przewodnicz\u0105cy:<\/p>\n\n\n\n<p>Prof. Adam Liebert<br>Prof. Turgut Durduran<br><\/p>\n\n\n\n<p><strong>135. Seminarium MCB:\u00a0&#8222;From Networks Structure and Dynamics to Brain Function&#8221;<\/strong><\/p>\n\n\n\n<p>Warszawa: 3 &#8211; 5 pa\u017adziernika 2013<\/p>\n\n\n\n<p>Przewodnicz\u0105cy:<\/p>\n\n\n\n<p>Prof. Katarzyna Blinowska<br>Prof. Micha\u0142 \u017bochowski<br><\/p>\n\n\n\n<p><strong>136. Seminarium MCB: SensorART Meeting<\/strong><\/p>\n\n\n\n<p>Warszawa: 24 &#8211; 27 pa\u017adziernika 2013<\/p>\n\n\n\n<p>Przewodnicz\u0105cy:<\/p>\n\n\n\n<p>Prof. Marek Darowski<br>Dr Gianfranco Ferrari<br><\/p>\n\n\n\n<p><strong>EU Scholarships Day<\/strong><\/p>\n\n\n\n<p>Warszawa: 9 grudnia 2013<\/p>\n\n\n\n<p>Przewodnicz\u0105cy:<\/p>\n\n\n\n<p>Prof. Jan. M. W\u00f3jcicki<br>Monika Kornacka MA<\/p>\n\n\n\n<hr class=\"wp-block-separator has-alpha-channel-opacity\"\/>\n\n\n\n<h2 class=\"wp-block-heading section-title-underline\">2012<\/h2>\n\n\n\n<p><strong>&nbsp;120. Seminarium MCB: &#8222;Current trends in development of implantable tissue structures&#8221;<\/strong><\/p>\n\n\n\n<p>Warszawa: 18 &#8211; 21 kwietnia 2012<\/p>\n\n\n\n<p>Przewodnicz\u0105cy:<\/p>\n\n\n\n<p>Prof. Romulad B\u0119dzi\u0144ski<br>Prof. Miroslav Petrtyl<br><\/p>\n\n\n\n<p><strong>121. SensorArt Technical Meeting<\/strong><\/p>\n\n\n\n<p>Warszawa: 8 -9 maja 2012<\/p>\n\n\n\n<p>Przewodnicz\u0105cy:<\/p>\n\n\n\n<p>Prof. Marek Darowski<br>Dr. Gianfranco Ferrari<br><\/p>\n\n\n\n<p><strong>122. Seminarium MCB: Marie Curie Actions Road Show Meeting, Centrum Informacji dla Naukowc\u00f3w Euraxess, International Centre of Biocybernetics<\/strong><\/p>\n\n\n\n<p>Warszawa: 14 maja 2012<br><\/p>\n\n\n\n<p><strong>123. Seminarium MCB: 6-ste Seminarium Polsko &#8211; Korea\u0144skie<\/strong><\/p>\n\n\n\n<p>21 &#8211; 24 czerwca 2012, Kyongju, Korea<\/p>\n\n\n\n<p>Przewodnicz\u0105cy:<\/p>\n\n\n\n<p>Prof. Jacek Waniewski<br>Prof. Hi Bahl Lee<br>Prof. Boles\u0142aw Rutkowski<br><\/p>\n\n\n\n<p><strong>124. Seminarium MCB:\u00a01-wsze Seminarium Polsko &#8211; Izraelskie<\/strong><\/p>\n\n\n\n<p>Warszawa: 1 &#8211; 6 wrze\u015bnia 2012<\/p>\n\n\n\n<p>Przewodnicz\u0105cy:<\/p>\n\n\n\n<p>Prof. Jan M. W\u00f3jcicki<br>Prof. Joseph Kost<br><\/p>\n\n\n\n<p><strong>125. Seminarium MCB: kurs CME ERA-EDTA: &#8222;Dialysis Adequacy and Kinetic Modelling&#8221;<\/strong><\/p>\n\n\n\n<p>Warszawa: 12 &#8211; 14 pa\u017adziernika 2012<\/p>\n\n\n\n<p>Przewodnicz\u0105cy:<\/p>\n\n\n\n<p>Prof. Bengt Lindholm<br>Prof. Jacek Waniewski<br>Prof. Boles\u0142aw Rutkowski<br><\/p>\n\n\n\n<p><strong>126. Seminarium MCB: &#8222;Peritoneal Transport Meeting&#8221;<\/strong><\/p>\n\n\n\n<p>In collaboration with Baxter Novum, Karolinska Institutet<\/p>\n\n\n\n<p>Warszawa: 12 &#8211; 15 pa\u017adziernika 2012<\/p>\n\n\n\n<p>Przewodnicz\u0105cy:<\/p>\n\n\n\n<p>Prof. Bengt Lindholm<br>Prof. Jacek Waniewski<br><\/p>\n\n\n\n<p><strong>127. Seminarium MCB:\u00a0&#8222;Micro- and Nano- systems in Biochemical Analysis&#8221;<\/strong><\/p>\n\n\n\n<p>Warszawa: 18-19 pa\u017adziernika 2012<\/p>\n\n\n\n<p>Przewodnicz\u0105cy:<\/p>\n\n\n\n<p>Prof. Marco Mascini<br>Prof. Dorota Pijanowska<br>Prof. W\u0142adys\u0142aw Torbicz<br><\/p>\n\n\n\n<p><strong>128. Seminarium MCB:\u00a0&#8222;Variability in biomedical signals&#8221;<\/strong><\/p>\n\n\n\n<p>Warszawa: 4 &#8211; 7 listopada 2012<\/p>\n\n\n\n<p>Przewodnicz\u0105cy:<\/p>\n\n\n\n<p>Prof. Roman Maniewski<br>Prof. Adam Liebert<br>Prof. Olivier Meste<br>Prof. Herve Rix<br><\/p>\n\n\n\n<p><strong>129. Seminarium MCB:\u00a012-ste Seminarium Polsko &#8211; Japo\u0144skie<\/strong><\/p>\n\n\n\n<p>Warszawa: 8-13 listopada 2012<\/p>\n\n\n\n<p>Przewodnicz\u0105cy:<\/p>\n\n\n\n<p>Prof. Jan M. W\u00f3jcicki<br>Prof. Toshiyo Tamura<\/p>\n\n\n\n<hr class=\"wp-block-separator has-alpha-channel-opacity\"\/>\n\n\n\n<h2 class=\"wp-block-heading section-title-underline\">2011<\/h2>\n\n\n\n<p><strong>111. Seminarium MCB: kurs CME ERA-EDTA: &#8222;Dialysis Adequacy and Kinetic Modelling&#8221;<\/strong><\/p>\n\n\n\n<p>Warszawa: 18 &#8211; 20 marca 2011<\/p>\n\n\n\n<p>Przewodnicz\u0105cy:<\/p>\n\n\n\n<p>Prof. Jacek Waniewski<br>Prof. Bengt Lindholm<br>Prof. Andrzej Werynski<br><\/p>\n\n\n\n<p><strong>112. Seminarium MCB:&nbsp;<a href=\"https:\/\/ibib.waw.pl\/en\/images\/ibib\/grupy\/MCB\/Dokumenty\/Seminaria2011\/ProgramPeritonealTransportMeeting_112.pdf\/\" target=\"_blank\" rel=\"noreferrer noopener\">&#8222;Peritoneal Transport Meeting&#8221;<\/a><\/strong><\/p>\n\n\n\n<p>In collaboration with Baxter Novum, Karolinska Institutet<\/p>\n\n\n\n<p>Warszawa: 18 &#8211; 21 marca 2011<\/p>\n\n\n\n<p>Przewodnicz\u0105cy:<\/p>\n\n\n\n<p>Prof. Bengt Lindholm<br>Prof. Andrzej Werynski<br>Prof. Jacek Waniewski<br><\/p>\n\n\n\n<p><strong>113. Seminarium MCB: &#8222;The Motor Unit. Development, Disorders and Diagnosis&#8221;<\/strong><\/p>\n\n\n\n<p>Warszawa: 15 &#8211; 18 maja 2011<\/p>\n\n\n\n<p>Przewodnicz\u0105cy:<\/p>\n\n\n\n<p>Prof. Alan McComas<br>Prof. Irena Hausmanowa-Petrusewicz<br>Prof. Ewa Zalewska<br><\/p>\n\n\n\n<p><strong>114. Seminarium MCB: Eight International Seminar: &#8222;Statistics and Clinical Practice&#8221;<\/strong><\/p>\n\n\n\n<p>Warszawa: 8 &#8211; 11 czerwca 2011<\/p>\n\n\n\n<p>Przewodnicz\u0105cy:<\/p>\n\n\n\n<p>Prof. Leon Bobrowski<br>Prof. Tomasz Burzykowski<br>Prof. Jan Doroszewski<br>Dr. Cornelia Enachescu<br><\/p>\n\n\n\n<p><strong>115. Seminarium MCB: &#8222;Saccadometry: the next ten years &#8211; clinical and bioengineering aspects&#8221;<\/strong><\/p>\n\n\n\n<p>Warszawa: 15 &#8211; 17 czerwca 2011<\/p>\n\n\n\n<p>Przewodnicz\u0105cy:<\/p>\n\n\n\n<p>Prof. R. H. S. Carpenter<br>Prof. Jan Ober<br><\/p>\n\n\n\n<p><strong>116. Seminarium MCB: &#8222;Summer School: Biocompatibility of Nanoparticles&#8221;<\/strong><\/p>\n\n\n\n<p>Warszawa: 4 &#8211; 5 lipca 2011<\/p>\n\n\n\n<p>Przewodnicz\u0105cy:<\/p>\n\n\n\n<p>Prof. Stanis\u0142aw B\u0142a\u017cewicz<br><\/p>\n\n\n\n<p><strong>117. Seminarium MCB: &#8222;Motoneurons: their inputs and outputs&#8221;<\/strong><\/p>\n\n\n\n<p>Warszawa: 4 &#8211; 7 wrze\u015bnia 2011<\/p>\n\n\n\n<p>Przewodnicz\u0105cy:<\/p>\n\n\n\n<p>Prof. Marc Binder<br>Prof. Maria Piotrkiewicz<br><\/p>\n\n\n\n<p><strong>118. Seminarium MCB:\u00a0&#8222;Biomechanics of Impact\/Biomechanics of Injury&#8221;<\/strong><\/p>\n\n\n\n<p>Warszawa: 19 &#8211; 21 wrze\u015bnia 2011<\/p>\n\n\n\n<p>Przewodnicz\u0105cy:<\/p>\n\n\n\n<p>Prof. Krzysztof K\u0119dzior<br>Dr Cezary Rzymkowski<\/p>\n\n\n\n<hr class=\"wp-block-separator has-alpha-channel-opacity\"\/>\n\n\n\n<h2 class=\"wp-block-heading section-title-undeline\">2010<\/h2>\n\n\n\n<p>106. Seminarium MCB: &#8222;Kinetic Modelling and Adequacy of Dialysis&#8221;<br>Warszawa: 16 &#8211; 18 kwietnia 2010<br>Przewodnicz\u0105cy: Prof. Bengt Lindholm<br>Doc. Jacek Waniewski<br>Prof. Andrzej Wery\u0144ski<\/p>\n\n\n\n<p><br>107. Seminarium MCB: &#8222;Micro and Nanosystems in Biochemical Diagnosis Principles and Applications&#8221;<br>Warszawa: 13 &#8211; 15 maja 2010<br>Przewodnicz\u0105cy: Prof. M. Mascini<br>Prof. W. Torbicz<br>Doc. D. Pijanowska<\/p>\n\n\n\n<p><br>108. Seminarium MCB: 5-te seminarium polsko &#8211; korea\u0144skie: &#8222;Advances in clinical nephrology and renal replacement therapy&#8221;<br>Gda\u0144sk: 14 &#8211; 16 czerwca 2010<br>Przewodnicz\u0105cy: Prof. Hi Bahl Lee<br>Prof. Andrzej Wery\u0144ski<br>Prof. Boles\u0142aw Rutkowski<\/p>\n\n\n\n<p><br>Joint International ICB Workshop with University of Zagreb Faculty of Electrical Engineering and Computing &#8222;Technical Support for Diabetic Patients&#8221;<br>Zagrzeb: 13 wrze\u015bnia 2010<br>Przewodnicz\u0105cy: Prof. Jan M. W\u00f3jcicki<br>Prof. Ratko Magjarevic<\/p>\n\n\n\n<p><br>109. Seminarium MCB: &#8222;Model Center of Diabetes Treatment&#8221;<br>Warszawa: 9 pa\u017adziernika 2010<br>Przewodnicz\u0105cy: Prof. Jan M.W\u00f3jcicki<br>Prof. Jens .S.Christiansen<\/p>","protected":false},"excerpt":{"rendered":"<p>2015 Seminarium:&nbsp;Granty i mo\u017cliwo\u015bci rozwoju kariery naukowejw Programie UE \u201eHORYZONT 2020\u201d Otwarte spotkanie z ekspertami KPK Warszawa, 10 lutego 2015 Przewodnicz\u0105cy: Prof. Piotr \u0141ady\u017cy\u0144skimgr Monika Kornacka &nbsp;143. Seminarium MCB : Spotkanie inauguracyjne konsorcjum projektu JPND&#8222;ONTology-based Web Database for Understanding Amyotrophic Lateral Scerolis (ONTWebDUALS)&#8221; Warszawa, 27-28 lutego 2015 Przewodnicz\u0105cy: Prof. Maria PiotrkiewiczProf. Memede de Carvalho 144. [&hellip;]<\/p>\n","protected":false},"author":1,"featured_media":0,"parent":63,"menu_order":0,"comment_status":"closed","ping_status":"closed","template":"page-breadcrumbs.php","meta":{"_acf_changed":false,"_only_polish":false,"footnotes":""},"folder":[],"class_list":["post-2845","page","type-page","status-publish","hentry"],"acf":[],"_links":{"self":[{"href":"https:\/\/ibib.waw.pl\/en\/wp-json\/wp\/v2\/pages\/2845","targetHints":{"allow":["GET"]}}],"collection":[{"href":"https:\/\/ibib.waw.pl\/en\/wp-json\/wp\/v2\/pages"}],"about":[{"href":"https:\/\/ibib.waw.pl\/en\/wp-json\/wp\/v2\/types\/page"}],"author":[{"embeddable":true,"href":"https:\/\/ibib.waw.pl\/en\/wp-json\/wp\/v2\/users\/1"}],"replies":[{"embeddable":true,"href":"https:\/\/ibib.waw.pl\/en\/wp-json\/wp\/v2\/comments?post=2845"}],"version-history":[{"count":15,"href":"https:\/\/ibib.waw.pl\/en\/wp-json\/wp\/v2\/pages\/2845\/revisions"}],"predecessor-version":[{"id":2865,"href":"https:\/\/ibib.waw.pl\/en\/wp-json\/wp\/v2\/pages\/2845\/revisions\/2865"}],"up":[{"embeddable":true,"href":"https:\/\/ibib.waw.pl\/en\/wp-json\/wp\/v2\/pages\/63"}],"wp:attachment":[{"href":"https:\/\/ibib.waw.pl\/en\/wp-json\/wp\/v2\/media?parent=2845"}],"wp:term":[{"taxonomy":"folder","embeddable":true,"href":"https:\/\/ibib.waw.pl\/en\/wp-json\/wp\/v2\/folder?post=2845"}],"curies":[{"name":"wp","href":"https:\/\/api.w.org\/{rel}","templated":true}]}}