{"id":284,"date":"2026-01-18T21:48:42","date_gmt":"2026-01-18T20:48:42","guid":{"rendered":"https:\/\/ibib.waw.pl\/?page_id=284"},"modified":"2026-02-27T13:07:45","modified_gmt":"2026-02-27T12:07:45","slug":"szkoly-doktorskie","status":"publish","type":"page","link":"https:\/\/ibib.waw.pl\/en\/kariera-i-edukacja\/szkoly-doktorskie\/","title":{"rendered":"Doctoral Schools"},"content":{"rendered":"<p>The Maciej Na\u0142\u0119cz Institute of Biocybernetics and Biomedical Engineering of the Polish Academy of Sciences will educate doctoral students within the framework of two doctoral schools:&nbsp;<\/p>\n\n\n\n<div class=\"wp-block-columns phd-schools is-layout-flex wp-container-core-columns-is-layout-9d6595d7 wp-block-columns-is-layout-flex\">\n<div class=\"wp-block-column is-vertically-aligned-center is-layout-flow wp-block-column-is-layout-flow\">\n<div class=\"wp-block-buttons is-content-justification-center is-layout-flex wp-container-core-buttons-is-layout-16018d1d wp-block-buttons-is-layout-flex\">\n<div class=\"wp-block-button button-large\"><a class=\"wp-block-button__link has-text-align-center wp-element-button\" href=\"https:\/\/ibib.waw.pl\/en\/kariera-i-edukacja\/szkoly-doktorskie\/tib-pan\/\">Doctoral School of the Institutes of Polish Academy of Sciences Information and Biomedical Technologies (TIB PAN)<\/a><\/div>\n<\/div>\n<\/div>\n\n\n\n<div class=\"wp-block-column is-vertically-aligned-center is-layout-flow wp-block-column-is-layout-flow\">\n<div class=\"wp-block-buttons is-content-justification-center is-layout-flex wp-container-core-buttons-is-layout-16018d1d wp-block-buttons-is-layout-flex\">\n<div class=\"wp-block-button button-large\"><a class=\"wp-block-button__link has-text-align-center wp-element-button\" href=\"https:\/\/ibib.waw.pl\/en\/kariera-i-edukacja\/szkoly-doktorskie\/b2b-4phd\/\">Doctoral School of Translational Medicine \u2028\u201cBench to Bedside \u2013 B2B 4PhD\u201d<\/a><\/div>\n<\/div>\n<\/div>\n<\/div>\n\n\n\n<div style=\"height:30px\" aria-hidden=\"true\" class=\"wp-block-spacer\"><\/div>\n\n\n\n<h2 class=\"wp-block-heading\" style=\"text-transform:uppercase\">Doctoral schools \u2013 general information<\/h2>\n\n\n\n<p>The reform of higher education introduced by the new Act of 20 July 2018 \u2013 the Higher Education Act (Act 2.0, also known as the Constitution for Science) introduces changes to the model of doctoral education, the recruitment process, and the conduct and evaluation of scientific research.<\/p>\n\n\n\n<p><\/p>","protected":false},"excerpt":{"rendered":"<p>Instytut Biocybernetyki i In\u017cynierii Biomedycznej im. Macieja Na\u0142\u0119cza PAN b\u0119dzie kszta\u0142ci\u0142 Doktorant\u00f3w w ramach dw\u00f3ch Szk\u00f3\u0142 Doktorskich:&nbsp; Szko\u0142y doktorskie &#8211;&nbsp;informacje&nbsp;og\u00f3lne Wprowadzona now\u0105 ustaw\u0105 z dn. 20 lipca 2018 r. reforma szkolnictwa wy\u017cszego \u2013&nbsp;Prawo o szkolnictwie wy\u017cszym&nbsp;(ustawa 2.0, zwana te\u017c Konstytucj\u0105 dla Nauki) wprowadza&nbsp;zmiany&nbsp;w modelu kszta\u0142cenia doktorant\u00f3w, sposobie rekrutacji oraz prowadzenia i oceny bada\u0144 naukowych.<\/p>","protected":false},"author":1,"featured_media":0,"parent":282,"menu_order":0,"comment_status":"closed","ping_status":"closed","template":"","meta":{"_acf_changed":false,"_only_polish":false,"footnotes":""},"folder":[25],"class_list":["post-284","page","type-page","status-publish","hentry"],"acf":[],"_links":{"self":[{"href":"https:\/\/ibib.waw.pl\/en\/wp-json\/wp\/v2\/pages\/284","targetHints":{"allow":["GET"]}}],"collection":[{"href":"https:\/\/ibib.waw.pl\/en\/wp-json\/wp\/v2\/pages"}],"about":[{"href":"https:\/\/ibib.waw.pl\/en\/wp-json\/wp\/v2\/types\/page"}],"author":[{"embeddable":true,"href":"https:\/\/ibib.waw.pl\/en\/wp-json\/wp\/v2\/users\/1"}],"replies":[{"embeddable":true,"href":"https:\/\/ibib.waw.pl\/en\/wp-json\/wp\/v2\/comments?post=284"}],"version-history":[{"count":22,"href":"https:\/\/ibib.waw.pl\/en\/wp-json\/wp\/v2\/pages\/284\/revisions"}],"predecessor-version":[{"id":2769,"href":"https:\/\/ibib.waw.pl\/en\/wp-json\/wp\/v2\/pages\/284\/revisions\/2769"}],"up":[{"embeddable":true,"href":"https:\/\/ibib.waw.pl\/en\/wp-json\/wp\/v2\/pages\/282"}],"wp:attachment":[{"href":"https:\/\/ibib.waw.pl\/en\/wp-json\/wp\/v2\/media?parent=284"}],"wp:term":[{"taxonomy":"folder","embeddable":true,"href":"https:\/\/ibib.waw.pl\/en\/wp-json\/wp\/v2\/folder?post=284"}],"curies":[{"name":"wp","href":"https:\/\/api.w.org\/{rel}","templated":true}]}}