{"id":270,"date":"2026-01-18T20:53:03","date_gmt":"2026-01-18T19:53:03","guid":{"rendered":"https:\/\/ibib.waw.pl\/?page_id=270"},"modified":"2026-01-18T22:06:13","modified_gmt":"2026-01-18T21:06:13","slug":"rezerwacja","status":"publish","type":"page","link":"https:\/\/ibib.waw.pl\/en\/centrum-konferencyjne\/rezerwacja\/","title":{"rendered":"Reservation"},"content":{"rendered":"<div class=\"wp-block-columns is-layout-flex wp-container-core-columns-is-layout-9d6595d7 wp-block-columns-is-layout-flex\">\n<div class=\"wp-block-column is-layout-flow wp-block-column-is-layout-flow\">\n<h2 class=\"wp-block-heading form-title\">Booking form<\/h2>\n\n\n\n<div class=\"wpcf7 no-js\" id=\"wpcf7-f269-o1\" lang=\"pl-PL\" dir=\"ltr\" data-wpcf7-id=\"269\">\n<div class=\"screen-reader-response\"><p role=\"status\" aria-live=\"polite\" aria-atomic=\"true\"><\/p> <ul><\/ul><\/div>\n<form action=\"\/en\/wp-json\/wp\/v2\/pages\/270#wpcf7-f269-o1\" method=\"post\" class=\"wpcf7-form init wpcf7-acceptance-as-validation\" aria-label=\"Formularz kontaktowy\" novalidate=\"novalidate\" data-status=\"init\" data-trp-original-action=\"\/en\/wp-json\/wp\/v2\/pages\/270#wpcf7-f269-o1\">\n<fieldset class=\"hidden-fields-container\"><input type=\"hidden\" name=\"_wpcf7\" value=\"269\" \/><input type=\"hidden\" name=\"_wpcf7_version\" value=\"6.1.5\" \/><input type=\"hidden\" name=\"_wpcf7_locale\" value=\"pl_PL\" \/><input type=\"hidden\" name=\"_wpcf7_unit_tag\" value=\"wpcf7-f269-o1\" \/><input type=\"hidden\" name=\"_wpcf7_container_post\" value=\"0\" \/><input type=\"hidden\" name=\"_wpcf7_posted_data_hash\" value=\"\" \/><input type=\"hidden\" name=\"_wpcf7_recaptcha_response\" value=\"\" \/>\n<\/fieldset>\n<div class=\"form-row\">\n\t<div class=\"form-col-100\">\n\t\t<p><label>Name*<\/label><br \/>\n<span class=\"wpcf7-form-control-wrap\" data-name=\"conf-name\"><input size=\"40\" maxlength=\"400\" class=\"wpcf7-form-control wpcf7-text wpcf7-validates-as-required\" id=\"name\" aria-required=\"true\" aria-invalid=\"false\" value=\"\" type=\"text\" name=\"conf-name\" \/><\/span>\n\t\t<\/p>\n\t<\/div>\n<\/div>\n<div class=\"form-row\">\n\t<div class=\"form-col-100\">\n\t\t<p><label>Surname*<\/label><br \/>\n<span class=\"wpcf7-form-control-wrap\" data-name=\"conf-surname\"><input size=\"40\" maxlength=\"400\" class=\"wpcf7-form-control wpcf7-text wpcf7-validates-as-required\" id=\"surname\" aria-required=\"true\" aria-invalid=\"false\" value=\"\" type=\"text\" name=\"conf-surname\" \/><\/span>\n\t\t<\/p>\n\t<\/div>\n<\/div>\n<div class=\"form-row\">\n\t<div class=\"form-col-100\">\n\t\t<p><label>E-mail*<\/label><br \/>\n<span class=\"wpcf7-form-control-wrap\" data-name=\"conf-email\"><input size=\"40\" maxlength=\"400\" class=\"wpcf7-form-control wpcf7-email wpcf7-validates-as-required wpcf7-text wpcf7-validates-as-email\" id=\"email\" aria-required=\"true\" aria-invalid=\"false\" value=\"\" type=\"email\" name=\"conf-email\" \/><\/span>\n\t\t<\/p>\n\t<\/div>\n<\/div>\n<div class=\"form-row\">\n\t<div class=\"form-col-50\">\n\t\t<p><label>Date from*<\/label><br \/>\n<span class=\"wpcf7-form-control-wrap\" data-name=\"date-from\"><input class=\"wpcf7-form-control wpcf7-date wpcf7-validates-as-required wpcf7-validates-as-date\" id=\"date-from\" aria-required=\"true\" aria-invalid=\"false\" value=\"\" type=\"date\" name=\"date-from\" \/><\/span>\n\t\t<\/p>\n\t<\/div>\n\t<div class=\"form-col-50\">\n\t\t<p><label>Date to*<\/label><br \/>\n<span class=\"wpcf7-form-control-wrap\" data-name=\"date-to\"><input class=\"wpcf7-form-control wpcf7-date wpcf7-validates-as-required wpcf7-validates-as-date\" id=\"date-to\" aria-required=\"true\" aria-invalid=\"false\" value=\"\" type=\"date\" name=\"date-to\" \/><\/span>\n\t\t<\/p>\n\t<\/div>\n<\/div>\n<div class=\"form-row\">\n\t<div class=\"form-col-100\">\n\t\t<p><label>Remarks<\/label><br \/>\n<span class=\"wpcf7-form-control-wrap\" data-name=\"message\"><textarea cols=\"40\" rows=\"10\" maxlength=\"2000\" class=\"wpcf7-form-control wpcf7-textarea\" aria-invalid=\"false\" name=\"message\"><\/textarea><\/span>\n\t\t<\/p>\n\t<\/div>\n<\/div>\n<div class=\"form-acceptances\">\n\t<p><span class=\"wpcf7-form-control-wrap\" data-name=\"zgoda-dane\"><span class=\"wpcf7-form-control wpcf7-acceptance\"><span class=\"wpcf7-list-item\"><label><input type=\"checkbox\" name=\"zgoda-dane\" value=\"1\" aria-invalid=\"false\" \/><span class=\"wpcf7-list-item-label\">I consent to the processing of my personal data by the Institute of Biocybernetics and Biomedical Engineering for the purpose of handling my enquiry. Details of the processing of your contact data can be found in our <a href=\"https:\/\/ibib.waw.pl\/wp-content\/uploads\/2026\/01\/RODO_StrWWW.pdf\" target=\"_blank\">PRIVACY POLICY<\/a> .<\/span><\/label><\/span><\/span><\/span>\n\t<\/p>\n<\/div>\n<div class=\"submit-wrapper\">\n\t<p><button type=\"submit\" class=\"cta\">Send<\/button>\n\t<\/p>\n<\/div><div class=\"wpcf7-response-output\" aria-hidden=\"true\"><\/div>\n<input type=\"hidden\" name=\"trp-form-language\" value=\"en\"\/><\/form>\n<\/div>\n\n<\/div>\n\n\n\n<div class=\"wp-block-column is-layout-flow wp-block-column-is-layout-flow\">\n<h2 class=\"wp-block-heading\">Reception<\/h2>\n\n\n\n<p>tel. (22) 668-50-17<br><a href=\"mailto:konferencje@ibib.waw.pl\">konferencje@ibib.waw.pl<\/a><\/p>\n\n\n\n<h2 class=\"wp-block-heading\">Reservation<\/h2>\n\n\n\n<p>tel. (22) 668-50-17 \/ (22) 659-91-43 ext. 750<br>konferencje@ibib.waw.pl<\/p>\n\n\n\n<h2 class=\"wp-block-heading\">Scientific Secretariat<\/h2>\n\n\n\n<p>tel. (22) 659-91-43<br>ibib@ibib.waw.pl<\/p>\n\n\n\n<h2 class=\"wp-block-heading\">Contact<\/h2>\n\n\n\n<p>IBIB Conference Centre<br>Nalecz Institute of Biocybernetics and Biomedical Engineering of the Polish Academy of Sciences<br>Prince Trojden Street 4<br>02-190 Warsaw<\/p>\n\n\n\n<h2 class=\"wp-block-heading\">Access by public transport<\/h2>\n\n\n\n<figure class=\"wp-block-image size-full\"><img loading=\"lazy\" decoding=\"async\" width=\"720\" height=\"863\" src=\"https:\/\/ibib.waw.pl\/wp-content\/uploads\/2026\/01\/mapa.png\" alt=\"\" class=\"wp-image-278\"\/><\/figure>\n<\/div>\n<\/div>","protected":false},"excerpt":{"rendered":"<p>Formularz rezerwacji Recepcja tel. (22) 668-50-17konferencje@ibib.waw.pl Rezerwacja tel. (22) 668-50-17 \/ (22) 659-91-43 wew. 750konferencje@ibib.waw.pl Sekretariat naukowy tel. (22) 659-91-43ibib@ibib.waw.pl Kontakt Centrum Konferencyjne IBIBInstytut Biocybernetyki i In\u017cynierii Biomedycznej im. Macieja Na\u0142\u0119cza Polskiej Akademii Naukul. Ksi\u0119cia Trojdena 402-190 Warszawa Dojazd \u015brodkami komunikacji miejskiej<\/p>","protected":false},"author":1,"featured_media":0,"parent":142,"menu_order":0,"comment_status":"closed","ping_status":"closed","template":"","meta":{"_acf_changed":false,"_only_polish":false,"footnotes":""},"folder":[24],"class_list":["post-270","page","type-page","status-publish","hentry"],"acf":[],"_links":{"self":[{"href":"https:\/\/ibib.waw.pl\/en\/wp-json\/wp\/v2\/pages\/270","targetHints":{"allow":["GET"]}}],"collection":[{"href":"https:\/\/ibib.waw.pl\/en\/wp-json\/wp\/v2\/pages"}],"about":[{"href":"https:\/\/ibib.waw.pl\/en\/wp-json\/wp\/v2\/types\/page"}],"author":[{"embeddable":true,"href":"https:\/\/ibib.waw.pl\/en\/wp-json\/wp\/v2\/users\/1"}],"replies":[{"embeddable":true,"href":"https:\/\/ibib.waw.pl\/en\/wp-json\/wp\/v2\/comments?post=270"}],"version-history":[{"count":8,"href":"https:\/\/ibib.waw.pl\/en\/wp-json\/wp\/v2\/pages\/270\/revisions"}],"predecessor-version":[{"id":299,"href":"https:\/\/ibib.waw.pl\/en\/wp-json\/wp\/v2\/pages\/270\/revisions\/299"}],"up":[{"embeddable":true,"href":"https:\/\/ibib.waw.pl\/en\/wp-json\/wp\/v2\/pages\/142"}],"wp:attachment":[{"href":"https:\/\/ibib.waw.pl\/en\/wp-json\/wp\/v2\/media?parent=270"}],"wp:term":[{"taxonomy":"folder","embeddable":true,"href":"https:\/\/ibib.waw.pl\/en\/wp-json\/wp\/v2\/folder?post=270"}],"curies":[{"name":"wp","href":"https:\/\/api.w.org\/{rel}","templated":true}]}}