{"id":2633,"date":"2026-02-19T16:43:20","date_gmt":"2026-02-19T15:43:20","guid":{"rendered":"https:\/\/ibib.waw.pl\/?page_id=2633"},"modified":"2026-04-08T14:40:13","modified_gmt":"2026-04-08T12:40:13","slug":"miedzynarodowy-komitet-doradczy","status":"publish","type":"page","link":"https:\/\/ibib.waw.pl\/en\/instytut\/miedzynarodowy-komitet-doradczy\/","title":{"rendered":"The International Advisory Committee"},"content":{"rendered":"<section class=\"wp-block-custom-section regular\"><div class=\"container\">\n<p>Celem Mi\u0119dzynarodowego Komitetu Doradczego jest dokonywanie cyklicznej oceny jako\u015bci prac badawczych&nbsp;prowadzonych&nbsp;w Instytucie Biocybernetyki i In\u017cynierii Biomedycznej im. Macieja Na\u0142\u0119cza&nbsp;PAN.<\/p>\n<\/div><\/section>\n\n\n\n<section class=\"wp-block-custom-section light-grey\"><div class=\"container\">\n<h4 class=\"wp-block-heading\">Professor Jos Vander Slotten<\/h4>\n\n\n\n<p>Head of Division of Biomechanics &amp; Engineering Design Katholieke Universiteit Leuven, Chairman of the Leuven Medical Technology Centre, Belgium\nPast President of the European Alliance for Medical Biological Engineering and Sciences (EAMBES), Past President of the European Society of Engineering and Medicine (ESEM),<\/p>\n<\/div><\/section>\n\n\n\n<section class=\"wp-block-custom-section regular\"><div class=\"container\">\n<h4 class=\"wp-block-heading\">Professor Joerg Vienken<\/h4>\n\n\n\n<p>Vice President of the Department of Biosciences,\nFresenius Medical Care, Germany.\nMember of the Executive Board of the European Society for Artificial Organs.\nHonorary lecturer at the Danube University in Krems, Austria, at the Technical University of Ilmenau, as well as at the Technical University of Aachen, both in Germany.<\/p>\n<\/div><\/section>\n\n\n\n<section class=\"wp-block-custom-section light-grey\"><div class=\"container\">\n<h4 class=\"wp-block-heading\">Professor Dov Jaron<\/h4>\n\n\n\n<p>Foreign Member of the Polish Academy of Sciences\nCalhoun Distinguished Professor of Engineering in Medicine,\nSchool of Biomedical Engineering, Science &amp; Health Systems, Drexel University, USA\nPast Vice President, International Union for Physical and Engineering Sciences in Medicine, Past President of the International Federation of the Medical and Biological Engineering.<\/p>\n<\/div><\/section>","protected":false},"excerpt":{"rendered":"","protected":false},"author":1,"featured_media":0,"parent":372,"menu_order":0,"comment_status":"closed","ping_status":"closed","template":"page-subpage-nobread.php","meta":{"_acf_changed":false,"_only_polish":false,"footnotes":""},"folder":[27],"class_list":["post-2633","page","type-page","status-publish","hentry"],"acf":[],"_links":{"self":[{"href":"https:\/\/ibib.waw.pl\/en\/wp-json\/wp\/v2\/pages\/2633","targetHints":{"allow":["GET"]}}],"collection":[{"href":"https:\/\/ibib.waw.pl\/en\/wp-json\/wp\/v2\/pages"}],"about":[{"href":"https:\/\/ibib.waw.pl\/en\/wp-json\/wp\/v2\/types\/page"}],"author":[{"embeddable":true,"href":"https:\/\/ibib.waw.pl\/en\/wp-json\/wp\/v2\/users\/1"}],"replies":[{"embeddable":true,"href":"https:\/\/ibib.waw.pl\/en\/wp-json\/wp\/v2\/comments?post=2633"}],"version-history":[{"count":4,"href":"https:\/\/ibib.waw.pl\/en\/wp-json\/wp\/v2\/pages\/2633\/revisions"}],"predecessor-version":[{"id":3246,"href":"https:\/\/ibib.waw.pl\/en\/wp-json\/wp\/v2\/pages\/2633\/revisions\/3246"}],"up":[{"embeddable":true,"href":"https:\/\/ibib.waw.pl\/en\/wp-json\/wp\/v2\/pages\/372"}],"wp:attachment":[{"href":"https:\/\/ibib.waw.pl\/en\/wp-json\/wp\/v2\/media?parent=2633"}],"wp:term":[{"taxonomy":"folder","embeddable":true,"href":"https:\/\/ibib.waw.pl\/en\/wp-json\/wp\/v2\/folder?post=2633"}],"curies":[{"name":"wp","href":"https:\/\/api.w.org\/{rel}","templated":true}]}}