{"id":263,"date":"2026-01-18T18:08:07","date_gmt":"2026-01-18T17:08:07","guid":{"rendered":"https:\/\/ibib.waw.pl\/?page_id=263"},"modified":"2026-03-18T11:54:20","modified_gmt":"2026-03-18T10:54:20","slug":"parking","status":"publish","type":"page","link":"https:\/\/ibib.waw.pl\/en\/centrum-konferencyjne\/parking\/","title":{"rendered":"Parking"},"content":{"rendered":"<div class=\"wp-block-columns is-layout-flex wp-container-core-columns-is-layout-9d6595d7 wp-block-columns-is-layout-flex\">\n<div class=\"wp-block-column is-layout-flow wp-block-column-is-layout-flow\">\n<figure class=\"wp-block-image size-full\"><img loading=\"lazy\" decoding=\"async\" width=\"882\" height=\"588\" src=\"https:\/\/ibib.waw.pl\/wp-content\/uploads\/2026\/01\/parking-1.png\" alt=\"\" class=\"wp-image-264\"\/><\/figure>\n<\/div>\n\n\n\n<div class=\"wp-block-column is-layout-flow wp-block-column-is-layout-flow\">\n<figure class=\"wp-block-image size-full\"><img loading=\"lazy\" decoding=\"async\" width=\"887\" height=\"591\" src=\"https:\/\/ibib.waw.pl\/wp-content\/uploads\/2026\/01\/parking-2.png\" alt=\"\" class=\"wp-image-265\"\/><\/figure>\n<\/div>\n<\/div>\n\n\n\n<p>IBBE PAS has 120 parking spaces. Some of the spaces are located in the above-ground square and some in the underground square.<br>The car park is monitored 24 hours a day.<br><br>We currently have no free subscriptions available.\u00a0<\/p>","protected":false},"excerpt":{"rendered":"<p>IBIB PAN dysponuje 120 miejscami parkingowymi. Cz\u0119\u015b\u0107 miejsc znajduje si\u0119 na placu naziemnym, a cze\u015b\u0107 na placu podziemnym.Parking jest ca\u0142odobowo\u00a0monitorowany. Aktualnie nie dysponujemy wolnymi abonamentami.\u00a0<\/p>","protected":false},"author":1,"featured_media":0,"parent":142,"menu_order":0,"comment_status":"closed","ping_status":"closed","template":"","meta":{"_acf_changed":false,"_only_polish":false,"footnotes":""},"folder":[24],"class_list":["post-263","page","type-page","status-publish","hentry"],"acf":[],"_links":{"self":[{"href":"https:\/\/ibib.waw.pl\/en\/wp-json\/wp\/v2\/pages\/263","targetHints":{"allow":["GET"]}}],"collection":[{"href":"https:\/\/ibib.waw.pl\/en\/wp-json\/wp\/v2\/pages"}],"about":[{"href":"https:\/\/ibib.waw.pl\/en\/wp-json\/wp\/v2\/types\/page"}],"author":[{"embeddable":true,"href":"https:\/\/ibib.waw.pl\/en\/wp-json\/wp\/v2\/users\/1"}],"replies":[{"embeddable":true,"href":"https:\/\/ibib.waw.pl\/en\/wp-json\/wp\/v2\/comments?post=263"}],"version-history":[{"count":3,"href":"https:\/\/ibib.waw.pl\/en\/wp-json\/wp\/v2\/pages\/263\/revisions"}],"predecessor-version":[{"id":3065,"href":"https:\/\/ibib.waw.pl\/en\/wp-json\/wp\/v2\/pages\/263\/revisions\/3065"}],"up":[{"embeddable":true,"href":"https:\/\/ibib.waw.pl\/en\/wp-json\/wp\/v2\/pages\/142"}],"wp:attachment":[{"href":"https:\/\/ibib.waw.pl\/en\/wp-json\/wp\/v2\/media?parent=263"}],"wp:term":[{"taxonomy":"folder","embeddable":true,"href":"https:\/\/ibib.waw.pl\/en\/wp-json\/wp\/v2\/folder?post=263"}],"curies":[{"name":"wp","href":"https:\/\/api.w.org\/{rel}","templated":true}]}}