{"id":2616,"date":"2026-02-19T15:26:25","date_gmt":"2026-02-19T14:26:25","guid":{"rendered":"https:\/\/ibib.waw.pl\/?page_id=2616"},"modified":"2026-02-19T15:26:25","modified_gmt":"2026-02-19T14:26:25","slug":"doktoraty-lata-1985-1990","status":"publish","type":"page","link":"https:\/\/ibib.waw.pl\/en\/kariera-i-edukacja\/stopnie-naukowe\/doktoraty-lata-1985-1990\/","title":{"rendered":"Doctoral Degrees 1985-1990"},"content":{"rendered":"<figure class=\"wp-block-table table-stripes\"><table class=\"has-fixed-layout\"><tbody><tr><td class=\"has-text-align-center\" data-align=\"center\"><strong>No.<\/strong><\/td><td class=\"has-text-align-center\" data-align=\"center\"><strong>Name<\/strong><\/td><td class=\"has-text-align-center\" data-align=\"center\"><strong>Title of the Doctoral Thesis<\/strong><\/td><td class=\"has-text-align-center\" data-align=\"center\"><strong>Supervisor<\/strong><\/td><td class=\"has-text-align-center\" data-align=\"center\"><strong>Reviewers<\/strong><\/td><td class=\"has-text-align-center\" data-align=\"center\"><strong>Degree conferred<\/strong><\/td><\/tr><tr><td class=\"has-text-align-center\" data-align=\"center\"><strong>1<\/strong><\/td><td class=\"has-text-align-center\" data-align=\"center\"><strong>2<\/strong><\/td><td class=\"has-text-align-center\" data-align=\"center\"><strong>3<\/strong><\/td><td class=\"has-text-align-center\" data-align=\"center\"><strong>4<\/strong><\/td><td class=\"has-text-align-center\" data-align=\"center\"><strong>5<\/strong><\/td><td class=\"has-text-align-center\" data-align=\"center\"><strong>6<\/strong><\/td><\/tr><tr><td class=\"has-text-align-center\" data-align=\"center\">1<\/td><td class=\"has-text-align-center\" data-align=\"center\">Kazimierz P\u0118CZALSKI<\/td><td class=\"has-text-align-center\" data-align=\"center\">\u201eNieinwazyjna metoda pomiaru mikropotencja\u0142\u00f3w serca &nbsp; do bada\u0144 farmakologicznych\u201d<\/td><td class=\"has-text-align-center\" data-align=\"center\">Prof. dr hab. med. Mariusz Stopczyk<\/td><td class=\"has-text-align-center\" data-align=\"center\">Prof. dr hab. Jerzy Kuch Doc. dr hab. in\u017c. Zbigniew &nbsp; Dunajski<\/td><td class=\"has-text-align-center\" data-align=\"center\">14th June, 1989<\/td><\/tr><tr><td class=\"has-text-align-center\" data-align=\"center\">2<\/td><td class=\"has-text-align-center\" data-align=\"center\">Jacek BLACHOWICZ<\/td><td class=\"has-text-align-center\" data-align=\"center\">\u201eWybrane zagadnienia komputerowego wspomagania &nbsp; farmakoterapii\u201d<\/td><td class=\"has-text-align-center\" data-align=\"center\">Prof. dr hab. in\u017c. Stanis\u0142aw Bielawski<\/td><td class=\"has-text-align-center\" data-align=\"center\">Prof. dr hab. med. Mariusz Stopczyk, Doc. dr hab. &nbsp; in\u017c. Tadeusz Pa\u0142ko<\/td><td class=\"has-text-align-center\" data-align=\"center\">14th June, 1989<\/td><\/tr><tr><td class=\"has-text-align-center\" data-align=\"center\">3<\/td><td class=\"has-text-align-center\" data-align=\"center\">Andrzej \u017bO\u0141NIEREK<\/td><td class=\"has-text-align-center\" data-align=\"center\">&#8222;Rozpoznawanie \u0142a\u0144cuch\u00f3w Markowa z &nbsp; zastosowaniem do diagnostyki medycznej\u201d<\/td><td class=\"has-text-align-center\" data-align=\"center\">Prof. dr hab. Zdzis\u0142aw Bubnicki<\/td><td class=\"has-text-align-center\" data-align=\"center\">P\u0142k.prof. dr hab. med.&nbsp;Edward Waniewski, Prof. dr hab. in\u017c. Juliusz L. &nbsp; Kulikowski, Doc. dr hab. in\u017c. Ernest Czoga\u0142a<\/td><td class=\"has-text-align-center\" data-align=\"center\">10th February, 1986&nbsp;<strong><em>with distinction<\/em><\/strong><\/td><\/tr><tr><td class=\"has-text-align-center\" data-align=\"center\">4<\/td><td class=\"has-text-align-center\" data-align=\"center\">Dorota SOBCZY\u0143SKA<\/td><td class=\"has-text-align-center\" data-align=\"center\">\u201eBadanie w\u0142asno\u015bci cienkich warstw azotkowych i &nbsp; tlenkowych jako membran jonowymiennych tranzystor\u00f3w polowych czu\u0142ych na jony &nbsp; wodorowe\u201d<\/td><td class=\"has-text-align-center\" data-align=\"center\">Prof. Dr. Ing. W\u0142adys\u0142aw Torbicz<\/td><td class=\"has-text-align-center\" data-align=\"center\">Prof. dr in\u017c. &nbsp; Maciej Na\u0142\u0119cz, Prof. dr in\u017c. Witold Rosi\u0144ski, Prof. dr hab. Kazimierz Sykut<\/td><td class=\"has-text-align-center\" data-align=\"center\">10th February, 1986<\/td><\/tr><tr><td class=\"has-text-align-center\" data-align=\"center\">5<\/td><td class=\"has-text-align-center\" data-align=\"center\">IgnacyMISZTAL<\/td><td class=\"has-text-align-center\" data-align=\"center\">\u201eZastosowanie komputerowego systemu przetwarzania &nbsp; obraz\u00f3w do przy\u017cyciowej oceny warto\u015bci rze\u017anej byd\u0142a\u201d<\/td><td class=\"has-text-align-center\" data-align=\"center\">Prof. dr hab in\u017c. Juliusz L. Kulikowski<\/td><td class=\"has-text-align-center\" data-align=\"center\">Doc. dr hab. med. Jerzy Janecki, Prof. dr hab. &nbsp; Teresa Marsza\u0142kowicz, Doc. dr hab. in\u017c. Ryszard Tadeusiewicz, Doc. dr hab. &nbsp; Zygmunt Reklewski<\/td><td class=\"has-text-align-center\" data-align=\"center\">12th June, 1985<\/td><\/tr><tr><td class=\"has-text-align-center\" data-align=\"center\">6<\/td><td class=\"has-text-align-center\" data-align=\"center\">Maciej<br>ZBOROWSKI<\/td><td class=\"has-text-align-center\" data-align=\"center\">\u201eTeoretyczna i do\u015bwiadczalna analiza mo\u017cliwo\u015bci &nbsp; wykorzystania b\u0142ony hydrofilowej do pozaustrojowej wymiany gaz\u00f3w oddechowych\u201d<\/td><td class=\"has-text-align-center\" data-align=\"center\">Prof. Dr. Andrzej Wery\u0144ski<\/td><td class=\"has-text-align-center\" data-align=\"center\">Doc. dr hab. in\u017c. W\u0142adys\u0142aw Torbicz, Prof. dr hab. &nbsp; Maciej Leszko, Prof. dr hab. Witold Karczewski<\/td><td class=\"has-text-align-center\" data-align=\"center\">12th June, 1985<\/td><\/tr><\/tbody><\/table><\/figure>","protected":false},"excerpt":{"rendered":"<p>Lp Imi\u0119 Nazwisko Tytu\u0142 rozprawy doktorskiej Promotor Recenzenci Data nadania stopnia przez RN 1 2 3 4 5 6 1 Kazimierz P\u0118CZALSKI \u201eNieinwazyjna metoda pomiaru mikropotencja\u0142\u00f3w serca &nbsp; do bada\u0144 farmakologicznych\u201d Prof. dr hab. med. Mariusz Stopczyk Prof. dr hab. Jerzy Kuch Doc. dr hab. in\u017c. Zbigniew &nbsp; Dunajski 14 czerwca 1989r. 2 Jacek BLACHOWICZ [&hellip;]<\/p>\n","protected":false},"author":1,"featured_media":0,"parent":442,"menu_order":0,"comment_status":"closed","ping_status":"closed","template":"page.php","meta":{"_acf_changed":false,"_only_polish":false,"footnotes":""},"folder":[25],"class_list":["post-2616","page","type-page","status-publish","hentry"],"acf":[],"_links":{"self":[{"href":"https:\/\/ibib.waw.pl\/en\/wp-json\/wp\/v2\/pages\/2616","targetHints":{"allow":["GET"]}}],"collection":[{"href":"https:\/\/ibib.waw.pl\/en\/wp-json\/wp\/v2\/pages"}],"about":[{"href":"https:\/\/ibib.waw.pl\/en\/wp-json\/wp\/v2\/types\/page"}],"author":[{"embeddable":true,"href":"https:\/\/ibib.waw.pl\/en\/wp-json\/wp\/v2\/users\/1"}],"replies":[{"embeddable":true,"href":"https:\/\/ibib.waw.pl\/en\/wp-json\/wp\/v2\/comments?post=2616"}],"version-history":[{"count":1,"href":"https:\/\/ibib.waw.pl\/en\/wp-json\/wp\/v2\/pages\/2616\/revisions"}],"predecessor-version":[{"id":2617,"href":"https:\/\/ibib.waw.pl\/en\/wp-json\/wp\/v2\/pages\/2616\/revisions\/2617"}],"up":[{"embeddable":true,"href":"https:\/\/ibib.waw.pl\/en\/wp-json\/wp\/v2\/pages\/442"}],"wp:attachment":[{"href":"https:\/\/ibib.waw.pl\/en\/wp-json\/wp\/v2\/media?parent=2616"}],"wp:term":[{"taxonomy":"folder","embeddable":true,"href":"https:\/\/ibib.waw.pl\/en\/wp-json\/wp\/v2\/folder?post=2616"}],"curies":[{"name":"wp","href":"https:\/\/api.w.org\/{rel}","templated":true}]}}