{"id":2614,"date":"2026-02-19T15:25:03","date_gmt":"2026-02-19T14:25:03","guid":{"rendered":"https:\/\/ibib.waw.pl\/?page_id=2614"},"modified":"2026-02-19T15:25:03","modified_gmt":"2026-02-19T14:25:03","slug":"doktoraty-lata-1990-1999","status":"publish","type":"page","link":"https:\/\/ibib.waw.pl\/en\/kariera-i-edukacja\/stopnie-naukowe\/doktoraty-lata-1990-1999\/","title":{"rendered":"Doctoral Degrees 1990-1999"},"content":{"rendered":"<figure class=\"wp-block-table table-stripes\"><table class=\"has-fixed-layout\"><tbody><tr><td class=\"has-text-align-center\" data-align=\"center\"><strong>No.<\/strong><\/td><td class=\"has-text-align-center\" data-align=\"center\"><strong>Name<\/strong><\/td><td class=\"has-text-align-center\" data-align=\"center\"><strong>Title of the Doctoral Thesis<\/strong><\/td><td class=\"has-text-align-center\" data-align=\"center\"><strong>Supervisor<\/strong><\/td><td class=\"has-text-align-center\" data-align=\"center\"><strong>Reviewers<\/strong><\/td><td class=\"has-text-align-center\" data-align=\"center\"><strong>Degree conferred<\/strong><\/td><\/tr><tr><td class=\"has-text-align-center\" data-align=\"center\"><strong>1<\/strong><\/td><td class=\"has-text-align-center\" data-align=\"center\"><strong>2<\/strong><\/td><td class=\"has-text-align-center\" data-align=\"center\"><strong>3<\/strong><\/td><td class=\"has-text-align-center\" data-align=\"center\"><strong>4<\/strong><\/td><td class=\"has-text-align-center\" data-align=\"center\"><strong>5<\/strong><\/td><td class=\"has-text-align-center\" data-align=\"center\"><strong>6<\/strong><\/td><\/tr><tr><td class=\"has-text-align-center\" data-align=\"center\">1<\/td><td class=\"has-text-align-center\" data-align=\"center\">Piotr LEWANDOWSKI<\/td><td class=\"has-text-align-center\" data-align=\"center\">\u201eProblems of high-resolution analysis of electrocardiographic and magnetocardio-graphic signals\u201d.\u201d<\/td><td class=\"has-text-align-center\" data-align=\"center\">Prof. Roman Maniewski, D.Sc.<\/td><td class=\"has-text-align-center\" data-align=\"center\">Prof. Dr. Katarzyna Cie\u015blak-Blinowska, Prof. Dr. Henryk Wierzba<\/td><td class=\"has-text-align-center\" data-align=\"center\">7th December 1999<\/td><\/tr><tr><td class=\"has-text-align-center\" data-align=\"center\">2<\/td><td class=\"has-text-align-center\" data-align=\"center\">Ludomira GRANICKA<\/td><td class=\"has-text-align-center\" data-align=\"center\">\u201eInvestigating the function of capillary membrane-coated cell lines as a source of biologically active substances\u201d.\u201d<\/td><td class=\"has-text-align-center\" data-align=\"center\">Prof. Dr. med. Jerzy Kawiak<\/td><td class=\"has-text-align-center\" data-align=\"center\">Prof. dr hab. in\u017c. Jan M. W\u00f3jcicki, Prof. dr hab. med. Marek Jak\u00f3bisiak<\/td><td class=\"has-text-align-center\" data-align=\"center\">01st July  1999<\/td><\/tr><tr><td class=\"has-text-align-center\" data-align=\"center\">3<\/td><td class=\"has-text-align-center\" data-align=\"center\">Edyta BICHLER<\/td><td class=\"has-text-align-center\" data-align=\"center\">\u201eAcoustic phenomena accompanying contraction of single motor units of the rat medial gastrocnemius muscle\u201d.\u201d<\/td><td class=\"has-text-align-center\" data-align=\"center\">Dr Jan Celichowski<\/td><td class=\"has-text-align-center\" data-align=\"center\">Prof. Dr. Wojciech Zmys\u0142owski, Prof. Dr. med. Aleksander Kabsch<\/td><td class=\"has-text-align-center\" data-align=\"center\">16th March 1999<\/td><\/tr><tr><td class=\"has-text-align-center\" data-align=\"center\">4<\/td><td class=\"has-text-align-center\" data-align=\"center\">Dorota KOZI\u0143SKA<\/td><td class=\"has-text-align-center\" data-align=\"center\">\u201eIntegration of EEG and MRI data of individual brain\u201d.\u201d<\/td><td class=\"has-text-align-center\" data-align=\"center\">Prof. Antoni Nowakowski, D.Sc.<\/td><td class=\"has-text-align-center\" data-align=\"center\">Prof. Dr. Zdzis\u0142aw Paw\u0142owski, Prof. Dr. med. Leszek Kr\u00f3licki, Prof. Dr. Eng. Edward K\u0105cki<\/td><td class=\"has-text-align-center\" data-align=\"center\">01st July 1998<\/td><\/tr><tr><td class=\"has-text-align-center\" data-align=\"center\">5<\/td><td class=\"has-text-align-center\" data-align=\"center\">Malgorzata\u015aWIDER<\/td><td class=\"has-text-align-center\" data-align=\"center\">\u201eThe issue of measuring selected features of pathological movements of the human upper limb\u201d.\u201d<\/td><td class=\"has-text-align-center\" data-align=\"center\">Dr Roman Myszkowski<\/td><td class=\"has-text-align-center\" data-align=\"center\">Prof. Dr. Andrzej Wit, Prof. Dr. Wojciech Zmys\u0142owski<\/td><td class=\"has-text-align-center\" data-align=\"center\">20th April 1998<\/td><\/tr><tr><td class=\"has-text-align-center\" data-align=\"center\">6<\/td><td class=\"has-text-align-center\" data-align=\"center\">Jan GAJEWSKI<\/td><td class=\"has-text-align-center\" data-align=\"center\">Quantitative assessment of post-exercise changes in physiological tremor\u201d<\/td><td class=\"has-text-align-center\" data-align=\"center\">Prof. Dr. Andrzej Wit<\/td><td class=\"has-text-align-center\" data-align=\"center\">Prof. Dr.-Ing. Wojciech Zmys\u0142owski, Prof. Dr.-Ing. Krzysztof K\u0119dzior<\/td><td class=\"has-text-align-center\" data-align=\"center\">27th October 1997<\/td><\/tr><tr><td class=\"has-text-align-center\" data-align=\"center\">7<\/td><td class=\"has-text-align-center\" data-align=\"center\">Adam LIEBERT<\/td><td class=\"has-text-align-center\" data-align=\"center\">\u201eCalibration issues in laser Doppler blood microcirculation studies\u201d.\u201d<\/td><td class=\"has-text-align-center\" data-align=\"center\">Prof. Roman Maniewski, D.Sc.<\/td><td class=\"has-text-align-center\" data-align=\"center\">Prof. Dr. Henryk Wierzba, Doc. Dr. Ignacy Zawicki<\/td><td class=\"has-text-align-center\" data-align=\"center\">22th January 1997&nbsp;<strong><em>with distinction<\/em><\/strong><\/td><\/tr><tr><td class=\"has-text-align-center\" data-align=\"center\">8<\/td><td class=\"has-text-align-center\" data-align=\"center\">Piotr \u0141ADY\u00afY\u00d1SKI<\/td><td class=\"has-text-align-center\" data-align=\"center\">\u201eSupporting intensive insulin therapy delivered by multiple injections in an outpatient setting\u201d.\u201d<\/td><td class=\"has-text-align-center\" data-align=\"center\">Prof. Dr.-Ing. Jan M.W\u00f3jcicki<\/td><td class=\"has-text-align-center\" data-align=\"center\">Prof. Dr. Maciej Na\u0142\u0119cz, Prof. Dr. med. Jacek Sieradzki<\/td><td class=\"has-text-align-center\" data-align=\"center\">22th January 1997&nbsp;<strong><em>with distinction<\/em><\/strong><\/td><\/tr><tr><td class=\"has-text-align-center\" data-align=\"center\">9<\/td><td class=\"has-text-align-center\" data-align=\"center\">Dorota PIJANOWSKA<\/td><td class=\"has-text-align-center\" data-align=\"center\">\u201eAnalysis of factors determining parameters of ion sensitive field effect transistors as the sensors of biochemical quantities\u201d.\u201d<\/td><td class=\"has-text-align-center\" data-align=\"center\">Prof. Dr. Ing. W\u0142adys\u0142aw Torbicz<\/td><td class=\"has-text-align-center\" data-align=\"center\">Prof. Dr. Ing. Jan Biernat, Prof. Dr. Ing. Tadeusz Palko<\/td><td class=\"has-text-align-center\" data-align=\"center\">10th October 1996&nbsp;<strong><em>with distinction<\/em><\/strong><\/td><\/tr><tr><td class=\"has-text-align-center\" data-align=\"center\">10<\/td><td class=\"has-text-align-center\" data-align=\"center\">Augustine PI\u00d3RKO<\/td><td class=\"has-text-align-center\" data-align=\"center\">\u201ePosturography as a method of assessing human balance system dynamics\u201d.\u201d<\/td><td class=\"has-text-align-center\" data-align=\"center\">Prof. Dr. Ing. W\u0142adys\u0142aw Torbicz<\/td><td class=\"has-text-align-center\" data-align=\"center\">Prof. Dr.-Ing. Adam Morecki, Prof. Dr.-M. Janusz Kubiczkow<\/td><td class=\"has-text-align-center\" data-align=\"center\">24th June 1996<\/td><\/tr><tr><td class=\"has-text-align-center\" data-align=\"center\">11<\/td><td class=\"has-text-align-center\" data-align=\"center\">Wac\u0142aw TULEJA<\/td><td class=\"has-text-align-center\" data-align=\"center\">\u201eHilbert space analysis of L2 ( ab ) free auditory cortical evoked responses\u201d.\u201d<\/td><td class=\"has-text-align-center\" data-align=\"center\">Prof. Dr.-Ing. Wojciech Zmys\u0142owski<\/td><td class=\"has-text-align-center\" data-align=\"center\">Prof. Dr. Jan Tr\u0105bka, Prof. Dr. Eng. Ryszard Tadeusiewicz<\/td><td class=\"has-text-align-center\" data-align=\"center\">24th June 1996<\/td><\/tr><tr><td class=\"has-text-align-center\" data-align=\"center\">12<\/td><td class=\"has-text-align-center\" data-align=\"center\">W\u0142odzimierz WALICHNOWSKI<\/td><td class=\"has-text-align-center\" data-align=\"center\">\u201eMeasurement of hemodynamic parameters of the cardiovascular system by beat-to-beat impedance in functional studies\u201d.\u201d<\/td><td class=\"has-text-align-center\" data-align=\"center\">Prof. Roman Maniewski, D.Sc.<\/td><td class=\"has-text-align-center\" data-align=\"center\">Prof. Dr.-Ing. Tadeusz Palko, Prof. Dr.-Ing. Antoni Nowakowski<\/td><td class=\"has-text-align-center\" data-align=\"center\">20th March 1996<\/td><\/tr><tr><td class=\"has-text-align-center\" data-align=\"center\">13<\/td><td class=\"has-text-align-center\" data-align=\"center\">Stefan ROSI\u0143SKI<\/td><td class=\"has-text-align-center\" data-align=\"center\">\u201eObtaining and testing a proprietary carbon sorbent for extracorporeal blood detoxification\u201d.\u201d<\/td><td class=\"has-text-align-center\" data-align=\"center\">Prof. Dr. Andrzej Wery\u0144ski<\/td><td class=\"has-text-align-center\" data-align=\"center\">Prof. Dr. Leon Grado\u0144 Prof. Dr. med. Tadeusz Or\u0142owski<\/td><td class=\"has-text-align-center\" data-align=\"center\">20th March 1996<\/td><\/tr><tr><td class=\"has-text-align-center\" data-align=\"center\">14<\/td><td class=\"has-text-align-center\" data-align=\"center\">Waldemar ROJNA<\/td><td class=\"has-text-align-center\" data-align=\"center\">\u201eAnalysis of the temporal structures of repetitive hand movements as applied to the determination of upper limb motor bias\u201d.\u201d<\/td><td class=\"has-text-align-center\" data-align=\"center\">Doc. dr hab. Jan Ober<\/td><td class=\"has-text-align-center\" data-align=\"center\">Prof. Dr. Adam Morecki, Prof. Dr. med. Aleksander Kabsch<\/td><td class=\"has-text-align-center\" data-align=\"center\">21st June 1995<\/td><\/tr><tr><td class=\"has-text-align-center\" data-align=\"center\">15<\/td><td class=\"has-text-align-center\" data-align=\"center\">Joanna LIS<\/td><td class=\"has-text-align-center\" data-align=\"center\">\u201eAlgorithms for the synthesis of classification neural networks\u201d.\u201d<\/td><td class=\"has-text-align-center\" data-align=\"center\">Prof. Leon Bobrowski, D.Sc.<\/td><td class=\"has-text-align-center\" data-align=\"center\">Prof. Dr. Ing. Jan Mulawka, Prof. Dr. Ing. Ryszard Tadeusiewicz<\/td><td class=\"has-text-align-center\" data-align=\"center\">24th June 1994.<\/td><\/tr><tr><td class=\"has-text-align-center\" data-align=\"center\">16<\/td><td class=\"has-text-align-center\" data-align=\"center\">Beata TOCZY\u0141OWSKA<\/td><td class=\"has-text-align-center\" data-align=\"center\">\u201eInfluence of selected fluid physicochemical parameters on the measurement of T 1 spin-lattice relaxation time in flowing infusion fluids\u201d.\u201d<\/td><td class=\"has-text-align-center\" data-align=\"center\">Prof. Dr. Zbigniew Dunajski<\/td><td class=\"has-text-align-center\" data-align=\"center\">Prof. dr hab. in\u017c. Adam Pi\u0105tkowski, Doc. dr hab. med. Miros\u0142aw Ryba, Prof. dr hab. in\u017c. Tadeusz Pa\u0142ko<\/td><td class=\"has-text-align-center\" data-align=\"center\">24th June 1994.<\/td><\/tr><tr><td class=\"has-text-align-center\" data-align=\"center\">17<\/td><td class=\"has-text-align-center\" data-align=\"center\">Tomasz G\u00d3LCZEWSKI<\/td><td class=\"has-text-align-center\" data-align=\"center\">\u201eA method for the presentation of selected haemodynamic quantities as vectors in L2 (T) space for the differentiation of biological state\u201d.\u201d<\/td><td class=\"has-text-align-center\" data-align=\"center\">Associate Professor Marek Darowski<\/td><td class=\"has-text-align-center\" data-align=\"center\">Prof. Dr. Ing. Jakub Gutenbaum, Prof. Dr. Ing. W\u0142adys\u0142aw Jarominek, Prof. Dr. med. Andrzej Brodziak<\/td><td class=\"has-text-align-center\" data-align=\"center\">11th May 1994<\/td><\/tr><tr><td class=\"has-text-align-center\" data-align=\"center\">18<\/td><td class=\"has-text-align-center\" data-align=\"center\">Krystyna TATARKIEWICZ<\/td><td class=\"has-text-align-center\" data-align=\"center\">\u201eEvaluation of the biocompatibility of microcapsules made of artificial semipermeable membranes containing Langerhans islands and the effect of opacification on their function in vitro\u201d.\u201d<\/td><td class=\"has-text-align-center\" data-align=\"center\">Prof. Dr. med. Tadeusz Or\u0142owski<\/td><td class=\"has-text-align-center\" data-align=\"center\">Prof. Dr. Andrzej Wery\u0144ski, Prof. Dr. med. Jerzy Kawiak<\/td><td class=\"has-text-align-center\" data-align=\"center\">19th November 1993<\/td><\/tr><tr><td class=\"has-text-align-center\" data-align=\"center\">19<\/td><td class=\"has-text-align-center\" data-align=\"center\">Jerzy SAS<\/td><td class=\"has-text-align-center\" data-align=\"center\">\u201eRecognition with learning and expert rules: methodological foundations and applications in medical diagnosis\u201d.\u201d<\/td><td class=\"has-text-align-center\" data-align=\"center\">Prof. Dr. Marek Kurzy\u0144ski<\/td><td class=\"has-text-align-center\" data-align=\"center\">Prof. Dr. Ernest Czogala, Prof. Dr. med. Zuzanna Morawska<\/td><td class=\"has-text-align-center\" data-align=\"center\">25th June 1993<\/td><\/tr><tr><td class=\"has-text-align-center\" data-align=\"center\">20<\/td><td class=\"has-text-align-center\" data-align=\"center\">Bo\u017cenna KURASZKIEWICZ<\/td><td class=\"has-text-align-center\" data-align=\"center\">\u201eComputer simulation of the high-frequency artificial lung ventilation (HFV) process\u201d.\u201d<\/td><td class=\"has-text-align-center\" data-align=\"center\">Prof. Dr. Andrzej Osiadacz<\/td><td class=\"has-text-align-center\" data-align=\"center\">Prof. dr hab. med. Zdzis\u0142aw Rondio, Prof. dr hab. in\u017c. Tadeusz Pa\u0142ko<\/td><td class=\"has-text-align-center\" data-align=\"center\">13th October 1992<\/td><\/tr><tr><td class=\"has-text-align-center\" data-align=\"center\">21<\/td><td class=\"has-text-align-center\" data-align=\"center\">Marek DOROS<\/td><td class=\"has-text-align-center\" data-align=\"center\">\u201eMethod and algorithms for interpolation of experimental two-dimensional curves for storage in computer memory\u201d.\u201d<\/td><td class=\"has-text-align-center\" data-align=\"center\">Prof. Dr.-Ing. Juliusz L.Kulikowski<\/td><td class=\"has-text-align-center\" data-align=\"center\">Prof. Dr. Maciej Stolarski, Col. Prof. Dr. med. Edward Waniewski<\/td><td class=\"has-text-align-center\" data-align=\"center\">15th January 1992<\/td><\/tr><tr><td class=\"has-text-align-center\" data-align=\"center\">22<\/td><td class=\"has-text-align-center\" data-align=\"center\">Marek ANCUKIEWICZ<\/td><td class=\"has-text-align-center\" data-align=\"center\">\u201eAnalysis of creatine kinetics released in humans during the acute period of myocardial infarction\u201d.\u201d<\/td><td class=\"has-text-align-center\" data-align=\"center\">Prof. Dr. Andrzej Wery\u0144ski<\/td><td class=\"has-text-align-center\" data-align=\"center\">Doc. dr hab. med. Gra\u017cyna \u015awi\u0105tecka, Doc. dr hab. in\u017c. Leon Bobrowski<\/td><td class=\"has-text-align-center\" data-align=\"center\">27th June 1990<\/td><\/tr><\/tbody><\/table><\/figure>","protected":false},"excerpt":{"rendered":"<p>Lp Imi\u0119 Nazwisko Tytu\u0142 rozprawy doktorskiej Promotor Recenzenci Data nadania stopnia przez RN 1 2 3 4 5 6 1 Piotr LEWANDOWSKI \u201eProblemy analizy sygna\u0142\u00f3w &nbsp; elektrokardiograficznych i magnetokardio-graficznych o wysokiej &nbsp; rozdzielczo\u015bci\u201d Prof. dr hab. in\u017c. Roman &nbsp; Maniewski Prof. dr hab. Katarzyna Cie\u015blak-Blinowska, Prof. dr &nbsp; hab. in\u017c. Henryk Wierzba 7 grudnia 1999r. [&hellip;]<\/p>\n","protected":false},"author":1,"featured_media":0,"parent":442,"menu_order":0,"comment_status":"closed","ping_status":"closed","template":"page.php","meta":{"_acf_changed":false,"_only_polish":false,"footnotes":""},"folder":[25],"class_list":["post-2614","page","type-page","status-publish","hentry"],"acf":[],"_links":{"self":[{"href":"https:\/\/ibib.waw.pl\/en\/wp-json\/wp\/v2\/pages\/2614","targetHints":{"allow":["GET"]}}],"collection":[{"href":"https:\/\/ibib.waw.pl\/en\/wp-json\/wp\/v2\/pages"}],"about":[{"href":"https:\/\/ibib.waw.pl\/en\/wp-json\/wp\/v2\/types\/page"}],"author":[{"embeddable":true,"href":"https:\/\/ibib.waw.pl\/en\/wp-json\/wp\/v2\/users\/1"}],"replies":[{"embeddable":true,"href":"https:\/\/ibib.waw.pl\/en\/wp-json\/wp\/v2\/comments?post=2614"}],"version-history":[{"count":1,"href":"https:\/\/ibib.waw.pl\/en\/wp-json\/wp\/v2\/pages\/2614\/revisions"}],"predecessor-version":[{"id":2615,"href":"https:\/\/ibib.waw.pl\/en\/wp-json\/wp\/v2\/pages\/2614\/revisions\/2615"}],"up":[{"embeddable":true,"href":"https:\/\/ibib.waw.pl\/en\/wp-json\/wp\/v2\/pages\/442"}],"wp:attachment":[{"href":"https:\/\/ibib.waw.pl\/en\/wp-json\/wp\/v2\/media?parent=2614"}],"wp:term":[{"taxonomy":"folder","embeddable":true,"href":"https:\/\/ibib.waw.pl\/en\/wp-json\/wp\/v2\/folder?post=2614"}],"curies":[{"name":"wp","href":"https:\/\/api.w.org\/{rel}","templated":true}]}}