{"id":2609,"date":"2026-02-19T15:13:54","date_gmt":"2026-02-19T14:13:54","guid":{"rendered":"https:\/\/ibib.waw.pl\/?page_id=2609"},"modified":"2026-02-19T15:23:34","modified_gmt":"2026-02-19T14:23:34","slug":"doktoraty-lata-2000-2004","status":"publish","type":"page","link":"https:\/\/ibib.waw.pl\/en\/kariera-i-edukacja\/stopnie-naukowe\/doktoraty-lata-2000-2004\/","title":{"rendered":"Doctoral Degrees 2000-2004"},"content":{"rendered":"<figure class=\"wp-block-table table-stripes\"><table class=\"has-fixed-layout\"><tbody><tr><td class=\"has-text-align-center\" data-align=\"center\"><strong>No.<\/strong><\/td><td class=\"has-text-align-center\" data-align=\"center\"><strong>Name<\/strong><\/td><td class=\"has-text-align-center\" data-align=\"center\"><strong>Title of the Doctoral Thesis<\/strong><\/td><td class=\"has-text-align-center\" data-align=\"center\"><strong>Supervisor<\/strong><\/td><td class=\"has-text-align-center\" data-align=\"center\"><strong>Reviewers<\/strong><\/td><td class=\"has-text-align-center\" data-align=\"center\"><strong>Degree conferred<\/strong><\/td><\/tr><tr><td class=\"has-text-align-center\" data-align=\"center\"><strong>1<\/strong><\/td><td class=\"has-text-align-center\" data-align=\"center\"><strong>2<\/strong><\/td><td class=\"has-text-align-center\" data-align=\"center\"><strong>3<\/strong><\/td><td class=\"has-text-align-center\" data-align=\"center\"><strong>4<\/strong><\/td><td class=\"has-text-align-center\" data-align=\"center\"><strong>5<\/strong><\/td><td class=\"has-text-align-center\" data-align=\"center\"><strong>6<\/strong><\/td><\/tr><tr><td class=\"has-text-align-center\" data-align=\"center\">1<\/td><td class=\"has-text-align-center\" data-align=\"center\">Andrzej DYSZKIEWICZ<\/td><td class=\"has-text-align-center\" data-align=\"center\">\u201eSeparator do automatycznej segregacji i &nbsp; identyfikacji sk\u0142adnik\u00f3w p\u0142yn\u00f3w biologicznych w polach si\u0142 od\u015brodkowych, &nbsp; elektrycznych i magnetycznych\u201d<\/td><td class=\"has-text-align-center\" data-align=\"center\">Prof. dr hab. in\u017c. Zygmunt Wr\u00f3bel<\/td><td class=\"has-text-align-center\" data-align=\"center\">Dr hab. in\u017c. Andrzej Chojnowski, Prof. dr hab. in\u017c. &nbsp; Jerzy Fr\u0105czek<\/td><td class=\"has-text-align-center\" data-align=\"center\">18th May 2004<\/td><\/tr><tr><td class=\"has-text-align-center\" data-align=\"center\">2<\/td><td class=\"has-text-align-center\" data-align=\"center\">Krzysztof R\u00d3\u017bANOWSKI<\/td><td class=\"has-text-align-center\" data-align=\"center\">\u201eDynamika zmian reakcji fizjologicznych organizmu &nbsp; pilot\u00f3w poddawanych przemiennym przeci\u0105\u017ceniom wzd\u0142u\u017c osi pod\u0142u\u017cnej cia\u0142a\u201d<\/td><td class=\"has-text-align-center\" data-align=\"center\">Prof. Dr. Ing. W\u0142adys\u0142aw Torbicz<\/td><td class=\"has-text-align-center\" data-align=\"center\">Prof. dr hab. in\u017c. Jakub Gutenbaum, Prof. dr hab. &nbsp; in\u017c. Krzysztof Janiszowski<\/td><td class=\"has-text-align-center\" data-align=\"center\">18th May 2004<\/td><\/tr><tr><td class=\"has-text-align-center\" data-align=\"center\">3<\/td><td class=\"has-text-align-center\" data-align=\"center\">Ewa \u0141UKOWSKA<\/td><td class=\"has-text-align-center\" data-align=\"center\">\u201eOpracowanie i badanie wybranych szybkich test\u00f3w &nbsp; kolorymetrycznych do oznacze\u0144 chemicznych i biochemicznych\u201d<\/td><td class=\"has-text-align-center\" data-align=\"center\">Doc. dr hab. in\u017c. Andrzej Chwojnowski<\/td><td class=\"has-text-align-center\" data-align=\"center\">Prof. dr hab. in\u017c. Jacek Namie\u015bnik, Prof. dr hab. &nbsp; in\u017c. Kazimierz Starowieyski<\/td><td class=\"has-text-align-center\" data-align=\"center\">02nd March 2004<\/td><\/tr><tr><td class=\"has-text-align-center\" data-align=\"center\">4<\/td><td class=\"has-text-align-center\" data-align=\"center\">El\u017cbieta OLEJARCZYK<\/td><td class=\"has-text-align-center\" data-align=\"center\">\u201e Analysis of EEG signals &nbsp; using fractal dimension\u201d<\/td><td class=\"has-text-align-center\" data-align=\"center\">Doc. dr hab. W. Klonowski<\/td><td class=\"has-text-align-center\" data-align=\"center\">Prof. dr hab. med. Waldemar &nbsp; Szelenberger, Prof. dr hab. in\u017c.&nbsp;Wojciech &nbsp; Zmys\u0142owski<\/td><td class=\"has-text-align-center\" data-align=\"center\">01st July 2003<\/td><\/tr><tr><td class=\"has-text-align-center\" data-align=\"center\">5<\/td><td class=\"has-text-align-center\" data-align=\"center\">Barbara STANKIEWICZ (RACZEK)<\/td><td class=\"has-text-align-center\" data-align=\"center\">\u201eBadanie zawarto\u015bci dwutlenku w\u0119gla w powietrzu &nbsp; wydychanym podczas m\u00f3wienia os\u00f3b j\u0105kaj\u0105cych si\u0119 i m\u00f3wi\u0105cych p\u0142ynnie\u201d<\/td><td class=\"has-text-align-center\" data-align=\"center\">Prof. dr hab. Bogdan Adamczyk<\/td><td class=\"has-text-align-center\" data-align=\"center\">Prof. dr hab. in\u017c. W\u0142adys\u0142aw Torbicz, Prof. dr hab. &nbsp; med. Zygmunt Paw\u0142owski<\/td><td class=\"has-text-align-center\" data-align=\"center\">01st July 2003<\/td><\/tr><tr><td class=\"has-text-align-center\" data-align=\"center\">6<\/td><td class=\"has-text-align-center\" data-align=\"center\">Jakub RADLI\u0143SKI<\/td><td class=\"has-text-align-center\" data-align=\"center\">\u201eWyb\u00f3r efektywnego algorytmu optymalizacji w &nbsp; zastosowaniach do wyznaczania parametr\u00f3w modelu uk\u0142adu oddechowego\u201d<\/td><td class=\"has-text-align-center\" data-align=\"center\">Dr hab. Waldemar Tomalak<\/td><td class=\"has-text-align-center\" data-align=\"center\">Prof. dr hab. in\u017c. Jakub Gutenbaum, Dr hab. in\u017c. &nbsp; Robert Rudowski<\/td><td class=\"has-text-align-center\" data-align=\"center\">01st July 2003<\/td><\/tr><tr><td class=\"has-text-align-center\" data-align=\"center\">7<\/td><td class=\"has-text-align-center\" data-align=\"center\">Mgr in\u017c. Agnieszka ONI\u015aKO<\/td><td class=\"has-text-align-center\" data-align=\"center\">\u201eProbabilistic causal models &nbsp; in medicine: Application to diagnosis of liver disorders\u201d<\/td><td class=\"has-text-align-center\" data-align=\"center\">Doc. dr hab. in\u017c. Leon Bobrowski<\/td><td class=\"has-text-align-center\" data-align=\"center\">Prof. dr hab. in\u017c. Juliusz L. Kulikowski, Dr hab. &nbsp; in\u017c. S\u0142awomir Wierzcho\u0144<\/td><td class=\"has-text-align-center\" data-align=\"center\">01st April 2003<\/td><\/tr><tr><td class=\"has-text-align-center\" data-align=\"center\">8<\/td><td class=\"has-text-align-center\" data-align=\"center\">Marcin DERLATKA<\/td><td class=\"has-text-align-center\" data-align=\"center\">\u201eMetoda analizy i oceny energetycznej chodu &nbsp; cz\u0142owieka\u201d<\/td><td class=\"has-text-align-center\" data-align=\"center\">Dr hab. in\u017c. Krzysztof Jaworek<\/td><td class=\"has-text-align-center\" data-align=\"center\">Prof. dr hab. in\u017c. Wojciech Zmys\u0142owski, Prof. dr &nbsp; hab. Adam Borkowski<\/td><td class=\"has-text-align-center\" data-align=\"center\">09th July 2002<\/td><\/tr><tr><td class=\"has-text-align-center\" data-align=\"center\">9<\/td><td class=\"has-text-align-center\" data-align=\"center\">Ma\u0142gorzata KR\u0118TOWSKA<\/td><td class=\"has-text-align-center\" data-align=\"center\">\u201eSieci &nbsp; neuropodobne jako narz\u0119dzie analizy historii zdarze\u0144\u201d<\/td><td class=\"has-text-align-center\" data-align=\"center\">Doc. dr hab. in\u017c. Leon Bobrowski<\/td><td class=\"has-text-align-center\" data-align=\"center\">Prof. dr hab. in\u017c. Juliusz L. Kulikowski, Prof. dr &nbsp; hab. in\u017c. Leszek Rutkowski<\/td><td class=\"has-text-align-center\" data-align=\"center\">09th July 2002<\/td><\/tr><tr><td class=\"has-text-align-center\" data-align=\"center\">10<\/td><td class=\"has-text-align-center\" data-align=\"center\">Maciej POKORA<\/td><td class=\"has-text-align-center\" data-align=\"center\">\u201eModel&nbsp;&nbsp; aktywizacji pionizacyjno-lokomocyjnej pacjent\u00f3w z pora\u017ceniem ko\u0144czyn &nbsp; dolnych\u201d<\/td><td class=\"has-text-align-center\" data-align=\"center\">Prof. Marek Darowski, PhD, DSc<\/td><td class=\"has-text-align-center\" data-align=\"center\">Prof. dr hab. med. Krystyna Dobosiewicz, Prof. dr &nbsp; hab. in\u017c. Wojciech Zmys\u0142owski<\/td><td class=\"has-text-align-center\" data-align=\"center\">29th January 2002&nbsp;<strong><em>with distinction<\/em><\/strong><\/td><\/tr><tr><td class=\"has-text-align-center\" data-align=\"center\">11<\/td><td class=\"has-text-align-center\" data-align=\"center\">Marek DAWGUL<\/td><td class=\"has-text-align-center\" data-align=\"center\">\u201eP\u00f3\u0142przewodnikowe czujniki i bioczujniki oparte na &nbsp; detekcji jon\u00f3w amonowych\u201d<\/td><td class=\"has-text-align-center\" data-align=\"center\">Prof. dr hab. Zbigniew Brz\u00f3zka<\/td><td class=\"has-text-align-center\" data-align=\"center\">Prof. dr hab. in\u017c. Kazimierz Starowieyski, Prof. dr &nbsp; hab. Jan Biernat<\/td><td class=\"has-text-align-center\" data-align=\"center\">08th May 2001<\/td><\/tr><tr><td class=\"has-text-align-center\" data-align=\"center\">12<\/td><td class=\"has-text-align-center\" data-align=\"center\">Andrzej J\u00d3\u0179WIAK<\/td><td class=\"has-text-align-center\" data-align=\"center\">\u201eOpracowanie oraz ocena por\u00f3wnawcza naturalnych i &nbsp; heparynizowanych membran kapilarnych z octanu celulozy do pozaustrojowego &nbsp; oczyszczania krwi\u201d<\/td><td class=\"has-text-align-center\" data-align=\"center\">Prof. dr hab. in\u017c. Jan M.W\u00f3jcicki<\/td><td class=\"has-text-align-center\" data-align=\"center\">Prof. dr hab. in\u017c. W\u0142adys\u0142aw Torbicz, Dr hab. med. &nbsp; Ryszard Gellert<\/td><td class=\"has-text-align-center\" data-align=\"center\">08th May 2001&nbsp;<strong><em>with distinction<\/em><\/strong><\/td><\/tr><tr><td class=\"has-text-align-center\" data-align=\"center\">13<\/td><td class=\"has-text-align-center\" data-align=\"center\">Dorota LEWI\u0143SKA<\/td><td class=\"has-text-align-center\" data-align=\"center\">\u201eO mo\u017cliwo\u015bci wykorzystania pektyny jako materia\u0142u &nbsp; sorpcyjnego do usuwania LDL &#8211; cholesterolu\u201d<\/td><td class=\"has-text-align-center\" data-align=\"center\">Dr hab. in\u017c. Wojciech Pi\u0105tkiewicz<\/td><td class=\"has-text-align-center\" data-align=\"center\">Prof. dr hab. Tadeusz Chojnacki, Prof. dr hab. in\u017c. &nbsp; Kazimierz Starowieyski<\/td><td class=\"has-text-align-center\" data-align=\"center\">04th April 2000&nbsp;<strong><em>with distinction<\/em><\/strong><\/td><\/tr><tr><td class=\"has-text-align-center\" data-align=\"center\">14<\/td><td class=\"has-text-align-center\" data-align=\"center\">Anna KORZY\u0143SKA<\/td><td class=\"has-text-align-center\" data-align=\"center\">\u201eKomputerowa ocena ruchu i kszta\u0142tu granulocyt\u00f3w &nbsp; oboj\u0119tnoch\u0142onnych\u201d<\/td><td class=\"has-text-align-center\" data-align=\"center\">Prof. dr hab. in\u017c. Juliusz L. Kulikowski<\/td><td class=\"has-text-align-center\" data-align=\"center\">Prof. dr hab. Zdzis\u0142aw Paw\u0142owski<\/td><td class=\"has-text-align-center\" data-align=\"center\">04th April 2000&nbsp;<strong><em>with distinction<\/em><\/strong><\/td><\/tr><tr><td class=\"has-text-align-center\" data-align=\"center\">15<\/td><td class=\"has-text-align-center\" data-align=\"center\">Norbert JANKOWSKI<\/td><td class=\"has-text-align-center\" data-align=\"center\">\u201eOntogeniczne sieci neuronowe w zastosowaniu do &nbsp; klasyfikacji danych medycznych\u201d<\/td><td class=\"has-text-align-center\" data-align=\"center\">Prof. dr hab. W\u0142odzis\u0142aw Duch<\/td><td class=\"has-text-align-center\" data-align=\"center\">Prof. dr hab. in\u017c. Juliusz L. Kulikowski, Prof. dr &nbsp; hab. in\u017c. Leszek Rutkowski<\/td><td class=\"has-text-align-center\" data-align=\"center\">26th April  2000<\/td><\/tr><tr><td class=\"has-text-align-center\" data-align=\"center\">16<\/td><td class=\"has-text-align-center\" data-align=\"center\">Marcin MICHNIKOWSKI<\/td><td class=\"has-text-align-center\" data-align=\"center\">\u201eBudowa i weryfikacja systemu eksperckiego sztucznej &nbsp; wentylacji p\u0142uc noworodk\u00f3w, AVES &#8211; N\u201d<\/td><td class=\"has-text-align-center\" data-align=\"center\">Doc. dr hab. in\u017c.&nbsp;&nbsp; Robert Rudowski<\/td><td class=\"has-text-align-center\" data-align=\"center\">Prof. dr hab. in\u017c. Juliusz L. Kulikowski, Prof. dr &nbsp; hab. med. Jacek Jastrz\u0119bski<\/td><td class=\"has-text-align-center\" data-align=\"center\">26th April  2000<\/td><\/tr><\/tbody><\/table><\/figure>","protected":false},"excerpt":{"rendered":"<p>Lp Imi\u0119 Nazwisko Tytu\u0142 rozprawy doktorskiej Promotor Recenzenci Data nadania stopnia przez RN 1 2 3 4 5 6 1 Andrzej DYSZKIEWICZ \u201eSeparator do automatycznej segregacji i &nbsp; identyfikacji sk\u0142adnik\u00f3w p\u0142yn\u00f3w biologicznych w polach si\u0142 od\u015brodkowych, &nbsp; elektrycznych i magnetycznych\u201d Prof. dr hab. in\u017c. Zygmunt Wr\u00f3bel Dr hab. in\u017c. Andrzej Chojnowski, Prof. dr hab. in\u017c. [&hellip;]<\/p>\n","protected":false},"author":1,"featured_media":0,"parent":442,"menu_order":0,"comment_status":"closed","ping_status":"closed","template":"page.php","meta":{"_acf_changed":false,"_only_polish":false,"footnotes":""},"folder":[25],"class_list":["post-2609","page","type-page","status-publish","hentry"],"acf":[],"_links":{"self":[{"href":"https:\/\/ibib.waw.pl\/en\/wp-json\/wp\/v2\/pages\/2609","targetHints":{"allow":["GET"]}}],"collection":[{"href":"https:\/\/ibib.waw.pl\/en\/wp-json\/wp\/v2\/pages"}],"about":[{"href":"https:\/\/ibib.waw.pl\/en\/wp-json\/wp\/v2\/types\/page"}],"author":[{"embeddable":true,"href":"https:\/\/ibib.waw.pl\/en\/wp-json\/wp\/v2\/users\/1"}],"replies":[{"embeddable":true,"href":"https:\/\/ibib.waw.pl\/en\/wp-json\/wp\/v2\/comments?post=2609"}],"version-history":[{"count":3,"href":"https:\/\/ibib.waw.pl\/en\/wp-json\/wp\/v2\/pages\/2609\/revisions"}],"predecessor-version":[{"id":2613,"href":"https:\/\/ibib.waw.pl\/en\/wp-json\/wp\/v2\/pages\/2609\/revisions\/2613"}],"up":[{"embeddable":true,"href":"https:\/\/ibib.waw.pl\/en\/wp-json\/wp\/v2\/pages\/442"}],"wp:attachment":[{"href":"https:\/\/ibib.waw.pl\/en\/wp-json\/wp\/v2\/media?parent=2609"}],"wp:term":[{"taxonomy":"folder","embeddable":true,"href":"https:\/\/ibib.waw.pl\/en\/wp-json\/wp\/v2\/folder?post=2609"}],"curies":[{"name":"wp","href":"https:\/\/api.w.org\/{rel}","templated":true}]}}