{"id":222,"date":"2026-01-18T17:21:42","date_gmt":"2026-01-18T16:21:42","guid":{"rendered":"https:\/\/ibib.waw.pl\/?page_id=222"},"modified":"2026-04-03T13:29:21","modified_gmt":"2026-04-03T11:29:21","slug":"cennik","status":"publish","type":"page","link":"https:\/\/ibib.waw.pl\/en\/centrum-konferencyjne\/cennik\/","title":{"rendered":"Pricing"},"content":{"rendered":"<figure class=\"wp-block-image size-full\"><img decoding=\"async\" src=\"https:\/\/ibib.waw.pl\/wp-content\/uploads\/2026\/01\/co_present_31dp_1F1F1F_FILL0_wght400_GRAD-25_opsz48-1.svg\" alt=\"\" class=\"wp-image-231\"\/><\/figure>\n\n\n\n<h2 class=\"wp-block-heading no-margin\">Meeting rooms:<\/h2>\n\n\n\n<div style=\"height:15px\" aria-hidden=\"true\" class=\"wp-block-spacer\"><\/div>\n\n\n\n<div class=\"wp-block-group is-layout-grid wp-container-core-group-is-layout-9623da6b wp-block-group-is-layout-grid\">\n<figure class=\"wp-block-table table-pricing\"><table class=\"has-fixed-layout\"><thead><tr><th>Aula<\/th><\/tr><\/thead><tbody><tr><td>Area: 400 m2<br>Theatre layout: 144<br>Uk\u0142ad \u00a0w liter\u0119 \u201cO\u201d: \u2014<br>Arrangement in \u201cU\u201d: -<br><strong>Cena netto: 4500 z\u0142<br>Cena brutto: 5535 z\u0142<\/strong><\/td><\/tr><\/tbody><\/table><\/figure>\n\n\n\n<figure class=\"wp-block-table table-pricing wp-container-content-b959ccbe\"><table class=\"has-fixed-layout\"><thead><tr><th>Lecture hall<\/th><\/tr><\/thead><tbody><tr><td>Area: 400 m2<br>Theatre layout: 144<br>Uk\u0142ad \u00a0w liter\u0119 \u201cO\u201d: \u2014<br>Arrangement in \u201cU\u201d: -<br><strong>Cena netto: 2600 z\u0142<br>Cena brutto: 3198 z\u0142<\/strong><\/td><\/tr><\/tbody><\/table><\/figure>\n\n\n\n<figure class=\"wp-block-table table-pricing wp-container-content-b959ccbe\"><table class=\"has-fixed-layout\"><thead><tr><th>Conference room<\/th><\/tr><\/thead><tbody><tr><td>Area: 70 m2<br>Theatre layout: 55<br>Uk\u0142ad \u00a0w liter\u0119 \u201cO\u201d: 25<br>Arrangement in \u201cU\u201d: 20-40<br><strong>Cena netto: 1400 z\u0142<br>Cena brutto: 1722 z\u0142<\/strong><\/td><\/tr><\/tbody><\/table><\/figure>\n\n\n\n<figure class=\"wp-block-table table-pricing\"><table class=\"has-fixed-layout\"><thead><tr><th>Seminar room<\/th><\/tr><\/thead><tbody><tr><td>Area: 33 m2<br>Theatre layout: 20<br>Arrangement in the letter \u201cO\u201d: 10<br>Arrangement in \u201cU\u201d: 20<br><strong>Net price: 500 PLN<br>Gross price: 615 PLN<\/strong><\/td><\/tr><\/tbody><\/table><\/figure>\n\n\n\n<figure class=\"wp-block-table table-pricing\"><table class=\"has-fixed-layout\"><thead><tr><th>PW1 \/ PW2<\/th><\/tr><\/thead><tbody><tr><td>Area: 17 m2<br>Theatre layout: -<br>Uk\u0142ad \u00a0w liter\u0119 \u201cO\u201d: 8<br>Arrangement in \u201cU\u201d: -<br><strong>Cena netto: 300 z\u0142<br>Cena brutto: 369 z\u0142<\/strong><\/td><\/tr><\/tbody><\/table><\/figure>\n\n\n\n<figure class=\"wp-block-table table-pricing\"><table class=\"has-fixed-layout\"><thead><tr><th>Exhibition Hall<\/th><\/tr><\/thead><tbody><tr><td>Area: 300 m2<br>Theatre layout: 100<br>Arrangement in the letter \u201cO\u201d: 60<br>Arrangement in \u201cU\u201d: 80<br><strong>Net price: 2000 PLN<br>Gross price: 2460 PLN<\/strong><\/td><\/tr><\/tbody><\/table><\/figure>\n\n\n\n<figure class=\"wp-block-table table-pricing\"><table class=\"has-fixed-layout\"><thead><tr><th>Buffet Room<\/th><\/tr><\/thead><tbody><tr><td>Area: 80 m2<br>Theatre layout: 45<br>Arrangement in the letter \u201cO\u201d: 25<br><strong>Arrangement in \u201cU\u201d: 35<br>Net price: 500 PLN<br>Gross price: 615 PLN<\/strong><\/td><\/tr><\/tbody><\/table><\/figure>\n<\/div>\n\n\n\n<div style=\"height:30px\" aria-hidden=\"true\" class=\"wp-block-spacer\"><\/div>\n\n\n\n<p><strong>The rental price also includes:<\/strong> sound system, wireless microphone, internet access, screen, possibility to use the indoor garden - patio.<\/p>\n\n\n\n<div class=\"wp-block-columns is-layout-flex wp-container-core-columns-is-layout-9d6595d7 wp-block-columns-is-layout-flex\">\n<div class=\"wp-block-column is-layout-flow wp-block-column-is-layout-flow\">\n<figure class=\"wp-block-table table-pricing\"><table class=\"has-fixed-layout\"><thead><tr><th>Technical equipment, service (net prices):<\/th><\/tr><\/thead><tbody><tr><td>Computer projector - 100 PLN, Flipchart - 50 PLN,<br>Poster poster board - 50 PLN,<br>Laptop - 200 PLN,<br>Obs\u0142uga techniczna: 4-godz. \u2013 350 z\u0142, 8-godz. 500 z\u0142, powy\u017cej 8 godz. 50 z\u0142 za ka\u017cd\u0105 rozpocz\u0119t\u0105 godzin\u0119<br>Stoisko wystawowe powy\u017cej 4m<sup>2<\/sup> &#8211; 300 z\u0142<br>Widescreen TV - 150 PLN,<br>VCR - 100 PLN,<br>Nagrywanie audio wyk\u0142ad\u00f3w mp3 \u2013150 z\u0142\/godz,<br>Miejsce parkingowe: 30 z\u0142 \/ doba; 4 z\u0142 \/ godz,<br>Additional information: room rental of up to 4 hours - discount of up to 30%<\/td><\/tr><\/tbody><\/table><\/figure>\n<\/div>\n\n\n\n<div class=\"wp-block-column is-layout-flow wp-block-column-is-layout-flow\"><\/div>\n<\/div>\n\n\n\n<div style=\"height:30px\" aria-hidden=\"true\" class=\"wp-block-spacer\"><\/div>\n\n\n\n<p>Organisers cooperating with the IBIB on a regular basis or using a set of services and several rooms at the same time are offered high discounts and preferential rental conditions.<\/p>\n\n\n\n<figure class=\"wp-block-image size-full\"><img decoding=\"async\" src=\"https:\/\/ibib.waw.pl\/wp-content\/uploads\/2026\/01\/bed_31dp_1F1F1F_FILL0_wght400_GRAD-25_opsz24-1.svg\" alt=\"\" class=\"wp-image-249\"\/><\/figure>\n\n\n\n<h2 class=\"wp-block-heading no-margin\">Accommodation with breakfast<\/h2>\n\n\n\n<div style=\"height:15px\" aria-hidden=\"true\" class=\"wp-block-spacer\"><\/div>\n\n\n\n<div class=\"wp-block-group is-layout-grid wp-container-core-group-is-layout-9649a0d9 wp-block-group-is-layout-grid\">\n<figure class=\"wp-block-table table-pricing\"><table class=\"has-fixed-layout\"><thead><tr><th>Single room<\/th><\/tr><\/thead><tbody><tr><td><strong>Gross price:<\/strong> 300 z\u0142<\/td><\/tr><\/tbody><\/table><\/figure>\n\n\n\n<figure class=\"wp-block-table table-pricing\"><table class=\"has-fixed-layout\"><thead><tr><th>Double room<\/th><\/tr><\/thead><tbody><tr><td><strong>Gross price:<\/strong> 350 z\u0142<\/td><\/tr><\/tbody><\/table><\/figure>\n\n\n\n<figure class=\"wp-block-table table-pricing\"><table class=\"has-fixed-layout\"><thead><tr><th>Studio z aneksem kuchennym<\/th><\/tr><\/thead><tbody><tr><td><strong>Gross price:<\/strong> 500 z\u0142<\/td><\/tr><\/tbody><\/table><\/figure>\n\n\n\n<figure class=\"wp-block-table table-pricing\"><table class=\"has-fixed-layout\"><thead><tr><th>\u015aniadania<\/th><\/tr><\/thead><tbody><tr><td><strong>Gross price:<\/strong> 35 z\u0142<\/td><\/tr><\/tbody><\/table><\/figure>\n<\/div>\n\n\n\n<div style=\"height:30px\" aria-hidden=\"true\" class=\"wp-block-spacer\"><\/div>\n\n\n\n<p><strong>Additional information:<\/strong><\/p>\n\n\n\n<ul class=\"wp-block-list\">\n<li>Prices include vat 8%, Guests have free internet access in each room,<\/li>\n\n\n\n<li>Go\u015bciom zapewniamy nieodp\u0142atnie mo\u017cliwo\u015b\u0107 korzystania z pokoju biznesowego,<\/li>\n\n\n\n<li>We give a discount for group bookings of 10%<\/li>\n\n\n\n<li>Koszt przed\u0142u\u017cenia doby do 12h 100 z\u0142<\/li>\n\n\n\n<li>Guests accommodated for more than 7 nights will receive a discount of 15%<\/li>\n<\/ul>","protected":false},"excerpt":{"rendered":"<p>Sale konferencyjne: Aula Powierzchnia: 400 m2Uk\u0142ad teatralny: 144Uk\u0142ad \u00a0w liter\u0119 \u201cO\u201d: \u2014Uk\u0142ad w \u201cU\u201d: \u2014Cena netto: 4500 z\u0142Cena brutto: 5535 z\u0142 Sala Wyk\u0142adowa Powierzchnia: 400 m2Uk\u0142ad teatralny: 144Uk\u0142ad \u00a0w liter\u0119 \u201cO\u201d: \u2014Uk\u0142ad w \u201cU\u201d: \u2014Cena netto: 2600 z\u0142Cena brutto: 3198 z\u0142 Sala konferencyjna Powierzchnia: 70 m2Uk\u0142ad teatralny: 55Uk\u0142ad \u00a0w liter\u0119 \u201cO\u201d: 25Uk\u0142ad w \u201cU\u201d: 20-40Cena [&hellip;]<\/p>\n","protected":false},"author":1,"featured_media":0,"parent":142,"menu_order":0,"comment_status":"closed","ping_status":"closed","template":"","meta":{"_acf_changed":false,"_only_polish":false,"footnotes":""},"folder":[24],"class_list":["post-222","page","type-page","status-publish","hentry"],"acf":[],"_links":{"self":[{"href":"https:\/\/ibib.waw.pl\/en\/wp-json\/wp\/v2\/pages\/222","targetHints":{"allow":["GET"]}}],"collection":[{"href":"https:\/\/ibib.waw.pl\/en\/wp-json\/wp\/v2\/pages"}],"about":[{"href":"https:\/\/ibib.waw.pl\/en\/wp-json\/wp\/v2\/types\/page"}],"author":[{"embeddable":true,"href":"https:\/\/ibib.waw.pl\/en\/wp-json\/wp\/v2\/users\/1"}],"replies":[{"embeddable":true,"href":"https:\/\/ibib.waw.pl\/en\/wp-json\/wp\/v2\/comments?post=222"}],"version-history":[{"count":29,"href":"https:\/\/ibib.waw.pl\/en\/wp-json\/wp\/v2\/pages\/222\/revisions"}],"predecessor-version":[{"id":3199,"href":"https:\/\/ibib.waw.pl\/en\/wp-json\/wp\/v2\/pages\/222\/revisions\/3199"}],"up":[{"embeddable":true,"href":"https:\/\/ibib.waw.pl\/en\/wp-json\/wp\/v2\/pages\/142"}],"wp:attachment":[{"href":"https:\/\/ibib.waw.pl\/en\/wp-json\/wp\/v2\/media?parent=222"}],"wp:term":[{"taxonomy":"folder","embeddable":true,"href":"https:\/\/ibib.waw.pl\/en\/wp-json\/wp\/v2\/folder?post=222"}],"curies":[{"name":"wp","href":"https:\/\/api.w.org\/{rel}","templated":true}]}}