{"id":194,"date":"2026-01-18T16:46:36","date_gmt":"2026-01-18T15:46:36","guid":{"rendered":"https:\/\/ibib.waw.pl\/?page_id=194"},"modified":"2026-03-18T11:42:30","modified_gmt":"2026-03-18T10:42:30","slug":"pokoje-goscinne-warszawa","status":"publish","type":"page","link":"https:\/\/ibib.waw.pl\/en\/centrum-konferencyjne\/pokoje-goscinne-warszawa\/","title":{"rendered":"Guest rooms Warsaw"},"content":{"rendered":"<p>Are you going to a conference in Warsaw for a few days? It would be a good idea to think about accommodation beforehand.\u00a0<br>Our Conference Centre offers guest rooms in Warsaw. We are located close to the centre, in a place perfectly connected with the most interesting points in the city. The IBIB PAN Conference Centre has several rooms for conferences and training courses on the most current topics and issues from the world of science and business. For meeting participants, the possibility to stay overnight at the conference venue is a great convenience. Immediately after classes, presentations or lectures, they can go to their rooms, which are located near the lecture halls. Participants don't have to waste time commuting or moving around the city. Our guest rooms provide a peaceful retreat away from the busy roads. They are superbly equipped. All rooms have en-suite bathrooms, WiFi, radio, telephone and internet access. When ordering a room, guests may take advantage of breakfast served in the buffet room, or prepare their own breakfast in the communal kitchenette equipped with a kettle, microwave and necessary utensils. Small fridges are available in the rooms. In addition, conference participants can use the reception desk, order taxis or wake-up calls for a specific time and make use of additional equipment, hairdryers, irons, etc. So if you are going to a conference in the capital, be sure to take advantage of the possibilities offered by the IBIB PAN guest rooms.<\/p>\n\n\n\n<div style=\"height:30px\" aria-hidden=\"true\" class=\"wp-block-spacer\"><\/div>\n\n\n\n<h2 class=\"wp-block-heading section-title-underline\">Offer<\/h2>\n\n\n\n<div class=\"wp-block-columns is-layout-flex wp-container-core-columns-is-layout-9d6595d7 wp-block-columns-is-layout-flex\">\n<div class=\"wp-block-column is-layout-flow wp-block-column-is-layout-flow\">\n<p>The centre has a capacity of 31 beds. We can accommodate 20 people in double rooms. In addition, we have a two-room flat for families with children.&nbsp;<br>All rooms are equipped with full sanitary facilities, satellite TV, radio, telephone, fridge, kettle, Internet access. Guests have the possibility to use a public kitchenette and designated parking spaces.<\/p>\n<\/div>\n\n\n\n<div class=\"wp-block-column regular-page is-layout-flow wp-block-column-is-layout-flow\">\n<p><strong>The accommodation price includes:<\/strong><\/p>\n\n\n\n<ul class=\"wp-block-list\">\n<li>breakfast<\/li>\n\n\n\n<li>Internet access (fixed connection in rooms and WiFi)<\/li>\n\n\n\n<li>wake-up call<\/li>\n\n\n\n<li>possibility to use hair dryer, iron, kettle, microwave<\/li>\n\n\n\n<li>ordering a taxi<\/li>\n<\/ul>\n<\/div>\n<\/div>\n\n\n\n<div class=\"wp-block-custom-icon-text-list icon-text-list\">\n<div class=\"wp-block-custom-icon-text-item icon-text-item\"><div class=\"icon-text-item__icon\"><img decoding=\"async\" src=\"https:\/\/ibib.waw.pl\/wp-content\/uploads\/2026\/01\/alarm_on_24dp_1F1F1F_FILL0_wght400_GRAD0_opsz24-1.svg\" alt=\"alarm_on_24dp_1F1F1F_FILL0_wght400_GRAD0_opsz24 1\" loading=\"lazy\"\/><\/div><div class=\"icon-text-item__text\"><p>We would like to inform you that the hotel day starts at 2 p.m. and ends at 11 a.m. on the following day.<\/p><\/div><\/div>\n\n\n\n<div class=\"wp-block-custom-icon-text-item icon-text-item\"><div class=\"icon-text-item__icon\"><img decoding=\"async\" src=\"https:\/\/ibib.waw.pl\/wp-content\/uploads\/2026\/01\/credit_card_24dp_1F1F1F_FILL0_wght400_GRAD-25_opsz24-1.svg\" alt=\"credit_card_24dp_1F1F1F_FILL0_wght400_GRAD-25_opsz24 1\" loading=\"lazy\"\/><\/div><div class=\"icon-text-item__text\"><p>We honour payment cards.<\/p><\/div><\/div>\n\n\n\n<div class=\"wp-block-custom-icon-text-item icon-text-item\"><div class=\"icon-text-item__icon\"><img decoding=\"async\" src=\"https:\/\/ibib.waw.pl\/wp-content\/uploads\/2026\/01\/groups_24dp_1F1F1F_FILL0_wght400_GRAD-25_opsz24-1.svg\" alt=\"groups_24dp_1F1F1F_FILL0_wght400_GRAD-25_opsz24 1\" loading=\"lazy\"\/><\/div><div class=\"icon-text-item__text\"><p>For group bookings, we welcome negotiations.<\/p><\/div><\/div>\n\n\n\n<div class=\"wp-block-custom-icon-text-item icon-text-item\"><div class=\"icon-text-item__icon\"><img decoding=\"async\" src=\"https:\/\/ibib.waw.pl\/wp-content\/uploads\/2026\/01\/parking_sign_31dp_1F1F1F_FILL0_wght400_GRAD0_opsz24-1.svg\" alt=\"parking_sign_31dp_1F1F1F_FILL0_wght400_GRAD0_opsz24 1\" loading=\"lazy\"\/><\/div><div class=\"icon-text-item__text\"><p>Guests have the option of using some of the 24-hour monitored parking spaces for a fee.<\/p><\/div><\/div>\n\n\n\n<div class=\"wp-block-custom-icon-text-item icon-text-item\"><div class=\"icon-text-item__icon\"><img decoding=\"async\" src=\"https:\/\/ibib.waw.pl\/wp-content\/uploads\/2026\/01\/chef_hat_31dp_1F1F1F_FILL0_wght400_GRAD0_opsz24-1.svg\" alt=\"chef_hat_31dp_1F1F1F_FILL0_wght400_GRAD0_opsz24 1\" loading=\"lazy\"\/><\/div><div class=\"icon-text-item__text\"><p>All guests have the use of a well-equipped kitchen.\u00a0<\/p><\/div><\/div>\n<\/div>\n\n\n\n<div style=\"height:30px\" aria-hidden=\"true\" class=\"wp-block-spacer\"><\/div>\n\n\n\n<section class=\"wp-block-custom-conference-room conference-room is-reversed\"><div class=\"conference-room__grid\"><div class=\"conference-room__media\"><img decoding=\"async\" class=\"conference-room__img\" src=\"https:\/\/ibib.waw.pl\/wp-content\/uploads\/2026\/01\/pokoj-jednoosobowy.png\" alt=\"pokoj-jednoosobowy\" loading=\"lazy\"\/><\/div><div class=\"conference-room__content\">\n<h3 class=\"wp-block-heading\">Single rooms<\/h3>\n\n\n\n<p>Room facilities include a comfortable 120\u00d7200 bed, Tv-set, free internet access, spacious bathroom, work desk, electric kettle and mini fridge.&nbsp;<br>All rooms are located on the ground floor.<\/p>\n<\/div><\/div><\/section>\n\n\n\n<section class=\"wp-block-custom-conference-room conference-room\"><div class=\"conference-room__grid\"><div class=\"conference-room__media\"><img decoding=\"async\" class=\"conference-room__img\" src=\"https:\/\/ibib.waw.pl\/wp-content\/uploads\/2026\/01\/pokoj-jednoosobowy.png\" alt=\"pokoj-jednoosobowy\" loading=\"lazy\"\/><\/div><div class=\"conference-room__content\">\n<h3 class=\"wp-block-heading\">Double rooms<\/h3>\n\n\n\n<p>Room facilities include: comfortable 90\u00d7200 beds, Tv-set, free internet access, spacious bathroom, work desk, electric kettle and mini fridge.&nbsp;<br>All rooms are located on the ground floor.<\/p>\n<\/div><\/div><\/section>\n\n\n\n<section class=\"wp-block-custom-conference-room conference-room is-reversed\"><div class=\"conference-room__grid\"><div class=\"conference-room__media\"><img decoding=\"async\" class=\"conference-room__img\" src=\"https:\/\/ibib.waw.pl\/wp-content\/uploads\/2026\/01\/apartament.png\" alt=\"apartament\" loading=\"lazy\"\/><\/div><div class=\"conference-room__content\">\n<h3 class=\"wp-block-heading\">Flat<\/h3>\n\n\n\n<p>The flat consists of a living room with kitchenette, bedroom and bathroom.&nbsp;<br>In the flat you will find: an extremely comfortable bed, Tv-set, dressing table, electric kettle, microwave, dishwasher, free Wi-Fi, fridge.<\/p>\n<\/div><\/div><\/section>\n\n\n\n<section class=\"wp-block-custom-conference-room conference-room\"><div class=\"conference-room__grid\"><div class=\"conference-room__media\"><img decoding=\"async\" class=\"conference-room__img\" src=\"https:\/\/ibib.waw.pl\/wp-content\/uploads\/2026\/01\/pokoje-studio.png\" alt=\"pokoje-studio\" loading=\"lazy\"\/><\/div><div class=\"conference-room__content\">\n<h3 class=\"wp-block-heading\">Studio rooms<\/h3>\n\n\n\n<p>Studio rooms: a double bedroom and a living area with a kitchenette and a sofa bed to accommodate another two people.<br>Amenities include: comfortable 90\u00d7200 beds and a sofa bed, Tv-set, free internet access, bathroom, work desk, fridge, hob, kettle, cutlery, plates, pot set, etc.&nbsp;<br>All rooms are located on the ground floor.<\/p>\n<\/div><\/div><\/section>","protected":false},"excerpt":{"rendered":"<p>Wybierasz si\u0119 na kilkudniow\u0105 konferencj\u0119 do Warszawy? Dobrze by by\u0142o, gdyby\u015b wcze\u015bniej pomy\u015bla\u0142 o noclegu.\u00a0Nasze Centrum Konferencyjne oferuje pokoje go\u015bcinne w Warszawie. Mie\u015bcimy si\u0119 blisko centrum, w miejscu znakomicie skomunikowanym z najciekawszymi punktami w mie\u015bcie. Centrum Konferencyjne IBIB PAN dysponuje kilkoma salami, w kt\u00f3rych odbywaj\u0105 si\u0119 konferencje oraz szkolenia zwi\u0105zane z najbardziej aktualnymi tematami oraz [&hellip;]<\/p>\n","protected":false},"author":1,"featured_media":0,"parent":142,"menu_order":0,"comment_status":"closed","ping_status":"closed","template":"page-conf-rooms.php","meta":{"_acf_changed":false,"_only_polish":false,"footnotes":""},"folder":[24],"class_list":["post-194","page","type-page","status-publish","hentry"],"acf":[],"_links":{"self":[{"href":"https:\/\/ibib.waw.pl\/en\/wp-json\/wp\/v2\/pages\/194","targetHints":{"allow":["GET"]}}],"collection":[{"href":"https:\/\/ibib.waw.pl\/en\/wp-json\/wp\/v2\/pages"}],"about":[{"href":"https:\/\/ibib.waw.pl\/en\/wp-json\/wp\/v2\/types\/page"}],"author":[{"embeddable":true,"href":"https:\/\/ibib.waw.pl\/en\/wp-json\/wp\/v2\/users\/1"}],"replies":[{"embeddable":true,"href":"https:\/\/ibib.waw.pl\/en\/wp-json\/wp\/v2\/comments?post=194"}],"version-history":[{"count":14,"href":"https:\/\/ibib.waw.pl\/en\/wp-json\/wp\/v2\/pages\/194\/revisions"}],"predecessor-version":[{"id":3064,"href":"https:\/\/ibib.waw.pl\/en\/wp-json\/wp\/v2\/pages\/194\/revisions\/3064"}],"up":[{"embeddable":true,"href":"https:\/\/ibib.waw.pl\/en\/wp-json\/wp\/v2\/pages\/142"}],"wp:attachment":[{"href":"https:\/\/ibib.waw.pl\/en\/wp-json\/wp\/v2\/media?parent=194"}],"wp:term":[{"taxonomy":"folder","embeddable":true,"href":"https:\/\/ibib.waw.pl\/en\/wp-json\/wp\/v2\/folder?post=194"}],"curies":[{"name":"wp","href":"https:\/\/api.w.org\/{rel}","templated":true}]}}