{"id":1838,"date":"2026-02-11T23:27:22","date_gmt":"2026-02-11T22:27:22","guid":{"rendered":"https:\/\/ibib.waw.pl\/?page_id=1838"},"modified":"2026-03-31T15:33:03","modified_gmt":"2026-03-31T13:33:03","slug":"biblioteka","status":"publish","type":"page","link":"https:\/\/ibib.waw.pl\/en\/oferta-i-uslugi\/biblioteka\/","title":{"rendered":"Library"},"content":{"rendered":"<p class=\"has-text-align-center\"><strong><mark style=\"background-color:rgba(0, 0, 0, 0)\" class=\"has-inline-color has-vivid-red-color\">We regret to inform you that from 12 November 2025, the operation of the library is suspended until further notice.<\/mark><\/strong><\/p>\n\n\n\n<h2 class=\"wp-block-heading\">Information about the library:<\/h2>\n\n\n\n<p>The library has access to the basic EBSCO database package, which\nincludes 12 databases: Academic Search Complete, Business Search\nComplete and Regional Business News, Agricola, Health Source-\nNursing\/Academic Edition, Health Source-Consumer Edition, Master File\nPremier, Newspaper Source, Medline, ERIC, LISTA and GreenFile.\nAccess is possible from computers at the institute's headquarters via the&nbsp;<a href=\"https:\/\/wbn.icm.edu.pl\" target=\"_blank\" rel=\"noreferrer noopener nofollow\">Virtual Science Libraries link<\/a>and in the IBIB PAN Library Catalogue<br>&nbsp;<br>Thanks to the Science Library run by ICM UW in cooperation with publishers and indexing databases, we have access to the full text of scientific publications together with metadata.<\/p>\n\n\n\n<div class=\"wp-block-columns is-layout-flex wp-container-core-columns-is-layout-9d6595d7 wp-block-columns-is-layout-flex\">\n<div class=\"wp-block-column is-layout-flow wp-block-column-is-layout-flow\">\n<div class=\"wp-block-group icon-text is-nowrap is-layout-flex wp-container-core-group-is-layout-ad2f72ca wp-block-group-is-layout-flex\">\n<figure class=\"wp-block-image size-full\"><img decoding=\"async\" src=\"https:\/\/ibib.waw.pl\/wp-content\/uploads\/2026\/01\/alarm_on_24dp_1F1F1F_FILL0_wght400_GRAD0_opsz24-1.svg\" alt=\"\" class=\"wp-image-205\"\/><\/figure>\n\n\n\n<p class=\"no-margin\"><strong>Opening hours:<\/strong><br>mon-fri 10:00 - 12:00<\/p>\n<\/div>\n\n\n\n<div class=\"wp-block-group icon-text is-nowrap is-layout-flex wp-container-core-group-is-layout-ad2f72ca wp-block-group-is-layout-flex\">\n<figure class=\"wp-block-image size-full\"><img decoding=\"async\" src=\"https:\/\/ibib.waw.pl\/wp-content\/uploads\/2026\/01\/id-card.svg\" alt=\"\" class=\"wp-image-323\"\/><\/figure>\n\n\n\n<p class=\"no-margin\"><strong>Responsible person:<\/strong><br>Karolina Migalska-Musia\u0142 (room 26)<\/p>\n<\/div>\n<\/div>\n\n\n\n<div class=\"wp-block-column is-layout-flow wp-block-column-is-layout-flow\">\n<div class=\"wp-block-group icon-text is-nowrap is-layout-flex wp-container-core-group-is-layout-ad2f72ca wp-block-group-is-layout-flex\">\n<figure class=\"wp-block-image size-full\"><img decoding=\"async\" src=\"https:\/\/ibib.waw.pl\/wp-content\/uploads\/2026\/02\/home-person.svg\" alt=\"\" class=\"wp-image-1845\"\/><\/figure>\n\n\n\n<p><strong>Contact us:<\/strong><br>Ksi\u0119cia Trojdena 4<br>02-109 Warsaw<br>Poland<br>Phone: ( +48 22 ) 592 59 85<br><a href=\"mailto:liber@ibib.waw.pl\">liber@ibib.waw.pl<\/a><\/p>\n<\/div>\n<\/div>\n<\/div>\n\n\n\n<h2 class=\"wp-block-heading\">Catalogue<\/h2>\n\n\n\n<div class=\"wp-block-columns is-layout-flex wp-container-core-columns-is-layout-9d6595d7 wp-block-columns-is-layout-flex\">\n<div class=\"wp-block-column is-layout-flow wp-block-column-is-layout-flow\">\n<div class=\"wp-block-buttons button-large is-content-justification-center is-layout-flex wp-container-core-buttons-is-layout-16018d1d wp-block-buttons-is-layout-flex\">\n<div class=\"wp-block-button\"><a class=\"wp-block-button__link wp-element-button\" href=\"http:\/\/ibib.katalog.pan.pl\/ipac20\/ipac.jsp?profile=\">Catalog<\/a><\/div>\n<\/div>\n<\/div>\n\n\n\n<div class=\"wp-block-column is-layout-flow wp-block-column-is-layout-flow\">\n<div class=\"wp-block-buttons button-large is-content-justification-center is-layout-flex wp-container-core-buttons-is-layout-16018d1d wp-block-buttons-is-layout-flex\">\n<div class=\"wp-block-button\"><a class=\"wp-block-button__link wp-element-button\" href=\"https:\/\/wbn.icm.edu.pl\" target=\"_blank\" rel=\"noreferrer noopener nofollow\">Virtual Science Library<\/a><\/div>\n<\/div>\n<\/div>\n\n\n\n<div class=\"wp-block-column is-layout-flow wp-block-column-is-layout-flow\">\n<div class=\"wp-block-buttons button-large is-content-justification-center is-layout-flex wp-container-core-buttons-is-layout-16018d1d wp-block-buttons-is-layout-flex\">\n<div class=\"wp-block-button\"><a class=\"wp-block-button__link wp-element-button\" href=\"http:\/\/195.187.72.180\" target=\"_blank\" rel=\"noreferrer noopener nofollow\">Warsaw Association of Research Libraries of the Polish Academy of Sciences<\/a><\/div>\n<\/div>\n<\/div>\n<\/div>\n\n\n\n<div class=\"wp-block-columns is-layout-flex wp-container-core-columns-is-layout-9d6595d7 wp-block-columns-is-layout-flex\">\n<div class=\"wp-block-column is-layout-flow wp-block-column-is-layout-flow\">\n<div class=\"wp-block-buttons button-large is-content-justification-center is-layout-flex wp-container-core-buttons-is-layout-16018d1d wp-block-buttons-is-layout-flex\">\n<div class=\"wp-block-button\"><a class=\"wp-block-button__link wp-element-button\" href=\"https:\/\/karo.umk.pl\/Karo\/\" target=\"_blank\" rel=\"noreferrer noopener nofollow\">KaRo - Distributed Catalogue of Polish Libraries<\/a><\/div>\n<\/div>\n<\/div>\n\n\n\n<div class=\"wp-block-column is-layout-flow wp-block-column-is-layout-flow\">\n<div class=\"wp-block-buttons button-large is-content-justification-center is-layout-flex wp-container-core-buttons-is-layout-16018d1d wp-block-buttons-is-layout-flex\">\n<div class=\"wp-block-button\"><a class=\"wp-block-button__link wp-element-button\" href=\"https:\/\/pubmed.ncbi.nlm.nih.gov\" target=\"_blank\" rel=\"noreferrer noopener nofollow\">PubMed<\/a><\/div>\n<\/div>\n<\/div>\n\n\n\n<div class=\"wp-block-column is-layout-flow wp-block-column-is-layout-flow\"><\/div>\n<\/div>","protected":false},"excerpt":{"rendered":"<p>Z przykro\u015bci\u0105 informujemy, \u017ce od dnia 12 listopada 2025 r., funkcjonowanie biblioteki zostaje zawieszone do odwo\u0142ania. Informacje o bibliotece Biblioteka ma dost\u0119p do pakietu podstawowego baz danych EBSCO, w sk\u0142ad kt\u00f3rego wchodzi 12 baz: Academic Search Complete, Business Search Complete i Regional Business News, Agricola, Health Source-Nursing\/Academic Edition,\u2028Health Source-Consumer Edition, Master File Premier, Newspaper Source, [&hellip;]<\/p>\n","protected":false},"author":1,"featured_media":0,"parent":1471,"menu_order":0,"comment_status":"closed","ping_status":"closed","template":"","meta":{"_acf_changed":false,"_only_polish":false,"footnotes":""},"folder":[34],"class_list":["post-1838","page","type-page","status-publish","hentry"],"acf":[],"_links":{"self":[{"href":"https:\/\/ibib.waw.pl\/en\/wp-json\/wp\/v2\/pages\/1838","targetHints":{"allow":["GET"]}}],"collection":[{"href":"https:\/\/ibib.waw.pl\/en\/wp-json\/wp\/v2\/pages"}],"about":[{"href":"https:\/\/ibib.waw.pl\/en\/wp-json\/wp\/v2\/types\/page"}],"author":[{"embeddable":true,"href":"https:\/\/ibib.waw.pl\/en\/wp-json\/wp\/v2\/users\/1"}],"replies":[{"embeddable":true,"href":"https:\/\/ibib.waw.pl\/en\/wp-json\/wp\/v2\/comments?post=1838"}],"version-history":[{"count":12,"href":"https:\/\/ibib.waw.pl\/en\/wp-json\/wp\/v2\/pages\/1838\/revisions"}],"predecessor-version":[{"id":3122,"href":"https:\/\/ibib.waw.pl\/en\/wp-json\/wp\/v2\/pages\/1838\/revisions\/3122"}],"up":[{"embeddable":true,"href":"https:\/\/ibib.waw.pl\/en\/wp-json\/wp\/v2\/pages\/1471"}],"wp:attachment":[{"href":"https:\/\/ibib.waw.pl\/en\/wp-json\/wp\/v2\/media?parent=1838"}],"wp:term":[{"taxonomy":"folder","embeddable":true,"href":"https:\/\/ibib.waw.pl\/en\/wp-json\/wp\/v2\/folder?post=1838"}],"curies":[{"name":"wp","href":"https:\/\/api.w.org\/{rel}","templated":true}]}}