{"id":1831,"date":"2026-02-11T23:15:06","date_gmt":"2026-02-11T22:15:06","guid":{"rendered":"https:\/\/ibib.waw.pl\/?page_id=1831"},"modified":"2026-02-11T23:18:55","modified_gmt":"2026-02-11T22:18:55","slug":"dla-mediow","status":"publish","type":"page","link":"https:\/\/ibib.waw.pl\/en\/dla-mediow\/","title":{"rendered":"For media"},"content":{"rendered":"<p>Instytut Biocybernetyki i In\u017cynierii Biomedycznej im. Macieja Na\u0142\u0119cza Polskiej Akademii Nauk zosta\u0142 za\u0142o\u017cony w 1975 roku i jest najwi\u0119kszym centrum in\u017cynierii biomedycznej w Polsce. Zakres bada\u0144 Instytutu w dziedzinie biocybernetyki i in\u017cynierii biomedycznej odpowiada najnowszym kierunkom bada\u0144 w nauce \u015bwiatowej, a badania te maj\u0105 charakter interdyscyplinarny. Wed\u0142ug oceny Ministerstwa Nauki i Szkolnictwa Wy\u017cszego Instytut znajduje si\u0119 w kategorii naukowej A.<\/p>\n\n\n\n<h2 class=\"wp-block-heading\"><strong>Infrastruktura<\/strong><\/h2>\n\n\n\n<p>W chwili obecnej Instytut zatrudnia ponad 130 pracownik\u00f3w, w tym 14 profesor\u00f3w, 11 profesor\u00f3w nadzwyczajnych, 15 adiunkt\u00f3w i 5 asystent\u00f3w.\u00a0Od 2017 r. roku struktura Instytutu sk\u0142ada si\u0119 z 4 zak\u0142ad\u00f3w i Pracowni \u015arodowiskowej:<\/p>\n\n\n\n<ol style=\"list-style-type:upper-roman\" class=\"wp-block-list\">\n<li>Zak\u0142ad Mikrobiosystem\u00f3w Hybrydowych i Analitycznych<\/li>\n\n\n\n<li>Zak\u0142ad Biomateria\u0142\u00f3w i System\u00f3w Biotechnologicznych<\/li>\n\n\n\n<li>Zak\u0142ad Metod Obrazowania M\u00f3zgu i Bada\u0144 Czynno\u015bciowych Uk\u0142adu Nerwowego<\/li>\n\n\n\n<li>Zak\u0142ad Modelowania i Wspomagania Funkcji Narz\u0105d\u00f3w Wewn\u0119trznych<\/li>\n\n\n\n<li>\u015arodowiskowa Pracownia Nowych Zastosowa\u0144 Diagnostycznych J\u0105drowego Rezonansu Magnetycznego &#8211; CNS Lab<\/li>\n<\/ol>\n\n\n\n<h2 class=\"wp-block-heading\"><strong>Priorytety badawcze<\/strong><\/h2>\n\n\n\n<p>Instytut Biocybernetyki i In\u017cynierii Biomedycznej im. Macieja Na\u0142\u0119cza Polskiej Akademii Nauk zosta\u0142 za\u0142o\u017cony w 1975 roku i jest najwi\u0119kszym centrum in\u017cynierii biomedycznej w Polsce. Instytut ma d\u0142ugoletni\u0105 histori\u0119 w szkoleniu i nagradzaniu m\u0142odych ekspert\u00f3w in\u017cynierii biomedycznej. Jest instytucj\u0105 naukow\u0105 uprawnion\u0105 do nadawania stopnia doktora i stopnia doktora habilitowanego w tej dyscyplinie. Prowadzony jest r\u00f3wnie\u017c program studi\u00f3w doktoranckich.<\/p>\n\n\n\n<p>IBIB PAN jest krajowym koordynatorem Sieci In\u017cynierii Biomedycznej w Polsce (BIOMEN), by\u0142 koordynatorem i wsp\u00f3\u0142realizatorem krajowego projektu Foresight dotycz\u0105cego opracowania &#8222;Scenariuszy Rozwoju Technologii Medycznych w Polsce do 2020 r.&#8221;. W 2008 r. IBIB PAN wszed\u0142 do konsorcjum BIOCENTRUM Ochota, w sk\u0142ad kt\u00f3rego wchodz\u0105 r\u00f3wnie\u017c: Instytut Biologii Do\u015bwiadczalnej im. Nenckiego PAN, Instytut Biochemii i Biofizyki PAN, Instytut Medycyny Do\u015bwiadczalnej i Klinicznej im. Mossakowskiego PAN, Instytut Podstawowych Problem\u00f3w Techniki PAN oraz Mi\u0119dzynarodowy Instytut Biologii Molekularnej i Kom\u00f3rkowej.<\/p>\n\n\n\n<h2 class=\"wp-block-heading\"><strong>Aktualne cele badawcze<\/strong><\/h2>\n\n\n\n<p>W ramach biopomiar\u00f3w i komputerowego przetwarzania danych dla poprawy diagnostyki medycznej nale\u017cy wymieni\u0107 nast\u0119puj\u0105ce zagadnienia: badania dotycz\u0105ce nieinwazyjnych i minimalnie inwazyjnych metod diagnostycznych, takich jak: metody laserowo &#8211; dopplerowskie do bada\u0144 mikrokr\u0105\u017cenia, spektroskopia w bliskiej podczerwieni do bada\u0144 utlenowania i perfuzji tkanek m\u00f3zgu, analiza sygna\u0142\u00f3w elektrofizjologicznych, w tym EKG i EEG wysokiej rozdzielczo\u015bci, a tak\u017ce potencja\u0142\u00f3w wywo\u0142anych, metody analizy czynno\u015bci okoruchowej do oceny procesu czytania i psycho-fizjologicznego stanu cz\u0142owieka, mikrosystemy do analiz biochemicznych, metody komputerowego wspomagania obr\u00f3bki obraz\u00f3w i metody analizy du\u017cych zbior\u00f3w danych.<\/p>\n\n\n\n<p>W ramach wspomagania i zast\u0119powania utraconych funkcji organizmu prowadzane s\u0105 badania zwi\u0105zane z opracowaniem wirtualnego pacjenta dla symulacji terapii nerko-zast\u0119pczej, a tak\u017ce zwi\u0105zane z komputerowymi i hybrydowymi (numeryczno-fizycznymi) modelami uk\u0142adu oddechowego i uk\u0142adu kr\u0105\u017cenia.<\/p>\n\n\n\n<p>W ci\u0105gu ostatnich lat w obydwu wymienionych kierunkach by\u0142y tak\u017ce prowadzane badania w dziedzinie in\u017cynierii molekularnej i kom\u00f3rkowej. Badania te obejmuj\u0105 w szczeg\u00f3lno\u015bci: stosowanie p\u00f3\u0142przepuszczalnych membran i mikrokapsu\u0142ek do immunoizolacji kom\u00f3rek (w tym wysp Langerhansa) w celu miejscowego dostarczenia biologicznie aktywnych substancji wspieraj\u0105cych prac\u0119 trzustki, ksenotransplantacj\u0119 wysp trzustkowych oraz wykorzystanie bioreaktor\u00f3w do hodowli kom\u00f3rek, np. hepatocyt\u00f3w wspomagaj\u0105cych czynno\u015b\u0107 w\u0105troby. S\u0105 tak\u017ce prowadzone badania nad receptorami biochemicznymi dla rozwoju bioczujnik\u00f3w, metodami odbudowy kom\u00f3rek nerwowych, analiz\u0105 obraz\u00f3w cytologicznych, w\u0142\u0105cznie z ocen\u0105 rozwoju kom\u00f3rek macierzystych i ruchliwo\u015bci kom\u00f3rek, jak r\u00f3wnie\u017c modelowanie molekularne struktury mi\u0119\u015bni.<\/p>\n\n\n\n<h2 class=\"wp-block-heading\"><strong><strong>Dzia\u0142alno\u015b\u0107 dodatkowa<\/strong><\/strong><\/h2>\n\n\n\n<p>Instytut wydaje kwartalnik Biocybernetics and Biomedical Engineering, kt\u00f3ry jest indeksowany w Thomson Reuters: Science Citation Index Expanded (SciSearch \u00ae) i Journal Citation Reports oraz w bibliograficznych bazach danych Elsevier: SCOPUS and EMBASE.<\/p>\n\n\n\n<p>Instytut posiada doskona\u0142e zaplecze do organizacji konferencji i seminari\u00f3w. Od 1975 roku zorganizowa\u0142 trzyna\u015bcie Krajowych Konferencji Biocybernetyki i In\u017cynierii Biomedycznej. W 1988 roku rozpocz\u0119\u0142o swoj\u0105 dzia\u0142alno\u015b\u0107 Mi\u0119dzynarodowe Centrum Biocybernetyki (MCB), kt\u00f3re jest cz\u0119\u015bci\u0105 Instytutu (patrz informacje na temat MCB).<\/p>","protected":false},"excerpt":{"rendered":"<p>Instytut Biocybernetyki i In\u017cynierii Biomedycznej im. Macieja Na\u0142\u0119cza Polskiej Akademii Nauk zosta\u0142 za\u0142o\u017cony w 1975 roku i jest najwi\u0119kszym centrum in\u017cynierii biomedycznej w Polsce. Zakres bada\u0144 Instytutu w dziedzinie biocybernetyki i in\u017cynierii biomedycznej odpowiada najnowszym kierunkom bada\u0144 w nauce \u015bwiatowej, a badania te maj\u0105 charakter interdyscyplinarny. Wed\u0142ug oceny Ministerstwa Nauki i Szkolnictwa Wy\u017cszego Instytut znajduje [&hellip;]<\/p>\n","protected":false},"author":1,"featured_media":0,"parent":0,"menu_order":0,"comment_status":"closed","ping_status":"closed","template":"","meta":{"_acf_changed":false,"_only_polish":false,"footnotes":""},"folder":[27],"class_list":["post-1831","page","type-page","status-publish","hentry"],"acf":[],"_links":{"self":[{"href":"https:\/\/ibib.waw.pl\/en\/wp-json\/wp\/v2\/pages\/1831","targetHints":{"allow":["GET"]}}],"collection":[{"href":"https:\/\/ibib.waw.pl\/en\/wp-json\/wp\/v2\/pages"}],"about":[{"href":"https:\/\/ibib.waw.pl\/en\/wp-json\/wp\/v2\/types\/page"}],"author":[{"embeddable":true,"href":"https:\/\/ibib.waw.pl\/en\/wp-json\/wp\/v2\/users\/1"}],"replies":[{"embeddable":true,"href":"https:\/\/ibib.waw.pl\/en\/wp-json\/wp\/v2\/comments?post=1831"}],"version-history":[{"count":3,"href":"https:\/\/ibib.waw.pl\/en\/wp-json\/wp\/v2\/pages\/1831\/revisions"}],"predecessor-version":[{"id":1836,"href":"https:\/\/ibib.waw.pl\/en\/wp-json\/wp\/v2\/pages\/1831\/revisions\/1836"}],"wp:attachment":[{"href":"https:\/\/ibib.waw.pl\/en\/wp-json\/wp\/v2\/media?parent=1831"}],"wp:term":[{"taxonomy":"folder","embeddable":true,"href":"https:\/\/ibib.waw.pl\/en\/wp-json\/wp\/v2\/folder?post=1831"}],"curies":[{"name":"wp","href":"https:\/\/api.w.org\/{rel}","templated":true}]}}