{"id":163,"date":"2026-01-17T20:37:28","date_gmt":"2026-01-17T19:37:28","guid":{"rendered":"https:\/\/ibib.waw.pl\/?page_id=163"},"modified":"2026-04-08T13:13:52","modified_gmt":"2026-04-08T11:13:52","slug":"sale-konferencyjne","status":"publish","type":"page","link":"https:\/\/ibib.waw.pl\/en\/centrum-konferencyjne\/sale-konferencyjne\/","title":{"rendered":"Conference rooms"},"content":{"rendered":"<div class=\"wp-block-columns is-layout-flex wp-container-core-columns-is-layout-9d6595d7 wp-block-columns-is-layout-flex\">\n<div class=\"wp-block-column is-layout-flow wp-block-column-is-layout-flow\">\n<figure class=\"wp-block-image size-full\"><img loading=\"lazy\" decoding=\"async\" width=\"585\" height=\"390\" src=\"https:\/\/ibib.waw.pl\/wp-content\/uploads\/2026\/01\/sala-main.png\" alt=\"\" class=\"wp-image-168\"\/><\/figure>\n<\/div>\n\n\n\n<div class=\"wp-block-column is-vertically-aligned-center is-layout-flow wp-block-column-is-layout-flow\">\n<p>The IBIB PAN Conference Centre offers 6 conference rooms equipped with high-end sound and audiovisual equipment, capable of accommodating from 10 to 300 listeners at a time, as well as a multifunctional exhibition hall.&nbsp;<br>All rooms are equipped with a multimedia projector, sound system, flipchart, overhead projector, laser pointer, Internet access. Upon request, the training rooms can be supplemented with additional equipment, such as a multimedia whiteboard.&nbsp;<\/p>\n<\/div>\n<\/div>\n\n\n\n<div style=\"height:20px\" aria-hidden=\"true\" class=\"wp-block-spacer\"><\/div>\n\n\n\n<h2 class=\"wp-block-heading section-title-underline\">Offer<\/h2>\n\n\n\n<p>We are pleased to invite you to use our services for the comprehensive organisation of conferences, seminars, training courses, conventions and special meetings, presentations and exhibitions. Our 25 years of experience and excellent reviews guarantee that your expectations will be met. We warmly invite you to take a look at the rich offer of our centre.<\/p>\n\n\n\n<div style=\"height:30px\" aria-hidden=\"true\" class=\"wp-block-spacer\"><\/div>\n\n\n\n<section class=\"wp-block-custom-conference-room conference-room is-reversed\"><div class=\"conference-room__grid\"><div class=\"conference-room__media\"><img decoding=\"async\" class=\"conference-room__img\" src=\"https:\/\/ibib.waw.pl\/wp-content\/uploads\/2026\/01\/aula.png\" alt=\"aula\" loading=\"lazy\"\/><\/div><div class=\"conference-room__content\">\n<h3 class=\"wp-block-heading\">Aula<\/h3>\n\n\n\n<p>Sala klimatyzowana przeznaczona dla grup od 100 do 300 os\u00f3b &#8211; miejsca z pulpitami do notowania na sta\u0142e zamontowane w uk\u0142adzie teatralnym. W ramach koszt\u00f3w wynajmu uczestnicy mog\u0105 korzysta\u0107 z holu przed sal\u0105 o powierzchni ok. 100m2\u00a0oraz patio &#8211; ogrodu wewn\u0119trznego ze stolikami rekreacyjnymi w otoczeniu kwiat\u00f3w i krzew\u00f3w.<\/p>\n\n\n\n<p><strong>Equipment:<\/strong><\/p>\n\n\n\n<ul class=\"wp-block-list\">\n<li>podium<\/li>\n\n\n\n<li>lectern<\/li>\n\n\n\n<li>Presidential table for 2 to 8 persons<\/li>\n\n\n\n<li>sound system with up to 5 microphones<\/li>\n\n\n\n<li>multimedia projector<\/li>\n\n\n\n<li>screen<\/li>\n\n\n\n<li>flipchart<\/li>\n\n\n\n<li>Internet access<\/li>\n\n\n\n<li>possibility to record lectures<\/li>\n<\/ul>\n<\/div><\/div><\/section>\n\n\n\n<section class=\"wp-block-custom-conference-room conference-room\"><div class=\"conference-room__grid\"><div class=\"conference-room__media\"><img decoding=\"async\" class=\"conference-room__img\" src=\"https:\/\/ibib.waw.pl\/wp-content\/uploads\/2026\/01\/sala-wykladowa.png\" alt=\"sala-wykladowa\" loading=\"lazy\"\/><\/div><div class=\"conference-room__content\">\n<h3 class=\"wp-block-heading\">Lecture hall<\/h3>\n\n\n\n<p>Air-conditioned auditorium, suitable for groups of 30 to 90 people - seating with fixed note-taking desks in a theatre-style arrangement.&nbsp;<\/p>\n\n\n\n<p><strong>Equipment:<\/strong><\/p>\n\n\n\n<ul class=\"wp-block-list\">\n<li>podium<\/li>\n\n\n\n<li>lectern<\/li>\n\n\n\n<li>Presidential table for 2 to 4 persons<\/li>\n\n\n\n<li>sound system with up to 4 microphones<\/li>\n\n\n\n<li>multimedia projector<\/li>\n\n\n\n<li>screen<\/li>\n\n\n\n<li>flipchart<\/li>\n\n\n\n<li>Internet access<\/li>\n\n\n\n<li>possibility to record lectures<\/li>\n<\/ul>\n<\/div><\/div><\/section>\n\n\n\n<section class=\"wp-block-custom-conference-room conference-room is-reversed\"><div class=\"conference-room__grid\"><div class=\"conference-room__media\"><img decoding=\"async\" class=\"conference-room__img\" src=\"https:\/\/ibib.waw.pl\/wp-content\/uploads\/2026\/01\/sala-konferencyjna.png\" alt=\"sala-konferencyjna\" loading=\"lazy\"\/><\/div><div class=\"conference-room__content\">\n<h3 class=\"wp-block-heading\">Conference room<\/h3>\n\n\n\n<p>Sala klimatyzowana o powierzchni 70 m2,&nbsp;w zale\u017cno\u015bci od rodzaju aran\u017cacji&nbsp;umo\u017cliwia realizacj\u0119 spotka\u0144 i szkole\u0144 dla grup od 20 do 50 os\u00f3b.<\/p>\n\n\n\n<p><strong>Equipment:<\/strong><\/p>\n\n\n\n<ul class=\"wp-block-list\">\n<li>lectern<\/li>\n\n\n\n<li>chairman's table<\/li>\n\n\n\n<li>sound system for 2 microphones<\/li>\n\n\n\n<li>multimedia projector<\/li>\n\n\n\n<li>screen<\/li>\n\n\n\n<li>flipchart<\/li>\n\n\n\n<li>dry erase board<\/li>\n\n\n\n<li>Internet access<\/li>\n\n\n\n<li>possibility to record discussions&nbsp;<\/li>\n<\/ul>\n<\/div><\/div><\/section>\n\n\n\n<section class=\"wp-block-custom-conference-room conference-room\"><div class=\"conference-room__grid\"><div class=\"conference-room__media\"><img decoding=\"async\" class=\"conference-room__img\" src=\"http:\/\/ibib.waw.pl\/wp-content\/uploads\/2026\/04\/sala_wystawowa_catering.jpg\" alt=\"sala_wystawowa_catering\" loading=\"lazy\"\/><\/div><div class=\"conference-room__content\">\n<h3 class=\"wp-block-heading\">Exhibition Hall<\/h3>\n\n\n\n<p>Sala wystawowa&nbsp;&#8211; 300 m2&nbsp;powierzchni, nieograniczone mo\u017cliwo\u015bci konfiguracji stoisk wystawienniczych, aran\u017cacji us\u0142ug cateringowych, szybki Internet, Wi-Fi.<\/p>\n<\/div><\/div><\/section>\n\n\n\n<section class=\"wp-block-custom-conference-room conference-room is-reversed\"><div class=\"conference-room__grid\"><div class=\"conference-room__media\"><img decoding=\"async\" class=\"conference-room__img\" src=\"https:\/\/ibib.waw.pl\/wp-content\/uploads\/2026\/01\/sala-seminaryina.png\" alt=\"sala-seminaryina\" loading=\"lazy\"\/><\/div><div class=\"conference-room__content\">\n<h3 class=\"wp-block-heading\">Seminar room<\/h3>\n\n\n\n<p>Room suitable for groups of 10 to 20 people. Free arrangement, possibility of interactive workshops.<\/p>\n<\/div><\/div><\/section>\n\n\n\n<section class=\"wp-block-custom-conference-room conference-room\"><div class=\"conference-room__grid\"><div class=\"conference-room__media\"><img decoding=\"async\" class=\"conference-room__img\" src=\"https:\/\/ibib.waw.pl\/wp-content\/uploads\/2026\/01\/pokoje-wykladowe.png\" alt=\"pokoje-wyk\u0142adowe\" loading=\"lazy\"\/><\/div><div class=\"conference-room__content\">\n<h3 class=\"wp-block-heading\">Lecture rooms<\/h3>\n\n\n\n<p>Sale o powierzchni 18 m2,&nbsp;bardzo kameralne co u\u0142atwia przeprowadzenie negocjacji i szkole\u0144, w kt\u00f3rych wa\u017cny jest bezpo\u015bredni kontakt z grup\u0105.<\/p>\n<\/div><\/div><\/section>\n\n\n\n<section class=\"wp-block-custom-conference-room conference-room is-reversed\"><div class=\"conference-room__grid\"><div class=\"conference-room__media\"><img decoding=\"async\" class=\"conference-room__img\" src=\"https:\/\/ibib.waw.pl\/wp-content\/uploads\/2026\/01\/sala-biblioteka.png\" alt=\"sala-biblioteka\" loading=\"lazy\"\/><\/div><div class=\"conference-room__content\">\n<h3 class=\"wp-block-heading\">Room - library<\/h3>\n\n\n\n<p>Room suitable for groups of up to 20 people. Free arrangement, possibility of interactive workshops.<\/p>\n<\/div><\/div><\/section>\n\n\n\n<section class=\"wp-block-custom-conference-room conference-room\"><div class=\"conference-room__grid\"><div class=\"conference-room__media\"><img decoding=\"async\" class=\"conference-room__img\" src=\"http:\/\/ibib.waw.pl\/wp-content\/uploads\/2026\/01\/image-6.png\" alt=\"image 6\" loading=\"lazy\"\/><\/div><div class=\"conference-room__content\">\n<h3 class=\"wp-block-heading\">Additional services, equipment<\/h3>\n\n\n\n<ul class=\"wp-block-list\">\n<li>Professional and cordial service,<\/li>\n\n\n\n<li>Video transmission over the Internet, symmetrical 10Mbit connection, public IP address<\/li>\n\n\n\n<li>Mobile interactive whiteboard,<\/li>\n\n\n\n<li>Possibility to leave training materials and equipment in a locked room,<\/li>\n\n\n\n<li>Possibility of using parking spaces<\/li>\n<\/ul>\n<\/div><\/div><\/section>\n\n\n\n<p><\/p>","protected":false},"excerpt":{"rendered":"<p>Centrum Konferencyjne IBIB PAN oferuje 6 sal wyk\u0142adowych wyposa\u017conych w wysokiej klasy sprz\u0119t nag\u0142a\u015bniaj\u0105cy i audiowizualny, mog\u0105cych jednorazowo ulokowa\u0107 od 10 do 300 s\u0142uchaczy oraz wielofunkcyjn\u0105 sal\u0105 wystawow\u0105.&nbsp;Wszystkie sale wyposa\u017cone s\u0105 w projektor multimedialny, nag\u0142o\u015bnienie, flipchart, rzutnik pisma, wska\u017anik laserowy, dost\u0119p do Internetu. Na \u017cyczenie sale szkoleniowe mog\u0105 by\u0107 uzupe\u0142nione dodatkowym sprz\u0119tem, np. tablic\u0105 multimedialn\u0105.&nbsp; [&hellip;]<\/p>\n","protected":false},"author":1,"featured_media":0,"parent":142,"menu_order":0,"comment_status":"closed","ping_status":"closed","template":"page-conf-rooms.php","meta":{"_acf_changed":false,"_only_polish":false,"footnotes":""},"folder":[24],"class_list":["post-163","page","type-page","status-publish","hentry"],"acf":[],"_links":{"self":[{"href":"https:\/\/ibib.waw.pl\/en\/wp-json\/wp\/v2\/pages\/163","targetHints":{"allow":["GET"]}}],"collection":[{"href":"https:\/\/ibib.waw.pl\/en\/wp-json\/wp\/v2\/pages"}],"about":[{"href":"https:\/\/ibib.waw.pl\/en\/wp-json\/wp\/v2\/types\/page"}],"author":[{"embeddable":true,"href":"https:\/\/ibib.waw.pl\/en\/wp-json\/wp\/v2\/users\/1"}],"replies":[{"embeddable":true,"href":"https:\/\/ibib.waw.pl\/en\/wp-json\/wp\/v2\/comments?post=163"}],"version-history":[{"count":17,"href":"https:\/\/ibib.waw.pl\/en\/wp-json\/wp\/v2\/pages\/163\/revisions"}],"predecessor-version":[{"id":3240,"href":"https:\/\/ibib.waw.pl\/en\/wp-json\/wp\/v2\/pages\/163\/revisions\/3240"}],"up":[{"embeddable":true,"href":"https:\/\/ibib.waw.pl\/en\/wp-json\/wp\/v2\/pages\/142"}],"wp:attachment":[{"href":"https:\/\/ibib.waw.pl\/en\/wp-json\/wp\/v2\/media?parent=163"}],"wp:term":[{"taxonomy":"folder","embeddable":true,"href":"https:\/\/ibib.waw.pl\/en\/wp-json\/wp\/v2\/folder?post=163"}],"curies":[{"name":"wp","href":"https:\/\/api.w.org\/{rel}","templated":true}]}}