{"id":1541,"date":"2026-02-10T10:20:13","date_gmt":"2026-02-10T09:20:13","guid":{"rendered":"https:\/\/ibib.waw.pl\/?page_id=1541"},"modified":"2026-02-27T16:24:36","modified_gmt":"2026-02-27T15:24:36","slug":"patenty","status":"publish","type":"page","link":"https:\/\/ibib.waw.pl\/en\/oferta-i-uslugi\/patenty\/","title":{"rendered":"Intellectual Property"},"content":{"rendered":"<p>The Institute is constantly interested in establishing cooperation in the field of commercialization of its inventions, e.g. by granting licenses.<\/p>\n\n\n\n<h3 class=\"wp-block-heading\">Active patents in Poland:<\/h3>\n\n\n\n<figure class=\"wp-block-table table-stripes table-financial\"><table><tbody><tr><td>P.443976<\/td><td>Device for automatic, constant power lung ventilation with optimized minimum power selection of operating frequency and method for controlling this device<\/td><\/tr><tr><td>P.443231<\/td><td>Active pneumatic piston seal system<\/td><\/tr><tr><td>P.248510<\/td><td>Electrically controlled gas flow or pneumatic power source with calibrated flow meter<\/td><\/tr><tr><td>P.246699<\/td><td>Fluid-electric impedance transformer and method of power balancing in the fluid-electric impedance transforme<\/td><\/tr><tr><td>P.245364<\/td><td>Method and system for controlling the volume of the patient's inspiratory gas mixture delivered by splitting the inspiratory gas mixture of a ventilator to at least one of two respiratory tracks from a single ventilator, and a related method and system for multi-position ventilation of the respirator's inspiratory gas mixture from a single ventilator<\/td><\/tr><tr><td>P.244255<\/td><td>Module system of multi-station patient ventilation<\/td><\/tr><tr><td>P.221432<\/td><td>Gas mixture volume automatic divider<\/td><\/tr><tr><td>P.228884<\/td><td>Method for obtaining wide-porous, polyester cellular scaffolding<\/td><\/tr><tr><td>P.236035<\/td><td>Membrane system for local, oriented immobilization of cells and method for producing it<\/td><\/tr><tr><td>P.235794<\/td><td>Method for detecting of remains of cellulose in the wide-pore membranes<\/td><\/tr><tr><td>P.238140<\/td><td>Method for isolating of protein from the cell cultures carried out on the cellular scaffoldings<\/td><\/tr><tr><td>P.239461<\/td><td>Multilayer polyester membrane and method of its production<\/td><\/tr><tr><td>P.229091<\/td><td>Semi-permeable membrane and a method for the preparation of the membrane<\/td><\/tr><tr><td>P.237648<\/td><td>Method of producing wide-pore biodegradable polymer membrane<\/td><\/tr><\/tbody><\/table><\/figure>\n\n\n\n<div style=\"height:30px\" aria-hidden=\"true\" class=\"wp-block-spacer\"><\/div>\n\n\n\n<h3 class=\"wp-block-heading\">Contact:<\/h3>\n\n\n\n<div class=\"wp-block-columns is-layout-flex wp-container-core-columns-is-layout-9d6595d7 wp-block-columns-is-layout-flex\">\n<div class=\"wp-block-column is-vertically-aligned-center is-layout-flow wp-block-column-is-layout-flow\" style=\"flex-basis:10%\">\n<figure class=\"wp-block-image size-full\"><img decoding=\"async\" src=\"https:\/\/ibib.waw.pl\/wp-content\/uploads\/2026\/01\/id-card.svg\" alt=\"\" class=\"wp-image-323\"\/><\/figure>\n<\/div>\n\n\n\n<div class=\"wp-block-column is-vertically-aligned-center is-layout-flow wp-block-column-is-layout-flow\" style=\"flex-basis:90%\">\n<p class=\"no-margin\"><a href=\"mailto:komercjalizacja@ibib.waw.pl\">komercjalizacja@ibib.waw.pl<\/a><br><a href=\"mailto:sekretariat@ibib.waw.pl\">sekretariat@ibib.waw.pl<\/a><\/p>\n<\/div>\n<\/div>","protected":false},"excerpt":{"rendered":"<p>Instytut jest w spos\u00f3b ci\u0105g\u0142y zainteresowany nawi\u0105zywaniem wsp\u00f3\u0142prac\u0105 w zakresie komercjalizacji swoich wynalazk\u00f3w, np. poprzez udzielanie licencji. Aktywne patenty w Polsce: P.443976 Urz\u0105dzenie do automatycznej, sta\u0142omocowej wentylacji p\u0142uc z optymalizowanym minimalnomocowym doborem cz\u0119stotliwo\u015bci pracy oraz spos\u00f3b sterowania tym urz\u0105dzeniem P.443231 System aktywnej uszczelki t\u0142oka pneumatycznego P.248510 Uk\u0142ad elektrycznie sterowanego \u017ar\u00f3d\u0142a strumienia gazu lub mocy pneumatycznej [&hellip;]<\/p>\n","protected":false},"author":1,"featured_media":0,"parent":1471,"menu_order":0,"comment_status":"closed","ping_status":"closed","template":"page.php","meta":{"_acf_changed":false,"_only_polish":false,"footnotes":""},"folder":[34],"class_list":["post-1541","page","type-page","status-publish","hentry"],"acf":[],"_links":{"self":[{"href":"https:\/\/ibib.waw.pl\/en\/wp-json\/wp\/v2\/pages\/1541","targetHints":{"allow":["GET"]}}],"collection":[{"href":"https:\/\/ibib.waw.pl\/en\/wp-json\/wp\/v2\/pages"}],"about":[{"href":"https:\/\/ibib.waw.pl\/en\/wp-json\/wp\/v2\/types\/page"}],"author":[{"embeddable":true,"href":"https:\/\/ibib.waw.pl\/en\/wp-json\/wp\/v2\/users\/1"}],"replies":[{"embeddable":true,"href":"https:\/\/ibib.waw.pl\/en\/wp-json\/wp\/v2\/comments?post=1541"}],"version-history":[{"count":16,"href":"https:\/\/ibib.waw.pl\/en\/wp-json\/wp\/v2\/pages\/1541\/revisions"}],"predecessor-version":[{"id":2789,"href":"https:\/\/ibib.waw.pl\/en\/wp-json\/wp\/v2\/pages\/1541\/revisions\/2789"}],"up":[{"embeddable":true,"href":"https:\/\/ibib.waw.pl\/en\/wp-json\/wp\/v2\/pages\/1471"}],"wp:attachment":[{"href":"https:\/\/ibib.waw.pl\/en\/wp-json\/wp\/v2\/media?parent=1541"}],"wp:term":[{"taxonomy":"folder","embeddable":true,"href":"https:\/\/ibib.waw.pl\/en\/wp-json\/wp\/v2\/folder?post=1541"}],"curies":[{"name":"wp","href":"https:\/\/api.w.org\/{rel}","templated":true}]}}