{"id":1524,"date":"2026-02-10T10:09:28","date_gmt":"2026-02-10T09:09:28","guid":{"rendered":"https:\/\/ibib.waw.pl\/?page_id=1524"},"modified":"2026-04-21T09:08:08","modified_gmt":"2026-04-21T07:08:08","slug":"zamowienia-publiczne","status":"publish","type":"page","link":"https:\/\/ibib.waw.pl\/en\/oferta-i-uslugi\/zamowienia-publiczne\/","title":{"rendered":"Public procurement"},"content":{"rendered":"\n<section class=\"wp-block-custom-section light-grey\"><div class=\"container\">\n<h2 class=\"wp-block-heading\">Zapytanie ofertowe &#8211; Dostawa i monta\u017c systemu parkingowego dla IBIB PAN.<\/h2>\n\n\n\n<p>Oznaczenie sprawy: DT.OT\/230\/03\/2026<\/p>\n\n\n\n<p><strong><a href=\"\/wp-content\/uploads\/2026\/03\/Zapytanie_ofertowe_.docx\" target=\"_blank\" rel=\"noreferrer noopener\">Zapytanie ofertowe<\/a>\u00a0&#8211;\u00a0[DOCX]<\/strong>\u00a0&#8211; data umieszczenia 23.03.2026<br><strong><a href=\"\/wp-content\/uploads\/2026\/03\/Zalacznik_nr_1_OPZ_.docx\" target=\"_blank\" rel=\"noreferrer noopener\">Za\u0142\u0105cznik nr 1 &#8211; Opis przedmiotu zam\u00f3wienia<\/a>\u00a0&#8211;\u00a0[DOCX]<\/strong>\u00a0&#8211;\u00a0data umieszczenia 23.03.2026<br><strong><a href=\"\/wp-content\/uploads\/2026\/03\/Zalacznik_nr_2_Formularz_oferty_.docx\" target=\"_blank\" rel=\"noreferrer noopener\">Za\u0142\u0105cznik nr 2 &#8211; Formularz oferty<\/a>\u00a0&#8211;\u00a0[DOCX]<\/strong>\u00a0&#8211;\u00a0data umieszczenia 23.03.2026<br><strong><a href=\"\/wp-content\/uploads\/2026\/03\/Zalacznik_nr_3__Wzor_umowy_.docx\" target=\"_blank\" rel=\"noreferrer noopener\">Za\u0142\u0105cznik nr 3 &#8211; Wz\u00f3r umowy<\/a>\u00a0&#8211;\u00a0[DOCX]<\/strong>\u00a0&#8211;\u00a0data umieszczenia 23.03.2026<br><strong><a href=\"\/wp-content\/uploads\/2026\/03\/Zalacznik_nr_4__Wykaz_zrealizowanych_dostaw_.docx\" target=\"_blank\" rel=\"noreferrer noopener\">Za\u0142\u0105cznik nr 4 &#8211; Wykaz dostaw<\/a>\u00a0&#8211;\u00a0[DOCX]<\/strong>\u00a0&#8211;\u00a0data umieszczenia 23.03.2026<br><strong><a href=\"\/wp-content\/uploads\/2026\/03\/Zapytanie_ofertowe_-po_zmianie.docx\" target=\"_blank\" rel=\"noreferrer noopener\">Zapytanie ofertowe &#8211; po zmianie<\/a>\u00a0&#8211;\u00a0[DOCX]<\/strong>\u00a0&#8211; data umieszczenia 26.03.2026<br><strong><a href=\"\/wp-content\/uploads\/2026\/04\/zal1_OPZ_PZ.docx\" target=\"_blank\" rel=\"noreferrer noopener\">Za\u0142\u0105cznik nr 1 &#8211; Opis przedmiotu zam\u00f3wienia &#8211; po zmianie<\/a><\/strong> &#8211; <strong>[DOCX]<\/strong> &#8211; data umieszczenia 3.04.2026<br><strong><a href=\"http:\/\/ibib.waw.pl\/wp-content\/uploads\/2026\/04\/Wyjasnienia-tresci-zapytania-sig.pdf\">Wyja\u015bnienia tre\u015bci zapytania<\/a><\/strong> &#8211; <strong>[PDF]<\/strong> &#8211; data umieszczenia 3.04.2026<br><a href=\"\/wp-content\/uploads\/2026\/04\/WTZ_07042026.docx\" target=\"_blank\" rel=\"noreferrer noopener\"><strong>Wyja\u015bnienia tre\u015bci zapytania<\/strong> <\/a>&#8211; <strong>[DOCX]<\/strong> &#8211; data umieszczenia 7.04.2026<br><strong><a href=\"http:\/\/ibib.waw.pl\/wp-content\/uploads\/2026\/04\/Informacja-o-wyborze-najkorzystniejszej-oferty-sig.pdf\">Informacja o wyborze najkorzystniejszej oferty<\/a><\/strong> &#8211; [PDF] &#8211; data umieszczenia 21.04.2026<\/p>\n\n\n\n<p>Zamawiaj\u0105cy&nbsp;<strong>informuje o przed\u0142u\u017ceniu terminu sk\u0142adania ofert do dnia 10 kwietnia 2026r.<\/strong>&nbsp;w zwi\u0105zku z otrzymywanymi pytaniami od Wykonawc\u00f3w.<\/p>\n<\/div><\/section>\n\n\n\n<section class=\"wp-block-custom-section regular\"><div class=\"container\">\n<h2 class=\"wp-block-heading\">Plan post\u0119powa\u0144 o udzielenie zam\u00f3wie\u0144 na rok 2026 (wersja 2)<\/h2>\n\n\n\n<p><a href=\"http:\/\/ibib.waw.pl\/wp-content\/uploads\/2026\/02\/2026_BZP_00078596_02_P.pdf\">Plan post\u0119powa\u0144 o udzielenie zam\u00f3wie\u0144 na rok 2026 (wersja 2) <\/a>[PDF]- data umieszczenia 24.02.2026 r.<\/p>\n<\/div><\/section>\n\n\n\n<section class=\"wp-block-custom-section light-grey\"><div class=\"container\">\n<h2 class=\"wp-block-heading\">Plan post\u0119powa\u0144 o udzielenie zam\u00f3wie\u0144 na rok 2026 (wersja 1)<\/h2>\n\n\n\n<p><a href=\"http:\/\/ibib.waw.pl\/wp-content\/uploads\/2026\/02\/2026_BZP_00078596_01_P.pdf\" target=\"_blank\" rel=\"noreferrer noopener\">Plan post\u0119powa\u0144 o udzielenie zam\u00f3wie\u0144 na rok 2026 (wersja 1)<\/a> &#8211; [PDF] &#8211; data umieszczenia 29.01.2026<\/p>\n<\/div><\/section>\n\n\n\n<section class=\"wp-block-custom-section regular\"><div class=\"container\">\n<h2 class=\"wp-block-heading\">Zapytanie ofertowe &#8211; Ca\u0142odobowa obs\u0142uga serwisowa w\u0119z\u0142\u00f3w cieplnych<\/h2>\n\n\n\n<p>Oznaczenie sprawy: DT.OT\/\/222\/16\/2025<\/p>\n\n\n\n<p><a href=\"http:\/\/ibib.waw.pl\/wp-content\/uploads\/2026\/02\/Zapytanie_ofertowe_.doc\">Zapytanie ofertowe<\/a> &#8211; [DOCX] &#8211; data umieszczenia 28.11.2025<br><a href=\"http:\/\/ibib.waw.pl\/wp-content\/uploads\/2026\/02\/Zalacznik_nr_1_-_Opis_Przedmiotu_Zamowienia.docx\">Za\u0142\u0105cznik nr 1 &#8211; Opis przedmiotu zam\u00f3wienia <\/a>&#8211; [DOCX] &#8211; data umieszczenia 28.11.2025<br><a href=\"http:\/\/ibib.waw.pl\/wp-content\/uploads\/2026\/02\/Zalacznik_2_-Formularz_oferty_.doc\">Za\u0142\u0105cznik nr 2 &#8211; Formularz oferty <\/a>&#8211; [DOCX] &#8211; data umieszczenia 28.11.2025<br><a href=\"http:\/\/ibib.waw.pl\/wp-content\/uploads\/2026\/02\/Zalacznik_nr_3_-_Wzor_Umowy.docx\">Za\u0142\u0105cznik nr 3 &#8211; Wz\u00f3r umowy<\/a> &#8211; [DOCX] &#8211; data umieszczenia 28.11.2025<br><a href=\"http:\/\/ibib.waw.pl\/wp-content\/uploads\/2026\/02\/Wyjasnienia_i_zmiany_tresci_zapytania-sig.pdf\" target=\"_blank\" rel=\"noreferrer noopener\">Wyja\u015bnienia i zmiany<\/a> &#8211; [PDF] &#8211; data umieszczenia 03.12.2025<br><a href=\"http:\/\/ibib.waw.pl\/wp-content\/uploads\/2026\/02\/Informacja_o_wyborze_nakorzystniejszej_oferty-sig.pdf\" target=\"_blank\" rel=\"noreferrer noopener\">Informacja o wyborze najkorzystniejszej oferty<\/a> &#8211; [PDF] &#8211; data umieszczenia 22.12.2025<\/p>\n<\/div><\/section>\n\n\n\n<section class=\"wp-block-custom-section light-grey\"><div class=\"container\">\n<h2 class=\"wp-block-heading\">Zapytanie ofertowe &#8211; przeprowadzenie audytu finansowego projektu pn. \u201eSystem ci\u0105g\u0142ego monitorowania p\u0142yn\u00f3w drena\u017cowych do oceny post\u0119p\u00f3w leczenia chorych z wt\u00f3rnym, bakteryjnym zapaleniem otrzewnej\u201d finansowanego przez Agencj\u0119 Bada\u0144 Medycznych<\/h2>\n\n\n\n<p>Oznaczenie sprawy: DT.OT\/230\/15\/2025<\/p>\n\n\n\n<p><a href=\"http:\/\/ibib.waw.pl\/wp-content\/uploads\/2026\/02\/Zapytanie_ofertowe_-_audyt.docx\">Zaproszenie do z\u0142o\u017cenia oferty wraz z za\u0142\u0105cznikami<\/a> &#8211; [DOCX] &#8211; data umieszczenia 21.11.2025r.<br><a href=\"http:\/\/ibib.waw.pl\/wp-content\/uploads\/2026\/02\/Informacja_o_wyborze_najkorzystniejszej_oferty-sig-1.pdf\">Informacja o wyborze najkorzystniejszej oferty<\/a> [PDF] &#8211; data umieszczenia 02.12.2025<\/p>\n<\/div><\/section>\n\n\n\n<section class=\"wp-block-custom-section regular\"><div class=\"container\">\n<h2 class=\"wp-block-heading\">Zapytanie ofertowe- kompleksowe us\u0142ugi pralnicze na potrzeby IBIB PAN<\/h2>\n\n\n\n<p>Oznaczenie sprawy: DT.OT\/230\/08\/2025<\/p>\n\n\n\n<p><a href=\"https:\/\/ibib.waw.pl\/wp-content\/uploads\/2026\/02\/Istotne_Warunki_Zamowienia.doc\">Istotne Warunki Zam\u00f3wienia&nbsp;<\/a>&#8211;&nbsp;[DOCX]&nbsp;&#8211; data umieszczenia 03.07.2025<br><a href=\"https:\/\/ibib.waw.pl\/wp-content\/uploads\/2026\/02\/Zalacznik_1_-_Formularz_oferty2_JR.doc\">Za\u0142\u0105cznik nr 1 &#8211; Formularz oferty&nbsp;<\/a>&#8211;&nbsp;[DOCX]&nbsp;&#8211; data umieszczenia 03.07.2025<br><a href=\"https:\/\/ibib.waw.pl\/wp-content\/uploads\/2026\/02\/Zalacznik_2_-_Wzor_umowy.doc\">Za\u0142\u0105cznik nr 2 &#8211; Wz\u00f3r umowy&nbsp;<\/a>&#8211;&nbsp;[DOCX]&nbsp;&#8211; data umieszczenia 03.07.2025<br><a href=\"https:\/\/ibib.waw.pl\/wp-content\/uploads\/2026\/02\/Informacja_o_wyborze_najkorzystniejszej_oferty-sig.pdf\" target=\"_blank\" rel=\"noreferrer noopener\">Informacja o wyborze najkorzystniejszej oferty<\/a>&nbsp;&#8211; [PDF] &#8211; data umieszczenia 10.07.2025<\/p>\n<\/div><\/section>\n\n\n\n<section class=\"wp-block-custom-section light-grey\"><div class=\"container\">\n<h2 class=\"wp-block-heading\">Plan post\u0119powa\u0144 o udzielenie zam\u00f3wie\u0144 na rok 2025, wersja 5<\/h2>\n\n\n\n<p><a href=\"https:\/\/ibib.waw.pl\/wp-content\/uploads\/2026\/02\/2025_BZP_00073712_05_P.pdf\" target=\"_blank\" rel=\"noreferrer noopener\">Plan post\u0119powa\u0144 o udzielenie zam\u00f3wie\u0144 na rok 2025, wersja 5&nbsp;<\/a>&#8211; [PDF] &#8211; data umieszczenia 30.06.2025<\/p>\n<\/div><\/section>\n\n\n\n<section class=\"wp-block-custom-section regular\"><div class=\"container\">\n<h2 class=\"wp-block-heading\">Plan post\u0119powa\u0144 o udzielenie zam\u00f3wie\u0144 na rok 2025, wersja 4<\/h2>\n\n\n\n<p><a href=\"https:\/\/ibib.waw.pl\/wp-content\/uploads\/2026\/02\/Plan_postepowan_o_udzielenie_zamowien_na_rok_2025_wersja_4.pdf\" target=\"_blank\" rel=\"noreferrer noopener\">Plan post\u0119powa\u0144 o udzielenie zam\u00f3wie\u0144 na rok 2025, wersja 4<\/a>&nbsp;&#8211; [PDF] &#8211; data umieszczenia 12.06.2025<\/p>\n<\/div><\/section>\n\n\n\n<section class=\"wp-block-custom-section light-grey\"><div class=\"container\">\n<h2 class=\"wp-block-heading\">Zapytanie ofertowe &#8211; \u015awiadczenie us\u0142ug sportowo &#8211; rekreacyjnych dla pracownik\u00f3w IBIB PAN oraz cz\u0142onk\u00f3w ich rodzin<\/h2>\n\n\n\n<p>Oznaczenie sprawy: DT.OT\/230\/06\/2025<\/p>\n\n\n\n<p><a href=\"http:\/\/ibib.waw.pl\/wp-content\/uploads\/2026\/02\/Istotne_Warunki_Zamowienia-2.doc\">Istotne Warunki Zam\u00f3wienia<\/a> &#8211; [DOCX] &#8211; data umieszczenia 03.06.2025<br><a href=\"http:\/\/ibib.waw.pl\/wp-content\/uploads\/2026\/02\/Zalacznik_nr_1_-_Formularz_oferty_-1.doc\">Za\u0142\u0105cznik nr 1 do IWZ- Formularz oferty-<\/a> [DOCX] &#8211; data umieszczenia 03.06.2025<\/p>\n\n\n\n<p>Zamawiaj\u0105cy informuje, \u017ce ze wzgl\u0119du na du\u017c\u0105 ilo\u015b\u0107 zapyta\u0144 od Wykonawc\u00f3w, przed\u0142u\u017ca termin sk\u0142adania ofert&nbsp;<strong>do dnia&nbsp;<\/strong><strong>13 czerwca 2025 r. do godz. 10.00<\/strong><\/p>\n\n\n\n<p><strong><a href=\"http:\/\/ibib.waw.pl\/wp-content\/uploads\/2026\/02\/Wyjasnienia_i_zmiany_tresci_IWZ-sig.pdf\" target=\"_blank\" rel=\"noreferrer noopener\">&nbsp;Wyja\u015bnienia i zmiany tre\u015bci IWZ<\/a>&nbsp;&#8211; [PDF] &#8211;&nbsp; PRZED\u0141U\u017bENIE TERMINU SK\u0141ADANIA OFERT DO 16 CZERWCA 2025 R. DO GODZ. 12.00 &#8211; data umieszczenia 11.06.2025 r.<\/strong><\/p>\n\n\n\n<p><a href=\"http:\/\/ibib.waw.pl\/wp-content\/uploads\/2026\/02\/Informacja_o_wyborze_najkorzystniejszej_oferty_2.pdf\" target=\"_blank\" rel=\"noreferrer noopener\">Informacja o wyborze najkorzystniejszej oferty&nbsp;<\/a>&#8211; [PDF] &#8211; data umieszczenia 23.06.2025<\/p>\n<\/div><\/section>\n\n\n\n<section class=\"wp-block-custom-section regular\"><div class=\"container\">\n<h2 class=\"wp-block-heading\">Us\u0142uga pobrania i dostarczenia pr\u00f3bek p\u0142yn\u00f3w drena\u017cowych<\/h2>\n\n\n\n<p>Oznaczenie sprawy: DT.OT\/402\/04\/2025<\/p>\n\n\n\n<p><a href=\"http:\/\/ibib.waw.pl\/wp-content\/uploads\/2026\/02\/Ogloszenie_o_zamowieniu.pdf\">Og\u0142oszenie o zam\u00f3wieniu <\/a>&#8211; [PDF] &#8211; data umieszczenia 28.04.2025<br><a href=\"http:\/\/ibib.waw.pl\/wp-content\/uploads\/2026\/02\/Specyfikacja_Warunkow_Zamowienia_-sig.pdf\" target=\"_blank\" rel=\"noreferrer noopener\">Specyfikacja Warunk\u00f3w Zam\u00f3wienia<\/a> &#8211; [PDF] &#8211; data umieszczenia 28.04.2025<br><a href=\"http:\/\/ibib.waw.pl\/wp-content\/uploads\/2026\/02\/Specyfikacja_Warunkow_Zamowienia_.docx\">Specyfikacja Warunk\u00f3w Zam\u00f3wienia<\/a> &#8211; [ DOCX] &#8211; data umieszczenia 28.04.2025<br>Za\u0142\u0105cznik nr 1 &#8211; Opis przedmiotu zam\u00f3wienia &#8211; [DOCX] &#8211; data umieszczenia 28.04.2025<br><a href=\"http:\/\/ibib.waw.pl\/wp-content\/uploads\/2026\/02\/Zalacznik_nr_2_do_SWZ_-_Formularz_oferty.docx\">Za\u0142\u0105cznik nr 2 &#8211; Formularz oferty<\/a> &#8211; [DOCX] &#8211; data umieszczenia 28.04.2025<br><a href=\"http:\/\/ibib.waw.pl\/wp-content\/uploads\/2026\/02\/Zalacznik_nr_3_do_SWZ_-_Wzor_Umowy.docx\">Za\u0142\u0105cznik nr 3 &#8211; Wz\u00f3r umowy<\/a> &#8211; [DOCX] -data umieszczenia 28.04.2025<br><a href=\"http:\/\/ibib.waw.pl\/wp-content\/uploads\/2026\/02\/Zalacznik_nr_4_do_SWZ_-_Oswiadczenie_o_niepodleganiu_wykluczeniu_spelnianiu_warunkow_udzialu.doc\">Za\u0142\u0105cznik nr 4 &#8211; O\u015bwiadczenie o braku podstaw wykluczenia i spe\u0142nianiu warunk\u00f3w<\/a> &#8211; [DOCX] &#8211; data umieszczenia 28.04.2025<br><a href=\"http:\/\/ibib.waw.pl\/wp-content\/uploads\/2026\/02\/Zalacznik_nr_5_do_SWZ_-_Oswiadczenie_o_braku_przynaleznosci_do_grupy_kapitalowej.doc\">Za\u0142\u0105cznik nr 5 &#8211; O\u015bwiadczenie o grupie kapita\u0142owej <\/a>&#8211; [ DOCX] &#8211; data umieszczenia 28.04.2025<br><a href=\"http:\/\/ibib.waw.pl\/wp-content\/uploads\/2026\/02\/Zalacznik_nr_6_do_SWZ_-_Przedmiotowy_srodek_dowodowy.docx\">Za\u0142\u0105cznik nr 6 &#8211; Przedmiotowy \u015brodek dowodowy <\/a>&#8211; [DOCX] &#8211; data umieszczenia 28.04.2025<br><a href=\"http:\/\/ibib.waw.pl\/wp-content\/uploads\/2026\/02\/Zalacznik_nr_7_do_SWZ_-_Wykaz_przedsiewziec.doc\">Za\u0142\u0105cznik nr 7 &#8211; Wykaz przedsi\u0119wzi\u0119\u0107<\/a> &#8211; [DOCX] &#8211; data umieszczenia 28.04.2025<br><a href=\"http:\/\/ibib.waw.pl\/wp-content\/uploads\/2026\/02\/Zalacznik_nr_8_do_SWZ_-_Wykaz_osob_copy.docx\">Za\u0142\u0105cznik nr 8 &#8211; Wykaz os\u00f3b<\/a> &#8211; [DOCX] &#8211; data umieszczenia 28.04.2025<br><a href=\"http:\/\/ibib.waw.pl\/wp-content\/uploads\/2026\/02\/Zalacznik_nr_9__do_SWZ_-_Oswiadczenie_Wykonawcy_z_art.7_ust.1.docx\">Za\u0142\u0105cznik nr 9 do SWZ<\/a> &#8211; [DOCX] &#8211; O\u015bwiadczenie Wykonawcy &#8211; data umieszczenia 28.04.2025<br><a href=\"http:\/\/ibib.waw.pl\/wp-content\/uploads\/2026\/02\/Informacja_z_otwarcia_ofert-sig.pdf\" target=\"_blank\" rel=\"noreferrer noopener\">Informacja z otwarcia ofert <\/a>&#8211; [PDF] &#8211; data umieszczenia 09.05.2025<br><a href=\"http:\/\/ibib.waw.pl\/wp-content\/uploads\/2026\/02\/Informacja_o_wyborze_najkorzystniejszej_oferty-sig_copy.pdf\" target=\"_blank\" rel=\"noreferrer noopener\">Informacja o wyborze najkorzystniejszej oferty<\/a> &#8211; [PDF] &#8211; data umieszczenia 06.06.2025<\/p>\n<\/div><\/section>\n\n\n\n<section class=\"wp-block-custom-section light-grey\"><div class=\"container\">\n<h2 class=\"wp-block-heading\">Us\u0142uga konserwacji i sta\u0142y nadz\u00f3r techniczny nad prac\u0105 stacji transformatorowej na potrzeby Instytutu Biocybernetyki i In\u017cynierii Biomedycznej im. Macieja Na\u0142\u0119cza Polskiej Akademii Nauk.<\/h2>\n\n\n\n<p>Oznaczenie sprawy:&nbsp; DT.OT\/222\/03\/2025<\/p>\n\n\n\n<p><a href=\"http:\/\/ibib.waw.pl\/wp-content\/uploads\/2026\/02\/Istotne_Warunki_Zamowienia.pdf\" target=\"_blank\" rel=\"noreferrer noopener\">Istotne Warunki Zam\u00f3wienia<\/a>&nbsp;&#8211; [PDF] &#8211; data umieszczenia 03.04.2025r.<\/p>\n\n\n\n<p><a href=\"http:\/\/ibib.waw.pl\/wp-content\/uploads\/2026\/02\/Zalacznik_1_-_Formularz_oferty.doc\">Za\u0142\u0105cznik nr 1 &#8211; Formularz oferty <\/a>&#8211; [DOCX] &#8211; data umieszczenia 03.04.2025 r.<\/p>\n\n\n\n<p><a href=\"http:\/\/ibib.waw.pl\/wp-content\/uploads\/2026\/02\/Zalacznik_2_-_Wzor_umowy-1.doc\">Za\u0142\u0105cznik nr 2 &#8211; Wz\u00f3r umowy<\/a> &#8211; [DOCX] &#8211; data umieszczenia 03.04.2025 r<\/p>\n\n\n\n<p><a href=\"http:\/\/ibib.waw.pl\/wp-content\/uploads\/2026\/02\/Zawiadomienie_o_wyborze_najkorzystniejszej_oferty_3.pdf\" target=\"_blank\" rel=\"noreferrer noopener\">Zawiadomienie o wyborze najkorzystniejszej oferty<\/a> &#8211; [PDF] &#8211; data umieszczenia 29.05.2025<\/p>\n<\/div><\/section>\n","protected":false},"excerpt":{"rendered":"","protected":false},"author":1,"featured_media":0,"parent":1471,"menu_order":0,"comment_status":"closed","ping_status":"closed","template":"page-subpage-nobread.php","meta":{"_acf_changed":false,"_only_polish":true,"footnotes":""},"folder":[34],"class_list":["post-1524","page","type-page","status-publish","hentry"],"acf":[],"_links":{"self":[{"href":"https:\/\/ibib.waw.pl\/en\/wp-json\/wp\/v2\/pages\/1524","targetHints":{"allow":["GET"]}}],"collection":[{"href":"https:\/\/ibib.waw.pl\/en\/wp-json\/wp\/v2\/pages"}],"about":[{"href":"https:\/\/ibib.waw.pl\/en\/wp-json\/wp\/v2\/types\/page"}],"author":[{"embeddable":true,"href":"https:\/\/ibib.waw.pl\/en\/wp-json\/wp\/v2\/users\/1"}],"replies":[{"embeddable":true,"href":"https:\/\/ibib.waw.pl\/en\/wp-json\/wp\/v2\/comments?post=1524"}],"version-history":[{"count":27,"href":"https:\/\/ibib.waw.pl\/en\/wp-json\/wp\/v2\/pages\/1524\/revisions"}],"predecessor-version":[{"id":3383,"href":"https:\/\/ibib.waw.pl\/en\/wp-json\/wp\/v2\/pages\/1524\/revisions\/3383"}],"up":[{"embeddable":true,"href":"https:\/\/ibib.waw.pl\/en\/wp-json\/wp\/v2\/pages\/1471"}],"wp:attachment":[{"href":"https:\/\/ibib.waw.pl\/en\/wp-json\/wp\/v2\/media?parent=1524"}],"wp:term":[{"taxonomy":"folder","embeddable":true,"href":"https:\/\/ibib.waw.pl\/en\/wp-json\/wp\/v2\/folder?post=1524"}],"curies":[{"name":"wp","href":"https:\/\/api.w.org\/{rel}","templated":true}]}}