{"id":1249,"date":"2026-02-09T15:57:49","date_gmt":"2026-02-09T14:57:49","guid":{"rendered":"https:\/\/ibib.waw.pl\/?page_id=1249"},"modified":"2026-02-09T16:18:00","modified_gmt":"2026-02-09T15:18:00","slug":"zaklad-iii-pracownia-2-2","status":"publish","type":"page","link":"https:\/\/ibib.waw.pl\/en\/nauka\/zaklady-pracownie\/zaklad-iii-pracownia-2-2\/","title":{"rendered":"CNS Lab"},"content":{"rendered":"<section class=\"wp-block-custom-section regular\"><div class=\"container\">\n<h2 class=\"wp-block-heading no-margin\">Team<\/h2>\n\n\n\n<div style=\"height:15px\" aria-hidden=\"true\" class=\"wp-block-spacer\"><\/div>\n\n\n\n<h4 class=\"wp-block-heading\">Prof. Piotr Bogorodzki, PhD, DSc, Eng., Head of the Laboratory<\/h4>\n\n\n\n<p>Ewa Pi\u0105tkowska-Janko, PhD<br>Micha\u0142 Kacprzak, PhD<br>Nikodem Hryniewicz, PhD, Eng.&nbsp;<br>Kamil Lipi\u0144ski, MSc, Eng.<\/p>\n\n\n\n<h2 class=\"wp-block-heading\">General information<\/h2>\n\n\n\n<h4 class=\"wp-block-heading\">The objective of the Lab functioning<\/h4>\n\n\n\n<p>CNSLab is an interdisciplinary research team specializing in structural and functional brain studies using magnetic resonance imaging techniques. The laboratory develops advanced techniques, including spectroscopy and proton imaging, extended with the ability to study C\u00b9\u00b3, F\u00b9\u2079, and P\u00b3\u00b9 isotopes for metabolic and chemical tissue analysis. Diffusion-weighted imaging (DWI) and perfusion imaging (pMRI) methods, as well as simultaneous EEG-fMRI measurements, are also being developed. CNSLab is equipped with the infrastructure to conduct research and clinical experiments.<br>The laboratory has extensive collaborations with other institutions (including the Medical University of Warsaw, Warsaw University of Technology, the Nencki Institute of Experimental Biology PAS, and SWPS University).<\/p>\n\n\n\n<h4 class=\"wp-block-heading\">Research and Facility Infrastructure<\/h4>\n\n\n\n<p>To enable the implementation of the aforementioned work, the laboratory is equipped with specialized research equipment. The primary element is the Discovery MR750w 3.0T magnetic resonance scanner (General Electric). The system is equipped with a 3T magnetic field induction magnet and a 70 cm diameter (wide bore) as well as an additional multinuclear acquisition path, enabling the selection of frequency depending on the analyzed element.\u00a0<br>Functional magnetic resonance imaging (fMRI) studies are supported by a system for presenting and recording multimedia stimuli, complemented by the NeuroScan brain bioelectric activity recorder (EEG), which allows simultaneous EEG-fMRI measurements. Additionally, the laboratory is equipped with high-resolution brain oxygenation topography (HD-DOT) recording equipment that uses near-infrared technology.<\/p>\n<\/div><\/section>\n\n\n\n<section class=\"wp-block-custom-section light-grey\"><div class=\"container\">\n<h2 class=\"wp-block-heading\">Projects<\/h2>\n\n\n\n<p><strong>Projects Conducted in CNSLab<\/strong><\/p>\n\n\n\n<ol class=\"wp-block-list\">\n<li>12021\/ABM\/02\/00002 - 00 - CLASP-MS - \u201cStudy to evaluate the efficacy and safety of Polish cladribine in the treatment of patients with secondary progressive multiple sclerosis - a phase 2, randomised, double-blind, placebo-controlled study\u201d.<\/li>\n\n\n\n<li>\u201cTracking of epileptic discharges with simultaneous EEG-fMRI scanning\u201d (Decision 6\/2021 of the Ethics Committee reviewing biomedical research at the Military Institute of Aviation Medicine in Warsaw).<\/li>\n<\/ol>\n<\/div><\/section>\n\n\n\n<section class=\"wp-block-custom-section regular\"><div class=\"container\">\n<h2 class=\"wp-block-heading\">CNS Lab - Methods<\/h2>\n\n\n\n<div class=\"wp-block-columns is-layout-flex wp-container-core-columns-is-layout-9d6595d7 wp-block-columns-is-layout-flex\">\n<div class=\"wp-block-column is-layout-flow wp-block-column-is-layout-flow\" style=\"flex-basis:50%\">\n<h4 class=\"wp-block-heading\">functional Magnetic Resonance Imaging (fMRI)<\/h4>\n\n\n\n<ul class=\"wp-block-list\">\n<li>The laboratory is equipped with the necessary systems to conduct functional magnetic resonance imaging (fMRI) studies.\u00a0<\/li>\n\n\n\n<li>Structural and functional images are recorded using the Discovery MR750w 3.0T magnetic resonance scanner (General Electric).<\/li>\n\n\n\n<li>Multimedia stimuli presentation and recording of the subject\u2019s responses are carried out through the NNL system and Presentation software.<\/li>\n<\/ul>\n<\/div>\n\n\n\n<div class=\"wp-block-column is-layout-flow wp-block-column-is-layout-flow\" style=\"flex-basis:50%\">\n<figure class=\"wp-block-image size-full\"><img loading=\"lazy\" decoding=\"async\" width=\"725\" height=\"660\" src=\"https:\/\/ibib.waw.pl\/wp-content\/uploads\/2026\/02\/image-35.png\" alt=\"\" class=\"wp-image-1262\"\/><\/figure>\n\n\n\n<p class=\"has-text-align-center\"><em>Example Results of fMRI Analysis\u00a0<\/em><\/p>\n<\/div>\n<\/div>\n\n\n\n<h4 class=\"wp-block-heading\">EEG-fMRI<\/h4>\n\n\n\n<p>The EEG-fMRI method allows for simultaneous recording of data from two different modalities\u2014EEG and fMRI\u2014under the same experimental conditions. One of its key applications is determining brain activity maps (SPM) during interictal epileptiform discharges (IEDs) in patients with epilepsy. After removing artifacts related to the magnetic field acquisition from the EEG data, time points of these discharges\u2014short-term disturbances in brain electrical activity occurring between seizures\u2014are identified.<\/p>\n\n\n\n<div class=\"wp-block-columns container-narrow is-layout-flex wp-container-core-columns-is-layout-9d6595d7 wp-block-columns-is-layout-flex\">\n<div class=\"wp-block-column is-layout-flow wp-block-column-is-layout-flow\"><div class=\"wp-block-image\">\n<figure class=\"aligncenter size-large\"><img loading=\"lazy\" decoding=\"async\" width=\"1024\" height=\"453\" src=\"https:\/\/ibib.waw.pl\/wp-content\/uploads\/2026\/02\/image-33-1024x453.png\" alt=\"\" class=\"wp-image-1266\"\/><\/figure>\n<\/div>\n\n\n<p class=\"has-text-align-center\"><em>The interictal discharge recorded during the EEG-fMRI session, electrode CZ.<\/em><\/p>\n<\/div>\n<\/div>\n\n\n\n<p>Statistical analysis of the EEG data is conducted synchronously with the fMRI images, allowing the calculation of statistical parametric maps (SPM). These maps show the brain areas where the BOLD signal increased during IEDs. The resulting map may indicate the location of epileptogenic foci. When compared with results obtained using other modalities (e.g., video-EEG, PET), it can significantly contribute to patient diagnosis.<\/p>\n\n\n\n<div class=\"wp-block-columns container-narrow is-layout-flex wp-container-core-columns-is-layout-9d6595d7 wp-block-columns-is-layout-flex\">\n<div class=\"wp-block-column is-layout-flow wp-block-column-is-layout-flow\"><div class=\"wp-block-image\">\n<figure class=\"aligncenter size-large\"><img loading=\"lazy\" decoding=\"async\" width=\"1024\" height=\"463\" src=\"https:\/\/ibib.waw.pl\/wp-content\/uploads\/2026\/02\/image-34-1024x463.png\" alt=\"\" class=\"wp-image-1270\"\/><\/figure>\n<\/div>\n\n\n<p class=\"has-text-align-center\"><em>The data processing pipeline and identification of epileptogenic foci based on EEG-fMRI recordings.\u00a0<\/em><\/p>\n<\/div>\n<\/div>\n\n\n\n<h4 class=\"wp-block-heading\">Hyperpolarization<\/h4>\n\n\n\n<p>Hyperpolarization is a process that significantly amplifies the signal received by the MRI device. This technique allows for the observation of compounds whose signals are typically too weak to detect or are used to produce labeled substances (contrast agents).\n\nSpecifically, hyperpolarization makes it possible to prepare magnetically labeled pyruvate for imaging energy activity using an MR scanner. This method can serve as an alternative to FD-glucose imaging with PET scanners and provides the ability to use one device (MR) for both high-resolution anatomical and functional scans.<br>At CNSLab, we have a GE Spinlab device with a 5T magnetic field induction and the capability to polarize up to four samples simultaneously.<\/p>\n\n\n\n<div class=\"wp-block-columns container-narrow is-layout-flex wp-container-core-columns-is-layout-9d6595d7 wp-block-columns-is-layout-flex\">\n<div class=\"wp-block-column is-layout-flow wp-block-column-is-layout-flow\"><div class=\"wp-block-image\">\n<figure class=\"aligncenter size-large\"><img loading=\"lazy\" decoding=\"async\" width=\"1024\" height=\"751\" src=\"https:\/\/ibib.waw.pl\/wp-content\/uploads\/2026\/02\/hiperpolaryzacja-1024x751.png\" alt=\"\" class=\"wp-image-1274\"\/><\/figure>\n<\/div>\n\n\n<p class=\"has-text-align-center\"><em>The data processing pipeline and identification of epileptogenic foci based on EEG-fMRI recordings.\u00a0<\/em><\/p>\n<\/div>\n<\/div>\n<\/div><\/section>\n\n\n\n<section class=\"wp-block-custom-section light-grey\"><div class=\"container\">\n<h2 class=\"wp-block-heading\">CNS Lab - Results<\/h2>\n\n\n\n<h4 class=\"wp-block-heading\">Functional Connectivity in Patients with Epilepsy:<\/h4>\n\n\n\n<p>The CNSLab team conducted EEG-fMRI recordings in a group of patients with epilepsy and identified functional connectivity networks. The resting-state fMRI data was analyzed, taking into account interictal epileptiform discharges recorded using the EEG method. The group of epilepsy patients was compared to a healthy control group. The analysis revealed reduced functional connectivity in the patients' prefrontal medial cortex (MPFC), hippocampus, thalamus, amygdala, and parahippocampal gyrus. The results suggest that epilepsy affects the functional connectivity of subcortical structures, and the nature of these changes varies depending on the type of epilepsy.<\/p>\n\n\n\n<p><\/p>\n\n\n\n<div class=\"wp-block-columns container-narrow is-layout-flex wp-container-core-columns-is-layout-9d6595d7 wp-block-columns-is-layout-flex\">\n<div class=\"wp-block-column is-layout-flow wp-block-column-is-layout-flow\"><div class=\"wp-block-image\">\n<figure class=\"aligncenter size-large\"><img loading=\"lazy\" decoding=\"async\" width=\"1024\" height=\"359\" src=\"https:\/\/ibib.waw.pl\/wp-content\/uploads\/2026\/02\/Frame-13-1024x359.png\" alt=\"\" class=\"wp-image-1277\"\/><\/figure>\n<\/div>\n\n\n<p class=\"has-text-align-center\"><em>Results of Functional Connectivity Analysis in the Epilepsy Patient Group:\n\nA. Selected regions of interest: medial prefrontal cortex (MPFC), parahippocampal gyrus (anterior\/posterior, left\/right \u2014 aPaHC (L\/R), pPaHC (L\/R)), thalamus (L\/R \u2014 left\/right), hippocampus (L\/R \u2014 left\/right), amygdala (L\/R \u2014 left\/right).\n\nB. Differences in functional connectivity values between the patient group and the control group. The color scale represents the T value derived from parametric statistics (cluster threshold p &lt; 0.05, FDR corrected, connection threshold: p &lt; 0.05, FDR corrected). Analysis conducted using CONN.<\/em><\/p>\n<\/div>\n<\/div>\n\n\n\n<h4 class=\"wp-block-heading\">Identifying Brain Regions Associated with Interictal Discharges in Epilepsy Patients:<\/h4>\n\n\n\n<p>At CNSLab, research based on simultaneous EEG-fMRI measurements is conducted to identify potential epileptogenic foci in patients with epilepsy. Below are example results obtained from one patient.\n\nSimultaneous EEG-fMRI recording was performed, during which 26 interictal epileptiform discharges (IEDs) were registered across three 10-minute sessions. Based on the occurrence times and durations of IEDs, a regressor was created for statistical analysis of the fMRI functional data using the GLM model. The analysis performed in SPM12 software enabled the identification of the activation area with the highest statistical strength (highest T value), which may be associated with interictal discharges. The main 4 regions with the highest T-score value were located in the following anatomical structures: postcentral gyrus, planum polare, precentral gyrus, middle temporal gyrus.<\/p>\n\n\n\n<div class=\"wp-block-columns is-layout-flex wp-container-core-columns-is-layout-9d6595d7 wp-block-columns-is-layout-flex\">\n<div class=\"wp-block-column is-layout-flow wp-block-column-is-layout-flow\"><div class=\"wp-block-image\">\n<figure class=\"aligncenter size-full\"><img loading=\"lazy\" decoding=\"async\" width=\"887\" height=\"884\" src=\"https:\/\/ibib.waw.pl\/wp-content\/uploads\/2026\/02\/image-40.png\" alt=\"\" class=\"wp-image-1280\"\/><\/figure>\n<\/div><\/div>\n\n\n\n<div class=\"wp-block-column is-vertically-aligned-bottom is-layout-flow wp-block-column-is-layout-flow\">\n<p><em>Results of the SPM Analysis of Functional fMRI Data for a Selected Patient, FWE correction, p&lt;0.05. The color scale reflects the T-score values. The result was superimposed on an anatomical T1w image and presented in a slice showing the maximum T value.<\/em><\/p>\n<\/div>\n<\/div>\n\n\n<div class=\"wp-block-image\">\n<figure class=\"aligncenter size-full\"><img loading=\"lazy\" decoding=\"async\" width=\"1803\" height=\"194\" src=\"https:\/\/ibib.waw.pl\/wp-content\/uploads\/2026\/02\/image-41.png\" alt=\"\" class=\"wp-image-1285\"\/><\/figure>\n<\/div>\n\n\n<p class=\"has-text-align-center\"><em>Example Interictal Epileptiform Discharge from 4 Selected Electrodes in the Longitudinal Bipolar Configuration (CURRY7):<\/em><\/p>\n\n\n\n<h4 class=\"wp-block-heading\">Evaluation of Tumors and Multiple Sclerosis Lesions Using pMRI Perfusion Imaging:<\/h4>\n\n\n\n<p>At CNSLab, analyses based on perfusion curves obtained from DSC (dynamic susceptibility contrast) recordings are conducted to assess perfusion in selected brain areas. Below are the results from a patient with a lesion visible on the T1 image, which enhanced after contrast administration.<\/p>\n\n\n\n<div class=\"wp-block-columns is-layout-flex wp-container-core-columns-is-layout-9d6595d7 wp-block-columns-is-layout-flex\">\n<div class=\"wp-block-column is-layout-flow wp-block-column-is-layout-flow\">\n<figure class=\"wp-block-image size-full\"><img loading=\"lazy\" decoding=\"async\" width=\"732\" height=\"683\" src=\"https:\/\/ibib.waw.pl\/wp-content\/uploads\/2026\/02\/image-42.png\" alt=\"\" class=\"wp-image-1293\"\/><\/figure>\n<\/div>\n\n\n\n<div class=\"wp-block-column is-vertically-aligned-bottom is-layout-flow wp-block-column-is-layout-flow\">\n<p><em>Region of Interest for pMRI Analysis in the Selected Patient: T1-weighted images before and after contrast administration are shown.<\/em><\/p>\n<\/div>\n<\/div>\n\n\n\n<p>The contrast agent concentration curve was analyzed for both the tumor and a control area that did not show contrast-related enhancement. A high K2 value, which measures leakage of the agent, indicates perfusion disturbances in the region of interest.<\/p>\n\n\n\n<div class=\"wp-block-columns container-narrow is-layout-flex wp-container-core-columns-is-layout-9d6595d7 wp-block-columns-is-layout-flex\">\n<div class=\"wp-block-column is-layout-flow wp-block-column-is-layout-flow\"><div class=\"wp-block-image\">\n<figure class=\"aligncenter size-large\"><img loading=\"lazy\" decoding=\"async\" width=\"1024\" height=\"604\" src=\"https:\/\/ibib.waw.pl\/wp-content\/uploads\/2026\/02\/image-43-1024x604.png\" alt=\"\" class=\"wp-image-1297\"\/><\/figure>\n<\/div>\n\n\n<p class=\"has-text-align-center\"><em>Results of the pMRI Analysis of Contrast Concentration Curves: The orange curve represents the tumor, and the blue curve represents the control area. The K1 and K2 values represent perfusion and contrast leakage effects, respectively.\u00a0<\/em><\/p>\n<\/div>\n<\/div>\n<\/div><\/section>\n\n\n\n<section class=\"wp-block-custom-section regular\"><div class=\"container\">\n<h2 class=\"wp-block-heading\">Selected publications<\/h2>\n\n\n\n<ul class=\"wp-block-list\">\n<li>Hryniewicz, N., Rola, R., Ryglewicz, D., Pi\u0105tkowska-Janko, E., Sawilska, A., &amp; Bogorodzki, P. (2024). Differences in subcortical functional connectivity in patients with epilepsy. Neurologia i neurochirurgia polska, 58(5), 531-537. https:\/\/doi.org\/10.5603\/pjnns.99567.<\/li>\n\n\n\n<li>Rogala, J., Dreszer, J., Si\u0144czuk, M., Miciuk, \u0141., Pi\u0105tkowska-Janko, E., Bogorodzki, P., Wolak, T., Wr\u00f3bel, A., &amp; Konarzewski, M. (2024). Local variation in brain temperature explains gender-specificity of working memory performance. Frontiers in human neuroscience, 18, 1398034. https:\/\/doi.org\/10.3389\/fnhum.2024.1398034<\/li>\n\n\n\n<li>Lewandowska, P., Jakubowska, N., Hryniewicz, N., Prusinowski, R., Kossowski, B., Brzezicka, A., &amp; Kowalczyk-Gr\u0119bska, N. (2022). Association between real-time strategy video game learning outcomes and pre-training brain white matter structure: preliminary study. Scientific reports, 12(1), 20741. https:\/\/doi.org\/10.1038\/s41598-022-25099-0).<\/li>\n\n\n\n<li>Kowalczyk-Gr\u0119bska, N., Skorko, M., Dobrowolski, P., Kossowski, B., My\u015bliwiec, M., Hryniewicz, N., Gaca, M., Marchewka, A., Kossut, M., &amp; Brzezicka, A. (2021). Lenticular nucleus volume predicts performance in real-time strategy game: cross-sectional and training approach using voxel-based morphometry. Annals of the New York Academy of Sciences, 1492(1), 42-57. https:\/\/doi.org\/10.1111\/nyas.14548<\/li>\n<\/ul>\n<\/div><\/section>","protected":false},"excerpt":{"rendered":"","protected":false},"author":1,"featured_media":0,"parent":918,"menu_order":0,"comment_status":"closed","ping_status":"closed","template":"page-subpage.php","meta":{"_acf_changed":false,"_only_polish":false,"footnotes":""},"folder":[29],"class_list":["post-1249","page","type-page","status-publish","hentry"],"acf":[],"_links":{"self":[{"href":"https:\/\/ibib.waw.pl\/en\/wp-json\/wp\/v2\/pages\/1249","targetHints":{"allow":["GET"]}}],"collection":[{"href":"https:\/\/ibib.waw.pl\/en\/wp-json\/wp\/v2\/pages"}],"about":[{"href":"https:\/\/ibib.waw.pl\/en\/wp-json\/wp\/v2\/types\/page"}],"author":[{"embeddable":true,"href":"https:\/\/ibib.waw.pl\/en\/wp-json\/wp\/v2\/users\/1"}],"replies":[{"embeddable":true,"href":"https:\/\/ibib.waw.pl\/en\/wp-json\/wp\/v2\/comments?post=1249"}],"version-history":[{"count":32,"href":"https:\/\/ibib.waw.pl\/en\/wp-json\/wp\/v2\/pages\/1249\/revisions"}],"predecessor-version":[{"id":1301,"href":"https:\/\/ibib.waw.pl\/en\/wp-json\/wp\/v2\/pages\/1249\/revisions\/1301"}],"up":[{"embeddable":true,"href":"https:\/\/ibib.waw.pl\/en\/wp-json\/wp\/v2\/pages\/918"}],"wp:attachment":[{"href":"https:\/\/ibib.waw.pl\/en\/wp-json\/wp\/v2\/media?parent=1249"}],"wp:term":[{"taxonomy":"folder","embeddable":true,"href":"https:\/\/ibib.waw.pl\/en\/wp-json\/wp\/v2\/folder?post=1249"}],"curies":[{"name":"wp","href":"https:\/\/api.w.org\/{rel}","templated":true}]}}