{"id":1039,"date":"2026-02-05T00:31:19","date_gmt":"2026-02-04T23:31:19","guid":{"rendered":"https:\/\/ibib.waw.pl\/?page_id=1039"},"modified":"2026-04-03T07:31:06","modified_gmt":"2026-04-03T05:31:06","slug":"boacd","status":"publish","type":"page","link":"https:\/\/ibib.waw.pl\/en\/nauka\/zaklady-pracownie\/zaklad-i-pracownia-2\/boacd\/","title":{"rendered":"Bialystok Outline Annotated Cervical Cytology Dataset"},"content":{"rendered":"<section class=\"wp-block-custom-section regular\"><div class=\"container\">\n<p>Zbi\u00f3r danych Bia\u0142ystok zawiera 162 obrazy o wymiarach 3500&#215;3500 px, 2 419 kom\u00f3rek z adnotacjami zgodnie z systemem Bethesda. Obrazy pochodz\u0105 z preparat\u00f3w wirtualnych ca\u0142ych szkie\u0142ek (WSI \u2013 Whole Slide Image) rutynowych rozmaz\u00f3w szyjki macicy.<br>Zbi\u00f3r danych zosta\u0142 szczeg\u00f3\u0142owo opisany w artykule Conventional Cervical Cytology Image Dataset with Cell Outline Annotations dost\u0119pnym wkr\u00f3tce w IEEE Access.<br>Aby uzyska\u0107 dost\u0119p do zbioru danych, prosz\u0119 wype\u0142ni\u0107\u00a0<a href=\"https:\/\/forms.office.com\/e\/f0Z2TqueNy\">formularz<\/a>.<br>Zestaw danych koncentruje si\u0119 na przedstawieniu realistycznego wachlarza r\u00f3\u017cnorodno\u015bci rozmaz\u00f3w, od prostych i \u0142atwych do rozr\u00f3\u017cnienia kom\u00f3rek, po wymagaj\u0105ce przyk\u0142ady pe\u0142ne zabarwionego \u015bluzu, du\u017cych ciemnych skupisk kom\u00f3rek i obraz\u00f3w obfituj\u0105cych w kom\u00f3rki neutrofilowe przes\u0142aniaj\u0105ce widok.<\/p>\n\n\n<div class=\"wp-block-image container-narrow\">\n<figure class=\"aligncenter size-large\"><img loading=\"lazy\" decoding=\"async\" width=\"1024\" height=\"1022\" src=\"https:\/\/ibib.waw.pl\/wp-content\/uploads\/2026\/02\/image-24-1024x1022.png\" alt=\"\" class=\"wp-image-1042\"\/><\/figure>\n<\/div>\n\n\n<div style=\"height:30px\" aria-hidden=\"true\" class=\"wp-block-spacer\"><\/div>\n\n\n\n<p>Zbi\u00f3r danych zawiera artefakty powszechnie wyst\u0119puj\u0105ce w rozmazach cytologicznych:<\/p>\n\n\n<div class=\"wp-block-image container-narrow\">\n<figure class=\"aligncenter size-large\"><img loading=\"lazy\" decoding=\"async\" width=\"1024\" height=\"935\" src=\"https:\/\/ibib.waw.pl\/wp-content\/uploads\/2026\/02\/image-25-1024x935.png\" alt=\"\" class=\"wp-image-1046\"\/><\/figure>\n<\/div>\n\n\n<div style=\"height:30px\" aria-hidden=\"true\" class=\"wp-block-spacer\"><\/div>\n\n\n\n<p>Zbiorowi danych towarzysz\u0105 adnotacje w postaci map cytoplazmy podzielonych na 6 kategorii Bethesda i dwie kategorie niemo\u017cliwe do zidentyfikowania: Niezidentyfikowane kom\u00f3rki i Niezidentyfikowane skupiska kom\u00f3rek. Kategoria niezidentyfikowana wynika ze specyfiki pracy cytodiagnosty. Spektrum stanu kom\u00f3rek jest ci\u0105g\u0142e. Dlatego w pewnych warunkach cytodiagnosta nie mo\u017ce podj\u0105\u0107 ostatecznej decyzji. Takie kom\u00f3rki s\u0105 nadal zaznaczone w zbiorze danych, aby umo\u017cliwi\u0107 segmentacj\u0119 wszystkich kom\u00f3rek na obrazie.<\/p>\n\n\n<div class=\"wp-block-image container-narrow\">\n<figure class=\"aligncenter size-large\"><img loading=\"lazy\" decoding=\"async\" width=\"1024\" height=\"944\" src=\"https:\/\/ibib.waw.pl\/wp-content\/uploads\/2026\/02\/image-26-1024x944.png\" alt=\"\" class=\"wp-image-1049\"\/><\/figure>\n<\/div>\n\n\n<div style=\"height:30px\" aria-hidden=\"true\" class=\"wp-block-spacer\"><\/div>\n\n\n\n<p>Podsumowuj\u0105c, zestaw danych zapewnia:<br>&#8211; Realistyczne fragmenty WSI fragment\u00f3w rutynowych rozmaz\u00f3w<br>&#8211; Adnotacje sp\u00f3jne ze wsp\u00f3lnym systemem raportowania<br>&#8211; Przydatno\u015b\u0107 do segmentacji, klasyfikacji i wykrywania<br>&#8211; Zaawansowany benchmark<\/p>\n<\/div><\/section>","protected":false},"excerpt":{"rendered":"","protected":false},"author":1,"featured_media":0,"parent":961,"menu_order":0,"comment_status":"closed","ping_status":"closed","template":"page-subpage.php","meta":{"_acf_changed":false,"_only_polish":false,"footnotes":""},"folder":[29],"class_list":["post-1039","page","type-page","status-publish","hentry"],"acf":[],"_links":{"self":[{"href":"https:\/\/ibib.waw.pl\/en\/wp-json\/wp\/v2\/pages\/1039","targetHints":{"allow":["GET"]}}],"collection":[{"href":"https:\/\/ibib.waw.pl\/en\/wp-json\/wp\/v2\/pages"}],"about":[{"href":"https:\/\/ibib.waw.pl\/en\/wp-json\/wp\/v2\/types\/page"}],"author":[{"embeddable":true,"href":"https:\/\/ibib.waw.pl\/en\/wp-json\/wp\/v2\/users\/1"}],"replies":[{"embeddable":true,"href":"https:\/\/ibib.waw.pl\/en\/wp-json\/wp\/v2\/comments?post=1039"}],"version-history":[{"count":8,"href":"https:\/\/ibib.waw.pl\/en\/wp-json\/wp\/v2\/pages\/1039\/revisions"}],"predecessor-version":[{"id":3185,"href":"https:\/\/ibib.waw.pl\/en\/wp-json\/wp\/v2\/pages\/1039\/revisions\/3185"}],"up":[{"embeddable":true,"href":"https:\/\/ibib.waw.pl\/en\/wp-json\/wp\/v2\/pages\/961"}],"wp:attachment":[{"href":"https:\/\/ibib.waw.pl\/en\/wp-json\/wp\/v2\/media?parent=1039"}],"wp:term":[{"taxonomy":"folder","embeddable":true,"href":"https:\/\/ibib.waw.pl\/en\/wp-json\/wp\/v2\/folder?post=1039"}],"curies":[{"name":"wp","href":"https:\/\/api.w.org\/{rel}","templated":true}]}}